{"id":15754,"date":"2024-11-17T11:01:09","date_gmt":"2024-11-17T07:01:09","guid":{"rendered":"https:\/\/airsystems.ge\/shop\/product\/%e1%83%97%e1%83%94%e1%83%a0%e1%83%9b%e1%83%9d-%e1%83%b0%e1%83%98%e1%83%92%e1%83%a0%e1%83%9d%e1%83%9b%e1%83%94%e1%83%a2%e1%83%a0%e1%83%98-%e1%83%a2%e1%83%94%e1%83%9b%e1%83%9e%e1%83%94%e1%83%a0%e1%83%90\/"},"modified":"2024-11-17T11:05:20","modified_gmt":"2024-11-17T07:05:20","slug":"%e1%83%97%e1%83%94%e1%83%a0%e1%83%9b%e1%83%9d-%e1%83%b0%e1%83%98%e1%83%92%e1%83%a0%e1%83%9d%e1%83%9b%e1%83%94%e1%83%a2%e1%83%a0%e1%83%98-%e1%83%a2%e1%83%94%e1%83%9b%e1%83%9e%e1%83%94%e1%83%a0%e1%83%90","status":"publish","type":"product","link":"https:\/\/airsystems.ge\/shop\/fr\/produit\/%e1%83%97%e1%83%94%e1%83%a0%e1%83%9b%e1%83%9d-%e1%83%b0%e1%83%98%e1%83%92%e1%83%a0%e1%83%9d%e1%83%9b%e1%83%94%e1%83%a2%e1%83%a0%e1%83%98-%e1%83%a2%e1%83%94%e1%83%9b%e1%83%9e%e1%83%94%e1%83%a0%e1%83%90\/","title":{"rendered":"Thermo-hygrom\u00e8tre pour mesurer la temp\u00e9rature et l&rsquo;humidit\u00e9 BZ07"},"content":{"rendered":"<table id=\"t06657d1374c34c\" class=\"tech\" cellspacing=\"0\" cellpadding=\"0\">\n<thead>\n<tr class=\"titlerow\">\n<th class=\"color titlerow-dropdown rotate-225deg\" colspan=\"3\">Technical data<\/th>\n<\/tr>\n<\/thead>\n<tbody>\n<tr class=\"headerrow\">\n<th colspan=\"3\">General information<\/th>\n<\/tr>\n<tr class=\"odd\">\n<th width=\"30%\">Article number<\/th>\n<td width=\"40%\">3.510.205.017<\/td>\n<\/tr>\n<tr class=\"headerrow\">\n<th colspan=\"3\">Air temperature [\u00b0C]<\/th>\n<\/tr>\n<tr class=\"odd\">\n<th width=\"30%\">Min. measuring range | Air temperature [\u00b0C]<\/th>\n<td width=\"40%\">0<\/td>\n<\/tr>\n<tr class=\"even\">\n<th width=\"30%\">Max. measuring range | Air temperature [\u00b0C]<\/th>\n<td width=\"40%\">50<\/td>\n<\/tr>\n<tr class=\"odd\">\n<th width=\"30%\">Resolution [\u00b0C]<\/th>\n<td width=\"40%\">0.1<\/td>\n<\/tr>\n<tr class=\"even\">\n<th width=\"30%\">Accuracy \u00b1 0 \u00b0C &#8211; 50 \u00b0C [\u00b0C]<\/th>\n<td width=\"40%\">2<\/td>\n<\/tr>\n<tr class=\"headerrow\">\n<th colspan=\"3\">Air temperature [\u00b0F]<\/th>\n<\/tr>\n<tr class=\"odd\">\n<th width=\"30%\">Min. measuring range | Air temperature [\u00b0F]<\/th>\n<td width=\"40%\">32<\/td>\n<\/tr>\n<tr class=\"even\">\n<th width=\"30%\">Max. measuring range | Air temperature [\u00b0F]<\/th>\n<td width=\"40%\">122<\/td>\n<\/tr>\n<tr class=\"odd\">\n<th width=\"30%\">Resolution [\u00b0F]<\/th>\n<td width=\"40%\">1<\/td>\n<\/tr>\n<tr class=\"headerrow\">\n<th colspan=\"3\">Relative humidity (%)<\/th>\n<\/tr>\n<tr class=\"odd\">\n<th width=\"30%\">Min. measuring range | Relative humidity [%]<\/th>\n<td width=\"40%\">20<\/td>\n<\/tr>\n<tr class=\"even\">\n<th width=\"30%\">Max. measuring range | Relative humidity [%]<\/th>\n<td width=\"40%\">99<\/td>\n<\/tr>\n<tr class=\"odd\">\n<th width=\"30%\">Resolution | Relative humidity [%]<\/th>\n<td width=\"40%\">1<\/td>\n<\/tr>\n<tr class=\"even\">\n<th width=\"30%\">Accuracy 35 % &#8211; 75 % [%]<\/th>\n<td width=\"40%\">8<\/td>\n<\/tr>\n<tr class=\"odd\">\n<th width=\"30%\">Accuracy 20 % &#8211; 34 % [%]<\/th>\n<td width=\"40%\">10<\/td>\n<\/tr>\n<tr class=\"even\">\n<th width=\"30%\">Accuracy 76 % &#8211; 95 % [%]<\/th>\n<td width=\"40%\">10<\/td>\n<\/tr>\n<tr class=\"headerrow\">\n<th colspan=\"3\">Display<\/th>\n<\/tr>\n<tr class=\"odd\">\n<th width=\"30%\">LCD<\/th>\n<td width=\"40%\"><\/td>\n<\/tr>\n<tr class=\"headerrow\">\n<th colspan=\"3\">Device control<\/th>\n<\/tr>\n<tr class=\"odd\">\n<th width=\"30%\">Push buttons<\/th>\n<td width=\"40%\"><\/td>\n<\/tr>\n<tr class=\"headerrow\">\n<th colspan=\"3\">Power supply<\/th>\n<\/tr>\n<tr class=\"odd\">\n<th width=\"30%\">External (power adapter)<\/th>\n<td width=\"40%\"><\/td>\n<\/tr>\n<tr class=\"even\">\n<th width=\"30%\">Internal (battery)<\/th>\n<td width=\"40%\">2 x 1.5 V AAA<\/td>\n<\/tr>\n<tr class=\"headerrow\">\n<th colspan=\"3\">Ambient conditions<\/th>\n<\/tr>\n<tr class=\"odd\">\n<th width=\"30%\">Operation &#8211; min. temperature [\u00b0C]<\/th>\n<td width=\"40%\">0<\/td>\n<\/tr>\n<tr class=\"even\">\n<th width=\"30%\">Operation &#8211; max. temperature [\u00b0C]<\/th>\n<td width=\"40%\">60<\/td>\n<\/tr>\n<tr class=\"odd\">\n<th width=\"30%\">Operation approx. &#8211; max. relative humidity (non-condensing) [%]<\/th>\n<td width=\"40%\">90<\/td>\n<\/tr>\n<tr class=\"even\">\n<th width=\"30%\">Storage &#8211; min. temperature [\u00b0C]<\/th>\n<td width=\"40%\">-30<\/td>\n<\/tr>\n<tr class=\"odd\">\n<th width=\"30%\">Storage &#8211; max. temperature [\u00b0C]<\/th>\n<td width=\"40%\">85<\/td>\n<\/tr>\n<tr class=\"even\">\n<th width=\"30%\">Storage &#8211; max. relative humidity (non-condensing) [%]<\/th>\n<td width=\"40%\">95<\/td>\n<\/tr>\n<tr class=\"headerrow\">\n<th colspan=\"3\">Dimensions<\/th>\n<\/tr>\n<tr class=\"odd\">\n<th width=\"30%\">Length (packaging excluded) [mm]<\/th>\n<td width=\"40%\">105<\/td>\n<\/tr>\n<tr class=\"even\">\n<th width=\"30%\">Width (packaging excluded) [mm]<\/th>\n<td width=\"40%\">151<\/td>\n<\/tr>\n<tr class=\"odd\">\n<th width=\"30%\">Height (packaging excluded) [mm]<\/th>\n<td width=\"40%\">22<\/td>\n<\/tr>\n<tr class=\"headerrow\">\n<th colspan=\"3\">Weight<\/th>\n<\/tr>\n<tr class=\"odd\">\n<th width=\"30%\">(packaging excluded) &#8211; batteries included [kg]<\/th>\n<td width=\"40%\">0.173<\/td>\n<\/tr>\n<\/tbody>\n<\/table>\n<table id=\"t16657d1374c34c\" class=\"tech\" cellspacing=\"0\" cellpadding=\"0\">\n<thead>\n<tr class=\"titlerow\">\n<th class=\"color titlerow-dropdown rotate-225deg\" colspan=\"3\">Standard scope of delivery<\/th>\n<\/tr>\n<\/thead>\n<tbody>\n<tr class=\"headerrow\">\n<th colspan=\"3\">Standard scope of delivery<\/th>\n<\/tr>\n<tr class=\"odd\">\n<th width=\"30%\">Measuring device<\/th>\n<td width=\"40%\"><\/td>\n<\/tr>\n<tr class=\"even\">\n<th width=\"30%\">Getting started guide<\/th>\n<td width=\"40%\"><\/td>\n<\/tr>\n<\/tbody>\n<\/table>\n<table id=\"t26657d1374c34c\" class=\"tech\" cellspacing=\"0\" cellpadding=\"0\">\n<thead>\n<tr class=\"titlerow\">\n<th class=\"color titlerow-dropdown rotate-225deg\" colspan=\"3\">Ascertainable measured values and functions<\/th>\n<\/tr>\n<\/thead>\n<tbody>\n<tr class=\"headerrow\">\n<th colspan=\"3\">Functions and features<\/th>\n<\/tr>\n<tr class=\"odd\">\n<th width=\"30%\">Minimum value display<\/th>\n<td width=\"40%\"><\/td>\n<\/tr>\n<tr class=\"even\">\n<th width=\"30%\">Maximum value display<\/th>\n<td width=\"40%\"><\/td>\n<\/tr>\n<tr class=\"odd\">\n<th width=\"30%\">Weather forecast indication<\/th>\n<td width=\"40%\"><\/td>\n<\/tr>\n<tr class=\"even\">\n<th width=\"30%\">Switching function \u00b0C\/\u00b0F<\/th>\n<td width=\"40%\"><\/td>\n<\/tr>\n<tr class=\"odd\">\n<th width=\"30%\">Feel-good indication<\/th>\n<td width=\"40%\"><\/td>\n<\/tr>\n<tr class=\"even\">\n<th width=\"30%\">Bar graph indicator<\/th>\n<td width=\"40%\"><\/td>\n<\/tr>\n<tr class=\"odd\">\n<th width=\"30%\">Date<\/th>\n<td width=\"40%\"><\/td>\n<\/tr>\n<tr class=\"even\">\n<th width=\"30%\">Time<\/th>\n<td width=\"40%\"><\/td>\n<\/tr>\n<tr class=\"odd\">\n<th width=\"30%\">Alarm function<\/th>\n<td width=\"40%\"><\/td>\n<\/tr>\n<tr class=\"even\">\n<th width=\"30%\">Battery status indication<\/th>\n<\/tr>\n<\/tbody>\n<\/table>\n<p>&nbsp;<\/p>\n<h2><a href=\"https:\/\/uk.trotec.com\/fileadmin\/downloads\/Messgeraete\/Klima\/BZ07\/TRT-BA-BZ07-TC-002-EN.pdf\" target=\"_blank\" rel=\"noopener\">Operating manual weather station BZ07 (EN)<\/a><\/h2>\n","protected":false},"excerpt":{"rendered":"<p>L&rsquo;appareil combin\u00e9 6 en 1 affiche les valeurs du climat int\u00e9rieur, les pr\u00e9visions m\u00e9t\u00e9orologiques, les statistiques de temp\u00e9rature sur 12 heures, l&rsquo;indication de bien-\u00eatre, l&rsquo;heure et la date et est \u00e9quip\u00e9 d&rsquo;un r\u00e9veil num\u00e9rique.<\/p>\n<p>Description du produit<\/p>\n<p>Gardez toujours un \u0153il sur votre climat int\u00e9rieur<br \/>\nLe thermo-hygrom\u00e8tre BZ07, qui peut \u00eatre utilis\u00e9 comme appareil sur pied ou fix\u00e9 au mur, vous fournit en un coup d&rsquo;\u0153il des informations pertinentes sur le climat ambiant actuel. L&rsquo;\u00e9cran LCD 5&Prime; grand et facilement lisible vous indique \u00e0 la fois la temp\u00e9rature ambiante (en \u00b0C ou \u00b0F) et la valeur d&rsquo;humidit\u00e9 (en %).<br \/>\nPour vous faciliter la t\u00e2che, un indicateur de bien-\u00eatre graphique vous indique au moyen de 3 symboles si la temp\u00e9rature et l&rsquo;humidit\u00e9 se situent dans la plage de bien-\u00eatre optimale. Vous n&rsquo;avez donc pas besoin d&rsquo;interpr\u00e9ter les valeurs mesur\u00e9es exactes, mais savez directement si tout est en parfait \u00e9tat avec votre climat ambiant.<\/p>\n<p>Le profil de temp\u00e9rature est \u00e9galement enregistr\u00e9<br \/>\nL&rsquo;indicateur graphique \u00e0 barres du BZ07 est int\u00e9ressant pour surveiller l&rsquo;\u00e9volution de la temp\u00e9rature au cours des 12 derni\u00e8res heures. En tant que service suppl\u00e9mentaire, l&rsquo;affichage int\u00e9gr\u00e9 des tendances m\u00e9t\u00e9orologiques vous indique l&rsquo;\u00e9volution attendue du temps au moyen de 4 graphiques. La large gamme de fonctions est compl\u00e9t\u00e9e par l&rsquo;affichage de l&rsquo;heure ou de la date et la fonction d&rsquo;alarme avec bouton snooze.<\/p>\n<p>Profitez d&rsquo;un climat de bien-\u00eatre optimal<br \/>\nTrop chaud, trop froid, trop humide ou trop sec &#8211; chacun a une sensation diff\u00e9rente. Avec le BZ07, vous avez toujours une vue d&rsquo;ensemble du climat ambiant et pouvez consciemment modifier les conditions pour le mieux en fonction des des valeurs mesur\u00e9es pour se sentir bien dans son ensemble.<\/p>\n<p>R\u00e9duisez vos co\u00fbts \u00e9nerg\u00e9tiques gr\u00e2ce \u00e0 des informations pr\u00e9cises<br \/>\nLa connaissance des donn\u00e9es exactes sur le climat ambiant est \u00e9galement importante pour r\u00e9duire vos co\u00fbts \u00e9nerg\u00e9tiques. Chaque degr\u00e9 de temp\u00e9rature ambiante \u00e9conomis\u00e9 r\u00e9duit la consommation d&rsquo;\u00e9nergie pour le chauffage d&rsquo;environ 6 % et donc votre facture de chauffage. Mais m\u00eame pour refroidir les pi\u00e8ces, il n&rsquo;est pas toujours n\u00e9cessaire qu&rsquo;elles soient aussi froides. Faites simplement attention aux valeurs de temp\u00e9rature ambiante avec le BZ07, cela peut vite s&rsquo;av\u00e9rer rentable !<\/p>\n<p>&nbsp;<\/p>\n<p>&nbsp;<\/p>\n","protected":false},"featured_media":15743,"template":"","meta":[],"product_brand":[],"product_cat":[420,421,424],"product_tag":[],"class_list":{"0":"post-15754","1":"product","2":"type-product","3":"status-publish","4":"has-post-thumbnail","6":"product_cat-trotec-fr","7":"product_cat-mesure-outils-instruments-appareils","8":"product_cat-thermometre-mesure-climat-hygrometre-fr","10":"first","11":"instock","12":"shipping-taxable","13":"purchasable","14":"product-type-simple"},"_links":{"self":[{"href":"https:\/\/airsystems.ge\/shop\/fr\/wp-json\/wp\/v2\/product\/15754","targetHints":{"allow":["GET"]}}],"collection":[{"href":"https:\/\/airsystems.ge\/shop\/fr\/wp-json\/wp\/v2\/product"}],"about":[{"href":"https:\/\/airsystems.ge\/shop\/fr\/wp-json\/wp\/v2\/types\/product"}],"wp:featuredmedia":[{"embeddable":true,"href":"https:\/\/airsystems.ge\/shop\/fr\/wp-json\/wp\/v2\/media\/15743"}],"wp:attachment":[{"href":"https:\/\/airsystems.ge\/shop\/fr\/wp-json\/wp\/v2\/media?parent=15754"}],"wp:term":[{"taxonomy":"product_brand","embeddable":true,"href":"https:\/\/airsystems.ge\/shop\/fr\/wp-json\/wp\/v2\/product_brand?post=15754"},{"taxonomy":"product_cat","embeddable":true,"href":"https:\/\/airsystems.ge\/shop\/fr\/wp-json\/wp\/v2\/product_cat?post=15754"},{"taxonomy":"product_tag","embeddable":true,"href":"https:\/\/airsystems.ge\/shop\/fr\/wp-json\/wp\/v2\/product_tag?post=15754"}],"curies":[{"name":"wp","href":"https:\/\/api.w.org\/{rel}","templated":true}]}}