{"id":15027,"date":"2024-03-09T23:04:36","date_gmt":"2024-03-09T19:04:36","guid":{"rendered":"https:\/\/airsystems.ge\/shop\/?post_type=product&#038;p=15027"},"modified":"2026-01-11T01:11:43","modified_gmt":"2026-01-10T21:11:43","slug":"master-rotating-wheels-kit-for-bv-471-heater","status":"publish","type":"product","link":"https:\/\/airsystems.ge\/shop\/fr\/produit\/master-rotating-wheels-kit-for-bv-471-heater\/","title":{"rendered":"Master Rotating wheels kit for BV 471 heater"},"content":{"rendered":"<div class=\"wpb-content-wrapper\"><p>[vc_row][vc_column]\r\n\t\t<div id=\"wd-65bcf1bc16dd0\" class=\"title-wrapper wd-wpb set-mb-s reset-last-child  wd-rs-65bcf1bc16dd0 wd-title-color-default wd-title-style-default text-center  wd-underline-colored\">\r\n\t\t\t\r\n\t\t\t<div class=\"liner-continer\">\r\n\t\t\t\t<h4 class=\"woodmart-title-container title  wd-font-weight- wd-fontsize-l\" >Accessory for<\/h4>\r\n\t\t\t\t\t\t\t<\/div>\r\n\t\t\t\r\n\t\t\t\r\n\t\t\t\r\n\t\t<\/div>\r\n\t\t\r\n\t\t[\/vc_column][\/vc_row][vc_row css=\u00a0\u00bb.vc_custom_1705962969957{padding-bottom: 20px !important;}\u00a0\u00bb woodmart_css_id=\u00a0\u00bb65aeedd10b2d2&Prime; responsive_spacing=\u00a0\u00bbeyJwYXJhbV90eXBlIjoid29vZG1hcnRfcmVzcG9uc2l2ZV9zcGFjaW5nIiwic2VsZWN0b3JfaWQiOiI2NWFlZWRkMTBiMmQyIiwic2hvcnRjb2RlIjoidmNfcm93IiwiZGF0YSI6eyJ0YWJsZXQiOnt9LCJtb2JpbGUiOnt9fX0=\u00a0\u00bb mobile_bg_img_hidden=\u00a0\u00bbno\u00a0\u00bb tablet_bg_img_hidden=\u00a0\u00bbno\u00a0\u00bb woodmart_parallax=\u00a0\u00bb0&Prime; woodmart_gradient_switch=\u00a0\u00bbno\u00a0\u00bb woodmart_box_shadow=\u00a0\u00bbno\u00a0\u00bb wd_z_index=\u00a0\u00bbno\u00a0\u00bb woodmart_disable_overflow=\u00a0\u00bb0&Prime; row_reverse_mobile=\u00a0\u00bb0&Prime; row_reverse_tablet=\u00a0\u00bb0&Prime;][vc_column]<div class=\"woocommerce columns-4 \">\n<div class=\"products elements-grid wd-products-holder  wd-spacing-20 grid-columns-3 products-bordered-grid pagination-pagination align-items-start row\" data-source=\"main_loop\" data-min_price=\"\" data-max_price=\"\" data-columns=\"3\">\n<div class=\"product-grid-item product wd-hover-icons  col-lg-4 col-md-4 col-6 first  type-product post-14437 status-publish instock product_cat-rechauffeur-dair-diesel-kerosene-chauffages-combustible has-post-thumbnail shipping-taxable purchasable product-type-simple\" data-loop=\"1\" data-id=\"14437\">\r\n\t\r\n\t<div class=\"product-wrapper\">\r\n\t<div class=\"product-element-top wd-quick-shop\">\r\n\t\t<a href=\"https:\/\/airsystems.ge\/shop\/fr\/produit\/master-air-bus-bv-471-s-indirect-oil-fired-air-heaters\/\" class=\"product-image-link\">\r\n\t\t\t<img loading=\"lazy\" decoding=\"async\" width=\"430\" height=\"430\" src=\"https:\/\/airsystems.ge\/shop\/wp-content\/uploads\/2024\/02\/Master-BV-471E-430x430.jpg\" class=\"attachment-woocommerce_thumbnail size-woocommerce_thumbnail\" alt=\"\" srcset=\"https:\/\/airsystems.ge\/shop\/wp-content\/uploads\/2024\/02\/Master-BV-471E-430x430.jpg 430w, https:\/\/airsystems.ge\/shop\/wp-content\/uploads\/2024\/02\/Master-BV-471E-300x300.jpg 300w, https:\/\/airsystems.ge\/shop\/wp-content\/uploads\/2024\/02\/Master-BV-471E-800x800.jpg 800w, https:\/\/airsystems.ge\/shop\/wp-content\/uploads\/2024\/02\/Master-BV-471E-150x150.jpg 150w, https:\/\/airsystems.ge\/shop\/wp-content\/uploads\/2024\/02\/Master-BV-471E-768x768.jpg 768w, https:\/\/airsystems.ge\/shop\/wp-content\/uploads\/2024\/02\/Master-BV-471E-860x860.jpg 860w, https:\/\/airsystems.ge\/shop\/wp-content\/uploads\/2024\/02\/Master-BV-471E-700x700.jpg 700w, https:\/\/airsystems.ge\/shop\/wp-content\/uploads\/2024\/02\/Master-BV-471E.jpg 1000w\" sizes=\"auto, (max-width: 430px) 100vw, 430px\" \/>\t\t<\/a>\r\n\r\n\t\t\t\t\t<div class=\"hover-img\">\r\n\t\t\t\t<a href=\"https:\/\/airsystems.ge\/shop\/fr\/produit\/master-air-bus-bv-471-s-indirect-oil-fired-air-heaters\/\">\r\n\t\t\t\t\t<img loading=\"lazy\" decoding=\"async\" width=\"430\" height=\"430\" src=\"https:\/\/airsystems.ge\/shop\/wp-content\/uploads\/2024\/02\/Master-AIR-BUS_BV-471_BV-691-main-features-EN-430x430.jpg\" class=\"attachment-woocommerce_thumbnail size-woocommerce_thumbnail\" alt=\"\" srcset=\"https:\/\/airsystems.ge\/shop\/wp-content\/uploads\/2024\/02\/Master-AIR-BUS_BV-471_BV-691-main-features-EN-430x430.jpg 430w, https:\/\/airsystems.ge\/shop\/wp-content\/uploads\/2024\/02\/Master-AIR-BUS_BV-471_BV-691-main-features-EN-300x300.jpg 300w, https:\/\/airsystems.ge\/shop\/wp-content\/uploads\/2024\/02\/Master-AIR-BUS_BV-471_BV-691-main-features-EN-800x800.jpg 800w, https:\/\/airsystems.ge\/shop\/wp-content\/uploads\/2024\/02\/Master-AIR-BUS_BV-471_BV-691-main-features-EN-150x150.jpg 150w, https:\/\/airsystems.ge\/shop\/wp-content\/uploads\/2024\/02\/Master-AIR-BUS_BV-471_BV-691-main-features-EN-768x768.jpg 768w, https:\/\/airsystems.ge\/shop\/wp-content\/uploads\/2024\/02\/Master-AIR-BUS_BV-471_BV-691-main-features-EN-860x860.jpg 860w, https:\/\/airsystems.ge\/shop\/wp-content\/uploads\/2024\/02\/Master-AIR-BUS_BV-471_BV-691-main-features-EN-700x700.jpg 700w, https:\/\/airsystems.ge\/shop\/wp-content\/uploads\/2024\/02\/Master-AIR-BUS_BV-471_BV-691-main-features-EN.jpg 1000w\" sizes=\"auto, (max-width: 430px) 100vw, 430px\" \/>\t\t\t\t<\/a>\r\n\t\t\t<\/div>\r\n\t\t\t\r\n\t\t<div class=\"wrapp-buttons\">\r\n\t\t\t<div class=\"wd-buttons\">\r\n\t\t\t\t<div class=\"wd-add-btn wd-action-btn wd-style-icon wd-add-cart-icon\"><a href=\"\/shop\/fr\/wp-json\/wp\/v2\/product\/15027?add-to-cart=14437\" data-quantity=\"1\" class=\"button product_type_simple add_to_cart_button ajax_add_to_cart add-to-cart-loop\" data-product_id=\"14437\" data-product_sku=\"4013.072\" aria-label=\"Ajouter au panier\u00a0: &ldquo;Master AIR-BUS BV 471 S \u2013 indirect oil fired air heaters&rdquo;\" rel=\"nofollow\" data-success_message=\"\u00ab\u00a0Master AIR-BUS BV 471 S \u2013 indirect oil fired air heaters\u00a0\u00bb a \u00e9t\u00e9 ajout\u00e9 \u00e0 votre panier\"><span>Ajouter au panier<\/span><\/a><\/div>\r\n\t\t\t\t\t\t\t\t\t\t\t\t\t\t\t\t\t\t\t\t\t\t\t<\/div> \r\n\t\t<\/div>\r\n\t<\/div>\r\n\t\t\t\t\t<h3 class=\"wd-entities-title\"><a href=\"https:\/\/airsystems.ge\/shop\/fr\/produit\/master-air-bus-bv-471-s-indirect-oil-fired-air-heaters\/\">Master AIR-BUS BV 471 S \u2013 indirect oil fired air heaters<\/a><\/h3>\t\t\t\t<div class=\"wd-product-cats\">\r\n\t\t\t<a href=\"https:\/\/airsystems.ge\/shop\/fr\/categorie-produit\/climatisation-deshumidificateur-dair-ventilateur-fr-ventilation\/chauffages-radiateurs-gaz-electrique\/rechauffeur-dair-diesel-kerosene-chauffages-combustible\/\" rel=\"tag\">R\u00e9chauffeur d\u2019air indirect diesel k\u00e9ros\u00e8ne \u2013 Haute Pression AIR-BUS<\/a>\t\t<\/div>\r\n\t\t\t\t\t\t\n\t<span class=\"price\"><span class=\"woocommerce-Price-amount amount\"><bdi>26681,00&nbsp;<span class=\"woocommerce-Price-currencySymbol\">&#x20be;<\/span><\/bdi><\/span><\/span>\n\r\n\t\t\r\n\t\t\r\n\t\t\t<\/div>\r\n<\/div>\r\n<div class=\"product-grid-item product wd-hover-icons  col-lg-4 col-md-4 col-6 type-product post-14439 status-publish instock product_cat-rechauffeur-dair-diesel-kerosene-chauffages-combustible has-post-thumbnail shipping-taxable purchasable product-type-simple\" data-loop=\"2\" data-id=\"14439\">\r\n\t\r\n\t<div class=\"product-wrapper\">\r\n\t<div class=\"product-element-top wd-quick-shop\">\r\n\t\t<a href=\"https:\/\/airsystems.ge\/shop\/fr\/produit\/master-air-bus-bv-471-se-indirect-oil-fired-air-heaters\/\" class=\"product-image-link\">\r\n\t\t\t<img loading=\"lazy\" decoding=\"async\" width=\"430\" height=\"430\" src=\"https:\/\/airsystems.ge\/shop\/wp-content\/uploads\/2024\/02\/Master-BV-471E-430x430.jpg\" class=\"attachment-woocommerce_thumbnail size-woocommerce_thumbnail\" alt=\"\" srcset=\"https:\/\/airsystems.ge\/shop\/wp-content\/uploads\/2024\/02\/Master-BV-471E-430x430.jpg 430w, https:\/\/airsystems.ge\/shop\/wp-content\/uploads\/2024\/02\/Master-BV-471E-300x300.jpg 300w, https:\/\/airsystems.ge\/shop\/wp-content\/uploads\/2024\/02\/Master-BV-471E-800x800.jpg 800w, https:\/\/airsystems.ge\/shop\/wp-content\/uploads\/2024\/02\/Master-BV-471E-150x150.jpg 150w, https:\/\/airsystems.ge\/shop\/wp-content\/uploads\/2024\/02\/Master-BV-471E-768x768.jpg 768w, https:\/\/airsystems.ge\/shop\/wp-content\/uploads\/2024\/02\/Master-BV-471E-860x860.jpg 860w, https:\/\/airsystems.ge\/shop\/wp-content\/uploads\/2024\/02\/Master-BV-471E-700x700.jpg 700w, https:\/\/airsystems.ge\/shop\/wp-content\/uploads\/2024\/02\/Master-BV-471E.jpg 1000w\" sizes=\"auto, (max-width: 430px) 100vw, 430px\" \/>\t\t<\/a>\r\n\r\n\t\t\t\t\t<div class=\"hover-img\">\r\n\t\t\t\t<a href=\"https:\/\/airsystems.ge\/shop\/fr\/produit\/master-air-bus-bv-471-se-indirect-oil-fired-air-heaters\/\">\r\n\t\t\t\t\t<img loading=\"lazy\" decoding=\"async\" width=\"430\" height=\"430\" src=\"https:\/\/airsystems.ge\/shop\/wp-content\/uploads\/2024\/02\/Master-BV-heaters-air-recycling-video-430x430.jpg\" class=\"attachment-woocommerce_thumbnail size-woocommerce_thumbnail\" alt=\"\" srcset=\"https:\/\/airsystems.ge\/shop\/wp-content\/uploads\/2024\/02\/Master-BV-heaters-air-recycling-video-430x430.jpg 430w, https:\/\/airsystems.ge\/shop\/wp-content\/uploads\/2024\/02\/Master-BV-heaters-air-recycling-video-300x300.jpg 300w, https:\/\/airsystems.ge\/shop\/wp-content\/uploads\/2024\/02\/Master-BV-heaters-air-recycling-video-800x800.jpg 800w, https:\/\/airsystems.ge\/shop\/wp-content\/uploads\/2024\/02\/Master-BV-heaters-air-recycling-video-150x150.jpg 150w, https:\/\/airsystems.ge\/shop\/wp-content\/uploads\/2024\/02\/Master-BV-heaters-air-recycling-video-768x768.jpg 768w, https:\/\/airsystems.ge\/shop\/wp-content\/uploads\/2024\/02\/Master-BV-heaters-air-recycling-video-860x860.jpg 860w, https:\/\/airsystems.ge\/shop\/wp-content\/uploads\/2024\/02\/Master-BV-heaters-air-recycling-video-700x700.jpg 700w, https:\/\/airsystems.ge\/shop\/wp-content\/uploads\/2024\/02\/Master-BV-heaters-air-recycling-video.jpg 1000w\" sizes=\"auto, (max-width: 430px) 100vw, 430px\" \/>\t\t\t\t<\/a>\r\n\t\t\t<\/div>\r\n\t\t\t\r\n\t\t<div class=\"wrapp-buttons\">\r\n\t\t\t<div class=\"wd-buttons\">\r\n\t\t\t\t<div class=\"wd-add-btn wd-action-btn wd-style-icon wd-add-cart-icon\"><a href=\"\/shop\/fr\/wp-json\/wp\/v2\/product\/15027?add-to-cart=14439\" data-quantity=\"1\" class=\"button product_type_simple add_to_cart_button ajax_add_to_cart add-to-cart-loop\" data-product_id=\"14439\" data-product_sku=\"4013.074\" aria-label=\"Ajouter au panier\u00a0: &ldquo;Master AIR-BUS BV 471 SE \u2013 indirect oil fired air heaters&rdquo;\" rel=\"nofollow\" data-success_message=\"\u00ab\u00a0Master AIR-BUS BV 471 SE \u2013 indirect oil fired air heaters\u00a0\u00bb a \u00e9t\u00e9 ajout\u00e9 \u00e0 votre panier\"><span>Ajouter au panier<\/span><\/a><\/div>\r\n\t\t\t\t\t\t\t\t\t\t\t\t\t\t\t\t\t\t\t\t\t\t\t<\/div> \r\n\t\t<\/div>\r\n\t<\/div>\r\n\t\t\t\t\t<h3 class=\"wd-entities-title\"><a href=\"https:\/\/airsystems.ge\/shop\/fr\/produit\/master-air-bus-bv-471-se-indirect-oil-fired-air-heaters\/\">Master AIR-BUS BV 471 SE \u2013 indirect oil fired air heaters<\/a><\/h3>\t\t\t\t<div class=\"wd-product-cats\">\r\n\t\t\t<a href=\"https:\/\/airsystems.ge\/shop\/fr\/categorie-produit\/climatisation-deshumidificateur-dair-ventilateur-fr-ventilation\/chauffages-radiateurs-gaz-electrique\/rechauffeur-dair-diesel-kerosene-chauffages-combustible\/\" rel=\"tag\">R\u00e9chauffeur d\u2019air indirect diesel k\u00e9ros\u00e8ne \u2013 Haute Pression AIR-BUS<\/a>\t\t<\/div>\r\n\t\t\t\t\t\t\n\t<span class=\"price\"><span class=\"woocommerce-Price-amount amount\"><bdi>27222,00&nbsp;<span class=\"woocommerce-Price-currencySymbol\">&#x20be;<\/span><\/bdi><\/span><\/span>\n\r\n\t\t\r\n\t\t\r\n\t\t\t<\/div>\r\n<\/div>\r\n<div class=\"product-grid-item product wd-hover-icons  col-lg-4 col-md-4 col-6 last  type-product post-14438 status-publish last instock product_cat-rechauffeur-dair-diesel-kerosene-chauffages-combustible has-post-thumbnail shipping-taxable purchasable product-type-simple\" data-loop=\"3\" data-id=\"14438\">\r\n\t\r\n\t<div class=\"product-wrapper\">\r\n\t<div class=\"product-element-top wd-quick-shop\">\r\n\t\t<a href=\"https:\/\/airsystems.ge\/shop\/fr\/produit\/master-air-bus-bv-471-sr-indirect-oil-fired-air-heaters\/\" class=\"product-image-link\">\r\n\t\t\t<img loading=\"lazy\" decoding=\"async\" width=\"430\" height=\"430\" src=\"https:\/\/airsystems.ge\/shop\/wp-content\/uploads\/2024\/02\/Master-BV-471SR-Centrifugal-430x430.jpg\" class=\"attachment-woocommerce_thumbnail size-woocommerce_thumbnail\" alt=\"\" srcset=\"https:\/\/airsystems.ge\/shop\/wp-content\/uploads\/2024\/02\/Master-BV-471SR-Centrifugal-430x430.jpg 430w, https:\/\/airsystems.ge\/shop\/wp-content\/uploads\/2024\/02\/Master-BV-471SR-Centrifugal-300x300.jpg 300w, https:\/\/airsystems.ge\/shop\/wp-content\/uploads\/2024\/02\/Master-BV-471SR-Centrifugal-800x800.jpg 800w, https:\/\/airsystems.ge\/shop\/wp-content\/uploads\/2024\/02\/Master-BV-471SR-Centrifugal-150x150.jpg 150w, https:\/\/airsystems.ge\/shop\/wp-content\/uploads\/2024\/02\/Master-BV-471SR-Centrifugal-768x768.jpg 768w, https:\/\/airsystems.ge\/shop\/wp-content\/uploads\/2024\/02\/Master-BV-471SR-Centrifugal-860x860.jpg 860w, https:\/\/airsystems.ge\/shop\/wp-content\/uploads\/2024\/02\/Master-BV-471SR-Centrifugal-700x700.jpg 700w, https:\/\/airsystems.ge\/shop\/wp-content\/uploads\/2024\/02\/Master-BV-471SR-Centrifugal.jpg 1000w\" sizes=\"auto, (max-width: 430px) 100vw, 430px\" \/>\t\t<\/a>\r\n\r\n\t\t\t\t\t<div class=\"hover-img\">\r\n\t\t\t\t<a href=\"https:\/\/airsystems.ge\/shop\/fr\/produit\/master-air-bus-bv-471-sr-indirect-oil-fired-air-heaters\/\">\r\n\t\t\t\t\t<img loading=\"lazy\" decoding=\"async\" width=\"430\" height=\"430\" src=\"https:\/\/airsystems.ge\/shop\/wp-content\/uploads\/2024\/02\/Master-AIR-BUS_BV-471_BV-691-main-features-EN-430x430.jpg\" class=\"attachment-woocommerce_thumbnail size-woocommerce_thumbnail\" alt=\"\" srcset=\"https:\/\/airsystems.ge\/shop\/wp-content\/uploads\/2024\/02\/Master-AIR-BUS_BV-471_BV-691-main-features-EN-430x430.jpg 430w, https:\/\/airsystems.ge\/shop\/wp-content\/uploads\/2024\/02\/Master-AIR-BUS_BV-471_BV-691-main-features-EN-300x300.jpg 300w, https:\/\/airsystems.ge\/shop\/wp-content\/uploads\/2024\/02\/Master-AIR-BUS_BV-471_BV-691-main-features-EN-800x800.jpg 800w, https:\/\/airsystems.ge\/shop\/wp-content\/uploads\/2024\/02\/Master-AIR-BUS_BV-471_BV-691-main-features-EN-150x150.jpg 150w, https:\/\/airsystems.ge\/shop\/wp-content\/uploads\/2024\/02\/Master-AIR-BUS_BV-471_BV-691-main-features-EN-768x768.jpg 768w, https:\/\/airsystems.ge\/shop\/wp-content\/uploads\/2024\/02\/Master-AIR-BUS_BV-471_BV-691-main-features-EN-860x860.jpg 860w, https:\/\/airsystems.ge\/shop\/wp-content\/uploads\/2024\/02\/Master-AIR-BUS_BV-471_BV-691-main-features-EN-700x700.jpg 700w, https:\/\/airsystems.ge\/shop\/wp-content\/uploads\/2024\/02\/Master-AIR-BUS_BV-471_BV-691-main-features-EN.jpg 1000w\" sizes=\"auto, (max-width: 430px) 100vw, 430px\" \/>\t\t\t\t<\/a>\r\n\t\t\t<\/div>\r\n\t\t\t\r\n\t\t<div class=\"wrapp-buttons\">\r\n\t\t\t<div class=\"wd-buttons\">\r\n\t\t\t\t<div class=\"wd-add-btn wd-action-btn wd-style-icon wd-add-cart-icon\"><a href=\"\/shop\/fr\/wp-json\/wp\/v2\/product\/15027?add-to-cart=14438\" data-quantity=\"1\" class=\"button product_type_simple add_to_cart_button ajax_add_to_cart add-to-cart-loop\" data-product_id=\"14438\" data-product_sku=\"4013.073\" aria-label=\"Ajouter au panier\u00a0: &ldquo;Master AIR-BUS BV 471 SR \u2013 indirect oil fired air heaters&rdquo;\" rel=\"nofollow\" data-success_message=\"\u00ab\u00a0Master AIR-BUS BV 471 SR \u2013 indirect oil fired air heaters\u00a0\u00bb a \u00e9t\u00e9 ajout\u00e9 \u00e0 votre panier\"><span>Ajouter au panier<\/span><\/a><\/div>\r\n\t\t\t\t\t\t\t\t\t\t\t\t\t\t\t\t\t\t\t\t\t\t\t<\/div> \r\n\t\t<\/div>\r\n\t<\/div>\r\n\t\t\t\t\t<h3 class=\"wd-entities-title\"><a href=\"https:\/\/airsystems.ge\/shop\/fr\/produit\/master-air-bus-bv-471-sr-indirect-oil-fired-air-heaters\/\">Master AIR-BUS BV 471 SR \u2013 indirect oil fired air heaters<\/a><\/h3>\t\t\t\t<div class=\"wd-product-cats\">\r\n\t\t\t<a href=\"https:\/\/airsystems.ge\/shop\/fr\/categorie-produit\/climatisation-deshumidificateur-dair-ventilateur-fr-ventilation\/chauffages-radiateurs-gaz-electrique\/rechauffeur-dair-diesel-kerosene-chauffages-combustible\/\" rel=\"tag\">R\u00e9chauffeur d\u2019air indirect diesel k\u00e9ros\u00e8ne \u2013 Haute Pression AIR-BUS<\/a>\t\t<\/div>\r\n\t\t\t\t\t\t\n\t<span class=\"price\"><span class=\"woocommerce-Price-amount amount\"><bdi>27222,00&nbsp;<span class=\"woocommerce-Price-currencySymbol\">&#x20be;<\/span><\/bdi><\/span><\/span>\n\r\n\t\t\r\n\t\t\r\n\t\t\t<\/div>\r\n<\/div>\r\n<\/div><\/div>[\/vc_column][\/vc_row]<\/p>\n<\/div>","protected":false},"excerpt":{"rendered":"<p>Accessory for BV 471<\/p>\n","protected":false},"featured_media":15031,"template":"","meta":[],"product_brand":[],"product_cat":[482],"product_tag":[],"class_list":{"0":"post-15027","1":"product","2":"type-product","3":"status-publish","4":"has-post-thumbnail","6":"product_cat-accessoires-et-consommables-fr","8":"first","9":"instock","10":"shipping-taxable","11":"purchasable","12":"product-type-simple"},"_links":{"self":[{"href":"https:\/\/airsystems.ge\/shop\/fr\/wp-json\/wp\/v2\/product\/15027","targetHints":{"allow":["GET"]}}],"collection":[{"href":"https:\/\/airsystems.ge\/shop\/fr\/wp-json\/wp\/v2\/product"}],"about":[{"href":"https:\/\/airsystems.ge\/shop\/fr\/wp-json\/wp\/v2\/types\/product"}],"wp:featuredmedia":[{"embeddable":true,"href":"https:\/\/airsystems.ge\/shop\/fr\/wp-json\/wp\/v2\/media\/15031"}],"wp:attachment":[{"href":"https:\/\/airsystems.ge\/shop\/fr\/wp-json\/wp\/v2\/media?parent=15027"}],"wp:term":[{"taxonomy":"product_brand","embeddable":true,"href":"https:\/\/airsystems.ge\/shop\/fr\/wp-json\/wp\/v2\/product_brand?post=15027"},{"taxonomy":"product_cat","embeddable":true,"href":"https:\/\/airsystems.ge\/shop\/fr\/wp-json\/wp\/v2\/product_cat?post=15027"},{"taxonomy":"product_tag","embeddable":true,"href":"https:\/\/airsystems.ge\/shop\/fr\/wp-json\/wp\/v2\/product_tag?post=15027"}],"curies":[{"name":"wp","href":"https:\/\/api.w.org\/{rel}","templated":true}]}}