{"id":14826,"date":"2024-03-06T19:18:03","date_gmt":"2024-03-06T15:18:03","guid":{"rendered":"https:\/\/airsystems.ge\/shop\/?post_type=product&#038;p=14826"},"modified":"2025-04-16T09:14:18","modified_gmt":"2025-04-16T05:14:18","slug":"dantherm-t-split-set-for-act-7-air-conditioner","status":"publish","type":"product","link":"https:\/\/airsystems.ge\/shop\/fr\/produit\/dantherm-t-split-set-for-act-7-air-conditioner\/","title":{"rendered":"Dantherm T-split set for ACT 7 air-conditioner"},"content":{"rendered":"<div class=\"wpb-content-wrapper\"><p>[vc_row][vc_column]\r\n\t\t<div id=\"wd-65e8899468551\" class=\"title-wrapper wd-wpb set-mb-s reset-last-child  wd-rs-65e8899468551 wd-title-color-default wd-title-style-default text-center  wd-underline-colored\">\r\n\t\t\t\r\n\t\t\t<div class=\"liner-continer\">\r\n\t\t\t\t<h4 class=\"woodmart-title-container title  wd-font-weight- wd-fontsize-l\" >T-split set<\/h4>\r\n\t\t\t\t\t\t\t<\/div>\r\n\t\t\t\r\n\t\t\t\r\n\t\t\t\r\n\t\t<\/div>\r\n\t\t\r\n\t\t[\/vc_column][\/vc_row][vc_row css=\u00a0\u00bb.vc_custom_1705962969957{padding-bottom: 20px !important;}\u00a0\u00bb woodmart_css_id=\u00a0\u00bb65aeedd10b2d2&Prime; responsive_spacing=\u00a0\u00bbeyJwYXJhbV90eXBlIjoid29vZG1hcnRfcmVzcG9uc2l2ZV9zcGFjaW5nIiwic2VsZWN0b3JfaWQiOiI2NWFlZWRkMTBiMmQyIiwic2hvcnRjb2RlIjoidmNfcm93IiwiZGF0YSI6eyJ0YWJsZXQiOnt9LCJtb2JpbGUiOnt9fX0=\u00a0\u00bb mobile_bg_img_hidden=\u00a0\u00bbno\u00a0\u00bb tablet_bg_img_hidden=\u00a0\u00bbno\u00a0\u00bb woodmart_parallax=\u00a0\u00bb0&Prime; woodmart_gradient_switch=\u00a0\u00bbno\u00a0\u00bb woodmart_box_shadow=\u00a0\u00bbno\u00a0\u00bb wd_z_index=\u00a0\u00bbno\u00a0\u00bb woodmart_disable_overflow=\u00a0\u00bb0&Prime; row_reverse_mobile=\u00a0\u00bb0&Prime; row_reverse_tablet=\u00a0\u00bb0&Prime;][vc_column][vc_raw_html]JTNDdGFibGUlMjBjbGFzcyUzRCUyMnctZnVsbCUyMHRhYmxlLWZpeGVkJTIyJTNFJTBBJTNDdGhlYWQlM0UlMEElM0N0ciUzRSUwQSUzQ3RoJTIwc3R5bGUlM0QlMjJ0ZXh0LWFsaWduJTNBJTIwbGVmdCUzQiUyMHdpZHRoJTNBJTIwJTNCJTIyJTIwYWxpZ24lM0QlMjJsZWZ0JTIyJTIwd2lkdGglM0QlMjIlMjIlM0UlMEElM0NzcGFuJTIwY2xhc3MlM0QlMjJweC00JTIwZm9udC1ib2xkJTIwYmxvY2slMjIlM0UlMEFNb2RlbCUwQSUzQyUyRnNwYW4lM0UlMEElM0MlMkZ0aCUzRSUwQSUzQ3RoJTIwc3R5bGUlM0QlMjJ0ZXh0LWFsaWduJTNBJTIwY2VudGVyJTNCJTIwd2lkdGglM0ElMjAlM0IlMjIlMjBhbGlnbiUzRCUyMmNlbnRlciUyMiUyMHdpZHRoJTNEJTIyJTIyJTNFJTBBJTNDc3BhbiUyMGNsYXNzJTNEJTIycHgtNCUyMGZvbnQtYm9sZCUyMGJsb2NrJTIyJTNFJTBBVW5pdCUwQSUzQyUyRnNwYW4lM0UlMEElM0MlMkZ0aCUzRSUwQSUzQ3RoJTIwc3R5bGUlM0QlMjJ0ZXh0LWFsaWduJTNBJTIwY2VudGVyJTNCJTIwd2lkdGglM0ElMjAlM0IlMjIlMjBhbGlnbiUzRCUyMmNlbnRlciUyMiUyMHdpZHRoJTNEJTIyJTIyJTNFJTBBJTNDc3BhbiUyMGNsYXNzJTNEJTIycHgtNCUyMGZvbnQtYm9sZCUyMGJsb2NrJTIyJTNFJTBBQUNUJTIwNyUyMCUyOEVVJTI5JTBBJTNDJTJGc3BhbiUzRSUwQSUzQyUyRnRoJTNFJTBBJTNDJTJGdHIlM0UlMEElM0MlMkZ0aGVhZCUzRSUwQSUzQ3Rib2R5JTNFJTBBJTNDdHIlMjBjbGFzcyUzRCUyMmJnLWdyZXktMTAwJTIwcC0yJTIyJTNFJTBBJTNDdGQlMjBzdHlsZSUzRCUyMnRleHQtYWxpZ24lM0ElMjBsZWZ0JTNCJTIyJTIwYWxpZ24lM0QlMjJsZWZ0JTIyJTNFJTBBJTNDc3BhbiUyMGNsYXNzJTNEJTIyYmxvY2slMjBweC00JTIyJTNFJTBBRnVzZSUwQSUzQyUyRnNwYW4lM0UlMEElM0MlMkZ0ZCUzRSUwQSUzQ3RkJTIwc3R5bGUlM0QlMjJ0ZXh0LWFsaWduJTNBJTIwY2VudGVyJTNCJTIyJTIwYWxpZ24lM0QlMjJjZW50ZXIlMjIlM0UlMEElM0NzcGFuJTIwY2xhc3MlM0QlMjJibG9jayUyMHB4LTQlMjIlM0UlMEFBJTBBJTNDJTJGc3BhbiUzRSUwQSUzQyUyRnRkJTNFJTBBJTNDdGQlMjBzdHlsZSUzRCUyMnRleHQtYWxpZ24lM0ElMjBjZW50ZXIlM0IlMjIlMjBhbGlnbiUzRCUyMmNlbnRlciUyMiUzRSUwQSUzQ3NwYW4lMjBjbGFzcyUzRCUyMmJsb2NrJTIwcHgtNCUyMiUzRSUwQTE2LjAlMEElM0MlMkZzcGFuJTNFJTBBJTNDJTJGdGQlM0UlMEElM0MlMkZ0ciUzRSUwQSUzQ3RyJTIwY2xhc3MlM0QlMjIlMjBwLTIlMjIlM0UlMEElM0N0ZCUyMHN0eWxlJTNEJTIydGV4dC1hbGlnbiUzQSUyMGxlZnQlM0IlMjIlMjBhbGlnbiUzRCUyMmxlZnQlMjIlM0UlMEElM0NzcGFuJTIwY2xhc3MlM0QlMjJibG9jayUyMHB4LTQlMjIlM0UlMEFNYXhpbXVtJTIwY3VycmVudCUwQSUzQyUyRnNwYW4lM0UlMEElM0MlMkZ0ZCUzRSUwQSUzQ3RkJTIwc3R5bGUlM0QlMjJ0ZXh0LWFsaWduJTNBJTIwY2VudGVyJTNCJTIyJTIwYWxpZ24lM0QlMjJjZW50ZXIlMjIlM0UlMEElM0NzcGFuJTIwY2xhc3MlM0QlMjJibG9jayUyMHB4LTQlMjIlM0UlMEFBJTBBJTNDJTJGc3BhbiUzRSUwQSUzQyUyRnRkJTNFJTBBJTNDdGQlMjBzdHlsZSUzRCUyMnRleHQtYWxpZ24lM0ElMjBjZW50ZXIlM0IlMjIlMjBhbGlnbiUzRCUyMmNlbnRlciUyMiUzRSUwQSUzQ3NwYW4lMjBjbGFzcyUzRCUyMmJsb2NrJTIwcHgtNCUyMiUzRSUwQTE0LjglMEElM0MlMkZzcGFuJTNFJTBBJTNDJTJGdGQlM0UlMEElM0MlMkZ0ciUzRSUwQSUzQ3RyJTIwY2xhc3MlM0QlMjJiZy1ncmV5LTEwMCUyMHAtMiUyMiUzRSUwQSUzQ3RkJTIwc3R5bGUlM0QlMjJ0ZXh0LWFsaWduJTNBJTIwbGVmdCUzQiUyMiUyMGFsaWduJTNEJTIybGVmdCUyMiUzRSUwQSUzQ3NwYW4lMjBjbGFzcyUzRCUyMmJsb2NrJTIwcHgtNCUyMiUzRSUwQU9wZXJhdGluZyUyMHJhbmdlJTIwJUUyJTgwJTkzJTIwaW5zaWRlJTIwdGVtcGVyYXR1cmUlMEElM0MlMkZzcGFuJTNFJTBBJTNDJTJGdGQlM0UlMEElM0N0ZCUyMHN0eWxlJTNEJTIydGV4dC1hbGlnbiUzQSUyMGNlbnRlciUzQiUyMiUyMGFsaWduJTNEJTIyY2VudGVyJTIyJTNFJTBBJTNDc3BhbiUyMGNsYXNzJTNEJTIyYmxvY2slMjBweC00JTIyJTNFJTBBJUMyJUIwQyUwQSUzQyUyRnNwYW4lM0UlMEElM0MlMkZ0ZCUzRSUwQSUzQ3RkJTIwc3R5bGUlM0QlMjJ0ZXh0LWFsaWduJTNBJTIwY2VudGVyJTNCJTIyJTIwYWxpZ24lM0QlMjJjZW50ZXIlMjIlM0UlMEElM0NzcGFuJTIwY2xhc3MlM0QlMjJibG9jayUyMHB4LTQlMjIlM0UlMEE4LTM1JTBBJTNDJTJGc3BhbiUzRSUwQSUzQyUyRnRkJTNFJTBBJTNDJTJGdHIlM0UlMEElM0N0ciUyMGNsYXNzJTNEJTIyJTIwcC0yJTIyJTNFJTBBJTNDdGQlMjBzdHlsZSUzRCUyMnRleHQtYWxpZ24lM0ElMjBsZWZ0JTNCJTIyJTIwYWxpZ24lM0QlMjJsZWZ0JTIyJTNFJTBBJTNDc3BhbiUyMGNsYXNzJTNEJTIyYmxvY2slMjBweC00JTIyJTNFJTBBT3BlcmF0aW5nJTIwcmFuZ2UlMjAlRTIlODAlOTMlMjBvdXRzaWRlJTIwdGVtcGVyYXR1cmUlMEElM0MlMkZzcGFuJTNFJTBBJTNDJTJGdGQlM0UlMEElM0N0ZCUyMHN0eWxlJTNEJTIydGV4dC1hbGlnbiUzQSUyMGNlbnRlciUzQiUyMiUyMGFsaWduJTNEJTIyY2VudGVyJTIyJTNFJTBBJTNDc3BhbiUyMGNsYXNzJTNEJTIyYmxvY2slMjBweC00JTIyJTNFJTBBJUMyJUIwQyUwQSUzQyUyRnNwYW4lM0UlMEElM0MlMkZ0ZCUzRSUwQSUzQ3RkJTIwc3R5bGUlM0QlMjJ0ZXh0LWFsaWduJTNBJTIwY2VudGVyJTNCJTIyJTIwYWxpZ24lM0QlMjJjZW50ZXIlMjIlM0UlMEElM0NzcGFuJTIwY2xhc3MlM0QlMjJibG9jayUyMHB4LTQlMjIlM0UlMEEwLTQwJTBBJTNDJTJGc3BhbiUzRSUwQSUzQyUyRnRkJTNFJTBBJTNDJTJGdHIlM0UlMEElM0MlMkZ0Ym9keSUzRSUwQSUzQyUyRnRhYmxlJTNF[\/vc_raw_html][\/vc_column][\/vc_row][vc_row][vc_column]\r\n\t\t<div id=\"wd-65bcf1bc16dd0\" class=\"title-wrapper wd-wpb set-mb-s reset-last-child  wd-rs-65bcf1bc16dd0 wd-title-color-default wd-title-style-default text-center  wd-underline-colored\">\r\n\t\t\t\r\n\t\t\t<div class=\"liner-continer\">\r\n\t\t\t\t<h4 class=\"woodmart-title-container title  wd-font-weight- wd-fontsize-l\" >Accessory for<\/h4>\r\n\t\t\t\t\t\t\t<\/div>\r\n\t\t\t\r\n\t\t\t\r\n\t\t\t\r\n\t\t<\/div>\r\n\t\t\r\n\t\t[\/vc_column][\/vc_row][vc_row css=\u00a0\u00bb.vc_custom_1705962969957{padding-bottom: 20px !important;}\u00a0\u00bb woodmart_css_id=\u00a0\u00bb65aeedd10b2d2&Prime; responsive_spacing=\u00a0\u00bbeyJwYXJhbV90eXBlIjoid29vZG1hcnRfcmVzcG9uc2l2ZV9zcGFjaW5nIiwic2VsZWN0b3JfaWQiOiI2NWFlZWRkMTBiMmQyIiwic2hvcnRjb2RlIjoidmNfcm93IiwiZGF0YSI6eyJ0YWJsZXQiOnt9LCJtb2JpbGUiOnt9fX0=\u00a0\u00bb mobile_bg_img_hidden=\u00a0\u00bbno\u00a0\u00bb tablet_bg_img_hidden=\u00a0\u00bbno\u00a0\u00bb woodmart_parallax=\u00a0\u00bb0&Prime; woodmart_gradient_switch=\u00a0\u00bbno\u00a0\u00bb woodmart_box_shadow=\u00a0\u00bbno\u00a0\u00bb wd_z_index=\u00a0\u00bbno\u00a0\u00bb woodmart_disable_overflow=\u00a0\u00bb0&Prime; row_reverse_mobile=\u00a0\u00bb0&Prime; row_reverse_tablet=\u00a0\u00bb0&Prime;][vc_column]<div class=\"woocommerce columns-4 \">\n<div class=\"products elements-grid wd-products-holder  wd-spacing-20 grid-columns-3 products-bordered-grid pagination-pagination align-items-start row\" data-source=\"main_loop\" data-min_price=\"\" data-max_price=\"\" data-columns=\"3\">\n<div class=\"product-grid-item product wd-hover-icons  col-lg-4 col-md-4 col-6 first  type-product post-14512 status-publish instock product_cat-climatiseur-refroidissement-par-biorefroidisseur product_cat-air-climatiseur-portatif-refroidissement product_cat-climatisation-deshumidificateur-dair-ventilateur-fr-ventilation has-post-thumbnail shipping-taxable purchasable product-type-simple\" data-loop=\"1\" data-id=\"14512\">\r\n\t\r\n\t<div class=\"product-wrapper\">\r\n\t<div class=\"product-element-top wd-quick-shop\">\r\n\t\t<a href=\"https:\/\/airsystems.ge\/shop\/fr\/produit\/dantherm-act-7-air-conditioner\/\" class=\"product-image-link\">\r\n\t\t\t<img loading=\"lazy\" decoding=\"async\" width=\"430\" height=\"430\" src=\"https:\/\/airsystems.ge\/shop\/wp-content\/uploads\/2024\/01\/Dantherm-ACT-7-with-Hex-430x430.jpg\" class=\"attachment-woocommerce_thumbnail size-woocommerce_thumbnail\" alt=\"\" srcset=\"https:\/\/airsystems.ge\/shop\/wp-content\/uploads\/2024\/01\/Dantherm-ACT-7-with-Hex-430x430.jpg 430w, https:\/\/airsystems.ge\/shop\/wp-content\/uploads\/2024\/01\/Dantherm-ACT-7-with-Hex-300x300.jpg 300w, https:\/\/airsystems.ge\/shop\/wp-content\/uploads\/2024\/01\/Dantherm-ACT-7-with-Hex-800x800.jpg 800w, https:\/\/airsystems.ge\/shop\/wp-content\/uploads\/2024\/01\/Dantherm-ACT-7-with-Hex-150x150.jpg 150w, https:\/\/airsystems.ge\/shop\/wp-content\/uploads\/2024\/01\/Dantherm-ACT-7-with-Hex-768x768.jpg 768w, https:\/\/airsystems.ge\/shop\/wp-content\/uploads\/2024\/01\/Dantherm-ACT-7-with-Hex-860x860.jpg 860w, https:\/\/airsystems.ge\/shop\/wp-content\/uploads\/2024\/01\/Dantherm-ACT-7-with-Hex-700x700.jpg 700w, https:\/\/airsystems.ge\/shop\/wp-content\/uploads\/2024\/01\/Dantherm-ACT-7-with-Hex.jpg 1000w\" sizes=\"auto, (max-width: 430px) 100vw, 430px\" \/>\t\t<\/a>\r\n\r\n\t\t\t\t\t<div class=\"hover-img\">\r\n\t\t\t\t<a href=\"https:\/\/airsystems.ge\/shop\/fr\/produit\/dantherm-act-7-air-conditioner\/\">\r\n\t\t\t\t\t<img loading=\"lazy\" decoding=\"async\" width=\"430\" height=\"430\" src=\"https:\/\/airsystems.ge\/shop\/wp-content\/uploads\/2024\/01\/Dantherm-ACT-7-430x430.jpg\" class=\"attachment-woocommerce_thumbnail size-woocommerce_thumbnail\" alt=\"\" srcset=\"https:\/\/airsystems.ge\/shop\/wp-content\/uploads\/2024\/01\/Dantherm-ACT-7-430x430.jpg 430w, https:\/\/airsystems.ge\/shop\/wp-content\/uploads\/2024\/01\/Dantherm-ACT-7-300x300.jpg 300w, https:\/\/airsystems.ge\/shop\/wp-content\/uploads\/2024\/01\/Dantherm-ACT-7-800x800.jpg 800w, https:\/\/airsystems.ge\/shop\/wp-content\/uploads\/2024\/01\/Dantherm-ACT-7-150x150.jpg 150w, https:\/\/airsystems.ge\/shop\/wp-content\/uploads\/2024\/01\/Dantherm-ACT-7-768x768.jpg 768w, https:\/\/airsystems.ge\/shop\/wp-content\/uploads\/2024\/01\/Dantherm-ACT-7-860x860.jpg 860w, https:\/\/airsystems.ge\/shop\/wp-content\/uploads\/2024\/01\/Dantherm-ACT-7-700x700.jpg 700w, https:\/\/airsystems.ge\/shop\/wp-content\/uploads\/2024\/01\/Dantherm-ACT-7.jpg 1000w\" sizes=\"auto, (max-width: 430px) 100vw, 430px\" \/>\t\t\t\t<\/a>\r\n\t\t\t<\/div>\r\n\t\t\t\r\n\t\t<div class=\"wrapp-buttons\">\r\n\t\t\t<div class=\"wd-buttons\">\r\n\t\t\t\t<div class=\"wd-add-btn wd-action-btn wd-style-icon wd-add-cart-icon\"><a href=\"\/shop\/fr\/wp-json\/wp\/v2\/product\/14826?add-to-cart=14512\" data-quantity=\"1\" class=\"button product_type_simple add_to_cart_button ajax_add_to_cart add-to-cart-loop\" data-product_id=\"14512\" data-product_sku=\"\" aria-label=\"Ajouter au panier\u00a0: &ldquo;Dantherm ACT 7 \u2013 air-conditioner&rdquo;\" rel=\"nofollow\" data-success_message=\"\u00ab\u00a0Dantherm ACT 7 \u2013 air-conditioner\u00a0\u00bb a \u00e9t\u00e9 ajout\u00e9 \u00e0 votre panier\"><span>Ajouter au panier<\/span><\/a><\/div>\r\n\t\t\t\t\t\t\t\t\t\t\t\t\t\t\t\t\t\t\t\t\t\t\t<\/div> \r\n\t\t<\/div>\r\n\t<\/div>\r\n\t\t\t\t\t<h3 class=\"wd-entities-title\"><a href=\"https:\/\/airsystems.ge\/shop\/fr\/produit\/dantherm-act-7-air-conditioner\/\">Dantherm ACT 7 \u2013 air-conditioner<\/a><\/h3>\t\t\t\t<div class=\"wd-product-cats\">\r\n\t\t\t<a href=\"https:\/\/airsystems.ge\/shop\/fr\/categorie-produit\/climatisation-deshumidificateur-dair-ventilateur-fr-ventilation\/\" rel=\"tag\">DANTHERM GROUP SOLUTIONS DE CLIMATISATION<\/a>, <a href=\"https:\/\/airsystems.ge\/shop\/fr\/categorie-produit\/climatisation-deshumidificateur-dair-ventilateur-fr-ventilation\/climatiseur-refroidissement-par-biorefroidisseur\/\" rel=\"tag\">Climatisation, Refroidisseurs par \u00e9vaporation, Climatiseur, Refroidissement, Biorefroidisseur<\/a>, <a href=\"https:\/\/airsystems.ge\/shop\/fr\/categorie-produit\/climatisation-deshumidificateur-dair-ventilateur-fr-ventilation\/climatiseur-refroidissement-par-biorefroidisseur\/air-climatiseur-portatif-refroidissement\/\" rel=\"tag\">Climatiseur mobile et portable<\/a>\t\t<\/div>\r\n\t\t\t\t\t\t\n\t<span class=\"price\"><span class=\"woocommerce-Price-amount amount\"><bdi>22357,00&nbsp;<span class=\"woocommerce-Price-currencySymbol\">&#x20be;<\/span><\/bdi><\/span><\/span>\n\r\n\t\t\r\n\t\t\r\n\t\t\t<\/div>\r\n<\/div>\r\n<\/div><\/div>[\/vc_column][\/vc_row]<\/p>\n<\/div>","protected":false},"excerpt":{"rendered":"<div class=\"mt-6 prose\">\n<div class=\"mt-6 prose\">\n<div class=\"mt-6 prose\">\n<div class=\"mt-6 prose\">\n<div class=\"mt-6 prose\">\n<p>Quick-connection couplings, cable for outdoor unit and condensate hose are included.<\/p>\n<p>The T-split hose is for warm areas \u2265 40\u00b0C and makes it possible to connect two outdoor units to the same ACT 7. The set up with two outdoor units makes it possible to operate the ACT 7 where the outdoor unit is located in temperatures up to 45\u00b0C.<\/p>\n<\/div>\n<\/div>\n<\/div>\n<\/div>\n<\/div>\n","protected":false},"featured_media":14813,"template":"","meta":[],"product_brand":[],"product_cat":[549],"product_tag":[],"class_list":{"0":"post-14826","1":"product","2":"type-product","3":"status-publish","4":"has-post-thumbnail","6":"product_cat-accessoires-et-consommables-dantherm","8":"first","9":"instock","10":"shipping-taxable","11":"purchasable","12":"product-type-simple"},"_links":{"self":[{"href":"https:\/\/airsystems.ge\/shop\/fr\/wp-json\/wp\/v2\/product\/14826","targetHints":{"allow":["GET"]}}],"collection":[{"href":"https:\/\/airsystems.ge\/shop\/fr\/wp-json\/wp\/v2\/product"}],"about":[{"href":"https:\/\/airsystems.ge\/shop\/fr\/wp-json\/wp\/v2\/types\/product"}],"wp:featuredmedia":[{"embeddable":true,"href":"https:\/\/airsystems.ge\/shop\/fr\/wp-json\/wp\/v2\/media\/14813"}],"wp:attachment":[{"href":"https:\/\/airsystems.ge\/shop\/fr\/wp-json\/wp\/v2\/media?parent=14826"}],"wp:term":[{"taxonomy":"product_brand","embeddable":true,"href":"https:\/\/airsystems.ge\/shop\/fr\/wp-json\/wp\/v2\/product_brand?post=14826"},{"taxonomy":"product_cat","embeddable":true,"href":"https:\/\/airsystems.ge\/shop\/fr\/wp-json\/wp\/v2\/product_cat?post=14826"},{"taxonomy":"product_tag","embeddable":true,"href":"https:\/\/airsystems.ge\/shop\/fr\/wp-json\/wp\/v2\/product_tag?post=14826"}],"curies":[{"name":"wp","href":"https:\/\/api.w.org\/{rel}","templated":true}]}}