{"id":14558,"date":"2024-01-25T22:53:52","date_gmt":"2024-01-25T18:53:52","guid":{"rendered":"https:\/\/airsystems.ge\/shop\/product\/master-dfb-16-professional-fan-complete\/"},"modified":"2025-07-29T18:17:23","modified_gmt":"2025-07-29T14:17:23","slug":"master-dfb-16-professional-fan-complete","status":"publish","type":"product","link":"https:\/\/airsystems.ge\/shop\/fr\/produit\/master-dfb-16-professional-fan-complete\/","title":{"rendered":"Master DFB 16 \u2013 professional fan. complete ventilator ventilation"},"content":{"rendered":"<div class=\"wpb-content-wrapper\"><p>[vc_row][vc_column]\r\n\t\t<div id=\"wd-65a957de2ee55\" class=\"title-wrapper wd-wpb set-mb-s reset-last-child  wd-rs-65a957de2ee55 wd-title-color-default wd-title-style-default text-center  wd-underline-colored\">\r\n\t\t\t\r\n\t\t\t<div class=\"liner-continer\">\r\n\t\t\t\t<h4 class=\"woodmart-title-container title  wd-font-weight- wd-fontsize-l\" >Key features<\/h4>\r\n\t\t\t\t\t\t\t<\/div>\r\n\t\t\t\r\n\t\t\t\r\n\t\t\t\r\n\t\t<\/div>\r\n\t\t\r\n\t\t[\/vc_column][\/vc_row][vc_row][vc_column width=\u00a0\u00bb1\/2&Prime;]\r\n\t\t<ul class=\" wd-rs-65b2f04716baf wd-list wd-wpb color-scheme- wd-fontsize-xs wd-list-type-icon wd-list-style-default wd-justify-left \" id=\"wd-65b2f04716baf\">\r\n\t\t\t\t\t\t\t\t\t\t\t<li>\r\n\t\t\t\t\t<span class=\"list-icon far fa-check-circle\"><\/span>\r\n\t\t\t\t\t<span class=\"list-content\"> Light and compact <\/span>\r\n\t\t\t\t\t\t\t\t\t<\/li>\r\n\t\t\t\t\t\t\t\t\t\t\t<li>\r\n\t\t\t\t\t<span class=\"list-icon far fa-check-circle\"><\/span>\r\n\t\t\t\t\t<span class=\"list-content\"> Metal housing <\/span>\r\n\t\t\t\t\t\t\t\t\t<\/li>\r\n\t\t\t\t\t\t\t\t\t\t\t<li>\r\n\t\t\t\t\t<span class=\"list-icon far fa-check-circle\"><\/span>\r\n\t\t\t\t\t<span class=\"list-content\"> Quiet running <\/span>\r\n\t\t\t\t\t\t\t\t\t<\/li>\r\n\t\t\t\t\t\t\t\t\t\t\t<li>\r\n\t\t\t\t\t<span class=\"list-icon far fa-check-circle\"><\/span>\r\n\t\t\t\t\t<span class=\"list-content\"> 220\u00b0 head rotation <\/span>\r\n\t\t\t\t\t\t\t\t\t<\/li>\r\n\t\t\t\t\t<\/ul>\r\n\t\t[\/vc_column][vc_column width=\u00a0\u00bb1\/2&Prime;]\r\n\t\t<ul class=\" wd-rs-65b2f054a7bdc wd-list wd-wpb color-scheme- wd-fontsize-xs wd-list-type-icon wd-list-style-default wd-justify-left \" id=\"wd-65b2f054a7bdc\">\r\n\t\t\t\t\t\t\t\t\t\t\t<li>\r\n\t\t\t\t\t<span class=\"list-icon far fa-check-circle\"><\/span>\r\n\t\t\t\t\t<span class=\"list-content\"> Variable speed <\/span>\r\n\t\t\t\t\t\t\t\t\t<\/li>\r\n\t\t\t\t\t\t\t\t\t\t\t<li>\r\n\t\t\t\t\t<span class=\"list-icon far fa-check-circle\"><\/span>\r\n\t\t\t\t\t<span class=\"list-content\"> Power cord included <\/span>\r\n\t\t\t\t\t\t\t\t\t<\/li>\r\n\t\t\t\t\t\t\t\t\t\t\t<li>\r\n\t\t\t\t\t<span class=\"list-icon far fa-check-circle\"><\/span>\r\n\t\t\t\t\t<span class=\"list-content\"> Compatible with MCS 14.4 V battery <\/span>\r\n\t\t\t\t\t\t\t\t\t<\/li>\r\n\t\t\t\t\t<\/ul>\r\n\t\t[\/vc_column][\/vc_row][vc_row][vc_column]\r\n\t\t<div id=\"wd-65a97cfe5a139\" class=\"title-wrapper wd-wpb set-mb-s reset-last-child  wd-rs-65a97cfe5a139 wd-title-color-default wd-title-style-default text-center  wd-underline-colored\">\r\n\t\t\t\r\n\t\t\t<div class=\"liner-continer\">\r\n\t\t\t\t<h4 class=\"woodmart-title-container title  wd-font-weight- wd-fontsize-l\" >Product specifications<\/h4>\r\n\t\t\t\t\t\t\t<\/div>\r\n\t\t\t\r\n\t\t\t\r\n\t\t\t\r\n\t\t<\/div>\r\n\t\t\r\n\t\t[\/vc_column][\/vc_row][vc_row][vc_column][vc_raw_html]JTNDZGl2JTIwY2xhc3MlM0QlMjJ3ZC1lbC10YWJsZSUyMiUzRSUwQSUyMCUyMCUzQ2RpdiUyMGNsYXNzJTNEJTIyd2QtZWwtdGFibGUtd3JhcCUyMiUzRSUwQSUyMCUyMCUyMCUyMCUzQ3RhYmxlJTIwY2xhc3MlM0QlMjJ3ZC1lbC10YWJsZSUyMiUzRSUwQSUyMCUyMCUyMCUyMCUyMCUyMCUzQ3Rib2R5JTIwY2xhc3MlM0QlMjJ0ZXh0LWxlZnQlMjIlM0UlMEElMjAlMjAlMjAlMjAlMjAlMjAlMjAlMjAlM0N0ciUzRSUwQSUyMCUyMCUyMCUyMCUyMCUyMCUyMCUyMCUyMCUyMCUzQ3RoJTIwY29sc3BhbiUzRCUyMjElMjIlMjByb3dzcGFuJTNEJTIyMSUyMiUzRVNwZWNpZmljYXRpb25zJTNDJTJGdGglM0UlMEElMjAlMjAlMjAlMjAlMjAlMjAlMjAlMjAlMjAlMjAlM0N0aCUyMGNvbHNwYW4lM0QlMjIxJTIyJTIwcm93c3BhbiUzRCUyMjElMjIlM0VVbml0cyUzQyUyRnRoJTNFJTBBJTIwJTIwJTIwJTIwJTIwJTIwJTIwJTIwJTIwJTIwJTNDdGglMjBjb2xzcGFuJTNEJTIyMSUyMiUyMHJvd3NwYW4lM0QlMjIxJTIyJTNFREZCJTIwMTYlM0MlMkZ0aCUzRSUwQSUyMCUyMCUyMCUyMCUyMCUyMCUyMCUyMCUzQyUyRnRyJTNFJTBBJTIwJTIwJTIwJTIwJTIwJTIwJTIwJTIwJTNDdHIlM0UlMEElMjAlMjAlMjAlMjAlMjAlMjAlMjAlMjAlMjAlMjAlM0N0ZCUyMGNvbHNwYW4lM0QlMjIxJTIyJTIwcm93c3BhbiUzRCUyMjElMjIlM0VBaXIlMjBmbG93JTNDJTJGdGQlM0UlMEElMjAlMjAlMjAlMjAlMjAlMjAlMjAlMjAlMjAlMjAlM0N0ZCUyMGNvbHNwYW4lM0QlMjIxJTIyJTIwcm93c3BhbiUzRCUyMjElMjIlM0VtJUMyJUIzJTJGaCUzQyUyRnRkJTNFJTBBJTIwJTIwJTIwJTIwJTIwJTIwJTIwJTIwJTIwJTIwJTNDdGQlMjBjb2xzcGFuJTNEJTIyMSUyMiUyMHJvd3NwYW4lM0QlMjIxJTIyJTNFMSUyQzIwMCUzQyUyRnRkJTNFJTBBJTIwJTIwJTIwJTIwJTIwJTIwJTIwJTIwJTNDJTJGdHIlM0UlMEElMjAlMjAlMjAlMjAlMjAlMjAlMjAlMjAlM0N0ciUzRSUwQSUyMCUyMCUyMCUyMCUyMCUyMCUyMCUyMCUyMCUyMCUzQ3RkJTIwY29sc3BhbiUzRCUyMjElMjIlMjByb3dzcGFuJTNEJTIyMSUyMiUzRUZhbiUyMHR5cGUlM0MlMkZ0ZCUzRSUwQSUyMCUyMCUyMCUyMCUyMCUyMCUyMCUyMCUyMCUyMCUzQ3RkJTIwY29sc3BhbiUzRCUyMjElMjIlMjByb3dzcGFuJTNEJTIyMSUyMiUzRSUzQyUyRnRkJTNFJTBBJTIwJTIwJTIwJTIwJTIwJTIwJTIwJTIwJTIwJTIwJTNDdGQlMjBjb2xzcGFuJTNEJTIyMSUyMiUyMHJvd3NwYW4lM0QlMjIxJTIyJTNFQXhpYWwlM0MlMkZ0ZCUzRSUwQSUyMCUyMCUyMCUyMCUyMCUyMCUyMCUyMCUzQyUyRnRyJTNFJTBBJTIwJTIwJTIwJTIwJTIwJTIwJTIwJTIwJTNDdHIlM0UlMEElMjAlMjAlMjAlMjAlMjAlMjAlMjAlMjAlMjAlMjAlM0N0ZCUyMGNvbHNwYW4lM0QlMjIxJTIyJTIwcm93c3BhbiUzRCUyMjElMjIlM0VPdXRsZXQlMjBkaWFtZXRlciUzQyUyRnRkJTNFJTBBJTIwJTIwJTIwJTIwJTIwJTIwJTIwJTIwJTIwJTIwJTNDdGQlMjBjb2xzcGFuJTNEJTIyMSUyMiUyMHJvd3NwYW4lM0QlMjIxJTIyJTNFY20lM0MlMkZ0ZCUzRSUwQSUyMCUyMCUyMCUyMCUyMCUyMCUyMCUyMCUyMCUyMCUzQ3RkJTIwY29sc3BhbiUzRCUyMjElMjIlMjByb3dzcGFuJTNEJTIyMSUyMiUzRTQwJTNDJTJGdGQlM0UlMEElMjAlMjAlMjAlMjAlMjAlMjAlMjAlMjAlM0MlMkZ0ciUzRSUwQSUyMCUyMCUyMCUyMCUyMCUyMCUyMCUyMCUzQ3RyJTNFJTBBJTIwJTIwJTIwJTIwJTIwJTIwJTIwJTIwJTIwJTIwJTNDdGQlMjBjb2xzcGFuJTNEJTIyMSUyMiUyMHJvd3NwYW4lM0QlMjIxJTIyJTNFRmFuJTIwc3BlZWQlM0MlMkZ0ZCUzRSUwQSUyMCUyMCUyMCUyMCUyMCUyMCUyMCUyMCUyMCUyMCUzQ3RkJTIwY29sc3BhbiUzRCUyMjElMjIlMjByb3dzcGFuJTNEJTIyMSUyMiUzRXJwbSUzQyUyRnRkJTNFJTBBJTIwJTIwJTIwJTIwJTIwJTIwJTIwJTIwJTIwJTIwJTNDdGQlMjBjb2xzcGFuJTNEJTIyMSUyMiUyMHJvd3NwYW4lM0QlMjIxJTIyJTNFNjAwLTElMkMzMDAlM0MlMkZ0ZCUzRSUwQSUyMCUyMCUyMCUyMCUyMCUyMCUyMCUyMCUzQyUyRnRyJTNFJTBBJTIwJTIwJTIwJTIwJTIwJTIwJTIwJTIwJTNDdHIlM0UlMEElMjAlMjAlMjAlMjAlMjAlMjAlMjAlMjAlMjAlMjAlM0N0ZCUyMGNvbHNwYW4lM0QlMjIxJTIyJTIwcm93c3BhbiUzRCUyMjElMjIlM0VQb3dlciUyMGNvbnN1bXB0aW9uJTNDJTJGdGQlM0UlMEElMjAlMjAlMjAlMjAlMjAlMjAlMjAlMjAlMjAlMjAlM0N0ZCUyMGNvbHNwYW4lM0QlMjIxJTIyJTIwcm93c3BhbiUzRCUyMjElMjIlM0VXJTNDJTJGdGQlM0UlMEElMjAlMjAlMjAlMjAlMjAlMjAlMjAlMjAlMjAlMjAlM0N0ZCUyMGNvbHNwYW4lM0QlMjIxJTIyJTIwcm93c3BhbiUzRCUyMjElMjIlM0UyMSUzQyUyRnRkJTNFJTBBJTIwJTIwJTIwJTIwJTIwJTIwJTIwJTIwJTNDJTJGdHIlM0UlMEElMjAlMjAlMjAlMjAlMjAlMjAlMjAlMjAlM0N0ciUzRSUwQSUyMCUyMCUyMCUyMCUyMCUyMCUyMCUyMCUyMCUyMCUzQ3RkJTIwY29sc3BhbiUzRCUyMjElMjIlMjByb3dzcGFuJTNEJTIyMSUyMiUzRVBvd2VyJTIwc3VwcGx5JTNDJTJGdGQlM0UlMEElMjAlMjAlMjAlMjAlMjAlMjAlMjAlMjAlMjAlMjAlM0N0ZCUyMGNvbHNwYW4lM0QlMjIxJTIyJTIwcm93c3BhbiUzRCUyMjElMjIlM0VWJTNDJTJGdGQlM0UlMEElMjAlMjAlMjAlMjAlMjAlMjAlMjAlMjAlMjAlMjAlM0N0ZCUyMGNvbHNwYW4lM0QlMjIxJTIyJTIwcm93c3BhbiUzRCUyMjElMjIlM0UxMTAtMjQwJTNDJTJGdGQlM0UlMEElMjAlMjAlMjAlMjAlMjAlMjAlMjAlMjAlM0MlMkZ0ciUzRSUwQSUyMCUyMCUyMCUyMCUyMCUyMCUyMCUyMCUzQ3RyJTNFJTBBJTIwJTIwJTIwJTIwJTIwJTIwJTIwJTIwJTIwJTIwJTNDdGQlMjBjb2xzcGFuJTNEJTIyMSUyMiUyMHJvd3NwYW4lM0QlMjIxJTIyJTNFRnJlcXVlbmN5JTNDJTJGdGQlM0UlMEElMjAlMjAlMjAlMjAlMjAlMjAlMjAlMjAlMjAlMjAlM0N0ZCUyMGNvbHNwYW4lM0QlMjIxJTIyJTIwcm93c3BhbiUzRCUyMjElMjIlM0VIeiUzQyUyRnRkJTNFJTBBJTIwJTIwJTIwJTIwJTIwJTIwJTIwJTIwJTIwJTIwJTNDdGQlMjBjb2xzcGFuJTNEJTIyMSUyMiUyMHJvd3NwYW4lM0QlMjIxJTIyJTNFNTAtNjAlM0MlMkZ0ZCUzRSUwQSUyMCUyMCUyMCUyMCUyMCUyMCUyMCUyMCUzQyUyRnRyJTNFJTBBJTIwJTIwJTIwJTIwJTIwJTIwJTIwJTIwJTNDdHIlM0UlMEElMjAlMjAlMjAlMjAlMjAlMjAlMjAlMjAlMjAlMjAlM0N0ZCUyMGNvbHNwYW4lM0QlMjIxJTIyJTIwcm93c3BhbiUzRCUyMjElMjIlM0VQcm9kdWN0JTIwc2l6ZSUyMCUyOGwlMjB4JTIwdyUyMHglMjBoJTI5JTNDJTJGdGQlM0UlMEElMjAlMjAlMjAlMjAlMjAlMjAlMjAlMjAlMjAlMjAlM0N0ZCUyMGNvbHNwYW4lM0QlMjIxJTIyJTIwcm93c3BhbiUzRCUyMjElMjIlM0VtbSUzQyUyRnRkJTNFJTBBJTIwJTIwJTIwJTIwJTIwJTIwJTIwJTIwJTIwJTIwJTNDdGQlMjBjb2xzcGFuJTNEJTIyMSUyMiUyMHJvd3NwYW4lM0QlMjIxJTIyJTNFNTIwJTIweCUyMDI2NCUyMHglMjA1MTMlM0MlMkZ0ZCUzRSUwQSUyMCUyMCUyMCUyMCUyMCUyMCUyMCUyMCUzQyUyRnRyJTNFJTBBJTIwJTIwJTIwJTIwJTIwJTIwJTIwJTIwJTNDdHIlM0UlMEElMjAlMjAlMjAlMjAlMjAlMjAlMjAlMjAlMjAlMjAlM0N0ZCUyMGNvbHNwYW4lM0QlMjIxJTIyJTIwcm93c3BhbiUzRCUyMjElMjIlM0VCb3glMjBzaXplJTIwJTI4bCUyMHglMjB3JTIweCUyMGglMjklM0MlMkZ0ZCUzRSUwQSUyMCUyMCUyMCUyMCUyMCUyMCUyMCUyMCUyMCUyMCUzQ3RkJTIwY29sc3BhbiUzRCUyMjElMjIlMjByb3dzcGFuJTNEJTIyMSUyMiUzRW1tJTNDJTJGdGQlM0UlMEElMjAlMjAlMjAlMjAlMjAlMjAlMjAlMjAlMjAlMjAlM0N0ZCUyMGNvbHNwYW4lM0QlMjIxJTIyJTIwcm93c3BhbiUzRCUyMjElMjIlM0U1NDAlMjB4JTIwMjk1JTIweCUyMDQ4NSUzQyUyRnRkJTNFJTBBJTIwJTIwJTIwJTIwJTIwJTIwJTIwJTIwJTNDJTJGdHIlM0UlMEElMjAlMjAlMjAlMjAlMjAlMjAlMjAlMjAlM0N0ciUzRSUwQSUyMCUyMCUyMCUyMCUyMCUyMCUyMCUyMCUyMCUyMCUzQ3RkJTIwY29sc3BhbiUzRCUyMjElMjIlMjByb3dzcGFuJTNEJTIyMSUyMiUzRU5ldCUyRmdyb3NzJTIwd2VpZ2h0JTNDJTJGdGQlM0UlMEElMjAlMjAlMjAlMjAlMjAlMjAlMjAlMjAlMjAlMjAlM0N0ZCUyMGNvbHNwYW4lM0QlMjIxJTIyJTIwcm93c3BhbiUzRCUyMjElMjIlM0VrZyUzQyUyRnRkJTNFJTBBJTIwJTIwJTIwJTIwJTIwJTIwJTIwJTIwJTIwJTIwJTNDdGQlMjBjb2xzcGFuJTNEJTIyMSUyMiUyMHJvd3NwYW4lM0QlMjIxJTIyJTNFNi4zJTJGNyUzQyUyRnRkJTNFJTBBJTIwJTIwJTIwJTIwJTIwJTIwJTIwJTIwJTNDJTJGdHIlM0UlMEElMjAlMjAlMjAlMjAlMjAlMjAlMjAlMjAlM0N0ciUzRSUwQSUyMCUyMCUyMCUyMCUyMCUyMCUyMCUyMCUyMCUyMCUzQ3RkJTIwY29sc3BhbiUzRCUyMjElMjIlMjByb3dzcGFuJTNEJTIyMSUyMiUzRVBhbGxldCUzQyUyRnRkJTNFJTBBJTIwJTIwJTIwJTIwJTIwJTIwJTIwJTIwJTIwJTIwJTNDdGQlMjBjb2xzcGFuJTNEJTIyMSUyMiUyMHJvd3NwYW4lM0QlMjIxJTIyJTNFcGNzJTNDJTJGdGQlM0UlMEElMjAlMjAlMjAlMjAlMjAlMjAlMjAlMjAlMjAlMjAlM0N0ZCUyMGNvbHNwYW4lM0QlMjIxJTIyJTIwcm93c3BhbiUzRCUyMjElMjIlM0UxNiUzQyUyRnRkJTNFJTBBJTIwJTIwJTIwJTIwJTIwJTIwJTIwJTIwJTNDJTJGdHIlM0UlMEElMjAlMjAlMjAlMjAlMjAlMjAlM0MlMkZ0Ym9keSUzRSUwQSUyMCUyMCUyMCUyMCUzQyUyRnRhYmxlJTNFJTBBJTIwJTIwJTNDJTJGZGl2JTNFJTBBJTNDJTJGZGl2JTNFJTBB[\/vc_raw_html][\/vc_column][\/vc_row][vc_row][vc_column]\r\n\t\t<div id=\"wd-65a9893650cd2\" class=\"title-wrapper wd-wpb set-mb-s reset-last-child  wd-rs-65a9893650cd2 wd-title-color-default wd-title-style-default text-center  wd-underline-colored\">\r\n\t\t\t\r\n\t\t\t<div class=\"liner-continer\">\r\n\t\t\t\t<h4 class=\"woodmart-title-container title  wd-font-weight- wd-fontsize-l\" >Suitable for<\/h4>\r\n\t\t\t\t\t\t\t<\/div>\r\n\t\t\t\r\n\t\t\t\r\n\t\t\t\r\n\t\t<\/div>\r\n\t\t\r\n\t\t[\/vc_column][\/vc_row][vc_row][vc_column width=\u00a0\u00bb1\/2&Prime;]\t\t<div id=\"wd-65b2efe9bfde0\" class=\"wd-text-block wd-wpb reset-last-child wd-rs-65b2efe9bfde0 text-left \">\r\n\t\t\t<ul>\n<li style=\"text-align: left;\">\u00a0Buildings and commercial spaces<\/li>\n<li style=\"text-align: left;\">Construction<\/li>\n<li style=\"text-align: left;\">Events and festivals<\/li>\n<\/ul>\n\t\t<\/div>\r\n\t\t[\/vc_column][vc_column width=\u00a0\u00bb1\/2&Prime;]\t\t<div id=\"wd-65b2eff26d4a7\" class=\"wd-text-block wd-wpb reset-last-child wd-rs-65b2eff26d4a7 text-left \">\r\n\t\t\t<ul>\n<li>\u00a0General industry and production<\/li>\n<li>Rental companies<\/li>\n<li>Water damage restoration<\/li>\n<\/ul>\n\t\t<\/div>\r\n\t\t[\/vc_column][\/vc_row][vc_row][vc_column]\r\n\t\t<div id=\"wd-65b2f077010ea\" class=\"title-wrapper wd-wpb set-mb-s reset-last-child  wd-rs-65b2f077010ea wd-title-color-default wd-title-style-default text-center  wd-underline-colored\">\r\n\t\t\t\r\n\t\t\t<div class=\"liner-continer\">\r\n\t\t\t\t<h4 class=\"woodmart-title-container title  wd-font-weight- wd-fontsize-l\" >Accessories and consumables<\/h4>\r\n\t\t\t\t\t\t\t<\/div>\r\n\t\t\t\r\n\t\t\t\r\n\t\t\t\r\n\t\t<\/div>\r\n\t\t\r\n\t\t[\/vc_column][\/vc_row][vc_row][vc_column]<div class=\"woocommerce columns-4 \">\n<div class=\"products elements-grid wd-products-holder  wd-spacing-20 grid-columns-3 products-bordered-grid pagination-pagination align-items-start row\" data-source=\"main_loop\" data-min_price=\"\" data-max_price=\"\" data-columns=\"3\">\n<div class=\"product-grid-item product wd-hover-icons  col-lg-4 col-md-4 col-6 first  type-product post-14553 status-publish instock product_cat-accessoires-et-consommables-fr has-post-thumbnail shipping-taxable purchasable product-type-simple\" data-loop=\"1\" data-id=\"14553\">\r\n\t\r\n\t<div class=\"product-wrapper\">\r\n\t<div class=\"product-element-top wd-quick-shop\">\r\n\t\t<a href=\"https:\/\/airsystems.ge\/shop\/fr\/produit\/cha-master-battery-charger\/\" class=\"product-image-link\">\r\n\t\t\t<img loading=\"lazy\" decoding=\"async\" width=\"430\" height=\"430\" src=\"https:\/\/airsystems.ge\/shop\/wp-content\/uploads\/2024\/01\/Master-Battery-pack-charger-4260.270-430x430.jpg\" class=\"attachment-woocommerce_thumbnail size-woocommerce_thumbnail\" alt=\"\" srcset=\"https:\/\/airsystems.ge\/shop\/wp-content\/uploads\/2024\/01\/Master-Battery-pack-charger-4260.270-430x430.jpg 430w, https:\/\/airsystems.ge\/shop\/wp-content\/uploads\/2024\/01\/Master-Battery-pack-charger-4260.270-300x300.jpg 300w, https:\/\/airsystems.ge\/shop\/wp-content\/uploads\/2024\/01\/Master-Battery-pack-charger-4260.270-800x800.jpg 800w, https:\/\/airsystems.ge\/shop\/wp-content\/uploads\/2024\/01\/Master-Battery-pack-charger-4260.270-150x150.jpg 150w, https:\/\/airsystems.ge\/shop\/wp-content\/uploads\/2024\/01\/Master-Battery-pack-charger-4260.270-768x768.jpg 768w, https:\/\/airsystems.ge\/shop\/wp-content\/uploads\/2024\/01\/Master-Battery-pack-charger-4260.270-860x860.jpg 860w, https:\/\/airsystems.ge\/shop\/wp-content\/uploads\/2024\/01\/Master-Battery-pack-charger-4260.270-700x700.jpg 700w, https:\/\/airsystems.ge\/shop\/wp-content\/uploads\/2024\/01\/Master-Battery-pack-charger-4260.270.jpg 1000w\" sizes=\"auto, (max-width: 430px) 100vw, 430px\" \/>\t\t<\/a>\r\n\r\n\t\t\r\n\t\t<div class=\"wrapp-buttons\">\r\n\t\t\t<div class=\"wd-buttons\">\r\n\t\t\t\t<div class=\"wd-add-btn wd-action-btn wd-style-icon wd-add-cart-icon\"><a href=\"\/shop\/fr\/wp-json\/wp\/v2\/product\/14558?add-to-cart=14553\" data-quantity=\"1\" class=\"button product_type_simple add_to_cart_button ajax_add_to_cart add-to-cart-loop\" data-product_id=\"14553\" data-product_sku=\"4260.270\" aria-label=\"Ajouter au panier\u00a0: &ldquo;MASTER BATTERY CHARGER&rdquo;\" rel=\"nofollow\" data-success_message=\"\u00ab\u00a0MASTER BATTERY CHARGER\u00a0\u00bb a \u00e9t\u00e9 ajout\u00e9 \u00e0 votre panier\"><span>Ajouter au panier<\/span><\/a><\/div>\r\n\t\t\t\t\t\t\t\t\t\t\t\t\t\t\t\t\t\t\t\t\t\t\t<\/div> \r\n\t\t<\/div>\r\n\t<\/div>\r\n\t\t\t\t\t<h3 class=\"wd-entities-title\"><a href=\"https:\/\/airsystems.ge\/shop\/fr\/produit\/cha-master-battery-charger\/\">MASTER BATTERY CHARGER<\/a><\/h3>\t\t\t\t<div class=\"wd-product-cats\">\r\n\t\t\t<a href=\"https:\/\/airsystems.ge\/shop\/fr\/categorie-produit\/climatisation-deshumidificateur-dair-ventilateur-fr-ventilation\/accessoires-et-consommables-fr\/\" rel=\"tag\">Accessoires et consommables<\/a>\t\t<\/div>\r\n\t\t\t\t\t\t\n\t<span class=\"price\"><span class=\"woocommerce-Price-amount amount\"><bdi>405,72&nbsp;<span class=\"woocommerce-Price-currencySymbol\">&#x20be;<\/span><\/bdi><\/span><\/span>\n\r\n\t\t\r\n\t\t\r\n\t\t\t<\/div>\r\n<\/div>\r\n<div class=\"product-grid-item product wd-hover-icons  col-lg-4 col-md-4 col-6 type-product post-14554 status-publish instock product_cat-accessoires-et-consommables-fr has-post-thumbnail shipping-taxable purchasable product-type-simple\" data-loop=\"2\" data-id=\"14554\">\r\n\t\r\n\t<div class=\"product-wrapper\">\r\n\t<div class=\"product-element-top wd-quick-shop\">\r\n\t\t<a href=\"https:\/\/airsystems.ge\/shop\/fr\/produit\/master-lithium-battery\/\" class=\"product-image-link\">\r\n\t\t\t<img loading=\"lazy\" decoding=\"async\" width=\"430\" height=\"430\" src=\"https:\/\/airsystems.ge\/shop\/wp-content\/uploads\/2024\/01\/Master-6Ah-lithium-battery-4260.268-430x430.jpg\" class=\"attachment-woocommerce_thumbnail size-woocommerce_thumbnail\" alt=\"\" srcset=\"https:\/\/airsystems.ge\/shop\/wp-content\/uploads\/2024\/01\/Master-6Ah-lithium-battery-4260.268-430x430.jpg 430w, https:\/\/airsystems.ge\/shop\/wp-content\/uploads\/2024\/01\/Master-6Ah-lithium-battery-4260.268-300x300.jpg 300w, https:\/\/airsystems.ge\/shop\/wp-content\/uploads\/2024\/01\/Master-6Ah-lithium-battery-4260.268-800x800.jpg 800w, https:\/\/airsystems.ge\/shop\/wp-content\/uploads\/2024\/01\/Master-6Ah-lithium-battery-4260.268-150x150.jpg 150w, https:\/\/airsystems.ge\/shop\/wp-content\/uploads\/2024\/01\/Master-6Ah-lithium-battery-4260.268-768x768.jpg 768w, https:\/\/airsystems.ge\/shop\/wp-content\/uploads\/2024\/01\/Master-6Ah-lithium-battery-4260.268-860x860.jpg 860w, https:\/\/airsystems.ge\/shop\/wp-content\/uploads\/2024\/01\/Master-6Ah-lithium-battery-4260.268-700x700.jpg 700w, https:\/\/airsystems.ge\/shop\/wp-content\/uploads\/2024\/01\/Master-6Ah-lithium-battery-4260.268.jpg 1000w\" sizes=\"auto, (max-width: 430px) 100vw, 430px\" \/>\t\t<\/a>\r\n\r\n\t\t\r\n\t\t<div class=\"wrapp-buttons\">\r\n\t\t\t<div class=\"wd-buttons\">\r\n\t\t\t\t<div class=\"wd-add-btn wd-action-btn wd-style-icon wd-add-cart-icon\"><a href=\"\/shop\/fr\/wp-json\/wp\/v2\/product\/14558?add-to-cart=14554\" data-quantity=\"1\" class=\"button product_type_simple add_to_cart_button ajax_add_to_cart add-to-cart-loop\" data-product_id=\"14554\" data-product_sku=\"4260.268\" aria-label=\"Ajouter au panier\u00a0: &ldquo;MASTER LITHIUM BATTERY&rdquo;\" rel=\"nofollow\" data-success_message=\"\u00ab\u00a0MASTER LITHIUM BATTERY\u00a0\u00bb a \u00e9t\u00e9 ajout\u00e9 \u00e0 votre panier\"><span>Ajouter au panier<\/span><\/a><\/div>\r\n\t\t\t\t\t\t\t\t\t\t\t\t\t\t\t\t\t\t\t\t\t\t\t<\/div> \r\n\t\t<\/div>\r\n\t<\/div>\r\n\t\t\t\t\t<h3 class=\"wd-entities-title\"><a href=\"https:\/\/airsystems.ge\/shop\/fr\/produit\/master-lithium-battery\/\">MASTER LITHIUM BATTERY<\/a><\/h3>\t\t\t\t<div class=\"wd-product-cats\">\r\n\t\t\t<a href=\"https:\/\/airsystems.ge\/shop\/fr\/categorie-produit\/climatisation-deshumidificateur-dair-ventilateur-fr-ventilation\/accessoires-et-consommables-fr\/\" rel=\"tag\">Accessoires et consommables<\/a>\t\t<\/div>\r\n\t\t\t\t\t\t\n\t<span class=\"price\"><span class=\"woocommerce-Price-amount amount\"><bdi>619,14&nbsp;<span class=\"woocommerce-Price-currencySymbol\">&#x20be;<\/span><\/bdi><\/span><\/span>\n\r\n\t\t\r\n\t\t\r\n\t\t\t<\/div>\r\n<\/div>\r\n<\/div><\/div>[\/vc_column][\/vc_row][vc_row][vc_column]\r\n\t\t<div id=\"wd-65aa6e6129302\" class=\"title-wrapper wd-wpb set-mb-s reset-last-child  wd-rs-65aa6e6129302 wd-title-color-default wd-title-style-default text-center  wd-underline-colored\">\r\n\t\t\t\r\n\t\t\t<div class=\"liner-continer\">\r\n\t\t\t\t<h4 class=\"woodmart-title-container title  wd-font-weight- wd-fontsize-l\" >Useful downloads<\/h4>\r\n\t\t\t\t\t\t\t<\/div>\r\n\t\t\t\r\n\t\t\t\r\n\t\t\t\r\n\t\t<\/div>\r\n\t\t\r\n\t\t[\/vc_column][\/vc_row][vc_row][vc_column]\r\n\t\t<ul class=\" wd-rs-65b2f0157caa7 wd-list wd-wpb color-scheme- wd-fontsize-xs wd-list-type-icon wd-list-style-square wd-justify-left wd-list-shape-icon \" id=\"wd-65b2f0157caa7\">\r\n\t\t\t\t\t\t\t\t\t\t\t<li>\r\n\t\t\t\t\t<span class=\"list-icon fas fa-download\"><\/span>\r\n\t\t\t\t\t<span class=\"list-content\">Master catalogue <\/span>\r\n\t\t\t\t\t\t\t\t\t\t\t<a class=\"wd-fill\" href=\"https:\/\/catalogue.dantherm.com\/master\/master-catalogue-en\/\" title=\"\" aria-label=\"List link\"><\/a>\r\n\t\t\t\t\t\t\t\t\t<\/li>\r\n\t\t\t\t\t\t\t\t\t\t\t<li>\r\n\t\t\t\t\t<span class=\"list-icon fas fa-download\"><\/span>\r\n\t\t\t\t\t<span class=\"list-content\">Water Damage Restoration application guide <\/span>\r\n\t\t\t\t\t\t\t\t\t\t\t<a class=\"wd-fill\" href=\"https:\/\/danthermpublicfiles.blob.core.windows.net\/en-danthermgroup-guides\/Dantherm-Group-WDR-Application-Guide-EN.pdf\" title=\"\" aria-label=\"List link\"><\/a>\r\n\t\t\t\t\t\t\t\t\t<\/li>\r\n\t\t\t\t\t\t\t\t\t\t\t<li>\r\n\t\t\t\t\t<span class=\"list-icon fas fa-download\"><\/span>\r\n\t\t\t\t\t<span class=\"list-content\">Master DFB 16 user manual <\/span>\r\n\t\t\t\t\t\t\t\t\t\t\t<a class=\"wd-fill\" href=\"https:\/\/danthermpublicfiles.blob.core.windows.net\/en-master-manuals\/Master-DFB-16-user-manual-4250.292-Multi.pdf\" title=\"\" aria-label=\"List link\"><\/a>\r\n\t\t\t\t\t\t\t\t\t<\/li>\r\n\t\t\t\t\t<\/ul>\r\n\t\t[\/vc_column][\/vc_row]<\/p>\n<\/div>","protected":false},"excerpt":{"rendered":"<div class=\"mt-1 md:mt-2 text-xl\"><strong>Professional fans \u2013 battery powered<br \/>\n<\/strong><\/div>\n<div class=\"mt-6 prose\">\n<div class=\"mt-6 prose\">\n<div class=\"mt-6 prose\">\n<p>This quiet running, battery powered fan is light and compact and can be used in public places like restaurants, bars, at events, workshops, as well as offices and homes.<\/p>\n<p>\u00d840cm<\/p>\n<\/div>\n<\/div>\n<p><strong>Air flow:<\/strong> 1 200 m3\/h<\/p>\n<\/div>\n","protected":false},"featured_media":11832,"template":"","meta":[],"product_brand":[],"product_cat":[638,412,419],"product_tag":[],"class_list":{"0":"post-14558","1":"product","2":"type-product","3":"status-publish","4":"has-post-thumbnail","6":"product_cat-ventilateurs-professionnels","7":"product_cat-climatisation-deshumidificateur-dair-ventilateur-fr-ventilation","8":"product_cat-ventilateur-ventilation-axiaux-radiaux-souffleur-antideflagrants","10":"first","11":"instock","12":"shipping-taxable","13":"purchasable","14":"product-type-simple"},"_links":{"self":[{"href":"https:\/\/airsystems.ge\/shop\/fr\/wp-json\/wp\/v2\/product\/14558","targetHints":{"allow":["GET"]}}],"collection":[{"href":"https:\/\/airsystems.ge\/shop\/fr\/wp-json\/wp\/v2\/product"}],"about":[{"href":"https:\/\/airsystems.ge\/shop\/fr\/wp-json\/wp\/v2\/types\/product"}],"wp:featuredmedia":[{"embeddable":true,"href":"https:\/\/airsystems.ge\/shop\/fr\/wp-json\/wp\/v2\/media\/11832"}],"wp:attachment":[{"href":"https:\/\/airsystems.ge\/shop\/fr\/wp-json\/wp\/v2\/media?parent=14558"}],"wp:term":[{"taxonomy":"product_brand","embeddable":true,"href":"https:\/\/airsystems.ge\/shop\/fr\/wp-json\/wp\/v2\/product_brand?post=14558"},{"taxonomy":"product_cat","embeddable":true,"href":"https:\/\/airsystems.ge\/shop\/fr\/wp-json\/wp\/v2\/product_cat?post=14558"},{"taxonomy":"product_tag","embeddable":true,"href":"https:\/\/airsystems.ge\/shop\/fr\/wp-json\/wp\/v2\/product_tag?post=14558"}],"curies":[{"name":"wp","href":"https:\/\/api.w.org\/{rel}","templated":true}]}}