{"id":14552,"date":"2024-01-26T00:03:41","date_gmt":"2024-01-25T20:03:41","guid":{"rendered":"https:\/\/airsystems.ge\/shop\/product\/speed-regulators-for-2-fans-rvs-25a\/"},"modified":"2025-07-22T14:56:34","modified_gmt":"2025-07-22T10:56:34","slug":"speed-regulators-for-2-fans-rvs-25a","status":"publish","type":"product","link":"https:\/\/airsystems.ge\/shop\/fr\/produit\/speed-regulators-for-2-fans-rvs-25a\/","title":{"rendered":"SPEED REGULATORS FOR 2 FANS RVS 2,5A"},"content":{"rendered":"<div class=\"wpb-content-wrapper\"><p>[vc_row][vc_column]\r\n\t\t<div id=\"wd-65ae68c4723e8\" class=\"title-wrapper wd-wpb set-mb-s reset-last-child  wd-rs-65ae68c4723e8 wd-title-color-default wd-title-style-default text-center  wd-underline-colored\">\r\n\t\t\t\r\n\t\t\t<div class=\"liner-continer\">\r\n\t\t\t\t<h4 class=\"woodmart-title-container title  wd-font-weight- wd-fontsize-l\" >Accessory for<\/h4>\r\n\t\t\t\t\t\t\t<\/div>\r\n\t\t\t\r\n\t\t\t\r\n\t\t\t\r\n\t\t<\/div>\r\n\t\t\r\n\t\t[\/vc_column][\/vc_row][vc_row css=\u00a0\u00bb.vc_custom_1705962969957{padding-bottom: 20px !important;}\u00a0\u00bb woodmart_css_id=\u00a0\u00bb65aeedd10b2d2&Prime; responsive_spacing=\u00a0\u00bbeyJwYXJhbV90eXBlIjoid29vZG1hcnRfcmVzcG9uc2l2ZV9zcGFjaW5nIiwic2VsZWN0b3JfaWQiOiI2NWFlZWRkMTBiMmQyIiwic2hvcnRjb2RlIjoidmNfcm93IiwiZGF0YSI6eyJ0YWJsZXQiOnt9LCJtb2JpbGUiOnt9fX0=\u00a0\u00bb mobile_bg_img_hidden=\u00a0\u00bbno\u00a0\u00bb tablet_bg_img_hidden=\u00a0\u00bbno\u00a0\u00bb woodmart_parallax=\u00a0\u00bb0&Prime; woodmart_gradient_switch=\u00a0\u00bbno\u00a0\u00bb woodmart_box_shadow=\u00a0\u00bbno\u00a0\u00bb wd_z_index=\u00a0\u00bbno\u00a0\u00bb woodmart_disable_overflow=\u00a0\u00bb0&Prime; row_reverse_mobile=\u00a0\u00bb0&Prime; row_reverse_tablet=\u00a0\u00bb0&Prime;][vc_column]<div class=\"woocommerce columns-4 \">\n<div class=\"products elements-grid wd-products-holder  wd-spacing-20 grid-columns-3 products-bordered-grid pagination-pagination align-items-start row\" data-source=\"main_loop\" data-min_price=\"\" data-max_price=\"\" data-columns=\"3\">\n<div class=\"product-grid-item product wd-hover-icons  col-lg-4 col-md-4 col-6 first  type-product post-14562 status-publish instock product_cat-ventilateur-ventilation-axiaux-radiaux-souffleur-antideflagrants product_cat-climatisation-deshumidificateur-dair-ventilateur-fr-ventilation product_cat-ventilateurs-plafond-destratificateurs has-post-thumbnail shipping-taxable purchasable product-type-simple\" data-loop=\"1\" data-id=\"14562\">\r\n\t\r\n\t<div class=\"product-wrapper\">\r\n\t<div class=\"product-element-top wd-quick-shop\">\r\n\t\t<a href=\"https:\/\/airsystems.ge\/shop\/fr\/produit\/master-e36202-destratifiers\/\" class=\"product-image-link\">\r\n\t\t\t<img loading=\"lazy\" decoding=\"async\" width=\"430\" height=\"430\" src=\"https:\/\/airsystems.ge\/shop\/wp-content\/uploads\/2024\/01\/Master-E36202-430x430.jpg\" class=\"attachment-woocommerce_thumbnail size-woocommerce_thumbnail\" alt=\"\" srcset=\"https:\/\/airsystems.ge\/shop\/wp-content\/uploads\/2024\/01\/Master-E36202-430x430.jpg 430w, https:\/\/airsystems.ge\/shop\/wp-content\/uploads\/2024\/01\/Master-E36202-300x300.jpg 300w, https:\/\/airsystems.ge\/shop\/wp-content\/uploads\/2024\/01\/Master-E36202-800x800.jpg 800w, https:\/\/airsystems.ge\/shop\/wp-content\/uploads\/2024\/01\/Master-E36202-150x150.jpg 150w, https:\/\/airsystems.ge\/shop\/wp-content\/uploads\/2024\/01\/Master-E36202-768x768.jpg 768w, https:\/\/airsystems.ge\/shop\/wp-content\/uploads\/2024\/01\/Master-E36202-860x860.jpg 860w, https:\/\/airsystems.ge\/shop\/wp-content\/uploads\/2024\/01\/Master-E36202-700x700.jpg 700w, https:\/\/airsystems.ge\/shop\/wp-content\/uploads\/2024\/01\/Master-E36202.jpg 1000w\" sizes=\"auto, (max-width: 430px) 100vw, 430px\" \/>\t\t<\/a>\r\n\r\n\t\t\t\t\t<div class=\"hover-img\">\r\n\t\t\t\t<a href=\"https:\/\/airsystems.ge\/shop\/fr\/produit\/master-e36202-destratifiers\/\">\r\n\t\t\t\t\t<img loading=\"lazy\" decoding=\"async\" width=\"430\" height=\"430\" src=\"https:\/\/airsystems.ge\/shop\/wp-content\/uploads\/2024\/01\/Master-E-Destratifier-factory-ceiling-430x430.jpg\" class=\"attachment-woocommerce_thumbnail size-woocommerce_thumbnail\" alt=\"\" srcset=\"https:\/\/airsystems.ge\/shop\/wp-content\/uploads\/2024\/01\/Master-E-Destratifier-factory-ceiling-430x430.jpg 430w, https:\/\/airsystems.ge\/shop\/wp-content\/uploads\/2024\/01\/Master-E-Destratifier-factory-ceiling-300x300.jpg 300w, https:\/\/airsystems.ge\/shop\/wp-content\/uploads\/2024\/01\/Master-E-Destratifier-factory-ceiling-800x800.jpg 800w, https:\/\/airsystems.ge\/shop\/wp-content\/uploads\/2024\/01\/Master-E-Destratifier-factory-ceiling-150x150.jpg 150w, https:\/\/airsystems.ge\/shop\/wp-content\/uploads\/2024\/01\/Master-E-Destratifier-factory-ceiling-768x768.jpg 768w, https:\/\/airsystems.ge\/shop\/wp-content\/uploads\/2024\/01\/Master-E-Destratifier-factory-ceiling-860x860.jpg 860w, https:\/\/airsystems.ge\/shop\/wp-content\/uploads\/2024\/01\/Master-E-Destratifier-factory-ceiling-700x700.jpg 700w, https:\/\/airsystems.ge\/shop\/wp-content\/uploads\/2024\/01\/Master-E-Destratifier-factory-ceiling.jpg 1000w\" sizes=\"auto, (max-width: 430px) 100vw, 430px\" \/>\t\t\t\t<\/a>\r\n\t\t\t<\/div>\r\n\t\t\t\r\n\t\t<div class=\"wrapp-buttons\">\r\n\t\t\t<div class=\"wd-buttons\">\r\n\t\t\t\t<div class=\"wd-add-btn wd-action-btn wd-style-icon wd-add-cart-icon\"><a href=\"\/shop\/fr\/wp-json\/wp\/v2\/product\/14552?add-to-cart=14562\" data-quantity=\"1\" class=\"button product_type_simple add_to_cart_button ajax_add_to_cart add-to-cart-loop\" data-product_id=\"14562\" data-product_sku=\"4150.400\" aria-label=\"Ajouter au panier\u00a0: &ldquo;Master E36202 \u2013 destratifier ventilator ventilation fan&rdquo;\" rel=\"nofollow\" data-success_message=\"\u00ab\u00a0Master E36202 \u2013 destratifier ventilator ventilation fan\u00a0\u00bb a \u00e9t\u00e9 ajout\u00e9 \u00e0 votre panier\"><span>Ajouter au panier<\/span><\/a><\/div>\r\n\t\t\t\t\t\t\t\t\t\t\t\t\t\t\t\t\t\t\t\t\t\t\t<\/div> \r\n\t\t<\/div>\r\n\t<\/div>\r\n\t\t\t\t\t<h3 class=\"wd-entities-title\"><a href=\"https:\/\/airsystems.ge\/shop\/fr\/produit\/master-e36202-destratifiers\/\">Master E36202 \u2013 destratifier ventilator ventilation fan<\/a><\/h3>\t\t\t\t<div class=\"wd-product-cats\">\r\n\t\t\t<a href=\"https:\/\/airsystems.ge\/shop\/fr\/categorie-produit\/climatisation-deshumidificateur-dair-ventilateur-fr-ventilation\/\" rel=\"tag\">DANTHERM GROUP SOLUTIONS DE CLIMATISATION<\/a>, <a href=\"https:\/\/airsystems.ge\/shop\/fr\/categorie-produit\/climatisation-deshumidificateur-dair-ventilateur-fr-ventilation\/ventilateur-ventilation-axiaux-radiaux-souffleur-antideflagrants\/\" rel=\"tag\">Centrales de traitement d&#039;air Ventilateurs axiaux Ventilateurs radiaux Destratificateurs Ventilateurs antid\u00e9flagrants<\/a>, <a href=\"https:\/\/airsystems.ge\/shop\/fr\/categorie-produit\/climatisation-deshumidificateur-dair-ventilateur-fr-ventilation\/ventilateur-ventilation-axiaux-radiaux-souffleur-antideflagrants\/ventilateurs-plafond-destratificateurs\/\" rel=\"tag\">Ventilateurs de plafond d\u00e9stratificateurs<\/a>\t\t<\/div>\r\n\t\t\t\t\t\t\n\t<span class=\"price\"><span class=\"woocommerce-Price-amount amount\"><bdi>964,00&nbsp;<span class=\"woocommerce-Price-currencySymbol\">&#x20be;<\/span><\/bdi><\/span><\/span>\n\r\n\t\t\r\n\t\t\r\n\t\t\t<\/div>\r\n<\/div>\r\n<div class=\"product-grid-item product wd-hover-icons  col-lg-4 col-md-4 col-6 type-product post-14563 status-publish instock product_cat-ventilateur-ventilation-axiaux-radiaux-souffleur-antideflagrants product_cat-climatisation-deshumidificateur-dair-ventilateur-fr-ventilation product_cat-ventilateurs-plafond-destratificateurs has-post-thumbnail shipping-taxable purchasable product-type-simple\" data-loop=\"2\" data-id=\"14563\">\r\n\t\r\n\t<div class=\"product-wrapper\">\r\n\t<div class=\"product-element-top wd-quick-shop\">\r\n\t\t<a href=\"https:\/\/airsystems.ge\/shop\/fr\/produit\/master-e48202-destratifiers\/\" class=\"product-image-link\">\r\n\t\t\t<img loading=\"lazy\" decoding=\"async\" width=\"430\" height=\"430\" src=\"https:\/\/airsystems.ge\/shop\/wp-content\/uploads\/2024\/01\/Master-E36202-430x430.jpg\" class=\"attachment-woocommerce_thumbnail size-woocommerce_thumbnail\" alt=\"\" srcset=\"https:\/\/airsystems.ge\/shop\/wp-content\/uploads\/2024\/01\/Master-E36202-430x430.jpg 430w, https:\/\/airsystems.ge\/shop\/wp-content\/uploads\/2024\/01\/Master-E36202-300x300.jpg 300w, https:\/\/airsystems.ge\/shop\/wp-content\/uploads\/2024\/01\/Master-E36202-800x800.jpg 800w, https:\/\/airsystems.ge\/shop\/wp-content\/uploads\/2024\/01\/Master-E36202-150x150.jpg 150w, https:\/\/airsystems.ge\/shop\/wp-content\/uploads\/2024\/01\/Master-E36202-768x768.jpg 768w, https:\/\/airsystems.ge\/shop\/wp-content\/uploads\/2024\/01\/Master-E36202-860x860.jpg 860w, https:\/\/airsystems.ge\/shop\/wp-content\/uploads\/2024\/01\/Master-E36202-700x700.jpg 700w, https:\/\/airsystems.ge\/shop\/wp-content\/uploads\/2024\/01\/Master-E36202.jpg 1000w\" sizes=\"auto, (max-width: 430px) 100vw, 430px\" \/>\t\t<\/a>\r\n\r\n\t\t\t\t\t<div class=\"hover-img\">\r\n\t\t\t\t<a href=\"https:\/\/airsystems.ge\/shop\/fr\/produit\/master-e48202-destratifiers\/\">\r\n\t\t\t\t\t<img loading=\"lazy\" decoding=\"async\" width=\"430\" height=\"430\" src=\"https:\/\/airsystems.ge\/shop\/wp-content\/uploads\/2024\/01\/Master-E-Destratifier-factory-ceiling-430x430.jpg\" class=\"attachment-woocommerce_thumbnail size-woocommerce_thumbnail\" alt=\"\" srcset=\"https:\/\/airsystems.ge\/shop\/wp-content\/uploads\/2024\/01\/Master-E-Destratifier-factory-ceiling-430x430.jpg 430w, https:\/\/airsystems.ge\/shop\/wp-content\/uploads\/2024\/01\/Master-E-Destratifier-factory-ceiling-300x300.jpg 300w, https:\/\/airsystems.ge\/shop\/wp-content\/uploads\/2024\/01\/Master-E-Destratifier-factory-ceiling-800x800.jpg 800w, https:\/\/airsystems.ge\/shop\/wp-content\/uploads\/2024\/01\/Master-E-Destratifier-factory-ceiling-150x150.jpg 150w, https:\/\/airsystems.ge\/shop\/wp-content\/uploads\/2024\/01\/Master-E-Destratifier-factory-ceiling-768x768.jpg 768w, https:\/\/airsystems.ge\/shop\/wp-content\/uploads\/2024\/01\/Master-E-Destratifier-factory-ceiling-860x860.jpg 860w, https:\/\/airsystems.ge\/shop\/wp-content\/uploads\/2024\/01\/Master-E-Destratifier-factory-ceiling-700x700.jpg 700w, https:\/\/airsystems.ge\/shop\/wp-content\/uploads\/2024\/01\/Master-E-Destratifier-factory-ceiling.jpg 1000w\" sizes=\"auto, (max-width: 430px) 100vw, 430px\" \/>\t\t\t\t<\/a>\r\n\t\t\t<\/div>\r\n\t\t\t\r\n\t\t<div class=\"wrapp-buttons\">\r\n\t\t\t<div class=\"wd-buttons\">\r\n\t\t\t\t<div class=\"wd-add-btn wd-action-btn wd-style-icon wd-add-cart-icon\"><a href=\"\/shop\/fr\/wp-json\/wp\/v2\/product\/14552?add-to-cart=14563\" data-quantity=\"1\" class=\"button product_type_simple add_to_cart_button ajax_add_to_cart add-to-cart-loop\" data-product_id=\"14563\" data-product_sku=\"4150.401\" aria-label=\"Ajouter au panier\u00a0: &ldquo;Master E48202 \u2013 destratifiers ventilator ventilation fan&rdquo;\" rel=\"nofollow\" data-success_message=\"\u00ab\u00a0Master E48202 \u2013 destratifiers ventilator ventilation fan\u00a0\u00bb a \u00e9t\u00e9 ajout\u00e9 \u00e0 votre panier\"><span>Ajouter au panier<\/span><\/a><\/div>\r\n\t\t\t\t\t\t\t\t\t\t\t\t\t\t\t\t\t\t\t\t\t\t\t<\/div> \r\n\t\t<\/div>\r\n\t<\/div>\r\n\t\t\t\t\t<h3 class=\"wd-entities-title\"><a href=\"https:\/\/airsystems.ge\/shop\/fr\/produit\/master-e48202-destratifiers\/\">Master E48202 \u2013 destratifiers ventilator ventilation fan<\/a><\/h3>\t\t\t\t<div class=\"wd-product-cats\">\r\n\t\t\t<a href=\"https:\/\/airsystems.ge\/shop\/fr\/categorie-produit\/climatisation-deshumidificateur-dair-ventilateur-fr-ventilation\/\" rel=\"tag\">DANTHERM GROUP SOLUTIONS DE CLIMATISATION<\/a>, <a href=\"https:\/\/airsystems.ge\/shop\/fr\/categorie-produit\/climatisation-deshumidificateur-dair-ventilateur-fr-ventilation\/ventilateur-ventilation-axiaux-radiaux-souffleur-antideflagrants\/\" rel=\"tag\">Centrales de traitement d&#039;air Ventilateurs axiaux Ventilateurs radiaux Destratificateurs Ventilateurs antid\u00e9flagrants<\/a>, <a href=\"https:\/\/airsystems.ge\/shop\/fr\/categorie-produit\/climatisation-deshumidificateur-dair-ventilateur-fr-ventilation\/ventilateur-ventilation-axiaux-radiaux-souffleur-antideflagrants\/ventilateurs-plafond-destratificateurs\/\" rel=\"tag\">Ventilateurs de plafond d\u00e9stratificateurs<\/a>\t\t<\/div>\r\n\t\t\t\t\t\t\n\t<span class=\"price\"><span class=\"woocommerce-Price-amount amount\"><bdi>1113,00&nbsp;<span class=\"woocommerce-Price-currencySymbol\">&#x20be;<\/span><\/bdi><\/span><\/span>\n\r\n\t\t\r\n\t\t\r\n\t\t\t<\/div>\r\n<\/div>\r\n<div class=\"product-grid-item product wd-hover-icons  col-lg-4 col-md-4 col-6 last  type-product post-14564 status-publish last instock product_cat-ventilateur-ventilation-axiaux-radiaux-souffleur-antideflagrants product_cat-climatisation-deshumidificateur-dair-ventilateur-fr-ventilation product_cat-ventilateurs-plafond-destratificateurs has-post-thumbnail shipping-taxable purchasable product-type-simple\" data-loop=\"3\" data-id=\"14564\">\r\n\t\r\n\t<div class=\"product-wrapper\">\r\n\t<div class=\"product-element-top wd-quick-shop\">\r\n\t\t<a href=\"https:\/\/airsystems.ge\/shop\/fr\/produit\/master-e56002-destratifiers\/\" class=\"product-image-link\">\r\n\t\t\t<img loading=\"lazy\" decoding=\"async\" width=\"430\" height=\"430\" src=\"https:\/\/airsystems.ge\/shop\/wp-content\/uploads\/2024\/01\/Master-E36202-430x430.jpg\" class=\"attachment-woocommerce_thumbnail size-woocommerce_thumbnail\" alt=\"\" srcset=\"https:\/\/airsystems.ge\/shop\/wp-content\/uploads\/2024\/01\/Master-E36202-430x430.jpg 430w, https:\/\/airsystems.ge\/shop\/wp-content\/uploads\/2024\/01\/Master-E36202-300x300.jpg 300w, https:\/\/airsystems.ge\/shop\/wp-content\/uploads\/2024\/01\/Master-E36202-800x800.jpg 800w, https:\/\/airsystems.ge\/shop\/wp-content\/uploads\/2024\/01\/Master-E36202-150x150.jpg 150w, https:\/\/airsystems.ge\/shop\/wp-content\/uploads\/2024\/01\/Master-E36202-768x768.jpg 768w, https:\/\/airsystems.ge\/shop\/wp-content\/uploads\/2024\/01\/Master-E36202-860x860.jpg 860w, https:\/\/airsystems.ge\/shop\/wp-content\/uploads\/2024\/01\/Master-E36202-700x700.jpg 700w, https:\/\/airsystems.ge\/shop\/wp-content\/uploads\/2024\/01\/Master-E36202.jpg 1000w\" sizes=\"auto, (max-width: 430px) 100vw, 430px\" \/>\t\t<\/a>\r\n\r\n\t\t\t\t\t<div class=\"hover-img\">\r\n\t\t\t\t<a href=\"https:\/\/airsystems.ge\/shop\/fr\/produit\/master-e56002-destratifiers\/\">\r\n\t\t\t\t\t<img loading=\"lazy\" decoding=\"async\" width=\"430\" height=\"430\" src=\"https:\/\/airsystems.ge\/shop\/wp-content\/uploads\/2024\/01\/Master-E-Destratifier-factory-ceiling-430x430.jpg\" class=\"attachment-woocommerce_thumbnail size-woocommerce_thumbnail\" alt=\"\" srcset=\"https:\/\/airsystems.ge\/shop\/wp-content\/uploads\/2024\/01\/Master-E-Destratifier-factory-ceiling-430x430.jpg 430w, https:\/\/airsystems.ge\/shop\/wp-content\/uploads\/2024\/01\/Master-E-Destratifier-factory-ceiling-300x300.jpg 300w, https:\/\/airsystems.ge\/shop\/wp-content\/uploads\/2024\/01\/Master-E-Destratifier-factory-ceiling-800x800.jpg 800w, https:\/\/airsystems.ge\/shop\/wp-content\/uploads\/2024\/01\/Master-E-Destratifier-factory-ceiling-150x150.jpg 150w, https:\/\/airsystems.ge\/shop\/wp-content\/uploads\/2024\/01\/Master-E-Destratifier-factory-ceiling-768x768.jpg 768w, https:\/\/airsystems.ge\/shop\/wp-content\/uploads\/2024\/01\/Master-E-Destratifier-factory-ceiling-860x860.jpg 860w, https:\/\/airsystems.ge\/shop\/wp-content\/uploads\/2024\/01\/Master-E-Destratifier-factory-ceiling-700x700.jpg 700w, https:\/\/airsystems.ge\/shop\/wp-content\/uploads\/2024\/01\/Master-E-Destratifier-factory-ceiling.jpg 1000w\" sizes=\"auto, (max-width: 430px) 100vw, 430px\" \/>\t\t\t\t<\/a>\r\n\t\t\t<\/div>\r\n\t\t\t\r\n\t\t<div class=\"wrapp-buttons\">\r\n\t\t\t<div class=\"wd-buttons\">\r\n\t\t\t\t<div class=\"wd-add-btn wd-action-btn wd-style-icon wd-add-cart-icon\"><a href=\"\/shop\/fr\/wp-json\/wp\/v2\/product\/14552?add-to-cart=14564\" data-quantity=\"1\" class=\"button product_type_simple add_to_cart_button ajax_add_to_cart add-to-cart-loop\" data-product_id=\"14564\" data-product_sku=\"4150.402\" aria-label=\"Ajouter au panier\u00a0: &ldquo;Master E56002 \u2013 destratifiers ventilator ventilation fan&rdquo;\" rel=\"nofollow\" data-success_message=\"\u00ab\u00a0Master E56002 \u2013 destratifiers ventilator ventilation fan\u00a0\u00bb a \u00e9t\u00e9 ajout\u00e9 \u00e0 votre panier\"><span>Ajouter au panier<\/span><\/a><\/div>\r\n\t\t\t\t\t\t\t\t\t\t\t\t\t\t\t\t\t\t\t\t\t\t\t<\/div> \r\n\t\t<\/div>\r\n\t<\/div>\r\n\t\t\t\t\t<h3 class=\"wd-entities-title\"><a href=\"https:\/\/airsystems.ge\/shop\/fr\/produit\/master-e56002-destratifiers\/\">Master E56002 \u2013 destratifiers ventilator ventilation fan<\/a><\/h3>\t\t\t\t<div class=\"wd-product-cats\">\r\n\t\t\t<a href=\"https:\/\/airsystems.ge\/shop\/fr\/categorie-produit\/climatisation-deshumidificateur-dair-ventilateur-fr-ventilation\/\" rel=\"tag\">DANTHERM GROUP SOLUTIONS DE CLIMATISATION<\/a>, <a href=\"https:\/\/airsystems.ge\/shop\/fr\/categorie-produit\/climatisation-deshumidificateur-dair-ventilateur-fr-ventilation\/ventilateur-ventilation-axiaux-radiaux-souffleur-antideflagrants\/\" rel=\"tag\">Centrales de traitement d&#039;air Ventilateurs axiaux Ventilateurs radiaux Destratificateurs Ventilateurs antid\u00e9flagrants<\/a>, <a href=\"https:\/\/airsystems.ge\/shop\/fr\/categorie-produit\/climatisation-deshumidificateur-dair-ventilateur-fr-ventilation\/ventilateur-ventilation-axiaux-radiaux-souffleur-antideflagrants\/ventilateurs-plafond-destratificateurs\/\" rel=\"tag\">Ventilateurs de plafond d\u00e9stratificateurs<\/a>\t\t<\/div>\r\n\t\t\t\t\t\t\n\t<span class=\"price\"><span class=\"woocommerce-Price-amount amount\"><bdi>1133,00&nbsp;<span class=\"woocommerce-Price-currencySymbol\">&#x20be;<\/span><\/bdi><\/span><\/span>\n\r\n\t\t\r\n\t\t\r\n\t\t\t<\/div>\r\n<\/div>\r\n<div class=\"product-grid-item product wd-hover-icons  col-lg-4 col-md-4 col-6 first  type-product post-14565 status-publish first instock product_cat-ventilateur-ventilation-axiaux-radiaux-souffleur-antideflagrants product_cat-climatisation-deshumidificateur-dair-ventilateur-fr-ventilation product_cat-ventilateurs-plafond-destratificateurs has-post-thumbnail shipping-taxable purchasable product-type-simple\" data-loop=\"4\" data-id=\"14565\">\r\n\t\r\n\t<div class=\"product-wrapper\">\r\n\t<div class=\"product-element-top wd-quick-shop\">\r\n\t\t<a href=\"https:\/\/airsystems.ge\/shop\/fr\/produit\/master-e60002-destratifiers\/\" class=\"product-image-link\">\r\n\t\t\t<img loading=\"lazy\" decoding=\"async\" width=\"430\" height=\"430\" src=\"https:\/\/airsystems.ge\/shop\/wp-content\/uploads\/2024\/01\/Master-E36202-430x430.jpg\" class=\"attachment-woocommerce_thumbnail size-woocommerce_thumbnail\" alt=\"\" srcset=\"https:\/\/airsystems.ge\/shop\/wp-content\/uploads\/2024\/01\/Master-E36202-430x430.jpg 430w, https:\/\/airsystems.ge\/shop\/wp-content\/uploads\/2024\/01\/Master-E36202-300x300.jpg 300w, https:\/\/airsystems.ge\/shop\/wp-content\/uploads\/2024\/01\/Master-E36202-800x800.jpg 800w, https:\/\/airsystems.ge\/shop\/wp-content\/uploads\/2024\/01\/Master-E36202-150x150.jpg 150w, https:\/\/airsystems.ge\/shop\/wp-content\/uploads\/2024\/01\/Master-E36202-768x768.jpg 768w, https:\/\/airsystems.ge\/shop\/wp-content\/uploads\/2024\/01\/Master-E36202-860x860.jpg 860w, https:\/\/airsystems.ge\/shop\/wp-content\/uploads\/2024\/01\/Master-E36202-700x700.jpg 700w, https:\/\/airsystems.ge\/shop\/wp-content\/uploads\/2024\/01\/Master-E36202.jpg 1000w\" sizes=\"auto, (max-width: 430px) 100vw, 430px\" \/>\t\t<\/a>\r\n\r\n\t\t\t\t\t<div class=\"hover-img\">\r\n\t\t\t\t<a href=\"https:\/\/airsystems.ge\/shop\/fr\/produit\/master-e60002-destratifiers\/\">\r\n\t\t\t\t\t<img loading=\"lazy\" decoding=\"async\" width=\"430\" height=\"430\" src=\"https:\/\/airsystems.ge\/shop\/wp-content\/uploads\/2024\/01\/Master-E-Destratifier-factory-ceiling-430x430.jpg\" class=\"attachment-woocommerce_thumbnail size-woocommerce_thumbnail\" alt=\"\" srcset=\"https:\/\/airsystems.ge\/shop\/wp-content\/uploads\/2024\/01\/Master-E-Destratifier-factory-ceiling-430x430.jpg 430w, https:\/\/airsystems.ge\/shop\/wp-content\/uploads\/2024\/01\/Master-E-Destratifier-factory-ceiling-300x300.jpg 300w, https:\/\/airsystems.ge\/shop\/wp-content\/uploads\/2024\/01\/Master-E-Destratifier-factory-ceiling-800x800.jpg 800w, https:\/\/airsystems.ge\/shop\/wp-content\/uploads\/2024\/01\/Master-E-Destratifier-factory-ceiling-150x150.jpg 150w, https:\/\/airsystems.ge\/shop\/wp-content\/uploads\/2024\/01\/Master-E-Destratifier-factory-ceiling-768x768.jpg 768w, https:\/\/airsystems.ge\/shop\/wp-content\/uploads\/2024\/01\/Master-E-Destratifier-factory-ceiling-860x860.jpg 860w, https:\/\/airsystems.ge\/shop\/wp-content\/uploads\/2024\/01\/Master-E-Destratifier-factory-ceiling-700x700.jpg 700w, https:\/\/airsystems.ge\/shop\/wp-content\/uploads\/2024\/01\/Master-E-Destratifier-factory-ceiling.jpg 1000w\" sizes=\"auto, (max-width: 430px) 100vw, 430px\" \/>\t\t\t\t<\/a>\r\n\t\t\t<\/div>\r\n\t\t\t\r\n\t\t<div class=\"wrapp-buttons\">\r\n\t\t\t<div class=\"wd-buttons\">\r\n\t\t\t\t<div class=\"wd-add-btn wd-action-btn wd-style-icon wd-add-cart-icon\"><a href=\"\/shop\/fr\/wp-json\/wp\/v2\/product\/14552?add-to-cart=14565\" data-quantity=\"1\" class=\"button product_type_simple add_to_cart_button ajax_add_to_cart add-to-cart-loop\" data-product_id=\"14565\" data-product_sku=\"4150.403\" aria-label=\"Ajouter au panier\u00a0: &ldquo;Master E60002 \u2013 destratifiers ventilator ventilation fan&rdquo;\" rel=\"nofollow\" data-success_message=\"\u00ab\u00a0Master E60002 \u2013 destratifiers ventilator ventilation fan\u00a0\u00bb a \u00e9t\u00e9 ajout\u00e9 \u00e0 votre panier\"><span>Ajouter au panier<\/span><\/a><\/div>\r\n\t\t\t\t\t\t\t\t\t\t\t\t\t\t\t\t\t\t\t\t\t\t\t<\/div> \r\n\t\t<\/div>\r\n\t<\/div>\r\n\t\t\t\t\t<h3 class=\"wd-entities-title\"><a href=\"https:\/\/airsystems.ge\/shop\/fr\/produit\/master-e60002-destratifiers\/\">Master E60002 \u2013 destratifiers ventilator ventilation fan<\/a><\/h3>\t\t\t\t<div class=\"wd-product-cats\">\r\n\t\t\t<a href=\"https:\/\/airsystems.ge\/shop\/fr\/categorie-produit\/climatisation-deshumidificateur-dair-ventilateur-fr-ventilation\/\" rel=\"tag\">DANTHERM GROUP SOLUTIONS DE CLIMATISATION<\/a>, <a href=\"https:\/\/airsystems.ge\/shop\/fr\/categorie-produit\/climatisation-deshumidificateur-dair-ventilateur-fr-ventilation\/ventilateur-ventilation-axiaux-radiaux-souffleur-antideflagrants\/\" rel=\"tag\">Centrales de traitement d&#039;air Ventilateurs axiaux Ventilateurs radiaux Destratificateurs Ventilateurs antid\u00e9flagrants<\/a>, <a href=\"https:\/\/airsystems.ge\/shop\/fr\/categorie-produit\/climatisation-deshumidificateur-dair-ventilateur-fr-ventilation\/ventilateur-ventilation-axiaux-radiaux-souffleur-antideflagrants\/ventilateurs-plafond-destratificateurs\/\" rel=\"tag\">Ventilateurs de plafond d\u00e9stratificateurs<\/a>\t\t<\/div>\r\n\t\t\t\t\t\t\n\t<span class=\"price\"><span class=\"woocommerce-Price-amount amount\"><bdi>1248,00&nbsp;<span class=\"woocommerce-Price-currencySymbol\">&#x20be;<\/span><\/bdi><\/span><\/span>\n\r\n\t\t\r\n\t\t\r\n\t\t\t<\/div>\r\n<\/div>\r\n<\/div><\/div>[\/vc_column][\/vc_row]<\/p>\n<\/div>","protected":false},"excerpt":{"rendered":"<div class=\"mt-6 prose\">\n<div class=\"mt-6 prose\">\n<div class=\"mt-6 prose\">\n<div class=\"mt-6 prose\">\n<p>Accessory E36202-48202-56002-60002<\/p>\n<p>Speed regulator for 2 fans RVS 2.5A<\/p>\n<\/div>\n<\/div>\n<\/div>\n<\/div>\n","protected":false},"featured_media":11886,"template":"","meta":[],"product_brand":[],"product_cat":[482],"product_tag":[],"class_list":{"0":"post-14552","1":"product","2":"type-product","3":"status-publish","4":"has-post-thumbnail","6":"product_cat-accessoires-et-consommables-fr","8":"first","9":"instock","10":"shipping-taxable","11":"purchasable","12":"product-type-simple"},"_links":{"self":[{"href":"https:\/\/airsystems.ge\/shop\/fr\/wp-json\/wp\/v2\/product\/14552","targetHints":{"allow":["GET"]}}],"collection":[{"href":"https:\/\/airsystems.ge\/shop\/fr\/wp-json\/wp\/v2\/product"}],"about":[{"href":"https:\/\/airsystems.ge\/shop\/fr\/wp-json\/wp\/v2\/types\/product"}],"wp:featuredmedia":[{"embeddable":true,"href":"https:\/\/airsystems.ge\/shop\/fr\/wp-json\/wp\/v2\/media\/11886"}],"wp:attachment":[{"href":"https:\/\/airsystems.ge\/shop\/fr\/wp-json\/wp\/v2\/media?parent=14552"}],"wp:term":[{"taxonomy":"product_brand","embeddable":true,"href":"https:\/\/airsystems.ge\/shop\/fr\/wp-json\/wp\/v2\/product_brand?post=14552"},{"taxonomy":"product_cat","embeddable":true,"href":"https:\/\/airsystems.ge\/shop\/fr\/wp-json\/wp\/v2\/product_cat?post=14552"},{"taxonomy":"product_tag","embeddable":true,"href":"https:\/\/airsystems.ge\/shop\/fr\/wp-json\/wp\/v2\/product_tag?post=14552"}],"curies":[{"name":"wp","href":"https:\/\/api.w.org\/{rel}","templated":true}]}}