{"id":14346,"date":"2024-02-12T13:52:37","date_gmt":"2024-02-12T09:52:37","guid":{"rendered":"https:\/\/airsystems.ge\/shop\/product\/wireless-thermostat-with-timer-switch-bn35\/"},"modified":"2024-02-12T13:52:37","modified_gmt":"2024-02-12T09:52:37","slug":"wireless-thermostat-with-timer-switch-bn35","status":"publish","type":"product","link":"https:\/\/airsystems.ge\/shop\/fr\/produit\/wireless-thermostat-with-timer-switch-bn35\/","title":{"rendered":"Wireless Thermostat with Timer Switch BN35"},"content":{"rendered":"<div class=\"wpb-content-wrapper\"><p>[vc_row][vc_column]\r\n\t\t<div id=\"wd-65bcf1bc16dd0\" class=\"title-wrapper wd-wpb set-mb-s reset-last-child  wd-rs-65bcf1bc16dd0 wd-title-color-default wd-title-style-default text-center  wd-underline-colored\">\r\n\t\t\t\r\n\t\t\t<div class=\"liner-continer\">\r\n\t\t\t\t<h4 class=\"woodmart-title-container title  wd-font-weight- wd-fontsize-l\" >Accessory for<\/h4>\r\n\t\t\t\t\t\t\t<\/div>\r\n\t\t\t\r\n\t\t\t\r\n\t\t\t\r\n\t\t<\/div>\r\n\t\t\r\n\t\t[\/vc_column][\/vc_row][vc_row css=\u00a0\u00bb.vc_custom_1705962969957{padding-bottom: 20px !important;}\u00a0\u00bb woodmart_css_id=\u00a0\u00bb65aeedd10b2d2&Prime; responsive_spacing=\u00a0\u00bbeyJwYXJhbV90eXBlIjoid29vZG1hcnRfcmVzcG9uc2l2ZV9zcGFjaW5nIiwic2VsZWN0b3JfaWQiOiI2NWFlZWRkMTBiMmQyIiwic2hvcnRjb2RlIjoidmNfcm93IiwiZGF0YSI6eyJ0YWJsZXQiOnt9LCJtb2JpbGUiOnt9fX0=\u00a0\u00bb mobile_bg_img_hidden=\u00a0\u00bbno\u00a0\u00bb tablet_bg_img_hidden=\u00a0\u00bbno\u00a0\u00bb woodmart_parallax=\u00a0\u00bb0&Prime; woodmart_gradient_switch=\u00a0\u00bbno\u00a0\u00bb woodmart_box_shadow=\u00a0\u00bbno\u00a0\u00bb wd_z_index=\u00a0\u00bbno\u00a0\u00bb woodmart_disable_overflow=\u00a0\u00bb0&Prime; row_reverse_mobile=\u00a0\u00bb0&Prime; row_reverse_tablet=\u00a0\u00bb0&Prime;][vc_column]<div class=\"woocommerce columns-4 \">\n<div class=\"products elements-grid wd-products-holder  wd-spacing-20 grid-columns-3 products-bordered-grid pagination-pagination align-items-start row\" data-source=\"main_loop\" data-min_price=\"\" data-max_price=\"\" data-columns=\"3\">\n<div class=\"product-grid-item product wd-hover-icons  col-lg-4 col-md-4 col-6 first  type-product post-14348 status-publish instock product_cat-air-conditioners-without-external-unit-fr product_cat-trotec-fr has-post-thumbnail shipping-taxable purchasable product-type-simple\" data-loop=\"1\" data-id=\"14348\">\r\n\t\r\n\t<div class=\"product-wrapper\">\r\n\t<div class=\"product-element-top wd-quick-shop\">\r\n\t\t<a href=\"https:\/\/airsystems.ge\/shop\/fr\/produit\/pac-w-2650-sh-wall-mounted-air-conditioner\/\" class=\"product-image-link\">\r\n\t\t\t<img loading=\"lazy\" decoding=\"async\" width=\"430\" height=\"430\" src=\"https:\/\/airsystems.ge\/shop\/wp-content\/uploads\/2024\/02\/Wall-air-conditioner-PAC-W-2650-SH-150828-1657618334-430x430.webp\" class=\"attachment-woocommerce_thumbnail size-woocommerce_thumbnail\" alt=\"\" srcset=\"https:\/\/airsystems.ge\/shop\/wp-content\/uploads\/2024\/02\/Wall-air-conditioner-PAC-W-2650-SH-150828-1657618334-430x430.webp 430w, https:\/\/airsystems.ge\/shop\/wp-content\/uploads\/2024\/02\/Wall-air-conditioner-PAC-W-2650-SH-150828-1657618334-300x300.webp 300w, https:\/\/airsystems.ge\/shop\/wp-content\/uploads\/2024\/02\/Wall-air-conditioner-PAC-W-2650-SH-150828-1657618334-800x800.webp 800w, https:\/\/airsystems.ge\/shop\/wp-content\/uploads\/2024\/02\/Wall-air-conditioner-PAC-W-2650-SH-150828-1657618334-150x150.webp 150w, https:\/\/airsystems.ge\/shop\/wp-content\/uploads\/2024\/02\/Wall-air-conditioner-PAC-W-2650-SH-150828-1657618334-768x768.webp 768w, https:\/\/airsystems.ge\/shop\/wp-content\/uploads\/2024\/02\/Wall-air-conditioner-PAC-W-2650-SH-150828-1657618334-860x860.webp 860w, https:\/\/airsystems.ge\/shop\/wp-content\/uploads\/2024\/02\/Wall-air-conditioner-PAC-W-2650-SH-150828-1657618334-700x700.webp 700w, https:\/\/airsystems.ge\/shop\/wp-content\/uploads\/2024\/02\/Wall-air-conditioner-PAC-W-2650-SH-150828-1657618334.webp 1500w\" sizes=\"auto, (max-width: 430px) 100vw, 430px\" \/>\t\t<\/a>\r\n\r\n\t\t\t\t\t<div class=\"hover-img\">\r\n\t\t\t\t<a href=\"https:\/\/airsystems.ge\/shop\/fr\/produit\/pac-w-2650-sh-wall-mounted-air-conditioner\/\">\r\n\t\t\t\t\t<img loading=\"lazy\" decoding=\"async\" width=\"430\" height=\"430\" src=\"https:\/\/airsystems.ge\/shop\/wp-content\/uploads\/2024\/02\/Wall-air-conditioner-PAC-W-2650-SH-150801-1657616543-430x430.webp\" class=\"attachment-woocommerce_thumbnail size-woocommerce_thumbnail\" alt=\"\" srcset=\"https:\/\/airsystems.ge\/shop\/wp-content\/uploads\/2024\/02\/Wall-air-conditioner-PAC-W-2650-SH-150801-1657616543-430x430.webp 430w, https:\/\/airsystems.ge\/shop\/wp-content\/uploads\/2024\/02\/Wall-air-conditioner-PAC-W-2650-SH-150801-1657616543-300x300.webp 300w, https:\/\/airsystems.ge\/shop\/wp-content\/uploads\/2024\/02\/Wall-air-conditioner-PAC-W-2650-SH-150801-1657616543-800x800.webp 800w, https:\/\/airsystems.ge\/shop\/wp-content\/uploads\/2024\/02\/Wall-air-conditioner-PAC-W-2650-SH-150801-1657616543-150x150.webp 150w, https:\/\/airsystems.ge\/shop\/wp-content\/uploads\/2024\/02\/Wall-air-conditioner-PAC-W-2650-SH-150801-1657616543-768x768.webp 768w, https:\/\/airsystems.ge\/shop\/wp-content\/uploads\/2024\/02\/Wall-air-conditioner-PAC-W-2650-SH-150801-1657616543-860x860.webp 860w, https:\/\/airsystems.ge\/shop\/wp-content\/uploads\/2024\/02\/Wall-air-conditioner-PAC-W-2650-SH-150801-1657616543-700x700.webp 700w, https:\/\/airsystems.ge\/shop\/wp-content\/uploads\/2024\/02\/Wall-air-conditioner-PAC-W-2650-SH-150801-1657616543.webp 950w\" sizes=\"auto, (max-width: 430px) 100vw, 430px\" \/>\t\t\t\t<\/a>\r\n\t\t\t<\/div>\r\n\t\t\t\r\n\t\t<div class=\"wrapp-buttons\">\r\n\t\t\t<div class=\"wd-buttons\">\r\n\t\t\t\t<div class=\"wd-add-btn wd-action-btn wd-style-icon wd-add-cart-icon\"><a href=\"\/shop\/fr\/wp-json\/wp\/v2\/product\/14346?add-to-cart=14348\" data-quantity=\"1\" class=\"button product_type_simple add_to_cart_button ajax_add_to_cart add-to-cart-loop\" data-product_id=\"14348\" data-product_sku=\"1,211,000,023\" aria-label=\"Ajouter au panier\u00a0: &ldquo;PAC-W 2650 SH Wall-Mounted Air Conditioner&rdquo;\" rel=\"nofollow\" data-success_message=\"\u00ab\u00a0PAC-W 2650 SH Wall-Mounted Air Conditioner\u00a0\u00bb a \u00e9t\u00e9 ajout\u00e9 \u00e0 votre panier\"><span>Ajouter au panier<\/span><\/a><\/div>\r\n\t\t\t\t\t\t\t\t\t\t\t\t\t\t\t\t\t\t\t\t\t\t\t<\/div> \r\n\t\t<\/div>\r\n\t<\/div>\r\n\t\t\t\t\t<h3 class=\"wd-entities-title\"><a href=\"https:\/\/airsystems.ge\/shop\/fr\/produit\/pac-w-2650-sh-wall-mounted-air-conditioner\/\">PAC-W 2650 SH Wall-Mounted Air Conditioner<\/a><\/h3>\t\t\t\t<div class=\"wd-product-cats\">\r\n\t\t\t<a href=\"https:\/\/airsystems.ge\/shop\/fr\/categorie-produit\/trotec-fr\/refroidissement-par-air-fr\/air-conditioners-without-external-unit-fr\/\" rel=\"tag\">Air Conditioners Without External Unit<\/a>, <a href=\"https:\/\/airsystems.ge\/shop\/fr\/categorie-produit\/trotec-fr\/\" rel=\"tag\">TROTEC<\/a>\t\t<\/div>\r\n\t\t\t\t\t\t\n\t<span class=\"price\"><span class=\"woocommerce-Price-amount amount\"><bdi>8241,00&nbsp;<span class=\"woocommerce-Price-currencySymbol\">&#x20be;<\/span><\/bdi><\/span><\/span>\n\r\n\t\t\r\n\t\t\r\n\t\t\t<\/div>\r\n<\/div>\r\n<div class=\"product-grid-item product wd-hover-icons  col-lg-4 col-md-4 col-6 type-product post-14347 status-publish instock product_cat-air-conditioners-without-external-unit-fr product_cat-trotec-fr has-post-thumbnail shipping-taxable purchasable product-type-simple\" data-loop=\"2\" data-id=\"14347\">\r\n\t\r\n\t<div class=\"product-wrapper\">\r\n\t<div class=\"product-element-top wd-quick-shop\">\r\n\t\t<a href=\"https:\/\/airsystems.ge\/shop\/fr\/produit\/pac%e2%80%91w-2200-s-wall-air-conditioner\/\" class=\"product-image-link\">\r\n\t\t\t<img loading=\"lazy\" decoding=\"async\" width=\"430\" height=\"430\" src=\"https:\/\/airsystems.ge\/shop\/wp-content\/uploads\/2024\/02\/Smart-monobloc-wall-air-conditioner-PAC-W-2200-S-148156-1650356580-430x430.webp\" class=\"attachment-woocommerce_thumbnail size-woocommerce_thumbnail\" alt=\"\" srcset=\"https:\/\/airsystems.ge\/shop\/wp-content\/uploads\/2024\/02\/Smart-monobloc-wall-air-conditioner-PAC-W-2200-S-148156-1650356580-430x430.webp 430w, https:\/\/airsystems.ge\/shop\/wp-content\/uploads\/2024\/02\/Smart-monobloc-wall-air-conditioner-PAC-W-2200-S-148156-1650356580-300x300.webp 300w, https:\/\/airsystems.ge\/shop\/wp-content\/uploads\/2024\/02\/Smart-monobloc-wall-air-conditioner-PAC-W-2200-S-148156-1650356580-800x800.webp 800w, https:\/\/airsystems.ge\/shop\/wp-content\/uploads\/2024\/02\/Smart-monobloc-wall-air-conditioner-PAC-W-2200-S-148156-1650356580-150x150.webp 150w, https:\/\/airsystems.ge\/shop\/wp-content\/uploads\/2024\/02\/Smart-monobloc-wall-air-conditioner-PAC-W-2200-S-148156-1650356580-768x768.webp 768w, https:\/\/airsystems.ge\/shop\/wp-content\/uploads\/2024\/02\/Smart-monobloc-wall-air-conditioner-PAC-W-2200-S-148156-1650356580-860x860.webp 860w, https:\/\/airsystems.ge\/shop\/wp-content\/uploads\/2024\/02\/Smart-monobloc-wall-air-conditioner-PAC-W-2200-S-148156-1650356580-700x700.webp 700w, https:\/\/airsystems.ge\/shop\/wp-content\/uploads\/2024\/02\/Smart-monobloc-wall-air-conditioner-PAC-W-2200-S-148156-1650356580.webp 1500w\" sizes=\"auto, (max-width: 430px) 100vw, 430px\" \/>\t\t<\/a>\r\n\r\n\t\t\t\t\t<div class=\"hover-img\">\r\n\t\t\t\t<a href=\"https:\/\/airsystems.ge\/shop\/fr\/produit\/pac%e2%80%91w-2200-s-wall-air-conditioner\/\">\r\n\t\t\t\t\t<img loading=\"lazy\" decoding=\"async\" width=\"430\" height=\"430\" src=\"https:\/\/airsystems.ge\/shop\/wp-content\/uploads\/2024\/02\/PAC-W-2200-S-Wall-Air-Conditioner-148172-1689066904-430x430.webp\" class=\"attachment-woocommerce_thumbnail size-woocommerce_thumbnail\" alt=\"\" srcset=\"https:\/\/airsystems.ge\/shop\/wp-content\/uploads\/2024\/02\/PAC-W-2200-S-Wall-Air-Conditioner-148172-1689066904-430x430.webp 430w, https:\/\/airsystems.ge\/shop\/wp-content\/uploads\/2024\/02\/PAC-W-2200-S-Wall-Air-Conditioner-148172-1689066904-300x300.webp 300w, https:\/\/airsystems.ge\/shop\/wp-content\/uploads\/2024\/02\/PAC-W-2200-S-Wall-Air-Conditioner-148172-1689066904-800x800.webp 800w, https:\/\/airsystems.ge\/shop\/wp-content\/uploads\/2024\/02\/PAC-W-2200-S-Wall-Air-Conditioner-148172-1689066904-150x150.webp 150w, https:\/\/airsystems.ge\/shop\/wp-content\/uploads\/2024\/02\/PAC-W-2200-S-Wall-Air-Conditioner-148172-1689066904-768x768.webp 768w, https:\/\/airsystems.ge\/shop\/wp-content\/uploads\/2024\/02\/PAC-W-2200-S-Wall-Air-Conditioner-148172-1689066904-860x860.webp 860w, https:\/\/airsystems.ge\/shop\/wp-content\/uploads\/2024\/02\/PAC-W-2200-S-Wall-Air-Conditioner-148172-1689066904-700x700.webp 700w, https:\/\/airsystems.ge\/shop\/wp-content\/uploads\/2024\/02\/PAC-W-2200-S-Wall-Air-Conditioner-148172-1689066904.webp 1500w\" sizes=\"auto, (max-width: 430px) 100vw, 430px\" \/>\t\t\t\t<\/a>\r\n\t\t\t<\/div>\r\n\t\t\t\r\n\t\t<div class=\"wrapp-buttons\">\r\n\t\t\t<div class=\"wd-buttons\">\r\n\t\t\t\t<div class=\"wd-add-btn wd-action-btn wd-style-icon wd-add-cart-icon\"><a href=\"\/shop\/fr\/wp-json\/wp\/v2\/product\/14346?add-to-cart=14347\" data-quantity=\"1\" class=\"button product_type_simple add_to_cart_button ajax_add_to_cart add-to-cart-loop\" data-product_id=\"14347\" data-product_sku=\"1,211,000,010\" aria-label=\"Ajouter au panier\u00a0: &ldquo;PAC\u2011W 2200 S Wall Air Conditioner&rdquo;\" rel=\"nofollow\" data-success_message=\"\u00ab\u00a0PAC\u2011W 2200 S Wall Air Conditioner\u00a0\u00bb a \u00e9t\u00e9 ajout\u00e9 \u00e0 votre panier\"><span>Ajouter au panier<\/span><\/a><\/div>\r\n\t\t\t\t\t\t\t\t\t\t\t\t\t\t\t\t\t\t\t\t\t\t\t<\/div> \r\n\t\t<\/div>\r\n\t<\/div>\r\n\t\t\t\t\t<h3 class=\"wd-entities-title\"><a href=\"https:\/\/airsystems.ge\/shop\/fr\/produit\/pac%e2%80%91w-2200-s-wall-air-conditioner\/\">PAC\u2011W 2200 S Wall Air Conditioner<\/a><\/h3>\t\t\t\t<div class=\"wd-product-cats\">\r\n\t\t\t<a href=\"https:\/\/airsystems.ge\/shop\/fr\/categorie-produit\/trotec-fr\/refroidissement-par-air-fr\/air-conditioners-without-external-unit-fr\/\" rel=\"tag\">Air Conditioners Without External Unit<\/a>, <a href=\"https:\/\/airsystems.ge\/shop\/fr\/categorie-produit\/trotec-fr\/\" rel=\"tag\">TROTEC<\/a>\t\t<\/div>\r\n\t\t\t\t\t\t\n\t<span class=\"price\"><span class=\"woocommerce-Price-amount amount\"><bdi>7378,00&nbsp;<span class=\"woocommerce-Price-currencySymbol\">&#x20be;<\/span><\/bdi><\/span><\/span>\n\r\n\t\t\r\n\t\t\r\n\t\t\t<\/div>\r\n<\/div>\r\n<\/div><\/div>[\/vc_column][\/vc_row]<\/p>\n<\/div>","protected":false},"excerpt":{"rendered":"<p><strong>Suitable for a variety of heating and cooling devices<\/strong><\/p>\n<p>The BN35 is ideal for most heating and cooling appliances. These include infrared heaters, heating plates, fan heaters, PTC ceramic electric heaters, convectors, oil radiators, air conditioners, air coolers or fans. The standard maximum load of up to 3.680 watts is fully supported by the BN35.<\/p>\n","protected":false},"featured_media":13624,"template":"","meta":[],"product_brand":[],"product_cat":[413],"product_tag":[],"class_list":{"0":"post-14346","1":"product","2":"type-product","3":"status-publish","4":"has-post-thumbnail","6":"product_cat-accessoires-et-consommables","8":"first","9":"instock","10":"shipping-taxable","11":"product-type-simple"},"_links":{"self":[{"href":"https:\/\/airsystems.ge\/shop\/fr\/wp-json\/wp\/v2\/product\/14346","targetHints":{"allow":["GET"]}}],"collection":[{"href":"https:\/\/airsystems.ge\/shop\/fr\/wp-json\/wp\/v2\/product"}],"about":[{"href":"https:\/\/airsystems.ge\/shop\/fr\/wp-json\/wp\/v2\/types\/product"}],"wp:featuredmedia":[{"embeddable":true,"href":"https:\/\/airsystems.ge\/shop\/fr\/wp-json\/wp\/v2\/media\/13624"}],"wp:attachment":[{"href":"https:\/\/airsystems.ge\/shop\/fr\/wp-json\/wp\/v2\/media?parent=14346"}],"wp:term":[{"taxonomy":"product_brand","embeddable":true,"href":"https:\/\/airsystems.ge\/shop\/fr\/wp-json\/wp\/v2\/product_brand?post=14346"},{"taxonomy":"product_cat","embeddable":true,"href":"https:\/\/airsystems.ge\/shop\/fr\/wp-json\/wp\/v2\/product_cat?post=14346"},{"taxonomy":"product_tag","embeddable":true,"href":"https:\/\/airsystems.ge\/shop\/fr\/wp-json\/wp\/v2\/product_tag?post=14346"}],"curies":[{"name":"wp","href":"https:\/\/api.w.org\/{rel}","templated":true}]}}