{"id":46503,"date":"2026-05-08T19:56:23","date_gmt":"2026-05-08T15:56:23","guid":{"rendered":"https:\/\/airsystems.ge\/shop\/product\/garden-pump-tgp-1000-e-powerful-1000-w-pump-for-all-watering-applications\/"},"modified":"2026-05-08T20:04:19","modified_gmt":"2026-05-08T16:04:19","slug":"garden-pump-tgp-1000-e-powerful-1000-w-pump-for-all-watering-applications","status":"publish","type":"product","link":"https:\/\/airsystems.ge\/shop\/az\/product\/garden-pump-tgp-1000-e-powerful-1000-w-pump-for-all-watering-applications\/","title":{"rendered":"Ba\u011f nasosu TGP 1000 E B\u00fct\u00fcn suvarma t\u0259tbiql\u0259ri \u00fc\u00e7\u00fcn g\u00fccl\u00fc 1000 Vt nasos!"},"content":{"rendered":"<h2 class=\"text-heading-xs md:text-heading-2xl text-gray-90 font-bold mb-4 md:mb-8\">M\u0259hsulun t\u0259sviri:<\/h2>\n<p>Suvarma \u00fc\u00e7\u00fcn ya\u011f\u0131\u015f \u00e7\u0259ll\u0259yind\u0259n, sisternadan, ba\u011f g\u00f6lm\u0259\u00e7\u0259sind\u0259n v\u0259 ya dayaz quyudan su istifad\u0259 etm\u0259k ist\u0259y\u0259n h\u0259r k\u0259sin tam avtomatik m\u0259i\u015f\u0259t su sistemin\u0259 deyil, tez bir zamanda qura\u015fd\u0131r\u0131la, i\u015f\u0259 sal\u0131na v\u0259 yenid\u0259n g\u00f6t\u00fcr\u00fcl\u0259 bil\u0259n etibarl\u0131 bir nasosa ehtiyac\u0131 var. TROTEC TGP 1000 E ba\u011f nasosu m\u0259hz bunun \u00fc\u00e7\u00fcn haz\u0131rlanm\u0131\u015fd\u0131r. Kompakt, y\u00fcng\u00fcl v\u0259 m\u00f6hk\u0259m, tez bir zamanda yerini d\u0259yi\u015fm\u0259k \u00fc\u00e7\u00fcn inteqrasiya olunmu\u015f da\u015f\u0131ma d\u0259st\u0259yin\u0259 malikdir. A\u00e7ma\/s\u00f6nd\u00fcrm\u0259 a\u00e7ar\u0131 vasit\u0259sil\u0259 \u0259l il\u0259 idar\u0259 olunan, su laz\u0131m oldu\u011fu q\u0259d\u0259r i\u015fl\u0259yir v\u0259 a\u00e7ar a\u00e7\u0131lan kimi dayan\u0131r.<\/p>\n<p>1000 vatt m\u00fch\u0259rrik g\u00fcc\u00fc il\u0259 TGP 1000 E saatda 3300 litr\u0259 q\u0259d\u0259r xidm\u0259t suyu verir &#8211; bu, \u00e7il\u0259yici sisteml\u0259r, suvarma sisteml\u0259ri, ba\u011f \u015flanqlar\u0131 v\u0259 y\u00fcks\u0259k t\u0259zyiqli t\u0259mizl\u0259yicil\u0259r \u00fc\u00e7\u00fcn kifay\u0259tdir. 42 metrlik \u00e7atd\u0131r\u0131lma ba\u015fl\u0131\u011f\u0131 h\u0259m\u00e7inin daha uzaq ba\u011f sah\u0259l\u0259rinin t\u0259chizat\u0131n\u0131 v\u0259 ya daha uzun m\u0259saf\u0259l\u0259r\u0259 nasosla i\u015fl\u0259m\u0259sini t\u0259min edir. 7 metr\u0259 q\u0259d\u0259r emi\u015f h\u00fcnd\u00fcrl\u00fcy\u00fc dayaz quyular\u0131, sisternalar\u0131 v\u0259 ya\u011f\u0131\u015f \u00e7\u0259ll\u0259kl\u0259rini etibarl\u0131 \u015f\u0259kild\u0259 \u0259hat\u0259 edir. H\u0259m emi\u015f, h\u0259m d\u0259 t\u0259zyiq t\u0259r\u0259fl\u0259rind\u0259 m\u00f6hk\u0259m metal olan 1 d\u00fcyml\u00fck yivli birl\u0259\u015fm\u0259 b\u00fct\u00fcn standart ba\u011f \u015flanqlar\u0131 v\u0259 suvarma sisteml\u0259ri il\u0259 uy\u011fundur. \u00d6l\u00e7\u00fcs\u00fc 2 mm-\u0259 q\u0259d\u0259r olan as\u0131lm\u0131\u015f hiss\u0259cikl\u0259r asanl\u0131qla ke\u00e7ir.<\/p>\n<p>Texniki xidm\u0259t t\u0259l\u0259b etm\u0259y\u0259n al\u00fcminium m\u00fch\u0259rriki, y\u00fcks\u0259k keyfiyy\u0259tli mexaniki m\u00f6h\u00fcr\u00fc v\u0259 inteqrasiya olunmu\u015f istilik m\u00fchafiz\u0259si d\u00f6vr\u0259si il\u0259 z\u0259rb\u0259y\u0259 davaml\u0131 plastikd\u0259n haz\u0131rlanm\u0131\u015f nasos korpusu davaml\u0131 i\u015fl\u0259m\u0259k \u00fc\u00e7\u00fcn n\u0259z\u0259rd\u0259 tutulmu\u015fdur. IPX4 qoruma n\u00f6v\u00fc nasosu h\u0259r t\u0259r\u0259fd\u0259n g\u0259l\u0259n su s\u0131\u00e7ramalar\u0131ndan qoruyur; elektrik \u015ftepselinin \u00f6z\u00fc d\u0259 IP44 standart\u0131na uy\u011fun olaraq s\u0131\u00e7ramaya davaml\u0131d\u0131r. Q\u0131\u015f saxlama \u00fc\u00e7\u00fcn korpus, al\u0259tl\u0259r olmadan, s\u00f6k\u00fclm\u0259d\u0259n su drenaj t\u0131xac\u0131 vasit\u0259sil\u0259 tamamil\u0259 bo\u015fald\u0131la bil\u0259r.<\/p>\n","protected":false},"excerpt":{"rendered":"<ul class=\"text-greyscale-60 text-sml sm:text-2sml my-6 flex flex-row space-x-4\">\n<li class=\"w-1\/3\">\n<div class=\"font-bold\">\n<p>3300 l\/saat<br \/>\n\u00c7atd\u0131r\u0131lma s\u00fcr\u0259ti:<\/p>\n<p>1000 Vt<br \/>\nEnerji istehlak\u0131:<br \/>\n42 m<br \/>\n\u00c7atd\u0131r\u0131lma ba\u015fl\u0131\u011f\u0131:<\/p>\n<p>Al\u00fcminium dolama m\u00fch\u0259rriki say\u0259sind\u0259 z\u0259rb\u0259y\u0259 davaml\u0131 plastikd\u0259n haz\u0131rlanm\u0131\u015f nasos korpusu, y\u00fcks\u0259k korroziyaya davaml\u0131l\u0131q<br \/>\nSuyun \u00e7\u0259kilm\u0259si, \u00f6t\u00fcr\u00fclm\u0259si v\u0259 nasoslanmas\u0131 \u00fc\u00e7\u00fcn uy\u011fundur, m\u0259s\u0259l\u0259n, ya\u011f\u0131\u015f \u00e7\u0259ll\u0259kl\u0259ri, sisternalar v\u0259 ba\u011f g\u00f6lm\u0259\u00e7\u0259l\u0259ri<br \/>\nBa\u011f sisteminin \u0259l il\u0259 ba\u011flanana q\u0259d\u0259r davaml\u0131 i\u015fl\u0259m\u0259si \u00fc\u00e7\u00fcn s\u0259ysiz suvar\u0131lmas\u0131<br \/>\n\u015eaxta riskind\u0259n qorunma &#8211; su drenaj t\u0131xac\u0131 say\u0259sind\u0259 qal\u0131q su rahatl\u0131qla bo\u015fald\u0131la bil\u0259r<br \/>\nH\u0259m sorucu, h\u0259m d\u0259 t\u0259zyiq t\u0259r\u0259fl\u0259rind\u0259 m\u00f6hk\u0259m metal yivl\u0259r<\/p>\n<\/div>\n<\/li>\n<\/ul>\n","protected":false},"featured_media":46504,"template":"","meta":[],"product_brand":[],"product_cat":[2047,2041],"product_tag":[],"class_list":{"0":"post-46503","1":"product","2":"type-product","3":"status-publish","4":"has-post-thumbnail","6":"product_cat-bag-nasoslari","7":"product_cat-nasoslar","9":"first","10":"instock","11":"shipping-taxable","12":"product-type-simple"},"_links":{"self":[{"href":"https:\/\/airsystems.ge\/shop\/az\/wp-json\/wp\/v2\/product\/46503","targetHints":{"allow":["GET"]}}],"collection":[{"href":"https:\/\/airsystems.ge\/shop\/az\/wp-json\/wp\/v2\/product"}],"about":[{"href":"https:\/\/airsystems.ge\/shop\/az\/wp-json\/wp\/v2\/types\/product"}],"wp:featuredmedia":[{"embeddable":true,"href":"https:\/\/airsystems.ge\/shop\/az\/wp-json\/wp\/v2\/media\/46504"}],"wp:attachment":[{"href":"https:\/\/airsystems.ge\/shop\/az\/wp-json\/wp\/v2\/media?parent=46503"}],"wp:term":[{"taxonomy":"product_brand","embeddable":true,"href":"https:\/\/airsystems.ge\/shop\/az\/wp-json\/wp\/v2\/product_brand?post=46503"},{"taxonomy":"product_cat","embeddable":true,"href":"https:\/\/airsystems.ge\/shop\/az\/wp-json\/wp\/v2\/product_cat?post=46503"},{"taxonomy":"product_tag","embeddable":true,"href":"https:\/\/airsystems.ge\/shop\/az\/wp-json\/wp\/v2\/product_tag?post=46503"}],"curies":[{"name":"wp","href":"https:\/\/api.w.org\/{rel}","templated":true}]}}