{"id":46386,"date":"2026-04-25T22:14:19","date_gmt":"2026-04-25T18:14:19","guid":{"rendered":"https:\/\/airsystems.ge\/shop\/product\/bc25-thermohygrometer-climate-measurements-including-heat-index-and-apparent-temperature\/"},"modified":"2026-04-25T22:23:27","modified_gmt":"2026-04-25T18:23:27","slug":"bc25-thermohygrometer-climate-measurements-including-heat-index-and-apparent-temperature","status":"publish","type":"product","link":"https:\/\/airsystems.ge\/shop\/az\/product\/bc25-thermohygrometer-climate-measurements-including-heat-index-and-apparent-temperature\/","title":{"rendered":"BC25 termohiqrometri &#8220;\u0130stilik indeksi&#8221; v\u0259 &#8220;g\u00f6r\u00fcn\u0259n temperatur&#8221; daxil olmaqla iqlim \u00f6l\u00e7m\u0259l\u0259ri"},"content":{"rendered":"<h2 class=\"\">Bir ne\u00e7\u0259 praktik fayda:<\/h2>\n<ul class=\"list-grid grid-md-2 csc-default csc-bulletlist-1-a\">\n<li class=\"column\">\u0130qlim parametrl\u0259rinin \u00b0C\/\u00b0F, %RH, \u015feh n\u00f6qt\u0259si, ya\u015f lampa temperaturu, istilik indeksi (HI), g\u00f6r\u00fcn\u0259n temperatur (WBGT) t\u0259yini<br \/>\n\u0130stilik indeksi (HI) v\u0259 g\u00f6r\u00fcn\u0259n temperatur (WBGT) \u00fc\u00e7\u00fcn siqnalizasiya funksiyas\u0131<br \/>\nB\u00f6y\u00fck v\u0259 asan oxuna bil\u0259n LCD displey<br \/>\nAvtomatik s\u00f6nd\u00fcrm\u0259<br \/>\nMaksimum\/Min\/AVG funksiyas\u0131<br \/>\nH\u0259ll etm\u0259 funksiyas\u0131<br \/>\nOptimal d\u0259y\u0259r-pul nisb\u0259ti<\/li>\n<\/ul>\n<div class=\"table-overflow-wrapper\">\n<table class=\"tech main-data\" cellspacing=\"0\" cellpadding=\"0\">\n<tbody>\n<tr class=\"headerrow\">\n<th colspan=\"2\">Product identification<\/th>\n<\/tr>\n<tr class=\"even\">\n<th>SKU<\/th>\n<td>3510205008<\/td>\n<\/tr>\n<tr class=\"headerrow\">\n<th colspan=\"2\">Master Data<\/th>\n<\/tr>\n<tr class=\"odd\">\n<th>Length without packaging [mm]<\/th>\n<td>142\u00a0mm<\/td>\n<\/tr>\n<tr class=\"even\">\n<th>Length with packaging [mm]<\/th>\n<td>170\u00a0mm<\/td>\n<\/tr>\n<tr class=\"odd\">\n<th>Width without packaging [mm]<\/th>\n<td>20\u00a0mm<\/td>\n<\/tr>\n<tr class=\"even\">\n<th>Width with packaging [mm]<\/th>\n<td>37\u00a0mm<\/td>\n<\/tr>\n<tr class=\"odd\">\n<th>Height without packaging [mm]<\/th>\n<td>36\u00a0mm<\/td>\n<\/tr>\n<tr class=\"even\">\n<th>Height with packaging [mm]<\/th>\n<td>64\u00a0mm<\/td>\n<\/tr>\n<tr class=\"odd\">\n<th>Weight including packaging [kg]<\/th>\n<td>0.1\u00a0kg<\/td>\n<\/tr>\n<tr class=\"headerrow\">\n<th colspan=\"2\">Technical data<\/th>\n<\/tr>\n<tr class=\"even\">\n<th>Display<\/th>\n<td>LCD_monochrome<\/td>\n<\/tr>\n<\/tbody>\n<\/table>\n<\/div>\n<div class=\"table-overflow-wrapper\">\n<table class=\"tech multi-select-data\" cellspacing=\"0\" cellpadding=\"0\">\n<thead>\n<tr class=\"headerrow\">\n<th>Functions and features<\/th>\n<\/tr>\n<\/thead>\n<tbody>\n<tr>\n<th>Alarm function for and apparent temperature (WBGT)<\/th>\n<\/tr>\n<tr>\n<th>Alarm function for heat index (HI)<\/th>\n<\/tr>\n<tr>\n<th>Apparent temperature (WBGT)<\/th>\n<\/tr>\n<tr>\n<th>Automatic switch-off<\/th>\n<\/tr>\n<tr>\n<th>Average value display<\/th>\n<\/tr>\n<tr>\n<th>Heat index (HI)<\/th>\n<\/tr>\n<tr>\n<th>Maximum value display<\/th>\n<\/tr>\n<tr>\n<th>Measured value hold function<\/th>\n<\/tr>\n<tr>\n<th>Minimum value display<\/th>\n<\/tr>\n<tr>\n<th>Switching function \u00b0C\/\u00b0F<\/th>\n<\/tr>\n<tr>\n<th>Wet-bulb temperature<\/th>\n<\/tr>\n<\/tbody>\n<\/table>\n<\/div>\n<div class=\"table-overflow-wrapper\">\n<table class=\"tech multi-select-data\" cellspacing=\"0\" cellpadding=\"0\">\n<thead>\n<tr class=\"headerrow\">\n<th>Device control<\/th>\n<\/tr>\n<\/thead>\n<tbody>\n<tr>\n<th>Push buttons<\/th>\n<\/tr>\n<\/tbody>\n<\/table>\n<\/div>\n<div class=\"table-overflow-wrapper\">\n<table class=\"tech multi-select-data\" cellspacing=\"0\" cellpadding=\"0\">\n<thead>\n<tr class=\"headerrow\">\n<th>Power supply<\/th>\n<\/tr>\n<\/thead>\n<tbody>\n<tr>\n<th>1_x_3V_CR2032<\/th>\n<\/tr>\n<\/tbody>\n<\/table>\n<\/div>\n<div class=\"table-overflow-wrapper\">\n<table class=\"tech multi-select-data\" cellspacing=\"0\" cellpadding=\"0\">\n<thead>\n<tr class=\"headerrow\">\n<th>Housing design<\/th>\n<\/tr>\n<\/thead>\n<tbody>\n<tr>\n<th>Plastics<\/th>\n<\/tr>\n<\/tbody>\n<\/table>\n<\/div>\n<div class=\"table-overflow-wrapper\">\n<table class=\"tech table-data\" cellspacing=\"0\" cellpadding=\"0\">\n<thead>\n<tr class=\"headerrow\">\n<th colspan=\"5\">measurement_specifications<\/th>\n<\/tr>\n<tr>\n<th>Measured parameter<\/th>\n<th>Measuring range<\/th>\n<th>Resolution<\/th>\n<th>Accuracy<\/th>\n<\/tr>\n<\/thead>\n<tbody>\n<tr>\n<td>Air temperature [\u00b0C]<\/td>\n<td>-20\u00a0\u00b0C &#8211; 50\u00a0\u00b0C<\/td>\n<td>0,1\u00a0\u00b0C<\/td>\n<td>\u00b1 0,6\u00a0\u00b0C<\/td>\n<\/tr>\n<tr>\n<td>Air temperature [\u00b0F]<\/td>\n<td>-4 \u00b0F &#8211; 122 \u00b0F<\/td>\n<td>0,1 \u00b0F<\/td>\n<td><\/td>\n<\/tr>\n<tr>\n<td>Relative humidity<\/td>\n<td>0\u00a0% &#8211; 99,9\u00a0%<\/td>\n<td>0,1\u00a0%<\/td>\n<td>\u00b13\u00a0% r.F. (bei 10\u00a0% r.F. &#8211; 90\u00a0% r.F.)<br \/>\n\u00b15\u00a0% r.F. (bei 0\u00a0% r.F. -10\u00a0% r.F.)<br \/>\n\u00b15\u00a0% r.F. (bei 90\u00a0% r.F. &#8211; 99,9\u00a0% r.F.)<\/td>\n<\/tr>\n<\/tbody>\n<\/table>\n<h2><a href=\"https:\/\/uk.trotec.com\/fileadmin\/downloads\/Messgeraete\/Klima\/BC25\/TRT-CE-BC25-HS-001-EN.pdf\" target=\"_blank\" rel=\"noopener\">Declaration of conformity for BC25 thermohygrometer (INT)<\/a><\/h2>\n<p class=\"bodytext\">TRT-CE-BC25-HS-001-EN.pdf\u00a0(109 KB)<\/p>\n<p class=\"bodytext\"><a class=\"buy buy-left\" href=\"https:\/\/uk.trotec.com\/fileadmin\/downloads\/Messgeraete\/Klima\/BC25\/TRT-CE-BC25-HS-001-EN.pdf\" target=\"_blank\" rel=\"noopener\">Download<\/a><\/p>\n<h2><a href=\"https:\/\/uk.trotec.com\/fileadmin\/downloads\/Messgeraete\/Klima\/BC25\/TRT-KA-BC25-TC-003-INT.pdf\" target=\"_blank\" rel=\"noopener\">Operating manual for BC25 thermohygrometer (INT)<\/a><\/h2>\n<p class=\"bodytext\">TRT-KA-BC25-TC-003-INT.pdf\u00a0(287 KB)<\/p>\n<p class=\"bodytext\"><a class=\"buy buy-left\" href=\"https:\/\/uk.trotec.com\/fileadmin\/downloads\/Messgeraete\/Klima\/BC25\/TRT-KA-BC25-TC-003-INT.pdf\" target=\"_blank\" rel=\"noopener\">Download<\/a><\/p>\n<h2><a href=\"https:\/\/uk.trotec.com\/fileadmin\/downloads\/Messgeraete\/Klima\/BC25\/TRT-BA-BC25-TC-003-EN.pdf\" target=\"_blank\" rel=\"noopener\">Operating manual for BC25 thermohygrometer (EN)<\/a><\/h2>\n<p class=\"bodytext\">TRT-BA-BC25-TC-003-EN.pdf\u00a0(679 KB)<\/p>\n<p class=\"bodytext\"><a class=\"buy buy-left\" href=\"https:\/\/uk.trotec.com\/fileadmin\/downloads\/Messgeraete\/Klima\/BC25\/TRT-BA-BC25-TC-003-EN.pdf\" target=\"_blank\" rel=\"noopener\">Downloa<\/a><\/p>\n<\/div>\n","protected":false},"excerpt":{"rendered":"<div id=\"c2579960\" class=\"csc-default ctype-textpic\">\n<div class=\"csc-header csc-header-n1\">\n<h2 class=\"csc-firstHeader\">Cib format\u0131nda d\u0259qiq iqlim \u00f6l\u00e7\u0259n cihaz<\/h2>\n<\/div>\n<div class=\"csc-textpic-text clearfix\">\n<p>BC25, y\u00fcks\u0259k temperaturdan v\u0259 y\u00fcks\u0259k r\u00fctub\u0259t s\u0259viyy\u0259l\u0259rind\u0259n qaynaqlanan fiziki stressin \u00f6l\u00e7\u00fcs\u00fcn\u00fc etibarl\u0131 \u015f\u0259kild\u0259 t\u0259yin etm\u0259k \u00fc\u00e7\u00fcn h\u0259m t\u0259sirli, h\u0259m d\u0259 \u0259lveri\u015fli bir cihazd\u0131r. \u00c7\u00fcnki y\u00fcks\u0259k r\u00fctub\u0259t s\u0259viyy\u0259si t\u0259rin buxarlanmas\u0131 il\u0259 b\u0259d\u0259nin istilik t\u0259nziml\u0259nm\u0259sin\u0259 t\u0259sir g\u00f6st\u0259rir. Bu \u015f\u0259kild\u0259, subyektiv rifah \u0259h\u0259miyy\u0259tli d\u0259r\u0259c\u0259d\u0259 pozulur v\u0259 istilik vurmas\u0131 riski obyektiv olaraq art\u0131r, x\u00fcsus\u0259n d\u0259 idman\u00e7\u0131lar, el\u0259c\u0259 d\u0259 x\u0259st\u0259 v\u0259 ya\u015fl\u0131 insanlar \u00fc\u00e7\u00fcn.<\/p>\n<p>H\u0259ssas sensor sistemi il\u0259 BC25 yaln\u0131z hava temperaturu, nisbi r\u00fctub\u0259t, \u015feh n\u00f6qt\u0259si v\u0259 ya\u015f lampa temperaturu kimi \u00fcmumi iqlim parametrl\u0259rini deyil, h\u0259m d\u0259 &#8220;istilik indeksi&#8221;ni (HI) v\u0259 &#8220;g\u00f6r\u00fcn\u0259n temperatur&#8221;u (WBGT indeksi) m\u00fc\u0259yy\u0259n edir. H\u0259m istilik indeksi, h\u0259m d\u0259 s\u00f6zd\u0259 ya\u015f lampa k\u00fcr\u0259sinin temperaturu \u00f6l\u00e7\u00fclm\u00fc\u015f hava temperaturuna v\u0259 x\u00fcsus\u0259n d\u0259 nisbi r\u00fctub\u0259t\u0259 v\u0259 istilik \u015f\u00fcalanmas\u0131 kimi dig\u0259r parametrl\u0259r\u0259 \u0259saslanaraq g\u00f6r\u00fcn\u0259n temperatur haqq\u0131nda m\u0259lumat verir.<\/p>\n<p>BC25-in istilik indeksi v\u0259 g\u00f6r\u00fcn\u0259n temperatur \u00fc\u00e7\u00fcn siqnalizasiya funksiyalar\u0131 say\u0259sind\u0259 istilik z\u0259d\u0259l\u0259nm\u0259sinin qar\u015f\u0131s\u0131n\u0131 almaq v\u0259 y\u00fcks\u0259k temperaturda g\u0259rginliy\u0259 davaml\u0131l\u0131q h\u0259dl\u0259rini t\u0259yin etm\u0259k m\u00fcmk\u00fcnd\u00fcr. B\u00f6y\u00fck v\u0259 asanl\u0131qla oxuna bil\u0259n LCD displey, el\u0259c\u0259 d\u0259 avtomatik s\u00f6nd\u00fcrm\u0259, minimum v\u0259 maksimum d\u0259y\u0259r, AVG v\u0259 HOLD funksiyalar\u0131 bu innovativ \u00f6l\u00e7m\u0259 cihaz\u0131n\u0131n x\u00fcsusiyy\u0259tl\u0259rini tamamlay\u0131r.<\/p>\n<\/div>\n<\/div>\n","protected":false},"featured_media":46387,"template":"","meta":[],"product_brand":[],"product_cat":[980,1166,2032,820,827],"product_tag":[],"class_list":{"0":"post-46386","1":"product","2":"type-product","3":"status-publish","4":"has-post-thumbnail","6":"product_cat-iqlim-olcn-termometr-higrometri-az","7":"product_cat-measurement-technology-az","8":"product_cat-olcm-cihazlari","9":"product_cat-olcm-texnologiyasi-cihazlari-altlri-az","10":"product_cat-rutubt-rutubt-olcm-az","12":"first","13":"instock","14":"shipping-taxable","15":"purchasable","16":"product-type-simple"},"_links":{"self":[{"href":"https:\/\/airsystems.ge\/shop\/az\/wp-json\/wp\/v2\/product\/46386","targetHints":{"allow":["GET"]}}],"collection":[{"href":"https:\/\/airsystems.ge\/shop\/az\/wp-json\/wp\/v2\/product"}],"about":[{"href":"https:\/\/airsystems.ge\/shop\/az\/wp-json\/wp\/v2\/types\/product"}],"wp:featuredmedia":[{"embeddable":true,"href":"https:\/\/airsystems.ge\/shop\/az\/wp-json\/wp\/v2\/media\/46387"}],"wp:attachment":[{"href":"https:\/\/airsystems.ge\/shop\/az\/wp-json\/wp\/v2\/media?parent=46386"}],"wp:term":[{"taxonomy":"product_brand","embeddable":true,"href":"https:\/\/airsystems.ge\/shop\/az\/wp-json\/wp\/v2\/product_brand?post=46386"},{"taxonomy":"product_cat","embeddable":true,"href":"https:\/\/airsystems.ge\/shop\/az\/wp-json\/wp\/v2\/product_cat?post=46386"},{"taxonomy":"product_tag","embeddable":true,"href":"https:\/\/airsystems.ge\/shop\/az\/wp-json\/wp\/v2\/product_tag?post=46386"}],"curies":[{"name":"wp","href":"https:\/\/api.w.org\/{rel}","templated":true}]}}