{"id":46183,"date":"2026-04-25T21:08:26","date_gmt":"2026-04-25T17:08:26","guid":{"rendered":"https:\/\/airsystems.ge\/shop\/product\/bm40-moisture-measuring-device-non-destructive-measurement-of-wood-and-building-moisture\/"},"modified":"2026-04-25T21:22:23","modified_gmt":"2026-04-25T17:22:23","slug":"bm40-moisture-measuring-device-non-destructive-measurement-of-wood-and-building-moisture","status":"publish","type":"product","link":"https:\/\/airsystems.ge\/shop\/az\/product\/bm40-moisture-measuring-device-non-destructive-measurement-of-wood-and-building-moisture\/","title":{"rendered":"BM40 n\u0259m \u00f6l\u00e7m\u0259 cihaz\u0131 Taxta v\u0259 bina n\u0259mliyinin da\u011f\u0131d\u0131c\u0131 olmayan \u00f6l\u00e7\u00fclm\u0259si"},"content":{"rendered":"<h2 class=\"\">Bir ne\u00e7\u0259 praktik fayda<\/h2>\n<ul class=\"list-grid grid-md-2 csc-default csc-bulletlist-1-a\">\n<li class=\"column\">\u0130nki\u015faf, dizayn, istehsal: 100% Trotec<br \/>\nMineral tikinti materiallar\u0131nda v\u0259 a\u011facda s\u00fcr\u0259tli v\u0259 da\u011f\u0131d\u0131c\u0131 olmayan n\u0259mlik \u00f6l\u00e7m\u0259<br \/>\n\u018fn vacib a\u011fac v\u0259 tikinti materiallar\u0131 n\u00f6vl\u0259ri \u00fc\u00e7\u00fcn 10 se\u00e7il\u0259 bil\u0259n material \u0259yrisi<br \/>\n\u018ftraf m\u00fchit temperaturunun \u00f6l\u00e7\u00fclm\u0259si daxil olmaqla<br \/>\nBir d\u00fcym\u0259 il\u0259 sad\u0259 idar\u0259etm\u0259<br \/>\n\u00d6l\u00e7\u00fclm\u00fc\u015f d\u0259y\u0259rl\u0259rin birba\u015fa % il\u0259 g\u00f6st\u0259rilm\u0259si<br \/>\nBatareya s\u0259viyy\u0259sinin g\u00f6st\u0259rilm\u0259si<br \/>\nAvtomatik s\u00f6nd\u00fcrm\u0259<br \/>\nT\u0259cr\u00fcb\u0259y\u0259 uy\u011funla\u015fd\u0131r\u0131lm\u0131\u015f Alman s\u0259naye dizayn\u0131 \u2013 qorunan dizayn patenti<\/li>\n<\/ul>\n<div class=\"table-overflow-wrapper\">\n<table class=\"tech main-data\" cellspacing=\"0\" cellpadding=\"0\">\n<tbody>\n<tr class=\"headerrow\">\n<th colspan=\"2\">Product identification<\/th>\n<\/tr>\n<tr class=\"even\">\n<th>SKU<\/th>\n<td>3510205035<\/td>\n<\/tr>\n<tr class=\"headerrow\">\n<th colspan=\"2\">Master Data<\/th>\n<\/tr>\n<tr class=\"odd\">\n<th>Length without packaging [mm]<\/th>\n<td>168\u00a0mm<\/td>\n<\/tr>\n<tr class=\"even\">\n<th>Length with packaging [mm]<\/th>\n<td>180\u00a0mm<\/td>\n<\/tr>\n<tr class=\"odd\">\n<th>Width without packaging [mm]<\/th>\n<td>35\u00a0mm<\/td>\n<\/tr>\n<tr class=\"even\">\n<th>Width with packaging [mm]<\/th>\n<td>40\u00a0mm<\/td>\n<\/tr>\n<tr class=\"odd\">\n<th>Height without packaging [mm]<\/th>\n<td>75\u00a0mm<\/td>\n<\/tr>\n<tr class=\"even\">\n<th>Height with packaging [mm]<\/th>\n<td>80\u00a0mm<\/td>\n<\/tr>\n<tr class=\"odd\">\n<th>Weight without packaging [kg]<\/th>\n<td>0.22 kg<\/td>\n<\/tr>\n<tr class=\"even\">\n<th>Weight including packaging [kg]<\/th>\n<td>1\u00a0kg<\/td>\n<\/tr>\n<tr class=\"headerrow\">\n<th colspan=\"2\">Other dimensions<\/th>\n<\/tr>\n<tr class=\"odd\">\n<th>Electrode length [approx. mm]<\/th>\n<td>40<\/td>\n<\/tr>\n<tr class=\"headerrow\">\n<th colspan=\"2\">Technical data<\/th>\n<\/tr>\n<tr class=\"even\">\n<th>Display<\/th>\n<td>LCD_monochrome<\/td>\n<\/tr>\n<tr class=\"odd\">\n<th>Material moisture<\/th>\n<td>0,5 s<\/td>\n<\/tr>\n<tr class=\"even\">\n<th>Penetration depth [mm] max. (non-destructive)<\/th>\n<td>0<\/td>\n<\/tr>\n<tr class=\"odd\">\n<th>Penetration depth [mm] min. (non-destructive)<\/th>\n<td>50<\/td>\n<\/tr>\n<tr class=\"headerrow\">\n<th colspan=\"2\">Conditions during operation, storage, and in the working environment<\/th>\n<\/tr>\n<tr class=\"even\">\n<th>Operation &#8211; max. temperature [\u00b0C]<\/th>\n<td>50<\/td>\n<\/tr>\n<tr class=\"odd\">\n<th>Operation &#8211; max. rel. humidity [%]<\/th>\n<td>85<\/td>\n<\/tr>\n<tr class=\"even\">\n<th>Operation &#8211; min. temperature [\u00b0C]<\/th>\n<td>-5<\/td>\n<\/tr>\n<tr class=\"odd\">\n<th>Storage &#8211; max. temperature [\u00b0C]<\/th>\n<td>55<\/td>\n<\/tr>\n<tr class=\"even\">\n<th>Storage &#8211; min. temperature [\u00b0C]<\/th>\n<td>-10<\/td>\n<\/tr>\n<\/tbody>\n<\/table>\n<\/div>\n<div class=\"table-overflow-wrapper\">\n<table class=\"tech multi-select-data\" cellspacing=\"0\" cellpadding=\"0\">\n<thead>\n<tr class=\"headerrow\">\n<th>Functions and features<\/th>\n<\/tr>\n<\/thead>\n<tbody>\n<tr>\n<th>Automatic switch-off<\/th>\n<\/tr>\n<tr>\n<th>Battery status indication<\/th>\n<\/tr>\n<tr>\n<th>Material selection<\/th>\n<\/tr>\n<tr>\n<th>Non-destructive measurement method<\/th>\n<\/tr>\n<\/tbody>\n<\/table>\n<\/div>\n<div class=\"table-overflow-wrapper\">\n<table class=\"tech multi-select-data\" cellspacing=\"0\" cellpadding=\"0\">\n<thead>\n<tr class=\"headerrow\">\n<th>Device control<\/th>\n<\/tr>\n<\/thead>\n<tbody>\n<tr>\n<th>Membrane keyboard<\/th>\n<\/tr>\n<\/tbody>\n<\/table>\n<\/div>\n<div class=\"table-overflow-wrapper\">\n<table class=\"tech multi-select-data\" cellspacing=\"0\" cellpadding=\"0\">\n<thead>\n<tr class=\"headerrow\">\n<th>Power supply<\/th>\n<\/tr>\n<\/thead>\n<tbody>\n<tr>\n<th>9 V<\/th>\n<\/tr>\n<tr>\n<th>internal (battery)<\/th>\n<\/tr>\n<\/tbody>\n<\/table>\n<\/div>\n<div class=\"table-overflow-wrapper\">\n<table class=\"tech multi-select-data\" cellspacing=\"0\" cellpadding=\"0\">\n<thead>\n<tr class=\"headerrow\">\n<th>Housing design<\/th>\n<\/tr>\n<\/thead>\n<tbody>\n<tr>\n<th>Plastics<\/th>\n<\/tr>\n<\/tbody>\n<\/table>\n<\/div>\n<div class=\"table-overflow-wrapper\">\n<table class=\"tech table-data\" cellspacing=\"0\" cellpadding=\"0\">\n<thead>\n<tr class=\"headerrow\">\n<th colspan=\"5\">measurement_specifications<\/th>\n<\/tr>\n<tr>\n<th>Measured parameter<\/th>\n<th>Measuring range<\/th>\n<th>Resolution<\/th>\n<th>Accuracy<\/th>\n<\/tr>\n<\/thead>\n<tbody>\n<tr>\n<td>Moisture hard wood [%]<\/td>\n<td>0\u00a0% &#8211; 50\u00a0%<\/td>\n<td>0,1\u00a0%<\/td>\n<td>&lt;5 (bei &gt;9\u00a0%)<\/td>\n<\/tr>\n<tr>\n<td>Moisture soft wood [%]<\/td>\n<td>0\u00a0% &#8211; 50\u00a0%<\/td>\n<td>0,1\u00a0%<\/td>\n<td>&lt;5 (bei &gt;9\u00a0%)<\/td>\n<\/tr>\n<tr>\n<td>Moisture solid brick [%]<\/td>\n<td>0\u00a0% &#8211; 20\u00a0%<\/td>\n<td>0,1\u00a0%<\/td>\n<td>&lt;2<\/td>\n<\/tr>\n<tr>\n<td>Moisture high-insulating brick [%]<\/td>\n<td>0\u00a0% &#8211; 20\u00a0%<\/td>\n<td>0,1\u00a0%<\/td>\n<td>&lt;3<\/td>\n<\/tr>\n<tr>\n<td>Moisture anhydrite screed [%]<\/td>\n<td>0\u00a0% &#8211; 20\u00a0%<\/td>\n<td>0,1\u00a0%<\/td>\n<td>&lt;2<\/td>\n<\/tr>\n<tr>\n<td>Moisture cement screed [%]<\/td>\n<td>0\u00a0% &#8211; 20\u00a0%<\/td>\n<td>0,1\u00a0%<\/td>\n<td>&lt;2<\/td>\n<\/tr>\n<tr>\n<td>Moisture sand-lime brick [%]<\/td>\n<td>0\u00a0% &#8211; 20\u00a0%<\/td>\n<td>0,1\u00a0%<\/td>\n<td>&lt;2<\/td>\n<\/tr>\n<tr>\n<td>Moisture gas concrete [%]<\/td>\n<td>0\u00a0% &#8211; 20\u00a0%<\/td>\n<td>0,1\u00a0%<\/td>\n<td>&lt;2 (bei &gt;8\u00a0%)<\/td>\n<\/tr>\n<tr>\n<td>Moisture concrete [%]<\/td>\n<td>0\u00a0% &#8211; 20\u00a0%<\/td>\n<td>0,1\u00a0%<\/td>\n<td>&lt;3<\/td>\n<\/tr>\n<tr>\n<td>Moisture chipboard [%]<\/td>\n<td>0\u00a0% &#8211; 50\u00a0%<\/td>\n<td>0,1\u00a0%<\/td>\n<td>&lt;5 (bei &gt;9\u00a0%)<\/td>\n<\/tr>\n<tr>\n<td>Temperature [\u00b0C]<\/td>\n<td>-10\u00a0\u00b0C &#8211; 55\u00a0\u00b0C<\/td>\n<td>1\u00a0\u00b0C<\/td>\n<td>\u00b12\u00a0\u00b0C<\/td>\n<\/tr>\n<\/tbody>\n<\/table>\n<\/div>\n<h2><a href=\"https:\/\/uk.trotec.com\/fileadmin\/downloads\/Messgeraete\/Feuchte\/BM40\/TRT-CE-BM40-HS-001-EN.pdf\" target=\"_blank\" rel=\"noopener\">Declaration of conformity for Moisture measuring device BM40 (INT)<\/a><\/h2>\n<p class=\"bodytext\">TRT-CE-BM40-HS-001-EN.pdf\u00a0(109 KB)<\/p>\n<p class=\"bodytext\"><a class=\"buy buy-left\" href=\"https:\/\/uk.trotec.com\/fileadmin\/downloads\/Messgeraete\/Feuchte\/BM40\/TRT-CE-BM40-HS-001-EN.pdf\" target=\"_blank\" rel=\"noopener\">Download<\/a><\/p>\n<h2><a href=\"https:\/\/uk.trotec.com\/fileadmin\/downloads\/Messgeraete\/Feuchte\/BM40\/TRT-KA-BM40-TC-006-INT.pdf\" target=\"_blank\" rel=\"noopener\">Quick guide for Moisture measuring device BM40 (INT)<\/a><\/h2>\n<p class=\"bodytext\">TRT-KA-BM40-TC-006-INT.pdf\u00a0(388 KB)<\/p>\n<p class=\"bodytext\"><a class=\"buy buy-left\" href=\"https:\/\/uk.trotec.com\/fileadmin\/downloads\/Messgeraete\/Feuchte\/BM40\/TRT-KA-BM40-TC-006-INT.pdf\" target=\"_blank\" rel=\"noopener\">Download<\/a><\/p>\n<h2><a href=\"https:\/\/uk.trotec.com\/fileadmin\/downloads\/Messgeraete\/Feuchte\/BM40\/TRT-BA-BM40-TC-006-EN.pdf\" target=\"_blank\" rel=\"noopener\">Operating manual for Moisture measuring device BM40 (EN)<\/a><\/h2>\n<p class=\"bodytext\">TRT-BA-BM40-TC-006-EN.pdf\u00a0(0.99 MB)<\/p>\n<p class=\"bodytext\"><a class=\"buy buy-left\" href=\"https:\/\/uk.trotec.com\/fileadmin\/downloads\/Messgeraete\/Feuchte\/BM40\/TRT-BA-BM40-TC-006-EN.pdf\" target=\"_blank\" rel=\"noopener\">Download<\/a><\/p>\n","protected":false},"excerpt":{"rendered":"<div id=\"c2544769\" class=\"csc-default ctype-text\">\n<div class=\"csc-header csc-header-n1\">\n<h2 class=\"csc-firstHeader\">Mineral tikinti materiallar\u0131nda v\u0259 a\u011facda s\u00fcr\u0259tli v\u0259 da\u011f\u0131d\u0131c\u0131 olmayan n\u0259m \u00f6l\u00e7m\u0259<\/h2>\n<\/div>\n<\/div>\n<div id=\"c2544300\" class=\"csc-default ctype-text csc-space-before-10\">\n<p>A\u011fac v\u0259 ya mineral tikinti materiallar\u0131 kimi materiallarda n\u0259mi tez v\u0259 \u0259n \u0259sas\u0131 da\u011f\u0131d\u0131c\u0131 olmayan \u015f\u0259kild\u0259 \u00f6l\u00e7m\u0259k v\u0259 ya qurutma prosesini izl\u0259m\u0259k ist\u0259yirsinizs\u0259, BM40 sizin etibarl\u0131 t\u0259r\u0259fda\u015f\u0131n\u0131z olacaq. \u00d6l\u00e7m\u0259 aparmaq \u00fc\u00e7\u00fcn cihaz\u0131n \u00f6l\u00e7m\u0259 elektrodlar\u0131 sad\u0259c\u0259 s\u0131naqdan ke\u00e7iril\u0259c\u0259k material\u0131n \u00fcz\u0259rin\u0259 yerl\u0259\u015fdirilir.<\/p>\n<p>Daha sonra n\u0259mlik s\u0259viyy\u0259si dielektrik \u00f6l\u00e7m\u0259 metodundan istifad\u0259 ed\u0259r\u0259k tutumlu sensorlar vasit\u0259sil\u0259 \u00f6l\u00e7\u00fcl\u00fcr, bu metod tamamil\u0259 da\u011f\u0131d\u0131c\u0131 deyil, \u00e7\u00fcnki \u00f6l\u00e7\u00fcl\u0259c\u0259k materiala he\u00e7 bir elektrod v\u0259 ya zond daxil etm\u0259k laz\u0131m deyil. \u00c7\u0259ki il\u0259 birba\u015fa % il\u0259 g\u00f6st\u0259ril\u0259n \u00f6l\u00e7\u00fclm\u00fc\u015f d\u0259y\u0259rl\u0259rin d\u0259qiqliyini art\u0131rmaq \u00fc\u00e7\u00fcn m\u00fcxt\u0259lif n\u00f6v materiallar \u00fc\u00e7\u00fcn d\u00fcz\u0259li\u015f faktorlar\u0131 m\u00f6vcuddur.<\/p>\n<p>\u0130stifad\u0259y\u0259 haz\u0131r BM40 \u00f6l\u00e7m\u0259 zaman\u0131 s\u00fcr\u0259tli cavab m\u00fcdd\u0259ti il\u0259 t\u0259sir ba\u011f\u0131\u015flay\u0131r.<\/p>\n<p>\u018ftraf m\u00fchit temperaturunun \u00f6l\u00e7\u00fclm\u0259si, batareya v\u0259ziyy\u0259ti g\u00f6st\u0259ricisi v\u0259 enerjiy\u0259 q\u0259na\u0259t ed\u0259n avtomatik s\u00f6nd\u00fcrm\u0259 funksiyas\u0131 \u00e7ox y\u00f6nl\u00fc funksiyalar spektrini tamamlay\u0131r.<\/p>\n<\/div>\n","protected":false},"featured_media":46184,"template":"","meta":[],"product_brand":[],"product_cat":[1166,2032,820,827],"product_tag":[],"class_list":{"0":"post-46183","1":"product","2":"type-product","3":"status-publish","4":"has-post-thumbnail","6":"product_cat-measurement-technology-az","7":"product_cat-olcm-cihazlari","8":"product_cat-olcm-texnologiyasi-cihazlari-altlri-az","9":"product_cat-rutubt-rutubt-olcm-az","11":"first","12":"instock","13":"shipping-taxable","14":"purchasable","15":"product-type-simple"},"_links":{"self":[{"href":"https:\/\/airsystems.ge\/shop\/az\/wp-json\/wp\/v2\/product\/46183","targetHints":{"allow":["GET"]}}],"collection":[{"href":"https:\/\/airsystems.ge\/shop\/az\/wp-json\/wp\/v2\/product"}],"about":[{"href":"https:\/\/airsystems.ge\/shop\/az\/wp-json\/wp\/v2\/types\/product"}],"wp:featuredmedia":[{"embeddable":true,"href":"https:\/\/airsystems.ge\/shop\/az\/wp-json\/wp\/v2\/media\/46184"}],"wp:attachment":[{"href":"https:\/\/airsystems.ge\/shop\/az\/wp-json\/wp\/v2\/media?parent=46183"}],"wp:term":[{"taxonomy":"product_brand","embeddable":true,"href":"https:\/\/airsystems.ge\/shop\/az\/wp-json\/wp\/v2\/product_brand?post=46183"},{"taxonomy":"product_cat","embeddable":true,"href":"https:\/\/airsystems.ge\/shop\/az\/wp-json\/wp\/v2\/product_cat?post=46183"},{"taxonomy":"product_tag","embeddable":true,"href":"https:\/\/airsystems.ge\/shop\/az\/wp-json\/wp\/v2\/product_tag?post=46183"}],"curies":[{"name":"wp","href":"https:\/\/api.w.org\/{rel}","templated":true}]}}