{"id":46058,"date":"2026-04-25T20:20:02","date_gmt":"2026-04-25T16:20:02","guid":{"rendered":"https:\/\/airsystems.ge\/shop\/product\/trotec-bq21-particle-measuring-device-particle-measuring-device\/"},"modified":"2026-04-25T20:35:42","modified_gmt":"2026-04-25T16:35:42","slug":"trotec-bq21-particle-measuring-device-particle-measuring-device","status":"publish","type":"product","link":"https:\/\/airsystems.ge\/shop\/az\/product\/trotec-bq21-particle-measuring-device-particle-measuring-device\/","title":{"rendered":"Trotec BQ21 \u2013 hiss\u0259cik \u00f6l\u00e7m\u0259 cihaz\u0131 Hiss\u0259cik \u00f6l\u00e7m\u0259 cihaz\u0131"},"content":{"rendered":"<section class=\"max-w-[1088px] mx-auto w-full px-5 my-10 md:my-12 lg:my-16 xl:my-20 xl:px-0\" data-block=\"bullet-list\">\n<div class=\"md:text-center\">\n<h3 class=\"text-black font-bold text-lg md:text-xl lg:text-2xl\">\u018fsas x\u00fcsusiyy\u0259tl\u0259r<\/h3>\n<\/div>\n<div class=\"mt-6 md:mt-10\">\n<div class=\"flex flex-wrap\">\n<div class=\"w-full md:w-1\/2 auto-bullets md:pr-16\">\n<ul>\n<li class=\"text-sm md:text-base text-black mt-3 flex items-start\">\n<div class=\"pl-5\">\n<p>H\u0259r hans\u0131 hiss\u0259cik \u00e7irkl\u0259nm\u0259sinin v\u0259 iqlim m\u0259lumatlar\u0131n\u0131n a\u015fkarlanmas\u0131 \u00fc\u00e7\u00fcn kompakt \u0259traf m\u00fchit \u00f6l\u00e7m\u0259 cihaz\u0131<br \/>\nB\u00fct\u00fcn \u00f6l\u00e7\u00fclm\u00fc\u015f parametrl\u0259rin eyni vaxtda g\u00f6st\u0259rilm\u0259si \u00fc\u00e7\u00fcn 2 d\u00fcyml\u00fck r\u0259ngli displey<br \/>\n5000-\u0259 q\u0259d\u0259r m\u0259lumat d\u0259sti \u00fc\u00e7\u00fcn yadda\u015f sah\u0259si<br \/>\nOtaq havas\u0131nda olan inhalyasiya olunan v\u0259 alveolyar toz fraksiyalar\u0131n\u0131n konsentrasiyalar\u0131n\u0131n m\u00b3 havada \u00b5g il\u0259 ifad\u0259 edilm\u0259sinin birba\u015fa \u00e7evrilm\u0259si v\u0259 g\u00f6st\u0259rilm\u0259si<br \/>\nKritik hiss\u0259cik konsentrasiyalar\u0131n\u0131n tez a\u015fkarlanmas\u0131 \u00fc\u00e7\u00fcn avtomatik akustik siqnalizasiya il\u0259 \u0259lav\u0259 r\u0259ng g\u00f6st\u0259rici displeyi<br \/>\nAvtomatik s\u00f6nd\u00fcrm\u0259 funksiyas\u0131<br \/>\n\u0130nteqrasiya olunmu\u015f \u015ftativ ba\u011flant\u0131s\u0131 v\u0259 ayaq<\/p>\n<\/div>\n<\/li>\n<\/ul>\n<\/div>\n<\/div>\n<\/div>\n<\/section>\n<section class=\"max-w-[1088px] mx-auto w-full my-10 md:my-12 lg:my-16 xl:my-20\" data-block=\"content-block\">\n<div class=\"max-w-[1088px] mx-auto\">\n<div class=\"flex flex-col items-center gap-6 px-5 w-full md:grid md:grid-cols-12 md:items-stretch xl:px-0\" data-content-block=\"container\">\n<div class=\"relative flex flex-col gap-5 w-full md:col-span-12 md:col-start-1 sm:items-start sm:text-left order-first md:order-none\" data-content-block=\"column\">\n<div class=\"prose text-pretty max-w-full text-left text-black prose-p:text-black prose-headings:mt-6 prose-headings:mb-3 md:prose-headings:text-lg prose-a:text-current prose-a:transition prose-a:ease-linear prose-a:duration-300\" data-content-block=\"text\">\n<p><strong>Hava keyfiyy\u0259tinin t\u0259hlili asanla\u015fd\u0131r\u0131l\u0131b<\/strong><\/p>\n<p>A\u011f\u0131ll\u0131 Bluetooth\u00ae \u0259l \u00f6l\u00e7m\u0259 cihaz\u0131 BQ21 il\u0259 \u0259trafdak\u0131 havadak\u0131 hiss\u0259cik y\u00fck\u00fcn\u00fc daha uzun m\u00fcdd\u0259t \u0259rzind\u0259 bel\u0259 izl\u0259y\u0259 bil\u0259rsiniz.<\/p>\n<p>5000 m\u0259lumat d\u0259sti \u00fc\u00e7\u00fcn fl\u0259\u015f yadda\u015fa malik hiss\u0259cik \u00f6l\u00e7m\u0259 cihaz\u0131, havan\u0131n temperaturu, r\u00fctub\u0259t s\u0259viyy\u0259si v\u0259 toz fraksiyalar\u0131 (&lt; 10 mikrometr) kimi sa\u011flaml\u0131\u011fa uy\u011fun b\u00fct\u00fcn otaq iqlim parametrl\u0259rini beyn\u0259lxalq s\u0259viyy\u0259d\u0259 tan\u0131nm\u0131\u015f PM standart\u0131na (Hiss\u0259cik Madd\u0259si, havadak\u0131 hiss\u0259cikl\u0259rin say\u0131, \u00f6l\u00e7\u00fcs\u00fc v\u0259 k\u00fctl\u0259 konsentrasiyas\u0131) uy\u011fun olaraq PM10 v\u0259 PM2.5 olaraq qeyd edir.<\/p>\n<p>Hava \u00e7irkliliyi 2.0 d\u00fcyml\u00fck r\u0259ngli displeyd\u0259 otaq havas\u0131n\u0131n kubmetrin\u0259 d\u00fc\u015f\u0259n mikroqramlarla (\u00b5q\/m\u00b3) v\u0259 ya hiss\u0259cikl\u0259rin say\u0131 kimi r\u0259q\u0259msal olaraq g\u00f6st\u0259rilir. Bundan \u0259lav\u0259, r\u0259ngli zolaq m\u00f6vcud hiss\u0259cik y\u00fck\u00fcn\u00fc g\u00f6st\u0259rir.<\/p>\n<\/div>\n<\/div>\n<\/div>\n<\/div>\n<\/section>\n<section class=\"max-w-[1088px] mx-auto w-full px-5 my-10 md:my-12 lg:my-16 xl:my-20 xl:px-0\" data-block=\"product-specifications\">\n<div class=\"md:text-center\">\n<h3 class=\"text-black font-bold text-lg md:text-xl lg:text-2xl\"><strong>Product specifications<\/strong><\/h3>\n<\/div>\n<div class=\" md:mt-10\">\n<div class=\"\">\n<div class=\"lg:mt-0 \">\n<div id=\"spec-bq21\" class=\"prose max-w-full md:overflow-auto\" data-spec-content=\"\">\n<div class=\"spreadsheet-container hidden md:block\">\n<table class=\"w-full table-fixed mb-0\">\n<thead>\n<tr>\n<th class=\"font-bold text-base\"><span class=\"block px-4\">Specifications<\/span><\/th>\n<th class=\"font-bold text-base text-center\"><span class=\"block px-10 md:px-20\">Units<\/span><\/th>\n<th class=\"font-bold text-base text-center will-change\"><span class=\"block px-4\">BQ21<\/span><\/th>\n<\/tr>\n<\/thead>\n<tbody>\n<tr class=\"bg-grey-200\/50 p-2\">\n<td colspan=\"1\"><span class=\"block px-4\">Particles &#8211; Channels<\/span><\/td>\n<td class=\"text-center\">\n<div class=\"px-10 md:px-20 flex items-center justify-center\">Quantity<\/div>\n<\/td>\n<td class=\"text-center will-change\">\n<div class=\"px-10 md:px-20 flex items-center justify-center\">2<\/div>\n<\/td>\n<\/tr>\n<tr class=\" p-2\">\n<td colspan=\"1\"><span class=\"block px-4\">Particles &#8211; Duct sizes<\/span><\/td>\n<td class=\"text-center\">\n<div class=\"px-10 md:px-20 flex items-center justify-center\">\u00b5m<\/div>\n<\/td>\n<td class=\"text-center will-change\">\n<div class=\"px-10 md:px-20 flex items-center justify-center\">2.5, 10<\/div>\n<\/td>\n<\/tr>\n<tr class=\"bg-grey-200\/50 p-2\">\n<td colspan=\"1\"><span class=\"block px-4\">Particles &#8211; Measuring range<\/span><\/td>\n<td class=\"text-center\">\n<div class=\"px-10 md:px-20 flex items-center justify-center\">\u00b5g\/m\u00b3<\/div>\n<\/td>\n<td class=\"text-center will-change\">\n<div class=\"px-10 md:px-20 flex items-center justify-center\">0 up to 2,000<\/div>\n<\/td>\n<\/tr>\n<tr class=\" p-2\">\n<td colspan=\"1\"><span class=\"block px-4\">Particles &#8211; Resolution<\/span><\/td>\n<td class=\"text-center\">\n<div class=\"px-10 md:px-20 flex items-center justify-center\">\u00b5g\/m\u00b3<\/div>\n<\/td>\n<td class=\"text-center will-change\">\n<div class=\"px-10 md:px-20 flex items-center justify-center\">1<\/div>\n<\/td>\n<\/tr>\n<tr class=\"bg-grey-200\/50 p-2\">\n<td colspan=\"1\"><span class=\"block px-4\">Air temperature &#8211; Measuring range<\/span><\/td>\n<td class=\"text-center\">\n<div class=\"px-10 md:px-20 flex items-center justify-center\">\u00b0C<\/div>\n<\/td>\n<td class=\"text-center will-change\">\n<div class=\"px-10 md:px-20 flex items-center justify-center\">0 up to 50 (32 up to 122 \u00b0F)<\/div>\n<\/td>\n<\/tr>\n<tr class=\" p-2\">\n<td colspan=\"1\"><span class=\"block px-4\">Air temperature &#8211; Resolution<\/span><\/td>\n<td class=\"text-center\">\n<div class=\"px-10 md:px-20 flex items-center justify-center\">\u00b0C<\/div>\n<\/td>\n<td class=\"text-center will-change\">\n<div class=\"px-10 md:px-20 flex items-center justify-center\">0.1 (0.1 \u00b0F)<\/div>\n<\/td>\n<\/tr>\n<tr class=\"bg-grey-200\/50 p-2\">\n<td colspan=\"1\"><span class=\"block px-4\">Humidity &#8211; Measuring range<\/span><\/td>\n<td class=\"text-center\">\n<div class=\"px-10 md:px-20 flex items-center justify-center\">% RH<\/div>\n<\/td>\n<td class=\"text-center will-change\">\n<div class=\"px-10 md:px-20 flex items-center justify-center\">0 up to 100<\/div>\n<\/td>\n<\/tr>\n<tr class=\" p-2\">\n<td colspan=\"1\"><span class=\"block px-4\">Humidity &#8211; Resolution<\/span><\/td>\n<td class=\"text-center\">\n<div class=\"px-10 md:px-20 flex items-center justify-center\">% RH<\/div>\n<\/td>\n<td class=\"text-center will-change\">\n<div class=\"px-10 md:px-20 flex items-center justify-center\">0.1<\/div>\n<\/td>\n<\/tr>\n<tr class=\"bg-grey-200\/50 p-2\">\n<td colspan=\"1\"><span class=\"block px-4\">Data interface<\/span><\/td>\n<td class=\"text-center\">\n<div class=\"px-10 md:px-20 flex items-center justify-center\"><\/div>\n<\/td>\n<td class=\"text-center will-change\">\n<div class=\"px-10 md:px-20 flex items-center justify-center\">Bluetooth 4.0<\/div>\n<\/td>\n<\/tr>\n<tr class=\" p-2\">\n<td colspan=\"1\"><span class=\"block px-4\">Power supply<\/span><\/td>\n<td class=\"text-center\">\n<div class=\"px-10 md:px-20 flex items-center justify-center\"><\/div>\n<\/td>\n<td class=\"text-center will-change\">\n<div class=\"px-10 md:px-20 flex items-center justify-center\">1 x 7.2 V Li-ion battery integrated<\/div>\n<\/td>\n<\/tr>\n<tr class=\"bg-grey-200\/50 p-2\">\n<td colspan=\"1\"><span class=\"block px-4\">Product size (l x w x h)<\/span><\/td>\n<td class=\"text-center\">\n<div class=\"px-10 md:px-20 flex items-center justify-center\">mm<\/div>\n<\/td>\n<td class=\"text-center will-change\">\n<div class=\"px-10 md:px-20 flex items-center justify-center\">188 x 35 x 52<\/div>\n<\/td>\n<\/tr>\n<tr class=\" p-2\">\n<td colspan=\"1\"><span class=\"block px-4\">Weight<\/span><\/td>\n<td class=\"text-center\">\n<div class=\"px-10 md:px-20 flex items-center justify-center\">g<\/div>\n<\/td>\n<td class=\"text-center will-change\">\n<div class=\"px-10 md:px-20 flex items-center justify-center\">175<\/div>\n<\/td>\n<\/tr>\n<\/tbody>\n<\/table>\n<\/div>\n<\/div>\n<\/div>\n<\/div>\n<\/div>\n<\/section>\n<section class=\"max-w-[1088px] mx-auto w-full px-5 my-10 md:my-12 lg:my-16 xl:my-20 xl:px-0\" data-block=\"link-list\">\n<div class=\"max-w-[1088px] mx-auto\">\n<div class=\"md:text-center\">\n<h3 class=\"text-black font-bold text-lg md:text-xl lg:text-2xl\"><strong>Uy\u011fundur:<\/strong><\/h3>\n<\/div>\n<div class=\"mt-6 max-w-4xl mx-auto\">\n<div class=\"flex flex-wrap md:ml-20\">\n<div class=\"w-full md:w-1\/2 auto-bullets md:pr-16\">\n<ul>\n<li class=\"flex items-center gap-5 text-sm text-black mt-3 md:text-base lg:text-lg\">K\u0259nd t\u0259s\u0259rr\u00fcfat\u0131<br \/>\nArxivl\u0259r v\u0259 qorunma<br \/>\nAvtomobil<br \/>\nKommersiya binalar\u0131<br \/>\nTikinti<br \/>\nM\u0259lumat m\u0259rk\u0259zl\u0259ri v\u0259 telekommunikasiya<br \/>\n\u0130rs sah\u0259l\u0259ri<br \/>\nS\u0259naye, fabrikl\u0259r v\u0259 istehsalat<br \/>\nMuzeyl\u0259r v\u0259 qalereyalar<br \/>\n\u018fcza\u00e7\u0131l\u0131q v\u0259 elmi<br \/>\nYa\u015fay\u0131\u015f binalar\u0131<br \/>\nAnbarlar v\u0259 saxlama<br \/>\nSu z\u0259r\u0259rinin b\u0259rpas\u0131<\/li>\n<\/ul>\n<\/div>\n<\/div>\n<\/div>\n<\/div>\n<\/section>\n","protected":false},"excerpt":{"rendered":"<p>T\u0259n\u0259ff\u00fcs yolu il\u0259 daxil olan toz (PM10) v\u0259 alveolyar toz (PM2.5) daxil olmaqla hiss\u0259cik \u00e7irkl\u0259nm\u0259sini qeyd etm\u0259k v\u0259 t\u0259hlil etm\u0259k \u00fc\u00e7\u00fcn smartfon t\u0259tbiqi il\u0259 Bluetooth\u00ae \u0259traf m\u00fchit \u00f6l\u00e7m\u0259 cihaz\u0131.<\/p>\n<p>\u0130\u015f yerind\u0259 h\u0259ddind\u0259n art\u0131q toz m\u0259ruz qalmas\u0131 yaln\u0131z i\u015f\u00e7il\u0259rin v\u0259 h\u0259mkarlar\u0131n sa\u011flaml\u0131\u011f\u0131n\u0131 t\u0259hl\u00fck\u0259 alt\u0131na qoymur. \u0130nventar, emal edil\u0259c\u0259k m\u0259hsullar v\u0259 texniki avadanl\u0131qlar da otaq havas\u0131nda hiss\u0259cik konsentrasiyalar\u0131n\u0131n artmas\u0131ndan \u0259ziyy\u0259t \u00e7\u0259kir. Bu s\u0259b\u0259bd\u0259n bir \u00e7ox \u00f6lk\u0259l\u0259r inc\u0259 toz konsentrasiyalar\u0131 \u00fc\u00e7\u00fcn qanuni limit d\u0259y\u0259rl\u0259ri m\u00fc\u0259yy\u0259n edibl\u0259r. Bu limit d\u0259y\u0259rl\u0259rin\u0259 uy\u011funluq, x\u00fcsus\u0259n d\u0259 i\u015f yerind\u0259, el\u0259c\u0259 d\u0259 m\u0259kt\u0259bl\u0259rd\u0259, u\u015faq ba\u011f\u00e7alar\u0131nda, qay\u011f\u0131 m\u00fc\u0259ssis\u0259l\u0259rind\u0259 v\u0259 d\u00f6vl\u0259t orqanlar\u0131nda m\u00fcnt\u0259z\u0259m olaraq yoxlan\u0131lmal\u0131d\u0131r.<\/p>\n","protected":false},"featured_media":46059,"template":"","meta":[],"product_brand":[],"product_cat":[835,1166,822,2032,820],"product_tag":[],"class_list":{"0":"post-46058","1":"product","2":"type-product","3":"status-publish","4":"has-post-thumbnail","6":"product_cat-air-quality-az","7":"product_cat-measurement-technology-az","8":"product_cat-measurement-tools-az","9":"product_cat-olcm-cihazlari","10":"product_cat-olcm-texnologiyasi-cihazlari-altlri-az","12":"first","13":"instock","14":"shipping-taxable","15":"purchasable","16":"product-type-simple"},"_links":{"self":[{"href":"https:\/\/airsystems.ge\/shop\/az\/wp-json\/wp\/v2\/product\/46058","targetHints":{"allow":["GET"]}}],"collection":[{"href":"https:\/\/airsystems.ge\/shop\/az\/wp-json\/wp\/v2\/product"}],"about":[{"href":"https:\/\/airsystems.ge\/shop\/az\/wp-json\/wp\/v2\/types\/product"}],"wp:featuredmedia":[{"embeddable":true,"href":"https:\/\/airsystems.ge\/shop\/az\/wp-json\/wp\/v2\/media\/46059"}],"wp:attachment":[{"href":"https:\/\/airsystems.ge\/shop\/az\/wp-json\/wp\/v2\/media?parent=46058"}],"wp:term":[{"taxonomy":"product_brand","embeddable":true,"href":"https:\/\/airsystems.ge\/shop\/az\/wp-json\/wp\/v2\/product_brand?post=46058"},{"taxonomy":"product_cat","embeddable":true,"href":"https:\/\/airsystems.ge\/shop\/az\/wp-json\/wp\/v2\/product_cat?post=46058"},{"taxonomy":"product_tag","embeddable":true,"href":"https:\/\/airsystems.ge\/shop\/az\/wp-json\/wp\/v2\/product_tag?post=46058"}],"curies":[{"name":"wp","href":"https:\/\/api.w.org\/{rel}","templated":true}]}}