{"id":45994,"date":"2026-04-19T19:44:07","date_gmt":"2026-04-19T15:44:07","guid":{"rendered":"https:\/\/airsystems.ge\/shop\/product\/trotec-fs200-fog-and-flue-gas-simulator-fog-and-flue-gas-simulator\/"},"modified":"2026-04-19T19:52:38","modified_gmt":"2026-04-19T15:52:38","slug":"trotec-fs200-fog-and-flue-gas-simulator-fog-and-flue-gas-simulator","status":"publish","type":"product","link":"https:\/\/airsystems.ge\/shop\/az\/product\/trotec-fs200-fog-and-flue-gas-simulator-fog-and-flue-gas-simulator\/","title":{"rendered":"Trotec FS200 \u2013 Duman v\u0259 baca qaz\u0131 simulyatoru Duman v\u0259 baca qaz\u0131 simulyatoru"},"content":{"rendered":"<section class=\"max-w-[1088px] mx-auto w-full px-5 my-10 md:my-12 lg:my-16 xl:my-20 xl:px-0\" data-block=\"bullet-list\">\n<div class=\"md:text-center\">\n<h3 class=\"text-black font-bold text-lg md:text-xl lg:text-2xl\">\u018fsas x\u00fcsusiyy\u0259tl\u0259r<\/h3>\n<\/div>\n<div class=\"mt-6 md:mt-10\">\n<div class=\"flex flex-wrap\">\n<div class=\"w-full md:w-1\/2 auto-bullets md:pr-16\">\n<ul>\n<li class=\"text-sm md:text-base text-black mt-3 flex items-start\">\n<div class=\"pl-5\">\n<p>M\u00f6hk\u0259m al\u00fcminium y\u00fcng\u00fcl konstruksiya<br \/>\nSonsuz d\u0259r\u0259c\u0259d\u0259 g\u00fccl\u00fc fan turbinas\u0131 \u2013 sonsuz d\u0259r\u0259c\u0259d\u0259 d\u0259yi\u015fk\u0259n<br \/>\nQatlanan bidon tutaca\u011f\u0131 il\u0259 yer q\u0259na\u0259t ed\u0259n inteqral h\u0259ll<br \/>\nSonsuz d\u0259r\u0259c\u0259d\u0259 d\u0259yi\u015fk\u0259n maye nasosu say\u0259sind\u0259 \u0259lav\u0259 s\u0131x a\u011f t\u00fcst\u00fc<br \/>\nT\u0259hl\u00fck\u0259sizlik n\u0259rdivanlar\u0131 kimi mane\u0259l\u0259rd\u0259n bel\u0259 asanl\u0131qla da\u015f\u0131na bil\u0259r<br \/>\n\u0130stilikd\u0259n sonrak\u0131 fasil\u0259l\u0259r olmadan bir ne\u00e7\u0259 d\u0259qiq\u0259 davam ed\u0259n davaml\u0131 s\u0131x duman da\u015f\u0131nmas\u0131 \u00fc\u00e7\u00fcn turbin, isitm\u0259 v\u0259 nasosun a\u011f\u0131ll\u0131 g\u00fcc birl\u0259\u015fm\u0259si<br \/>\nXidm\u0259t\u0259 uy\u011fun konstruksiya \u2013 saniy\u0259l\u0259r \u0259rzind\u0259 sad\u0259 filtr d\u0259yi\u015fikliyi<br \/>\nT\u0259cr\u00fcb\u0259y\u0259 uy\u011funla\u015fd\u0131r\u0131lm\u0131\u015f Alman s\u0259naye dizayn\u0131 \u2013 qorunan dizayn patenti<\/p>\n<\/div>\n<\/li>\n<\/ul>\n<\/div>\n<\/div>\n<\/div>\n<\/section>\n<section class=\"max-w-[1088px] mx-auto w-full my-10 md:my-12 lg:my-16 xl:my-20\" data-block=\"content-block\">\n<div class=\"max-w-[1088px] mx-auto\">\n<div class=\"flex flex-col items-center gap-6 px-5 w-full md:grid md:grid-cols-12 md:items-stretch xl:px-0\" data-content-block=\"container\">\n<div class=\"relative flex flex-col gap-5 w-full md:col-span-12 md:col-start-1 sm:items-start sm:text-left order-first md:order-none\" data-content-block=\"column\">\n<div class=\"prose text-pretty max-w-full text-left text-black prose-p:text-black prose-headings:mt-6 prose-headings:mb-3 md:prose-headings:text-lg prose-a:text-current prose-a:transition prose-a:ease-linear prose-a:duration-300\" data-content-block=\"text\">\n<p>FS200-\u00fcn son d\u0259r\u0259c\u0259 g\u00fccl\u00fc turbinas\u0131 v\u0259 maye nasosu duman da\u015f\u0131nmas\u0131 \u00fc\u00e7\u00fcn performanslar\u0131nda sonsuz d\u0259r\u0259c\u0259d\u0259 t\u0259nziml\u0259n\u0259 bil\u0259r v\u0259 bel\u0259likl\u0259, f\u0259rdi i\u015f \u015f\u0259raitin\u0259 daha d\u0259qiq uy\u011funla\u015fd\u0131r\u0131la bil\u0259r. Bundan \u0259lav\u0259, turbin, isitm\u0259 v\u0259 nasosun a\u011f\u0131ll\u0131 g\u00fcc birl\u0259\u015fm\u0259si, maksimum turbin performans\u0131 zaman\u0131 bel\u0259, sonrak\u0131 istilikl\u0259 bir ne\u00e7\u0259 d\u0259qiq\u0259 fasil\u0259siz davaml\u0131 s\u0131x duman ax\u0131n\u0131 t\u0259min edir.<\/p>\n<p>FS200-\u00fcn maye istehlak\u0131 olduqca a\u015fa\u011f\u0131d\u0131r v\u0259 d\u0259qiq\u0259d\u0259 maksimum 100 ml-d\u0259n \u00e7ox ola bilm\u0259z.<\/p>\n<h3>X\u0259b\u0259rdarl\u0131q!<\/h3>\n<p>Uy\u011fun olmayan duman mayel\u0259ri s\u0259b\u0259bind\u0259n sa\u011flaml\u0131q \u00fc\u00e7\u00fcn t\u0259hl\u00fck\u0259! Dig\u0259r istehsal\u00e7\u0131lar\u0131n duman mayel\u0259rind\u0259n istifad\u0259 z\u0259r\u0259rli par\u00e7alanma m\u0259hsullar\u0131n\u0131n \u0259m\u0259l\u0259 g\u0259lm\u0259sin\u0259 s\u0259b\u0259b ola bil\u0259r. Cihaz\u0131 yaln\u0131z Trotec-in orijinal FluiTect duman konsentrat\u0131 il\u0259 i\u015fl\u0259din. Bu m\u0259hsul he\u00e7 bir z\u0259r\u0259rli par\u00e7alanma m\u0259hsullar\u0131 istehsal etmir.<\/p>\n<h3>\u0130stismar \u00fc\u00e7\u00fcn t\u0259hl\u00fck\u0259sizlik t\u0259limatlar\u0131<\/h3>\n<p>Diqq\u0259t: Dig\u0259r istehsal\u00e7\u0131lar\u0131n duman mayel\u0259rind\u0259n istifad\u0259 ed\u0259rk\u0259n, buxarlanma zaman\u0131 qal\u0131qlar \u0259m\u0259l\u0259 g\u0259l\u0259 bil\u0259r. Bu qal\u0131qlar istilik modulunun kapilyarlar\u0131n\u0131 t\u0131xaya v\u0259 istilik elementin\u0259 z\u0259r\u0259r ver\u0259 bil\u0259r. Bu c\u00fcr z\u0259d\u0259l\u0259nm\u0259 z\u0259man\u0259ti l\u0259\u011fv ed\u0259c\u0259k.<\/p>\n<\/div>\n<\/div>\n<\/div>\n<\/div>\n<\/section>\n<section class=\"max-w-[1088px] mx-auto w-full px-5 my-10 md:my-12 lg:my-16 xl:my-20 xl:px-0\" data-block=\"product-specifications\">\n<div class=\"md:text-center\">\n<h3 class=\"text-black font-bold text-lg md:text-xl lg:text-2xl\"><strong>Product specifications<\/strong><\/h3>\n<\/div>\n<div class=\" md:mt-10\">\n<div class=\"\">\n<div class=\"lg:mt-0 \">\n<div id=\"spec-fs200\" class=\"prose max-w-full md:overflow-auto\" data-spec-content=\"\">\n<div class=\"spreadsheet-container hidden md:block\">\n<table class=\"w-full table-fixed mb-0\">\n<thead>\n<tr>\n<th class=\"font-bold text-base\"><span class=\"block px-4\">Specifications<\/span><\/th>\n<th class=\"font-bold text-base text-center\"><span class=\"block px-10 md:px-20\">Units<\/span><\/th>\n<th class=\"font-bold text-base text-center will-change\"><span class=\"block px-4\">FS200<\/span><\/th>\n<\/tr>\n<\/thead>\n<tbody>\n<tr class=\"bg-grey-200\/50 p-2\">\n<td colspan=\"1\"><span class=\"block px-4\">Fogging time (min.)<\/span><\/td>\n<td class=\"text-center\">\n<div class=\"px-10 md:px-20 flex items-center justify-center\">s<\/div>\n<\/td>\n<td class=\"text-center will-change\">\n<div class=\"px-10 md:px-20 flex items-center justify-center\">At maximum level: approx. 270; at medium level and less: continuous fog output<\/div>\n<\/td>\n<\/tr>\n<tr class=\" p-2\">\n<td colspan=\"1\"><span class=\"block px-4\">Evaporator power<\/span><\/td>\n<td class=\"text-center\">\n<div class=\"px-10 md:px-20 flex items-center justify-center\">W<\/div>\n<\/td>\n<td class=\"text-center will-change\">\n<div class=\"px-10 md:px-20 flex items-center justify-center\">1,500<\/div>\n<\/td>\n<\/tr>\n<tr class=\"bg-grey-200\/50 p-2\">\n<td colspan=\"1\"><span class=\"block px-4\">Fan turbine power<\/span><\/td>\n<td class=\"text-center\">\n<div class=\"px-10 md:px-20 flex items-center justify-center\">W<\/div>\n<\/td>\n<td class=\"text-center will-change\">\n<div class=\"px-10 md:px-20 flex items-center justify-center\">1,600<\/div>\n<\/td>\n<\/tr>\n<tr class=\" p-2\">\n<td colspan=\"1\"><span class=\"block px-4\">Outlet pressure<\/span><\/td>\n<td class=\"text-center\">\n<div class=\"px-10 md:px-20 flex items-center justify-center\">mbar<\/div>\n<\/td>\n<td class=\"text-center will-change\">\n<div class=\"px-10 md:px-20 flex items-center justify-center\">335<\/div>\n<\/td>\n<\/tr>\n<tr class=\"bg-grey-200\/50 p-2\">\n<td colspan=\"1\"><span class=\"block px-4\">Power input max<\/span><\/td>\n<td class=\"text-center\">\n<div class=\"px-10 md:px-20 flex items-center justify-center\">W<\/div>\n<\/td>\n<td class=\"text-center will-change\">\n<div class=\"px-10 md:px-20 flex items-center justify-center\">3,100<\/div>\n<\/td>\n<\/tr>\n<tr class=\" p-2\">\n<td colspan=\"1\"><span class=\"block px-4\">Type of protection<\/span><\/td>\n<td class=\"text-center\">\n<div class=\"px-10 md:px-20 flex items-center justify-center\"><\/div>\n<\/td>\n<td class=\"text-center will-change\">\n<div class=\"px-10 md:px-20 flex items-center justify-center\">IP54<\/div>\n<\/td>\n<\/tr>\n<tr class=\"bg-grey-200\/50 p-2\">\n<td colspan=\"1\"><span class=\"block px-4\">Air flow rate<\/span><\/td>\n<td class=\"text-center\">\n<div class=\"px-10 md:px-20 flex items-center justify-center\">l\/s<\/div>\n<\/td>\n<td class=\"text-center will-change\">\n<div class=\"px-10 md:px-20 flex items-center justify-center\">Approx. 68<\/div>\n<\/td>\n<\/tr>\n<tr class=\" p-2\">\n<td colspan=\"1\"><span class=\"block px-4\">Fluid consumption<\/span><\/td>\n<td class=\"text-center\">\n<div class=\"px-10 md:px-20 flex items-center justify-center\">ml\/min.<\/div>\n<\/td>\n<td class=\"text-center will-change\">\n<div class=\"px-10 md:px-20 flex items-center justify-center\">At maximum output: 100 ml\/min; at continuous output: 30 ml\/min<\/div>\n<\/td>\n<\/tr>\n<tr class=\"bg-grey-200\/50 p-2\">\n<td colspan=\"1\"><span class=\"block px-4\">Heating-up time<\/span><\/td>\n<td class=\"text-center\">\n<div class=\"px-10 md:px-20 flex items-center justify-center\">min.<\/div>\n<\/td>\n<td class=\"text-center will-change\">\n<div class=\"px-10 md:px-20 flex items-center justify-center\">Approx. 7<\/div>\n<\/td>\n<\/tr>\n<tr class=\" p-2\">\n<td colspan=\"1\"><span class=\"block px-4\">Amount of fluid in the canister<\/span><\/td>\n<td class=\"text-center\">\n<div class=\"px-10 md:px-20 flex items-center justify-center\">l<\/div>\n<\/td>\n<td class=\"text-center will-change\">\n<div class=\"px-10 md:px-20 flex items-center justify-center\">5<\/div>\n<\/td>\n<\/tr>\n<tr class=\"bg-grey-200\/50 p-2\">\n<td colspan=\"1\"><span class=\"block px-4\">Input voltage<\/span><\/td>\n<td class=\"text-center\">\n<div class=\"px-10 md:px-20 flex items-center justify-center\">V\/Hz<\/div>\n<\/td>\n<td class=\"text-center will-change\">\n<div class=\"px-10 md:px-20 flex items-center justify-center\">230\/50<\/div>\n<\/td>\n<\/tr>\n<tr class=\" p-2\">\n<td colspan=\"1\"><span class=\"block px-4\">Product size (l x w x h)<\/span><\/td>\n<td class=\"text-center\">\n<div class=\"px-10 md:px-20 flex items-center justify-center\">mm<\/div>\n<\/td>\n<td class=\"text-center will-change\">\n<div class=\"px-10 md:px-20 flex items-center justify-center\">310 x 253 x 465<\/div>\n<\/td>\n<\/tr>\n<tr class=\"bg-grey-200\/50 p-2\">\n<td colspan=\"1\"><span class=\"block px-4\">Weight<\/span><\/td>\n<td class=\"text-center\">\n<div class=\"px-10 md:px-20 flex items-center justify-center\">kg<\/div>\n<\/td>\n<td class=\"text-center will-change\">\n<div class=\"px-10 md:px-20 flex items-center justify-center\">14 (without 5 litre fog fluid canister)<\/div>\n<\/td>\n<\/tr>\n<\/tbody>\n<\/table>\n<\/div>\n<\/div>\n<\/div>\n<\/div>\n<\/div>\n<\/section>\n<section class=\"max-w-[1088px] mx-auto w-full px-5 my-10 md:my-12 lg:my-16 xl:my-20 xl:px-0\" data-block=\"link-list\">\n<div class=\"max-w-[1088px] mx-auto\">\n<div class=\"md:text-center\">\n<h3 class=\"text-black font-bold text-lg md:text-xl lg:text-2xl\"><strong>Uy\u011fundur:<\/strong><\/h3>\n<\/div>\n<div class=\"mt-6 max-w-4xl mx-auto\">\n<div class=\"flex flex-wrap md:ml-20\">\n<div class=\"w-full md:w-1\/2 auto-bullets md:pr-16\">\n<ul>\n<li class=\"flex items-center gap-5 text-sm text-black mt-3 md:text-base lg:text-lg\">Arxivl\u0259r v\u0259 qorunma<br \/>\nKommersiya binalar\u0131<br \/>\nTikinti<br \/>\nT\u0259cili yard\u0131m xidm\u0259tl\u0259ri<br \/>\nS\u0259naye, fabrikl\u0259r v\u0259 istehsalat<br \/>\nYa\u015fay\u0131\u015f binalar\u0131<br \/>\nAnbarlar v\u0259 saxlama<br \/>\nSu z\u0259d\u0259l\u0259rinin b\u0259rpas\u0131<\/li>\n<\/ul>\n<\/div>\n<\/div>\n<\/div>\n<\/div>\n<\/section>\n<section class=\"max-w-[1088px] mx-auto w-full px-5 my-10 md:my-12 lg:my-16 xl:my-20 xl:px-0\" data-block=\"related-downloads\">\n<div class=\"md:text-center\">\n<h3 class=\"text-black font-bold text-lg md:text-xl lg:text-2xl\"><strong>Useful downloads<\/strong><\/h3>\n<\/div>\n<div class=\"mt-6 md:mt-10\">\n<div class=\"flex flex-col md:flex-row md:flex-wrap \">\n<div class=\"mb-4 md:mb-8 w-full md:w-1\/2 md:px-4\">\n<div class=\"p-4 md:p-5 h-full flex md:items-center border border-grey-300\">\n<div class=\"mt-1.5 md:mt-0 w-6 md:w-10\"><a href=\"https:\/\/www.danthermgroup.com\/downloads\/dantherm-group-professional-portable-catalogue\" target=\"_blank\" rel=\"nofollow noindex noopener\"><img decoding=\"async\" class=\"lazyload h-8 md:h-14 w-auto object-contain\" src=\"https:\/\/danthermgroup-website.s3.eu-central-1.amazonaws.com\/media\/icons\/download-catalog.svg\" alt=\"Download catalog\" height=\"56\" \/><\/a><\/div>\n<div class=\"flex-1 pl-4 md:px-8\">\n<h2 class=\"font-bold text-sm md:text-lg\"><a class=\"underline underline-offset-2 decoration-transparent transition duration-300 ease-linear hover:decoration-black\" href=\"https:\/\/www.danthermgroup.com\/downloads\/dantherm-group-professional-portable-catalogue\" target=\"_blank\" rel=\"nofollow noindex noopener\">Dantherm Group Catalogue \u2013 Professional Portable Solutions<\/a><\/h2>\n<div class=\"prose text-grey-500 text-sm\">Catalogs<\/div>\n<\/div>\n<\/div>\n<\/div>\n<div class=\"mb-4 md:mb-8 w-full md:w-1\/2 md:px-4\">\n<div class=\"p-4 md:p-5 h-full flex md:items-center border border-grey-300\">\n<div class=\"mt-1.5 md:mt-0 w-6 md:w-10\"><a href=\"https:\/\/www.danthermgroup.com\/downloads\/trotec-fs200-user-manual\" target=\"_blank\" rel=\"nofollow noindex noopener\"><img decoding=\"async\" class=\"lazyload h-8 md:h-14 w-auto object-contain\" src=\"https:\/\/danthermgroup-website.s3.eu-central-1.amazonaws.com\/media\/icons\/download-manual.svg\" alt=\"Download manual\" height=\"56\" \/><\/a><\/div>\n<div class=\"flex-1 pl-4 md:px-8\">\n<h2 class=\"font-bold text-sm md:text-lg\"><a class=\"underline underline-offset-2 decoration-transparent transition duration-300 ease-linear hover:decoration-black\" href=\"https:\/\/www.danthermgroup.com\/downloads\/trotec-fs200-user-manual\" target=\"_blank\" rel=\"nofollow noindex noopener\">Trotec FS200 &#8211; user manual<\/a><\/h2>\n<div class=\"prose text-grey-500 text-sm\">Manuals<\/div>\n<\/div>\n<\/div>\n<\/div>\n<\/div>\n<\/div>\n<\/section>\n","protected":false},"excerpt":{"rendered":"<p>Almaniya istehsal\u0131 olan bu pe\u015f\u0259kar duman v\u0259 baca qaz\u0131 simulyatoru, performans sinifind\u0259 \u0259n kompakt v\u0259 \u0259n y\u00fcng\u00fcl cihazd\u0131r.<\/p>\n<p>M\u00f6hk\u0259m al\u00fcminium y\u00fcng\u00fcl konstruksiyal\u0131 a\u011f\u0131ll\u0131 inc\u0259 dizayn say\u0259sind\u0259 FS200-\u00fcn ist\u0259nil\u0259n t\u0259tbiq yerin\u0259 da\u015f\u0131nmas\u0131 problemsiz olacaq v\u0259 t\u0259hl\u00fck\u0259sizlik n\u0259rdivanlar\u0131 kimi mane\u0259l\u0259rd\u0259n bel\u0259 s\u0259rb\u0259st h\u0259r\u0259k\u0259t etm\u0259y\u0259 imkan verir.<\/p>\n<p>FS200-\u00fcn usta qutu tutaca\u011f\u0131 bir ne\u00e7\u0259 saniy\u0259 \u0259rzind\u0259 a\u00e7\u0131la v\u0259 a\u00e7\u0131la bil\u0259r, bu da onun d\u0259st\u0259yini art\u0131r\u0131r v\u0259 h\u0259tta \u00e7\u0131nq\u0131ll\u0131 d\u00fcz damlar kimi \u00e7\u0259tin s\u0259thl\u0259rd\u0259 daha \u00e7ox sabitlik t\u0259min edir.<\/p>\n","protected":false},"featured_media":45995,"template":"","meta":[],"product_brand":[],"product_cat":[841,1166,2032,820,1044],"product_tag":[],"class_list":{"0":"post-45994","1":"product","2":"type-product","3":"status-publish","4":"has-post-thumbnail","6":"product_cat-location-and-detection-az","7":"product_cat-measurement-technology-az","8":"product_cat-olcm-cihazlari","9":"product_cat-olcm-texnologiyasi-cihazlari-altlri-az","10":"product_cat-visual-inspection-az","12":"first","13":"instock","14":"shipping-taxable","15":"purchasable","16":"product-type-simple"},"_links":{"self":[{"href":"https:\/\/airsystems.ge\/shop\/az\/wp-json\/wp\/v2\/product\/45994","targetHints":{"allow":["GET"]}}],"collection":[{"href":"https:\/\/airsystems.ge\/shop\/az\/wp-json\/wp\/v2\/product"}],"about":[{"href":"https:\/\/airsystems.ge\/shop\/az\/wp-json\/wp\/v2\/types\/product"}],"wp:featuredmedia":[{"embeddable":true,"href":"https:\/\/airsystems.ge\/shop\/az\/wp-json\/wp\/v2\/media\/45995"}],"wp:attachment":[{"href":"https:\/\/airsystems.ge\/shop\/az\/wp-json\/wp\/v2\/media?parent=45994"}],"wp:term":[{"taxonomy":"product_brand","embeddable":true,"href":"https:\/\/airsystems.ge\/shop\/az\/wp-json\/wp\/v2\/product_brand?post=45994"},{"taxonomy":"product_cat","embeddable":true,"href":"https:\/\/airsystems.ge\/shop\/az\/wp-json\/wp\/v2\/product_cat?post=45994"},{"taxonomy":"product_tag","embeddable":true,"href":"https:\/\/airsystems.ge\/shop\/az\/wp-json\/wp\/v2\/product_tag?post=45994"}],"curies":[{"name":"wp","href":"https:\/\/api.w.org\/{rel}","templated":true}]}}