{"id":45941,"date":"2026-04-19T19:28:20","date_gmt":"2026-04-19T15:28:20","guid":{"rendered":"https:\/\/airsystems.ge\/shop\/product\/trotec-pd200-optical-inspection-pulse-current-measuring-system\/"},"modified":"2026-04-19T19:37:06","modified_gmt":"2026-04-19T15:37:06","slug":"trotec-pd200-optical-inspection-pulse-current-measuring-system","status":"publish","type":"product","link":"https:\/\/airsystems.ge\/shop\/az\/product\/trotec-pd200-optical-inspection-pulse-current-measuring-system\/","title":{"rendered":"Trotec PD200 \u2013 optik yoxlama \u0130mpuls c\u0259r\u0259yan\u0131 \u00f6l\u00e7m\u0259 sistemi"},"content":{"rendered":"<section class=\"max-w-[1088px] mx-auto w-full px-5 my-10 md:my-12 lg:my-16 xl:my-20 xl:px-0\" data-block=\"bullet-list\">\n<div class=\"md:text-center\">\n<h3 class=\"text-black font-bold text-lg md:text-xl lg:text-2xl\">\u018fsas x\u00fcsusiyy\u0259tl\u0259r<\/h3>\n<\/div>\n<div class=\"mt-6 md:mt-10\">\n<div class=\"flex flex-wrap\">\n<div class=\"w-full md:w-1\/2 auto-bullets md:pr-16\">\n<ul>\n<li class=\"text-sm md:text-base text-black mt-3 flex items-start\">\n<div class=\"pl-5\">\n<p>M\u00f6hk\u0259ml\u0259ndirici t\u0259b\u0259q\u0259 sisteml\u0259ri v\u0259 plastik \u00f6rt\u00fckl\u00fc \u0259\u015fyalar \u00fc\u00e7\u00fcn s\u00fcr\u0259tli s\u0131zma a\u015fkarlanmas\u0131<br \/>\nD\u00f6z\u00fcml\u00fc, s\u0131\u00e7ramaya davaml\u0131 n\u0259qliyyat qutusu dizayn\u0131<br \/>\n\u018fvv\u0259lki modeld\u0259n daha y\u00fcng\u00fcl v\u0259 daha kompakt<br \/>\nDa\u015f\u0131nmas\u0131 v\u0259 idar\u0259 edilm\u0259si \u00e7ox asand\u0131r<br \/>\n\u0130nteqrasiya olunmu\u015f q\u0131saqapanma testi, m\u0259s\u0259l\u0259n, asma n\u00f6qt\u0259l\u0259rini yoxlamaq \u00fc\u00e7\u00fcn<br \/>\n\u0130ste\u011fe ba\u011fl\u0131 \u00e7\u0131nq\u0131l caya\u011f\u0131, ilg\u0259k naqill\u0259rini \u00e7\u0131nq\u0131l doldurma alt\u0131na yerl\u0259\u015fdirm\u0259yi asanla\u015fd\u0131r\u0131r<\/p>\n<\/div>\n<\/li>\n<\/ul>\n<\/div>\n<\/div>\n<\/div>\n<\/section>\n<section class=\"max-w-[1088px] mx-auto w-full px-5 my-10 md:my-12 lg:my-16 xl:my-20 xl:px-0\" data-block=\"product-specifications\">\n<div class=\"md:text-center\">\n<h3 class=\"text-black font-bold text-lg md:text-xl lg:text-2xl\"><strong>Product specifications<\/strong><\/h3>\n<\/div>\n<div class=\"mt-6 md:mt-10\">\n<div class=\"lg:flex flex-wrap\">\n<div class=\"lg:mr-10 relative z-[1]\">\n<ul class=\"hidden lg:block\">\n<li>\n<h4 class=\"font-bold\">Select model:<\/h4>\n<\/li>\n<li class=\"mt-2\">Pulse\u00a0generator\u00a0PPD\u00a0200\u00a0G<\/li>\n<li class=\"mt-2\">Pulse\u00a0receiver\u00a0PD\u00a0200\u00a0E<\/li>\n<\/ul>\n<div data-mount=\"ProductSpecs\"><\/div>\n<\/div>\n<div class=\"lg:mt-0 md:mt-6 lg:flex-1\">\n<div id=\"spec-pulse-generator-ppd-200-g\" class=\"prose max-w-full md:overflow-auto\" data-spec-content=\"\">\n<div class=\"spreadsheet-container hidden md:block\">\n<table class=\"w-full table-fixed mb-0\">\n<thead>\n<tr>\n<th class=\"font-bold text-base\"><span class=\"block px-4\">Specifications<\/span><\/th>\n<th class=\"font-bold text-base text-center\"><span class=\"block px-10 md:px-20\">Units<\/span><\/th>\n<th class=\"font-bold text-base text-center will-change\"><span class=\"block px-4\">Pulse\u00a0generator\u00a0PPD\u00a0200\u00a0G<\/span><\/th>\n<\/tr>\n<\/thead>\n<tbody>\n<tr class=\"bg-grey-200\/50 p-2\">\n<td colspan=\"1\"><span class=\"block px-4\">Input voltage<\/span><\/td>\n<td class=\"text-center\">\n<div class=\"px-10 md:px-20 flex items-center justify-center\">V\/Hz<\/div>\n<\/td>\n<td class=\"text-center will-change\">\n<div class=\"px-10 md:px-20 flex items-center justify-center\">230-240\/1ph\/50-60<\/div>\n<\/td>\n<\/tr>\n<tr class=\" p-2\">\n<td colspan=\"1\"><span class=\"block px-4\">Battery<\/span><\/td>\n<td class=\"text-center\">\n<div class=\"px-10 md:px-20 flex items-center justify-center\"><\/div>\n<\/td>\n<td class=\"text-center will-change\">\n<div class=\"px-10 md:px-20 flex items-center justify-center\">&#8211;<\/div>\n<\/td>\n<\/tr>\n<tr class=\"bg-grey-200\/50 p-2\">\n<td colspan=\"1\"><span class=\"block px-4\">Product size (l x w x h)<\/span><\/td>\n<td class=\"text-center\">\n<div class=\"px-10 md:px-20 flex items-center justify-center\">mm<\/div>\n<\/td>\n<td class=\"text-center will-change\">\n<div class=\"px-10 md:px-20 flex items-center justify-center\">470 x 240 x 250<\/div>\n<\/td>\n<\/tr>\n<tr class=\" p-2\">\n<td colspan=\"1\"><span class=\"block px-4\">Weight<\/span><\/td>\n<td class=\"text-center\">\n<div class=\"px-10 md:px-20 flex items-center justify-center\">kg<\/div>\n<\/td>\n<td class=\"text-center will-change\">\n<div class=\"px-10 md:px-20 flex items-center justify-center\">8.6 (incl. accessories)<\/div>\n<\/td>\n<\/tr>\n<\/tbody>\n<\/table>\n<p>&nbsp;<\/p>\n<table class=\"w-full table-fixed mb-0\">\n<thead>\n<tr>\n<th class=\"font-bold text-base\"><span class=\"block px-4\">Specifications<\/span><\/th>\n<th class=\"font-bold text-base text-center\"><span class=\"block px-10 md:px-20\">Units<\/span><\/th>\n<th class=\"font-bold text-base text-center will-change\"><span class=\"block px-4\">Pulse\u00a0receiver\u00a0PD\u00a0200\u00a0E<\/span><\/th>\n<\/tr>\n<\/thead>\n<tbody>\n<tr class=\"bg-grey-200\/50 p-2\">\n<td colspan=\"1\"><span class=\"block px-4\">Input voltage<\/span><\/td>\n<td class=\"text-center\">\n<div class=\"px-10 md:px-20 flex items-center justify-center\">V\/Hz<\/div>\n<\/td>\n<td class=\"text-center will-change\">\n<div class=\"px-10 md:px-20 flex items-center justify-center\">&#8211;<\/div>\n<\/td>\n<\/tr>\n<tr class=\" p-2\">\n<td colspan=\"1\"><span class=\"block px-4\">Battery<\/span><\/td>\n<td class=\"text-center\">\n<div class=\"px-10 md:px-20 flex items-center justify-center\"><\/div>\n<\/td>\n<td class=\"text-center will-change\">\n<div class=\"px-10 md:px-20 flex items-center justify-center\">9 V, 6 x LR6 AA batteries<\/div>\n<\/td>\n<\/tr>\n<tr class=\"bg-grey-200\/50 p-2\">\n<td colspan=\"1\"><span class=\"block px-4\">Product size (l x w x h)<\/span><\/td>\n<td class=\"text-center\">\n<div class=\"px-10 md:px-20 flex items-center justify-center\">mm<\/div>\n<\/td>\n<td class=\"text-center will-change\">\n<div class=\"px-10 md:px-20 flex items-center justify-center\">160 x 80 x 55<\/div>\n<\/td>\n<\/tr>\n<tr class=\" p-2\">\n<td colspan=\"1\"><span class=\"block px-4\">Weight<\/span><\/td>\n<td class=\"text-center\">\n<div class=\"px-10 md:px-20 flex items-center justify-center\">kg<\/div>\n<\/td>\n<td class=\"text-center will-change\">\n<div class=\"px-10 md:px-20 flex items-center justify-center\">0.550 (incl. batteries)<\/div>\n<\/td>\n<\/tr>\n<\/tbody>\n<\/table>\n<\/div>\n<\/div>\n<\/div>\n<\/div>\n<\/div>\n<\/section>\n<section class=\"max-w-[1088px] mx-auto w-full px-5 my-10 md:my-12 lg:my-16 xl:my-20 xl:px-0\" data-block=\"link-list\">\n<div class=\"max-w-[1088px] mx-auto\">\n<div class=\"md:text-center\">\n<h3 class=\"text-black font-bold text-lg md:text-xl lg:text-2xl\">Uy\u011fundur:<\/h3>\n<\/div>\n<div class=\"mt-6 max-w-4xl mx-auto\">\n<div class=\"flex flex-wrap md:ml-20\">\n<div class=\"w-full md:w-1\/2 auto-bullets md:pr-16\">\n<ul>\n<li class=\"flex items-center gap-5 text-sm text-black mt-3 md:text-base lg:text-lg\">Arxivl\u0259r v\u0259 qoruma<br \/>\nKommersiya binalar\u0131<br \/>\nTikinti<br \/>\nS\u0259naye, fabrikl\u0259r v\u0259 istehsalat<br \/>\nYa\u015fay\u0131\u015f binalar\u0131<br \/>\nAnbarlar v\u0259 saxlama<br \/>\nSu z\u0259d\u0259l\u0259nm\u0259sinin b\u0259rpas\u0131<\/li>\n<\/ul>\n<\/div>\n<\/div>\n<\/div>\n<\/div>\n<\/section>\n","protected":false},"excerpt":{"rendered":"<p>PD200, bitum, elastomer, PE-HD v\u0259 dig\u0259r plastik t\u0259b\u0259q\u0259l\u0259r kimi ke\u00e7irici olmayan m\u00f6h\u00fcrl\u0259m\u0259 sisteml\u0259rind\u0259 torpaqlanm\u0131\u015f s\u0131zmalar\u0131 a\u015fkar etm\u0259k \u00fc\u00e7\u00fcn haz\u0131rlanm\u0131\u015f tam impuls c\u0259r\u0259yan\u0131 \u00f6l\u00e7m\u0259 sistemidir. Sistem s\u0131naq folqas\u0131na g\u0259rginlik verir. M\u0259nfi q\u00fctb m\u00f6h\u00fcrl\u0259m\u0259 s\u0259thind\u0259 yerl\u0259\u015fdirilmi\u015f v\u0259 m\u00fcsb\u0259t q\u00fctb m\u00fcvafiq m\u00f6h\u00fcrl\u0259m\u0259 t\u0259b\u0259q\u0259sinin alt t\u0259r\u0259fin\u0259 b\u0259rkidilmi\u015f torpaqlama kabeli olan dair\u0259vi d\u00f6vr\u0259 t\u0259tbiq olunur.<\/p>\n<p>Ke\u00e7irici s\u0259th n\u0259mliyi impuls generatoru vasit\u0259sil\u0259 \u00f6t\u00fcr\u00fcl\u0259n elektrik c\u0259r\u0259yan\u0131 \u00fc\u00e7\u00fcn bir kanal kimi \u00e7\u0131x\u0131\u015f edir. Bu c\u0259r\u0259yan ax\u0131n\u0131n\u0131n istiqam\u0259ti \u00f6l\u00e7m\u0259 \u00e7ubuqlar\u0131 istifad\u0259 edil\u0259r\u0259k a\u015fkar edilir v\u0259 impuls q\u0259buledicisind\u0259ki s\u0131zma n\u00f6qt\u0259sin\u0259 ged\u0259n yolu g\u00f6st\u0259rir. PD200 istifad\u0259 edil\u0259rk\u0259n, m\u00f6h\u00fcrl\u0259m\u0259nin v\u0259ziyy\u0259ti &#8211; \u00e7\u0131nq\u0131l v\u0259 ya bitki \u00f6rt\u00fcy\u00fc il\u0259 \u00f6rt\u00fclm\u00fc\u015f olsun &#8211; \u0259h\u0259miyy\u0259tsizdir. Yegan\u0259 t\u0259l\u0259b m\u00f6h\u00fcrl\u0259m\u0259 t\u0259b\u0259q\u0259sinin kifay\u0259t q\u0259d\u0259r doymas\u0131n\u0131 t\u0259min etm\u0259kdir.<\/p>\n<p>PD200 sistemi, impuls generatoru, impuls q\u0259buledicisi, iki \u00f6l\u00e7m\u0259 \u00e7ubu\u011fu, birl\u0259\u015fdirici kabel, 200 m ilg\u0259k naqill\u0259ri, 25 m torpaqlama kabeli uzant\u0131s\u0131 v\u0259 daha \u00e7oxunu ehtiva ed\u0259n praktik n\u0259qliyyat qutusunda standart olaraq t\u0259qdim olunur.<\/p>\n","protected":false},"featured_media":45942,"template":"","meta":[],"product_brand":[],"product_cat":[982,1004,841,1166,2032,820],"product_tag":[],"class_list":{"0":"post-45941","1":"product","2":"type-product","3":"status-publish","4":"has-post-thumbnail","6":"product_cat-condition-monitoring-az","7":"product_cat-leak-detection-az","8":"product_cat-location-and-detection-az","9":"product_cat-measurement-technology-az","10":"product_cat-olcm-cihazlari","11":"product_cat-olcm-texnologiyasi-cihazlari-altlri-az","13":"first","14":"instock","15":"shipping-taxable","16":"purchasable","17":"product-type-simple"},"_links":{"self":[{"href":"https:\/\/airsystems.ge\/shop\/az\/wp-json\/wp\/v2\/product\/45941","targetHints":{"allow":["GET"]}}],"collection":[{"href":"https:\/\/airsystems.ge\/shop\/az\/wp-json\/wp\/v2\/product"}],"about":[{"href":"https:\/\/airsystems.ge\/shop\/az\/wp-json\/wp\/v2\/types\/product"}],"wp:featuredmedia":[{"embeddable":true,"href":"https:\/\/airsystems.ge\/shop\/az\/wp-json\/wp\/v2\/media\/45942"}],"wp:attachment":[{"href":"https:\/\/airsystems.ge\/shop\/az\/wp-json\/wp\/v2\/media?parent=45941"}],"wp:term":[{"taxonomy":"product_brand","embeddable":true,"href":"https:\/\/airsystems.ge\/shop\/az\/wp-json\/wp\/v2\/product_brand?post=45941"},{"taxonomy":"product_cat","embeddable":true,"href":"https:\/\/airsystems.ge\/shop\/az\/wp-json\/wp\/v2\/product_cat?post=45941"},{"taxonomy":"product_tag","embeddable":true,"href":"https:\/\/airsystems.ge\/shop\/az\/wp-json\/wp\/v2\/product_tag?post=45941"}],"curies":[{"name":"wp","href":"https:\/\/api.w.org\/{rel}","templated":true}]}}