{"id":45825,"date":"2026-04-19T18:58:39","date_gmt":"2026-04-19T14:58:39","guid":{"rendered":"https:\/\/airsystems.ge\/shop\/product\/trotec-td200-laser-distance-meter-laser-distance-meter\/"},"modified":"2026-04-19T19:08:43","modified_gmt":"2026-04-19T15:08:43","slug":"trotec-td200-laser-distance-meter-laser-distance-meter","status":"publish","type":"product","link":"https:\/\/airsystems.ge\/shop\/az\/product\/trotec-td200-laser-distance-meter-laser-distance-meter\/","title":{"rendered":"2,231 Trotec TD200 \u2013 lazer m\u0259saf\u0259 \u00f6l\u00e7\u0259n cihaz Lazer m\u0259saf\u0259 \u00f6l\u00e7\u0259n cihaz"},"content":{"rendered":"<section class=\"max-w-[1088px] mx-auto w-full px-5 my-10 md:my-12 lg:my-16 xl:my-20 xl:px-0\" data-block=\"bullet-list\">\n<div class=\"md:text-center\">\n<h3 class=\"text-black font-bold text-lg md:text-xl lg:text-2xl\">\u018fsas x\u00fcsusiyy\u0259tl\u0259r<\/h3>\n<\/div>\n<div class=\"mt-6 md:mt-10\">\n<div class=\"flex flex-wrap\">\n<div class=\"w-full md:w-1\/2 auto-bullets md:pr-16\">\n<ul>\n<li class=\"text-sm md:text-base text-black mt-3 flex items-start\">\n<div class=\"pl-5\">\n<p>200 m-\u0259 q\u0259d\u0259r m\u0259saf\u0259ni lazerl\u0259 d\u0259qiq \u00f6l\u00e7m\u0259k \u00fc\u00e7\u00fcn pe\u015f\u0259kar m\u0259saf\u0259\u00f6l\u00e7\u0259n<br \/>\n360\u00b0 \u0259yilm\u0259 sensoru v\u0259 h\u0259d\u0259f tap\u0131c\u0131s\u0131 olan inteqrasiya olunmu\u015f r\u0259q\u0259msal kamera<br \/>\nMane\u0259l\u0259rd\u0259n ke\u00e7\u0259n qism\u0259n m\u0259saf\u0259 hesablamalar\u0131 v\u0259 dolay\u0131 \u00f6l\u00e7m\u0259l\u0259r \u00fc\u00e7\u00fcn Pifaqor funksiyalar\u0131<br \/>\nDair\u0259vi, d\u00fczbucaql\u0131 v\u0259 ya \u00fc\u00e7bucaql\u0131 sah\u0259l\u0259rin, qism\u0259n m\u0259saf\u0259l\u0259rin, el\u0259c\u0259 d\u0259 silindr h\u0259cml\u0259rinin avtomatik hesablanmas\u0131 \u00fc\u00e7\u00fcn geni\u015f funksiyalar<br \/>\nIP65 qoruma n\u00f6v\u00fc say\u0259sind\u0259 tikinti sah\u0259l\u0259ri \u00fc\u00e7\u00fcn uy\u011fun dizayn<br \/>\nR\u0259q\u0259msal spirt s\u0259viyy\u0259si v\u0259 \u015ftativ ba\u011flant\u0131s\u0131 il\u0259<br \/>\nOxunmas\u0131 asan, 4 s\u0259tirli \u00f6l\u00e7m\u0259 d\u0259y\u0259ri ekran\u0131<br \/>\n\u00d6n v\u0259 yan t\u0259r\u0259fd\u0259ki iki \u00f6l\u00e7m\u0259 d\u00fcym\u0259si say\u0259sind\u0259 s\u00fcr\u0259tli v\u0259 erqonomik \u00f6l\u00e7m\u0259l\u0259r<br \/>\nEkran\u0131n avtomatik f\u0131rlanmas\u0131<br \/>\nM\u0130N\/MAX funksiyas\u0131 il\u0259 fasil\u0259siz \u00f6l\u00e7m\u0259 rejimi<br \/>\n\u00d6l\u00e7m\u0259 n\u0259tic\u0259l\u0259rinin toplanmas\u0131 v\u0259 \u00e7\u0131x\u0131lmas\u0131<br \/>\n\u00d6n v\u0259 ya arxa k\u0259nardan, el\u0259c\u0259 d\u0259 \u015ftativd\u0259n \u00f6l\u00e7m\u0259k \u00fc\u00e7\u00fcn \u00fc\u00e7 se\u00e7il\u0259 bil\u0259n istinad n\u00f6qt\u0259si<br \/>\nS\u0259ssizl\u0259\u015fdirm\u0259 funksiyas\u0131<br \/>\n\u0130nduktiv \u015farj se\u00e7imi<br \/>\nBluetooth funksiyas\u0131 \u2013 qar\u015f\u0131dan g\u0259l\u0259n t\u0259tbiq yenilikl\u0259ri \u00fc\u00e7\u00fcn inteqrasiya olunmu\u015f g\u0259l\u0259c\u0259kd\u0259 istifad\u0259 edil\u0259 bil\u0259n h\u0259ll<br \/>\n1000 \u00f6l\u00e7\u00fclm\u00fc\u015f d\u0259y\u0259r v\u0259 100 ekran g\u00f6r\u00fcnt\u00fcs\u00fc \u00fc\u00e7\u00fcn yadda\u015f<\/p>\n<\/div>\n<\/li>\n<\/ul>\n<\/div>\n<\/div>\n<\/div>\n<\/section>\n<section class=\"max-w-[1088px] mx-auto w-full px-5 my-10 md:my-12 lg:my-16 xl:my-20 xl:px-0\" data-block=\"product-specifications\">\n<div class=\"md:text-center\">\n<h3 class=\"text-black font-bold text-lg md:text-xl lg:text-2xl\"><strong>Product specifications<\/strong><\/h3>\n<\/div>\n<div class=\" md:mt-10\">\n<div class=\"\">\n<div class=\"lg:mt-0 \">\n<div id=\"spec-td200\" class=\"prose max-w-full md:overflow-auto\" data-spec-content=\"\">\n<div class=\"spreadsheet-container hidden md:block\">\n<table class=\"w-full table-fixed mb-0\">\n<thead>\n<tr>\n<th class=\"font-bold text-base\"><span class=\"block px-4\">Specifications<\/span><\/th>\n<th class=\"font-bold text-base text-center\"><span class=\"block px-10 md:px-20\">Units<\/span><\/th>\n<th class=\"font-bold text-base text-center will-change\"><span class=\"block px-4\">TD200<\/span><\/th>\n<\/tr>\n<\/thead>\n<tbody>\n<tr class=\"bg-grey-200\/50 p-2\">\n<td colspan=\"1\"><span class=\"block px-4\">Distance measurement &#8211; Measuring range<\/span><\/td>\n<td class=\"text-center\">\n<div class=\"px-10 md:px-20 flex items-center justify-center\">m<\/div>\n<\/td>\n<td class=\"text-center will-change\">\n<div class=\"px-10 md:px-20 flex items-center justify-center\">0.2 to 200<\/div>\n<\/td>\n<\/tr>\n<tr class=\" p-2\">\n<td colspan=\"1\"><span class=\"block px-4\">Distance measurement &#8211; Resolution (typ. measurement accuracy)<\/span><\/td>\n<td class=\"text-center\">\n<div class=\"px-10 md:px-20 flex items-center justify-center\">mm<\/div>\n<\/td>\n<td class=\"text-center will-change\">\n<div class=\"px-10 md:px-20 flex items-center justify-center\">0.1 (\u00b1 2)<\/div>\n<\/td>\n<\/tr>\n<tr class=\"bg-grey-200\/50 p-2\">\n<td colspan=\"1\"><span class=\"block px-4\">Inclination measurement &#8211; Measuring range (display)<\/span><\/td>\n<td class=\"text-center\">\n<div class=\"px-10 md:px-20 flex items-center justify-center\">\u00b0<\/div>\n<\/td>\n<td class=\"text-center will-change\">\n<div class=\"px-10 md:px-20 flex items-center justify-center\">360 (\u00b1 90)<\/div>\n<\/td>\n<\/tr>\n<tr class=\" p-2\">\n<td colspan=\"1\"><span class=\"block px-4\">Inclination measurement &#8211; Typ. measurement accuracy<\/span><\/td>\n<td class=\"text-center\">\n<div class=\"px-10 md:px-20 flex items-center justify-center\">\u00b0<\/div>\n<\/td>\n<td class=\"text-center will-change\">\n<div class=\"px-10 md:px-20 flex items-center justify-center\">\u00b1 0.3<\/div>\n<\/td>\n<\/tr>\n<tr class=\"bg-grey-200\/50 p-2\">\n<td colspan=\"1\"><span class=\"block px-4\">Selectable units<\/span><\/td>\n<td class=\"text-center\">\n<div class=\"px-10 md:px-20 flex items-center justify-center\"><\/div>\n<\/td>\n<td class=\"text-center will-change\">\n<div class=\"px-10 md:px-20 flex items-center justify-center\">m, ft, in<\/div>\n<\/td>\n<\/tr>\n<tr class=\" p-2\">\n<td colspan=\"1\"><span class=\"block px-4\">Laser class \/ laser output<\/span><\/td>\n<td class=\"text-center\">\n<div class=\"px-10 md:px-20 flex items-center justify-center\">M\/mW<\/div>\n<\/td>\n<td class=\"text-center will-change\">\n<div class=\"px-10 md:px-20 flex items-center justify-center\">2\/&lt;1<\/div>\n<\/td>\n<\/tr>\n<tr class=\"bg-grey-200\/50 p-2\">\n<td colspan=\"1\"><span class=\"block px-4\">Display<\/span><\/td>\n<td class=\"text-center\">\n<div class=\"px-10 md:px-20 flex items-center justify-center\"><\/div>\n<\/td>\n<td class=\"text-center will-change\">\n<div class=\"px-10 md:px-20 flex items-center justify-center\">3-inch colour LCD, 360 x 640 px<\/div>\n<\/td>\n<\/tr>\n<tr class=\" p-2\">\n<td colspan=\"1\"><span class=\"block px-4\">Tripod connection<\/span><\/td>\n<td class=\"text-center\">\n<div class=\"px-10 md:px-20 flex items-center justify-center\"><\/div>\n<\/td>\n<td class=\"text-center will-change\">\n<div class=\"px-10 md:px-20 flex items-center justify-center\">\u00bc\u00a0inch<\/div>\n<\/td>\n<\/tr>\n<tr class=\"bg-grey-200\/50 p-2\">\n<td colspan=\"1\"><span class=\"block px-4\">Power supply<\/span><\/td>\n<td class=\"text-center\">\n<div class=\"px-10 md:px-20 flex items-center justify-center\">Batterie<\/div>\n<\/td>\n<td class=\"text-center will-change\">\n<div class=\"px-10 md:px-20 flex items-center justify-center\">Battery (3 x 1.2 V AAA Ni-MH)<\/div>\n<\/td>\n<\/tr>\n<tr class=\" p-2\">\n<td colspan=\"1\"><span class=\"block px-4\">Ports<\/span><\/td>\n<td class=\"text-center\">\n<div class=\"px-10 md:px-20 flex items-center justify-center\"><\/div>\n<\/td>\n<td class=\"text-center will-change\">\n<div class=\"px-10 md:px-20 flex items-center justify-center\">MicroUSB, Bluetooth<\/div>\n<\/td>\n<\/tr>\n<tr class=\"bg-grey-200\/50 p-2\">\n<td colspan=\"1\"><span class=\"block px-4\">Integrated camera<\/span><\/td>\n<td class=\"text-center\">\n<div class=\"px-10 md:px-20 flex items-center justify-center\"><\/div>\n<\/td>\n<td class=\"text-center will-change\">\n<div class=\"px-10 md:px-20 flex items-center justify-center\">3x zoom<\/div>\n<\/td>\n<\/tr>\n<tr class=\" p-2\">\n<td colspan=\"1\"><span class=\"block px-4\">Memory<\/span><\/td>\n<td class=\"text-center\">\n<div class=\"px-10 md:px-20 flex items-center justify-center\"><\/div>\n<\/td>\n<td class=\"text-center will-change\">\n<div class=\"px-10 md:px-20 flex items-center justify-center\">1,000 measurements, 100 screenshots<\/div>\n<\/td>\n<\/tr>\n<tr class=\"bg-grey-200\/50 p-2\">\n<td colspan=\"1\"><span class=\"block px-4\">Type of protection<\/span><\/td>\n<td class=\"text-center\">\n<div class=\"px-10 md:px-20 flex items-center justify-center\"><\/div>\n<\/td>\n<td class=\"text-center will-change\">\n<div class=\"px-10 md:px-20 flex items-center justify-center\">IP65<\/div>\n<\/td>\n<\/tr>\n<tr class=\" p-2\">\n<td colspan=\"1\"><span class=\"block px-4\">Fall protection<\/span><\/td>\n<td class=\"text-center\">\n<div class=\"px-10 md:px-20 flex items-center justify-center\"><\/div>\n<\/td>\n<td class=\"text-center will-change\">\n<div class=\"px-10 md:px-20 flex items-center justify-center\">Up to a drop height of 1 m<\/div>\n<\/td>\n<\/tr>\n<tr class=\"bg-grey-200\/50 p-2\">\n<td colspan=\"1\"><span class=\"block px-4\">Minimum\/maximum value display<\/span><\/td>\n<td class=\"text-center\">\n<div class=\"px-10 md:px-20 flex items-center justify-center\"><\/div>\n<\/td>\n<td class=\"text-center will-change\">\n<div class=\"px-10 md:px-20 flex items-center justify-center\">Yes\/Yes<\/div>\n<\/td>\n<\/tr>\n<tr class=\" p-2\">\n<td colspan=\"1\"><span class=\"block px-4\">Automatic switch-of<\/span><\/td>\n<td class=\"text-center\">\n<div class=\"px-10 md:px-20 flex items-center justify-center\"><\/div>\n<\/td>\n<td class=\"text-center will-change\">\n<div class=\"px-10 md:px-20 flex items-center justify-center\">Yes<\/div>\n<\/td>\n<\/tr>\n<tr class=\"bg-grey-200\/50 p-2\">\n<td colspan=\"1\"><span class=\"block px-4\">2-point Pythagoras function<\/span><\/td>\n<td class=\"text-center\">\n<div class=\"px-10 md:px-20 flex items-center justify-center\"><\/div>\n<\/td>\n<td class=\"text-center will-change\">\n<div class=\"px-10 md:px-20 flex items-center justify-center\">Yes<\/div>\n<\/td>\n<\/tr>\n<tr class=\" p-2\">\n<td colspan=\"1\"><span class=\"block px-4\">3-point Pythagoras for indirect height measurements<\/span><\/td>\n<td class=\"text-center\">\n<div class=\"px-10 md:px-20 flex items-center justify-center\"><\/div>\n<\/td>\n<td class=\"text-center will-change\">\n<div class=\"px-10 md:px-20 flex items-center justify-center\">Yes<\/div>\n<\/td>\n<\/tr>\n<tr class=\"bg-grey-200\/50 p-2\">\n<td colspan=\"1\"><span class=\"block px-4\">3-point Pythagoras for partial distance measurements<\/span><\/td>\n<td class=\"text-center\">\n<div class=\"px-10 md:px-20 flex items-center justify-center\"><\/div>\n<\/td>\n<td class=\"text-center will-change\">\n<div class=\"px-10 md:px-20 flex items-center justify-center\">Yes<\/div>\n<\/td>\n<\/tr>\n<tr class=\" p-2\">\n<td colspan=\"1\"><span class=\"block px-4\">Automatic height measurements<\/span><\/td>\n<td class=\"text-center\">\n<div class=\"px-10 md:px-20 flex items-center justify-center\"><\/div>\n<\/td>\n<td class=\"text-center will-change\">\n<div class=\"px-10 md:px-20 flex items-center justify-center\">Yes<\/div>\n<\/td>\n<\/tr>\n<tr class=\"bg-grey-200\/50 p-2\">\n<td colspan=\"1\"><span class=\"block px-4\">Indirect length measurements<\/span><\/td>\n<td class=\"text-center\">\n<div class=\"px-10 md:px-20 flex items-center justify-center\"><\/div>\n<\/td>\n<td class=\"text-center will-change\">\n<div class=\"px-10 md:px-20 flex items-center justify-center\">Yes<\/div>\n<\/td>\n<\/tr>\n<tr class=\" p-2\">\n<td colspan=\"1\"><span class=\"block px-4\">Rectangular area calculation<\/span><\/td>\n<td class=\"text-center\">\n<div class=\"px-10 md:px-20 flex items-center justify-center\"><\/div>\n<\/td>\n<td class=\"text-center will-change\">\n<div class=\"px-10 md:px-20 flex items-center justify-center\">Yes<\/div>\n<\/td>\n<\/tr>\n<tr class=\"bg-grey-200\/50 p-2\">\n<td colspan=\"1\"><span class=\"block px-4\">Volume measurement<\/span><\/td>\n<td class=\"text-center\">\n<div class=\"px-10 md:px-20 flex items-center justify-center\"><\/div>\n<\/td>\n<td class=\"text-center will-change\">\n<div class=\"px-10 md:px-20 flex items-center justify-center\">Yes<\/div>\n<\/td>\n<\/tr>\n<tr class=\" p-2\">\n<td colspan=\"1\"><span class=\"block px-4\">Circular area calculation<\/span><\/td>\n<td class=\"text-center\">\n<div class=\"px-10 md:px-20 flex items-center justify-center\"><\/div>\n<\/td>\n<td class=\"text-center will-change\">\n<div class=\"px-10 md:px-20 flex items-center justify-center\">Yes<\/div>\n<\/td>\n<\/tr>\n<tr class=\"bg-grey-200\/50 p-2\">\n<td colspan=\"1\"><span class=\"block px-4\">Cylinder volume calculation<\/span><\/td>\n<td class=\"text-center\">\n<div class=\"px-10 md:px-20 flex items-center justify-center\"><\/div>\n<\/td>\n<td class=\"text-center will-change\">\n<div class=\"px-10 md:px-20 flex items-center justify-center\">Yes<\/div>\n<\/td>\n<\/tr>\n<tr class=\" p-2\">\n<td colspan=\"1\"><span class=\"block px-4\">Point-to-point distance measurement<\/span><\/td>\n<td class=\"text-center\">\n<div class=\"px-10 md:px-20 flex items-center justify-center\"><\/div>\n<\/td>\n<td class=\"text-center will-change\">\n<div class=\"px-10 md:px-20 flex items-center justify-center\">Yes<\/div>\n<\/td>\n<\/tr>\n<tr class=\"bg-grey-200\/50 p-2\">\n<td colspan=\"1\"><span class=\"block px-4\">Triangular area calculation<\/span><\/td>\n<td class=\"text-center\">\n<div class=\"px-10 md:px-20 flex items-center justify-center\"><\/div>\n<\/td>\n<td class=\"text-center will-change\">\n<div class=\"px-10 md:px-20 flex items-center justify-center\">Yes<\/div>\n<\/td>\n<\/tr>\n<tr class=\" p-2\">\n<td colspan=\"1\"><span class=\"block px-4\">Stake-out function<\/span><\/td>\n<td class=\"text-center\">\n<div class=\"px-10 md:px-20 flex items-center justify-center\"><\/div>\n<\/td>\n<td class=\"text-center will-change\">\n<div class=\"px-10 md:px-20 flex items-center justify-center\">Yes<\/div>\n<\/td>\n<\/tr>\n<tr class=\"bg-grey-200\/50 p-2\">\n<td colspan=\"1\"><span class=\"block px-4\">Trapezoidal function<\/span><\/td>\n<td class=\"text-center\">\n<div class=\"px-10 md:px-20 flex items-center justify-center\"><\/div>\n<\/td>\n<td class=\"text-center will-change\">\n<div class=\"px-10 md:px-20 flex items-center justify-center\">Yes<\/div>\n<\/td>\n<\/tr>\n<tr class=\" p-2\">\n<td colspan=\"1\"><span class=\"block px-4\">Non-stop measuring function<\/span><\/td>\n<td class=\"text-center\">\n<div class=\"px-10 md:px-20 flex items-center justify-center\"><\/div>\n<\/td>\n<td class=\"text-center will-change\">\n<div class=\"px-10 md:px-20 flex items-center justify-center\">Yes<\/div>\n<\/td>\n<\/tr>\n<tr class=\"bg-grey-200\/50 p-2\">\n<td colspan=\"1\"><span class=\"block px-4\">Addition\u00a0\/ subtraction<\/span><\/td>\n<td class=\"text-center\">\n<div class=\"px-10 md:px-20 flex items-center justify-center\"><\/div>\n<\/td>\n<td class=\"text-center will-change\">\n<div class=\"px-10 md:px-20 flex items-center justify-center\">Yes\/Yes<\/div>\n<\/td>\n<\/tr>\n<tr class=\" p-2\">\n<td colspan=\"1\"><span class=\"block px-4\">Target finder<\/span><\/td>\n<td class=\"text-center\">\n<div class=\"px-10 md:px-20 flex items-center justify-center\"><\/div>\n<\/td>\n<td class=\"text-center will-change\">\n<div class=\"px-10 md:px-20 flex items-center justify-center\">Yes<\/div>\n<\/td>\n<\/tr>\n<tr class=\"bg-grey-200\/50 p-2\">\n<td colspan=\"1\"><span class=\"block px-4\">Automatic screen rotation<\/span><\/td>\n<td class=\"text-center\">\n<div class=\"px-10 md:px-20 flex items-center justify-center\"><\/div>\n<\/td>\n<td class=\"text-center will-change\">\n<div class=\"px-10 md:px-20 flex items-center justify-center\">Yes<\/div>\n<\/td>\n<\/tr>\n<tr class=\" p-2\">\n<td colspan=\"1\"><span class=\"block px-4\">Light\/dark mode display indication<\/span><\/td>\n<td class=\"text-center\">\n<div class=\"px-10 md:px-20 flex items-center justify-center\"><\/div>\n<\/td>\n<td class=\"text-center will-change\">\n<div class=\"px-10 md:px-20 flex items-center justify-center\">Yes<\/div>\n<\/td>\n<\/tr>\n<tr class=\"bg-grey-200\/50 p-2\">\n<td colspan=\"1\"><span class=\"block px-4\">Tilt sensor<\/span><\/td>\n<td class=\"text-center\">\n<div class=\"px-10 md:px-20 flex items-center justify-center\"><\/div>\n<\/td>\n<td class=\"text-center will-change\">\n<div class=\"px-10 md:px-20 flex items-center justify-center\">Yes<\/div>\n<\/td>\n<\/tr>\n<tr class=\" p-2\">\n<td colspan=\"1\"><span class=\"block px-4\">Digital spirit level<\/span><\/td>\n<td class=\"text-center\">\n<div class=\"px-10 md:px-20 flex items-center justify-center\"><\/div>\n<\/td>\n<td class=\"text-center will-change\">\n<div class=\"px-10 md:px-20 flex items-center justify-center\">Yes<\/div>\n<\/td>\n<\/tr>\n<tr class=\"bg-grey-200\/50 p-2\">\n<td colspan=\"1\"><span class=\"block px-4\">Self-timer for time-delayed measurements<\/span><\/td>\n<td class=\"text-center\">\n<div class=\"px-10 md:px-20 flex items-center justify-center\"><\/div>\n<\/td>\n<td class=\"text-center will-change\">\n<div class=\"px-10 md:px-20 flex items-center justify-center\">Yes<\/div>\n<\/td>\n<\/tr>\n<tr class=\" p-2\">\n<td colspan=\"1\"><span class=\"block px-4\">Inductive charging option<\/span><\/td>\n<td class=\"text-center\">\n<div class=\"px-10 md:px-20 flex items-center justify-center\"><\/div>\n<\/td>\n<td class=\"text-center will-change\">\n<div class=\"px-10 md:px-20 flex items-center justify-center\">Yes<\/div>\n<\/td>\n<\/tr>\n<tr class=\"bg-grey-200\/50 p-2\">\n<td colspan=\"1\"><span class=\"block px-4\">Acoustic signal<\/span><\/td>\n<td class=\"text-center\">\n<div class=\"px-10 md:px-20 flex items-center justify-center\"><\/div>\n<\/td>\n<td class=\"text-center will-change\">\n<div class=\"px-10 md:px-20 flex items-center justify-center\">Yes<\/div>\n<\/td>\n<\/tr>\n<tr class=\" p-2\">\n<td colspan=\"1\"><span class=\"block px-4\">Reference point selection<\/span><\/td>\n<td class=\"text-center\">\n<div class=\"px-10 md:px-20 flex items-center justify-center\"><\/div>\n<\/td>\n<td class=\"text-center will-change\">\n<div class=\"px-10 md:px-20 flex items-center justify-center\">Top, bottom, tripod<\/div>\n<\/td>\n<\/tr>\n<tr class=\"bg-grey-200\/50 p-2\">\n<td colspan=\"1\"><span class=\"block px-4\">Product size (l x w x h)<\/span><\/td>\n<td class=\"text-center\">\n<div class=\"px-10 md:px-20 flex items-center justify-center\">mm<\/div>\n<\/td>\n<td class=\"text-center will-change\">\n<div class=\"px-10 md:px-20 flex items-center justify-center\">28 x 54 x 130<\/div>\n<\/td>\n<\/tr>\n<tr class=\" p-2\">\n<td colspan=\"1\"><span class=\"block px-4\">Weight<\/span><\/td>\n<td class=\"text-center\">\n<div class=\"px-10 md:px-20 flex items-center justify-center\">g<\/div>\n<\/td>\n<td class=\"text-center will-change\">\n<div class=\"px-10 md:px-20 flex items-center justify-center\">190<\/div>\n<\/td>\n<\/tr>\n<\/tbody>\n<\/table>\n<\/div>\n<\/div>\n<\/div>\n<\/div>\n<\/div>\n<\/section>\n<section class=\"max-w-[1088px] mx-auto w-full px-5 my-10 md:my-12 lg:my-16 xl:my-20 xl:px-0\" data-block=\"link-list\">\n<div class=\"max-w-[1088px] mx-auto\">\n<div class=\"md:text-center\">\n<h3 class=\"text-black font-bold text-lg md:text-xl lg:text-2xl\">Uy\u011fundur:<\/h3>\n<\/div>\n<div class=\"mt-6 max-w-4xl mx-auto\">\n<div class=\"flex flex-wrap md:ml-20\">\n<div class=\"w-full md:w-1\/2 auto-bullets md:pr-16\">\n<ul>\n<li class=\"flex items-center gap-5 text-sm text-black mt-3 md:text-base lg:text-lg\">Kommersiya binalar<br \/>\nTikinti<br \/>\n\u0130rs obyektl\u0259ri<br \/>\nS\u0259naye, fabrikl\u0259r v\u0259 istehsalat<br \/>\nMuzeyl\u0259r v\u0259 qalereyalar<br \/>\nYa\u015fay\u0131\u015f binalar\u0131<br \/>\nAnbarlar v\u0259 saxlama yerl\u0259ri<\/li>\n<\/ul>\n<\/div>\n<\/div>\n<\/div>\n<\/div>\n<\/section>\n","protected":false},"excerpt":{"rendered":"<p>Pal\u00e7\u0131q, ya\u011f\u0131\u015f v\u0259 ya toz TD200-\u00fcn \u00f6l\u00e7m\u0259sin\u0259 mane olmur. \u00c7\u00fcnki flaqman m\u0259saf\u0259 \u00f6l\u00e7\u0259n cihaz\u0131m\u0131z\u0131n son d\u0259r\u0259c\u0259 m\u00f6hk\u0259m IP65 konstruksiyas\u0131 1 m-\u0259 q\u0259d\u0259r d\u00fc\u015fm\u0259l\u0259r\u0259 asanl\u0131qla davam g\u0259tirir v\u0259 su jetin\u0259, el\u0259c\u0259 d\u0259 toza davaml\u0131d\u0131r. Bu, cihaz\u0131 h\u0259tta axar suyun alt\u0131nda bel\u0259 t\u0259mizl\u0259m\u0259y\u0259 imkan verir v\u0259 TD200-\u00fc g\u00fcnd\u0259lik tikinti sah\u0259l\u0259ri \u00fc\u00e7\u00fcn ideal se\u00e7im edir.<\/p>\n<p>Onun daxili d\u0259y\u0259rl\u0259ri eyni d\u0259r\u0259c\u0259d\u0259 t\u0259sirlidir: 15 f\u0259rqli \u00f6l\u00e7m\u0259 rejimi he\u00e7 n\u0259yi arzuolunmaz hala g\u0259tirmir. Birba\u015fa v\u0259 ya dolay\u0131 m\u0259saf\u0259 v\u0259 h\u00fcnd\u00fcrl\u00fck \u00f6l\u00e7m\u0259l\u0259rin\u0259 \u0259lav\u0259 olaraq, TD200 dair\u0259vi, d\u00fczbucaql\u0131 v\u0259 ya \u00fc\u00e7bucaq sah\u0259l\u0259ri, qism\u0259n m\u0259saf\u0259l\u0259ri v\u0259 ya silindr h\u0259cml\u0259rini tez v\u0259 etibarl\u0131 \u015f\u0259kild\u0259 hesablay\u0131r. R\u0259q\u0259msal kameran\u0131n 3x b\u00f6y\u00fctm\u0259, h\u0259d\u0259f tap\u0131c\u0131s\u0131 v\u0259 360\u00b0 \u0259yilm\u0259 sensoru il\u0259 usta qar\u015f\u0131l\u0131ql\u0131 t\u0259siri yaln\u0131z 200 metr\u0259 q\u0259d\u0259r d\u0259qiq uzun m\u0259saf\u0259 \u00f6l\u00e7m\u0259l\u0259rini deyil, h\u0259m d\u0259 \u0259n\u0259n\u0259vi cihazlarla asanl\u0131qla h\u0259yata ke\u00e7iril\u0259 bilm\u0259y\u0259n bir \u00e7ox \u00f6l\u00e7m\u0259 t\u0259tbiql\u0259rini t\u0259min edir.<\/p>\n","protected":false},"featured_media":45826,"template":"","meta":[],"product_brand":[],"product_cat":[843,1166,822,2032,820],"product_tag":[],"class_list":{"0":"post-45825","1":"product","2":"type-product","3":"status-publish","4":"has-post-thumbnail","6":"product_cat-distance-measurement-az","7":"product_cat-measurement-technology-az","8":"product_cat-measurement-tools-az","9":"product_cat-olcm-cihazlari","10":"product_cat-olcm-texnologiyasi-cihazlari-altlri-az","12":"first","13":"instock","14":"shipping-taxable","15":"product-type-simple"},"_links":{"self":[{"href":"https:\/\/airsystems.ge\/shop\/az\/wp-json\/wp\/v2\/product\/45825","targetHints":{"allow":["GET"]}}],"collection":[{"href":"https:\/\/airsystems.ge\/shop\/az\/wp-json\/wp\/v2\/product"}],"about":[{"href":"https:\/\/airsystems.ge\/shop\/az\/wp-json\/wp\/v2\/types\/product"}],"wp:featuredmedia":[{"embeddable":true,"href":"https:\/\/airsystems.ge\/shop\/az\/wp-json\/wp\/v2\/media\/45826"}],"wp:attachment":[{"href":"https:\/\/airsystems.ge\/shop\/az\/wp-json\/wp\/v2\/media?parent=45825"}],"wp:term":[{"taxonomy":"product_brand","embeddable":true,"href":"https:\/\/airsystems.ge\/shop\/az\/wp-json\/wp\/v2\/product_brand?post=45825"},{"taxonomy":"product_cat","embeddable":true,"href":"https:\/\/airsystems.ge\/shop\/az\/wp-json\/wp\/v2\/product_cat?post=45825"},{"taxonomy":"product_tag","embeddable":true,"href":"https:\/\/airsystems.ge\/shop\/az\/wp-json\/wp\/v2\/product_tag?post=45825"}],"curies":[{"name":"wp","href":"https:\/\/api.w.org\/{rel}","templated":true}]}}