{"id":45784,"date":"2026-04-19T17:47:02","date_gmt":"2026-04-19T13:47:02","guid":{"rendered":"https:\/\/airsystems.ge\/shop\/product\/trotec-ld6-sound-locator-sound-locator-for-electro-acoustic-leak-detection\/"},"modified":"2026-04-19T17:55:22","modified_gmt":"2026-04-19T13:55:22","slug":"trotec-ld6-sound-locator-sound-locator-for-electro-acoustic-leak-detection","status":"publish","type":"product","link":"https:\/\/airsystems.ge\/shop\/az\/product\/trotec-ld6-sound-locator-sound-locator-for-electro-acoustic-leak-detection\/","title":{"rendered":"Trotec LD6 \u2013 s\u0259s lokatoru Elektroakustik s\u0131zma a\u015fkarlanmas\u0131 \u00fc\u00e7\u00fcn s\u0259s lokatoru"},"content":{"rendered":"<section class=\"max-w-[1088px] mx-auto w-full px-5 my-10 md:my-12 lg:my-16 xl:my-20 xl:px-0\" data-block=\"bullet-list\">\n<div class=\"md:text-center\">\n<h3 class=\"text-black font-bold text-lg md:text-xl lg:text-2xl\">\u018fsas x\u00fcsusiyy\u0259tl\u0259r<\/h3>\n<\/div>\n<div class=\"mt-6 md:mt-10\">\n<div class=\"flex flex-wrap\">\n<div class=\"w-full md:w-1\/2 auto-bullets md:pr-16\">\n<ul>\n<li class=\"text-sm md:text-base text-black mt-3 flex items-start\">\n<div class=\"pl-5\">\n<p>Kompakt cib \u00f6l\u00e7\u00fcl\u00fc s\u0259s lokatoru<br \/>\nAsan t\u0259k d\u00fcym\u0259li idar\u0259etm\u0259<br \/>\nY\u00fcks\u0259k v\u0259 a\u015fa\u011f\u0131 tezlikl\u0259r \u00fc\u00e7\u00fcn filtr d\u00fcym\u0259si<br \/>\n8 m\u0259rh\u0259l\u0259li s\u0259viyy\u0259 g\u00f6st\u0259ricisi<br \/>\nBluetooth qulaql\u0131qlar\u0131na simsiz s\u0259s \u00f6t\u00fcr\u00fclm\u0259si<br \/>\nT\u0259krar doldurulan batareya say\u0259sind\u0259 h\u0259mi\u015f\u0259 istifad\u0259y\u0259 haz\u0131rd\u0131r<\/p>\n<\/div>\n<\/li>\n<\/ul>\n<\/div>\n<\/div>\n<\/div>\n<\/section>\n<section class=\"max-w-[1088px] mx-auto w-full px-5 my-10 md:my-12 lg:my-16 xl:my-20 xl:px-0\" data-block=\"product-specifications\">\n<div class=\"md:text-center\">\n<h3 class=\"text-black font-bold text-lg md:text-xl lg:text-2xl\"><strong>Product specifications<\/strong><\/h3>\n<\/div>\n<div class=\" md:mt-10\">\n<div class=\"\">\n<div class=\"lg:mt-0 \">\n<div id=\"spec-ld6\" class=\"prose max-w-full md:overflow-auto\" data-spec-content=\"\">\n<div class=\"spreadsheet-container hidden md:block\">\n<table class=\"w-full table-fixed mb-0\">\n<thead>\n<tr>\n<th class=\"font-bold text-base\"><span class=\"block px-4\">Specifications<\/span><\/th>\n<th class=\"font-bold text-base text-center\"><span class=\"block px-10 md:px-20\">Units<\/span><\/th>\n<th class=\"font-bold text-base text-center will-change\"><span class=\"block px-4\">LD6<\/span><\/th>\n<\/tr>\n<\/thead>\n<tbody>\n<tr class=\"bg-grey-200\/50 p-2\">\n<td colspan=\"1\"><span class=\"block px-4\">Leak status<\/span><\/td>\n<td class=\"text-center\">\n<div class=\"px-10 md:px-20 flex items-center justify-center\"><\/div>\n<\/td>\n<td class=\"text-center will-change\">\n<div class=\"px-10 md:px-20 flex items-center justify-center\">LED indicator, acoustic sound reception<\/div>\n<\/td>\n<\/tr>\n<tr class=\" p-2\">\n<td colspan=\"1\"><span class=\"block px-4\">Indicator resolution<\/span><\/td>\n<td class=\"text-center\">\n<div class=\"px-10 md:px-20 flex items-center justify-center\"><\/div>\n<\/td>\n<td class=\"text-center will-change\">\n<div class=\"px-10 md:px-20 flex items-center justify-center\">Sound levels 0 to 8<\/div>\n<\/td>\n<\/tr>\n<tr class=\"bg-grey-200\/50 p-2\">\n<td colspan=\"1\"><span class=\"block px-4\">Functions<\/span><\/td>\n<td class=\"text-center\">\n<div class=\"px-10 md:px-20 flex items-center justify-center\"><\/div>\n<\/td>\n<td class=\"text-center will-change\">\n<div class=\"px-10 md:px-20 flex items-center justify-center\">Filter setting high\/low<\/div>\n<\/td>\n<\/tr>\n<tr class=\" p-2\">\n<td colspan=\"1\"><span class=\"block px-4\">Transmission standard<\/span><\/td>\n<td class=\"text-center\">\n<div class=\"px-10 md:px-20 flex items-center justify-center\"><\/div>\n<\/td>\n<td class=\"text-center will-change\">\n<div class=\"px-10 md:px-20 flex items-center justify-center\">Bluetooth 2.0<\/div>\n<\/td>\n<\/tr>\n<tr class=\"bg-grey-200\/50 p-2\">\n<td colspan=\"1\"><span class=\"block px-4\">Transmission range<\/span><\/td>\n<td class=\"text-center\">\n<div class=\"px-10 md:px-20 flex items-center justify-center\">m<\/div>\n<\/td>\n<td class=\"text-center will-change\">\n<div class=\"px-10 md:px-20 flex items-center justify-center\">Approx. 10<\/div>\n<\/td>\n<\/tr>\n<tr class=\" p-2\">\n<td colspan=\"1\"><span class=\"block px-4\">Power supply LD6<\/span><\/td>\n<td class=\"text-center\">\n<div class=\"px-10 md:px-20 flex items-center justify-center\"><\/div>\n<\/td>\n<td class=\"text-center will-change\">\n<div class=\"px-10 md:px-20 flex items-center justify-center\">NiMH battery<\/div>\n<\/td>\n<\/tr>\n<tr class=\"bg-grey-200\/50 p-2\">\n<td colspan=\"1\"><span class=\"block px-4\">Power supply headphones<\/span><\/td>\n<td class=\"text-center\">\n<div class=\"px-10 md:px-20 flex items-center justify-center\"><\/div>\n<\/td>\n<td class=\"text-center will-change\">\n<div class=\"px-10 md:px-20 flex items-center justify-center\">Lithium-ion battery<\/div>\n<\/td>\n<\/tr>\n<tr class=\" p-2\">\n<td colspan=\"1\"><span class=\"block px-4\">Product size (l x w x h)<\/span><\/td>\n<td class=\"text-center\">\n<div class=\"px-10 md:px-20 flex items-center justify-center\">mm<\/div>\n<\/td>\n<td class=\"text-center will-change\">\n<div class=\"px-10 md:px-20 flex items-center justify-center\">25 x 35 x 114<\/div>\n<\/td>\n<\/tr>\n<tr class=\"bg-grey-200\/50 p-2\">\n<td colspan=\"1\"><span class=\"block px-4\">Weight<\/span><\/td>\n<td class=\"text-center\">\n<div class=\"px-10 md:px-20 flex items-center justify-center\">g<\/div>\n<\/td>\n<td class=\"text-center will-change\">\n<div class=\"px-10 md:px-20 flex items-center justify-center\">300<\/div>\n<\/td>\n<\/tr>\n<\/tbody>\n<\/table>\n<\/div>\n<\/div>\n<\/div>\n<\/div>\n<\/div>\n<\/section>\n<section class=\"max-w-[1088px] mx-auto w-full px-5 my-10 md:my-12 lg:my-16 xl:my-20 xl:px-0\" data-block=\"link-list\">\n<div class=\"max-w-[1088px] mx-auto\">\n<div class=\"md:text-center\">\n<h3 class=\"text-black font-bold text-lg md:text-xl lg:text-2xl\">Uy\u011fundur:<\/h3>\n<\/div>\n<div class=\"mt-6 max-w-4xl mx-auto\">\n<div class=\"flex flex-wrap md:ml-20\">\n<div class=\"w-full md:w-1\/2 auto-bullets md:pr-16\">\n<ul>\n<li class=\"flex items-center gap-5 text-sm text-black mt-3 md:text-base lg:text-lg\">Su z\u0259d\u0259l\u0259nm\u0259sinin b\u0259rpas\u0131<br \/>\nSu i\u015fl\u0259ri<\/li>\n<\/ul>\n<\/div>\n<\/div>\n<\/div>\n<\/div>\n<\/section>\n","protected":false},"excerpt":{"rendered":"<p>LD6-dan istifad\u0259 ed\u0259r\u0259k, s\u0131zma s\u0259sl\u0259rini a\u015fkar etm\u0259k \u00fc\u00e7\u00fcn x\u0259tl\u0259ri v\u0259 ya armaturlar\u0131 tez v\u0259 t\u0259hl\u00fck\u0259siz \u015f\u0259kild\u0259 yoxlaya bil\u0259rsiniz. Y\u00fcks\u0259k h\u0259ssas vibrasiya sensoru v\u0259 m\u00fcvafiq g\u00fccl\u0259ndirici texnologiyas\u0131n\u0131n birl\u0259\u015fm\u0259si, h\u0259tta minimal struktur s\u0259s dal\u011falar\u0131n\u0131 bel\u0259 a\u015fkar etm\u0259y\u0259 imkan verir.<\/p>\n<p>Bir d\u00fcym\u0259y\u0259 basmaqla h\u0259m y\u00fcks\u0259k, h\u0259m d\u0259 a\u015fa\u011f\u0131 tezlikl\u0259ri s\u00fczg\u0259cd\u0259n ke\u00e7ir\u0259 bil\u0259rsiniz ki, bu da h\u0259m metal, h\u0259m d\u0259 qeyri-metal x\u0259tl\u0259rd\u0259 u\u011furlu \u00f6l\u00e7m\u0259l\u0259r aparma\u011fa imkan verir. Qulaql\u0131qlara simsiz Bluetooth \u00f6t\u00fcr\u00fclm\u0259si \u00f6l\u00e7m\u0259 prosesini xeyli asanla\u015fd\u0131r\u0131r.<\/p>\n<p>\u00d6l\u00e7m\u0259 aparmaq \u00fc\u00e7\u00fcn LD6-n\u0131n \u00f6l\u00e7m\u0259 ucunu v\u0259 ya \u00e7atd\u0131r\u0131lma paketin\u0259 daxil olan aksesuarlardan birini x\u0259tt\u0259, armaturaya v\u0259 ya d\u00f6\u015f\u0259m\u0259y\u0259 yerl\u0259\u015fdir\u0259 bil\u0259rsiniz. Yoxlan\u0131lan x\u0259ttd\u0259 boru partlamas\u0131 olarsa, m\u00fcvafiq yerd\u0259 s\u0131zma s\u0259si e\u015fidil\u0259c\u0259k. \u0130nteqrasiya olunmu\u015f s\u0259viyy\u0259 g\u00f6st\u0259ricisi \u0259lav\u0259 olaraq al\u0131nan s\u0259sin intensivliyini g\u00f6st\u0259rir.<\/p>\n","protected":false},"featured_media":45785,"template":"","meta":[],"product_brand":[],"product_cat":[841,1166,822,2032,820],"product_tag":[],"class_list":{"0":"post-45784","1":"product","2":"type-product","3":"status-publish","4":"has-post-thumbnail","6":"product_cat-location-and-detection-az","7":"product_cat-measurement-technology-az","8":"product_cat-measurement-tools-az","9":"product_cat-olcm-cihazlari","10":"product_cat-olcm-texnologiyasi-cihazlari-altlri-az","12":"first","13":"instock","14":"shipping-taxable","15":"product-type-simple"},"_links":{"self":[{"href":"https:\/\/airsystems.ge\/shop\/az\/wp-json\/wp\/v2\/product\/45784","targetHints":{"allow":["GET"]}}],"collection":[{"href":"https:\/\/airsystems.ge\/shop\/az\/wp-json\/wp\/v2\/product"}],"about":[{"href":"https:\/\/airsystems.ge\/shop\/az\/wp-json\/wp\/v2\/types\/product"}],"wp:featuredmedia":[{"embeddable":true,"href":"https:\/\/airsystems.ge\/shop\/az\/wp-json\/wp\/v2\/media\/45785"}],"wp:attachment":[{"href":"https:\/\/airsystems.ge\/shop\/az\/wp-json\/wp\/v2\/media?parent=45784"}],"wp:term":[{"taxonomy":"product_brand","embeddable":true,"href":"https:\/\/airsystems.ge\/shop\/az\/wp-json\/wp\/v2\/product_brand?post=45784"},{"taxonomy":"product_cat","embeddable":true,"href":"https:\/\/airsystems.ge\/shop\/az\/wp-json\/wp\/v2\/product_cat?post=45784"},{"taxonomy":"product_tag","embeddable":true,"href":"https:\/\/airsystems.ge\/shop\/az\/wp-json\/wp\/v2\/product_tag?post=45784"}],"curies":[{"name":"wp","href":"https:\/\/api.w.org\/{rel}","templated":true}]}}