{"id":45734,"date":"2026-04-19T17:27:28","date_gmt":"2026-04-19T13:27:28","guid":{"rendered":"https:\/\/airsystems.ge\/shop\/product\/trotec-ld6000-combi-leak-detector-combination-detector-for-leak-detection-measurement-technology\/"},"modified":"2026-04-19T17:43:06","modified_gmt":"2026-04-19T13:43:06","slug":"trotec-ld6000-combi-leak-detector-combination-detector-for-leak-detection-measurement-technology","status":"publish","type":"product","link":"https:\/\/airsystems.ge\/shop\/az\/product\/trotec-ld6000-combi-leak-detector-combination-detector-for-leak-detection-measurement-technology\/","title":{"rendered":"Trotec LD6000 \u2013 kombi s\u0131zma detektoru S\u0131zma a\u015fkarlanmas\u0131 \u00fc\u00e7\u00fcn kombinasiya detektoru"},"content":{"rendered":"<section class=\"max-w-[1088px] mx-auto w-full px-5 my-10 md:my-12 lg:my-16 xl:my-20 xl:px-0\" data-block=\"bullet-list\">\n<div class=\"md:text-center\">\n<h3 class=\"text-black font-bold text-lg md:text-xl lg:text-2xl\">\u018fsas x\u00fcsusiyy\u0259tl\u0259r<\/h3>\n<\/div>\n<div class=\"mt-6 md:mt-10\">\n<div class=\"flex flex-wrap\">\n<div class=\"w-full md:w-1\/2 auto-bullets md:pr-16\">\n<ul>\n<li class=\"text-sm md:text-base text-black mt-3 flex items-start\">\n<div class=\"pl-5\">\n<p>Yaln\u0131z bir cihazda akustik v\u0259 iz qaz s\u0131zmas\u0131n\u0131n a\u015fkarlanmas\u0131<br \/>\nSensor ekran funksiyalar\u0131 olan y\u00fcks\u0259k q\u0259tnam\u0259li r\u0259ngli qrafik ekran<br \/>\nSinfind\u0259 yegan\u0259 olan: Daha s\u00fcr\u0259tli s\u0131zma a\u015fkarlanmas\u0131 \u00fc\u00e7\u00fcn \u0259n m\u00fcasir a\u011f\u0131ll\u0131 funksiya (patentl\u0259 qorunur)<br \/>\nS\u00fcr\u0259tli giri\u015f \u00fc\u00e7\u00fcn \u00e7oxsayl\u0131 \u0259vv\u0259lc\u0259d\u0259n proqramla\u015fd\u0131r\u0131lm\u0131\u015f \u00fcmumi t\u0259tbiql\u0259r<br \/>\nB\u00fct\u00fcn filtrl\u0259r v\u0259 parametrl\u0259r f\u0259rdi olaraq konfiqurasiya edil\u0259 bil\u0259r<br \/>\nBoru a\u015fkarlama rejimi<br \/>\nOrijinal qulaql\u0131qlardan istifad\u0259 ed\u0259rk\u0259n q\u0259za qar\u015f\u0131s\u0131n\u0131n al\u0131nmas\u0131 qaydalar\u0131na uy\u011fun olaraq BGV B3 (\u0259vv\u0259ll\u0259r VBG 121) qulaq qorunmas\u0131 t\u0259l\u0259bl\u0259rin\u0259 cavab verir<br \/>\nAlmaniyada istehsal olunmu\u015f y\u00fcks\u0259k h\u0259ssas, y\u00fcks\u0259k keyfiyy\u0259tli, m\u00f6hk\u0259m d\u0259qiq mikrofon<\/p>\n<\/div>\n<\/li>\n<\/ul>\n<\/div>\n<\/div>\n<\/div>\n<\/section>\n<section class=\"max-w-[1088px] mx-auto w-full my-10 md:my-12 lg:my-16 xl:my-20\" data-block=\"content-block\">\n<div class=\"max-w-[1088px] mx-auto\">\n<div class=\"flex flex-col items-center gap-6 px-5 w-full md:grid md:grid-cols-12 md:items-stretch xl:px-0\" data-content-block=\"container\">\n<div class=\"relative flex flex-col gap-5 w-full md:col-span-12 md:col-start-1 sm:items-start sm:text-left order-first md:order-none\" data-content-block=\"column\">\n<div class=\"prose text-pretty max-w-full text-left text-black prose-p:text-black prose-headings:mt-6 prose-headings:mb-3 md:prose-headings:text-lg prose-a:text-current prose-a:transition prose-a:ease-linear prose-a:duration-300\" data-content-block=\"text\">\n<p><strong>LD6000, kommunal xidm\u0259tl\u0259r\u0259 tam v\u0259 q\u0259ti su itkisi t\u0259hlill\u0259rini aparma\u011fa imkan ver\u0259n bir s\u0131ra t\u0259tbiq imkanlar\u0131 t\u0259qdim edir:<\/strong><\/p>\n<p>Y\u00fcks\u0259k h\u0259ssas yer mikrofonlar\u0131 il\u0259 akustik s\u0131zma a\u015fkarlanmas\u0131, i\u00e7m\u0259li su \u015f\u0259b\u0259k\u0259l\u0259rind\u0259 iz qaz s\u0131zmas\u0131n\u0131n a\u015fkarlanmas\u0131, metal v\u0259 qeyri-metal borularda x\u0259tt a\u015fkarlanmas\u0131 v\u0259 m\u00f6h\u00fcrl\u0259rd\u0259 v\u0259 boru birl\u0259\u015fm\u0259l\u0259rind\u0259 s\u0131zma yoxlamalar\u0131.<\/p>\n<p>Torpaq mikrofonu v\u0259 kontakt-\u00e7ubuq mikrofonu da daxil olmaqla, aksesuarlar\u0131n h\u0259rt\u0259r\u0259fli proqram\u0131 LD6000-\u00fcn yaln\u0131z s\u0259naye sah\u0259sind\u0259 deyil, h\u0259m d\u0259 ticar\u0259t sektorunda s\u0131zmalar\u0131n yerini m\u00fc\u0259yy\u0259n etm\u0259k \u00fc\u00e7\u00fcn s\u00fcr\u0259tli, etibarl\u0131 v\u0259 universal vasit\u0259 kimi istifad\u0259 \u00fc\u00e7\u00fcn m\u00fck\u0259mm\u0259l uy\u011funlu\u011funu t\u0259min edir.<\/p>\n<p>LD6000, s\u0131zmalar\u0131n tez v\u0259 d\u0259qiq a\u015fkarlanmas\u0131 \u00fc\u00e7\u00fcn m\u00fcxt\u0259lif t\u0259nziml\u0259m\u0259 imkanlar\u0131 t\u0259qdim edir v\u0259 istifad\u0259\u00e7i t\u0259r\u0259find\u0259n sensor ekran, d\u00fcym\u0259l\u0259r v\u0259 idar\u0259etm\u0259 d\u00fcym\u0259l\u0259ri vasit\u0259sil\u0259 ist\u0259y\u0259 ba\u011fl\u0131 olaraq idar\u0259 edil\u0259 bil\u0259r. Bir \u00e7ox tipik t\u0259tbiq hallar\u0131 \u00fc\u00e7\u00fcn s\u00fcr\u0259tli giri\u015f \u00fc\u00e7\u00fcn bir ne\u00e7\u0259 standart parametr m\u00f6vcuddur, filtrl\u0259r v\u0259 \u0259lav\u0259 parametrl\u0259r \u0259lb\u0259tt\u0259 ki, f\u0259rdi olaraq konfiqurasiya edil\u0259 bil\u0259r.<\/p>\n<\/div>\n<\/div>\n<\/div>\n<\/div>\n<\/section>\n<section class=\"max-w-[1088px] mx-auto w-full px-5 my-10 md:my-12 lg:my-16 xl:my-20 xl:px-0\" data-block=\"product-specifications\">\n<div class=\"md:text-center\">\n<h3 class=\"text-black font-bold text-lg md:text-xl lg:text-2xl\"><strong>Product specifications<\/strong><\/h3>\n<\/div>\n<div class=\" md:mt-10\">\n<div class=\"\">\n<div class=\"lg:mt-0 \">\n<div id=\"spec-ld6000\" class=\"prose max-w-full md:overflow-auto\" data-spec-content=\"\">\n<div class=\"spreadsheet-container hidden md:block\">\n<table class=\"w-full table-fixed mb-0\">\n<thead>\n<tr>\n<th class=\"font-bold text-base\"><span class=\"block px-4\">Specifications<\/span><\/th>\n<th class=\"font-bold text-base text-center\"><span class=\"block px-10 md:px-20\">Units<\/span><\/th>\n<th class=\"font-bold text-base text-center will-change\"><span class=\"block px-4\">LD6000<\/span><\/th>\n<\/tr>\n<\/thead>\n<tbody>\n<tr class=\"bg-grey-200\/50 p-2\">\n<td colspan=\"1\"><span class=\"block px-4\">Operating mode<\/span><\/td>\n<td class=\"text-center\">\n<div class=\"px-10 md:px-20 flex items-center justify-center\"><\/div>\n<\/td>\n<td class=\"text-center will-change\">\n<div class=\"px-10 md:px-20 flex items-center justify-center\">Acoustic leak detection (F&amp;V, Smart, long-term measuring), pipe detection and trace gas leak detection<\/div>\n<\/td>\n<\/tr>\n<tr class=\" p-2\">\n<td colspan=\"1\"><span class=\"block px-4\">Measuring and device functions<\/span><\/td>\n<td class=\"text-center\">\n<div class=\"px-10 md:px-20 flex items-center justify-center\"><\/div>\n<\/td>\n<td class=\"text-center will-change\">\n<div class=\"px-10 md:px-20 flex items-center justify-center\">Measuring modes for minimum level, averaged level, pulse wave measurements, simultaneous F&amp;V analysis, logging function, automatic functions for setting filter frequencies and sensor sensitivity, memory preference for manual filter settings, sound level overmodulation protection, trace gas detection with concentration-dependent signal (optic and acoustic)<\/div>\n<\/td>\n<\/tr>\n<tr class=\"bg-grey-200\/50 p-2\">\n<td colspan=\"1\"><span class=\"block px-4\">Controls<\/span><\/td>\n<td class=\"text-center\">\n<div class=\"px-10 md:px-20 flex items-center justify-center\"><\/div>\n<\/td>\n<td class=\"text-center will-change\">\n<div class=\"px-10 md:px-20 flex items-center justify-center\">Either via touchscreen, keys or control dial<\/div>\n<\/td>\n<\/tr>\n<tr class=\" p-2\">\n<td colspan=\"1\"><span class=\"block px-4\">Amplification<\/span><\/td>\n<td class=\"text-center\">\n<div class=\"px-10 md:px-20 flex items-center justify-center\">dB<\/div>\n<\/td>\n<td class=\"text-center will-change\">\n<div class=\"px-10 md:px-20 flex items-center justify-center\">120 bei niedrigem Rauschfaktor<\/div>\n<\/td>\n<\/tr>\n<tr class=\"bg-grey-200\/50 p-2\">\n<td colspan=\"1\"><span class=\"block px-4\">Input impedance<\/span><\/td>\n<td class=\"text-center\">\n<div class=\"px-10 md:px-20 flex items-center justify-center\">\u03a9<\/div>\n<\/td>\n<td class=\"text-center will-change\">\n<div class=\"px-10 md:px-20 flex items-center justify-center\">1 M<\/div>\n<\/td>\n<\/tr>\n<tr class=\" p-2\">\n<td colspan=\"1\"><span class=\"block px-4\">Filter<\/span><\/td>\n<td class=\"text-center\">\n<div class=\"px-10 md:px-20 flex items-center justify-center\"><\/div>\n<\/td>\n<td class=\"text-center will-change\">\n<div class=\"px-10 md:px-20 flex items-center justify-center\">Up to 256 can be configured individually (for stick sensor and ground microphone)<\/div>\n<\/td>\n<\/tr>\n<tr class=\"bg-grey-200\/50 p-2\">\n<td colspan=\"1\"><span class=\"block px-4\">Frequency spectrum<\/span><\/td>\n<td class=\"text-center\">\n<div class=\"px-10 md:px-20 flex items-center justify-center\">Hz<\/div>\n<\/td>\n<td class=\"text-center will-change\">\n<div class=\"px-10 md:px-20 flex items-center justify-center\">0-4,000<\/div>\n<\/td>\n<\/tr>\n<tr class=\" p-2\">\n<td colspan=\"1\"><span class=\"block px-4\">Display<\/span><\/td>\n<td class=\"text-center\">\n<div class=\"px-10 md:px-20 flex items-center justify-center\"><\/div>\n<\/td>\n<td class=\"text-center will-change\">\n<div class=\"px-10 md:px-20 flex items-center justify-center\">Colour LCD (automatic illumination), 480 x 272 pixels<\/div>\n<\/td>\n<\/tr>\n<tr class=\"bg-grey-200\/50 p-2\">\n<td colspan=\"1\"><span class=\"block px-4\">Battery check<\/span><\/td>\n<td class=\"text-center\">\n<div class=\"px-10 md:px-20 flex items-center justify-center\"><\/div>\n<\/td>\n<td class=\"text-center will-change\">\n<div class=\"px-10 md:px-20 flex items-center justify-center\">Via micro-controller<\/div>\n<\/td>\n<\/tr>\n<tr class=\" p-2\">\n<td colspan=\"1\"><span class=\"block px-4\">Output impedance<\/span><\/td>\n<td class=\"text-center\">\n<div class=\"px-10 md:px-20 flex items-center justify-center\">\u03a9<\/div>\n<\/td>\n<td class=\"text-center will-change\">\n<div class=\"px-10 md:px-20 flex items-center justify-center\">\u2264 10<\/div>\n<\/td>\n<\/tr>\n<tr class=\"bg-grey-200\/50 p-2\">\n<td colspan=\"1\"><span class=\"block px-4\">Power supply<\/span><\/td>\n<td class=\"text-center\">\n<div class=\"px-10 md:px-20 flex items-center justify-center\"><\/div>\n<\/td>\n<td class=\"text-center will-change\">\n<div class=\"px-10 md:px-20 flex items-center justify-center\">4 x batteries type LR14 C 1.5 V<\/div>\n<\/td>\n<\/tr>\n<tr class=\" p-2\">\n<td colspan=\"1\"><span class=\"block px-4\">Operating time<\/span><\/td>\n<td class=\"text-center\">\n<div class=\"px-10 md:px-20 flex items-center justify-center\">h<\/div>\n<\/td>\n<td class=\"text-center will-change\">\n<div class=\"px-10 md:px-20 flex items-center justify-center\">Up to 14 h in non-stop operation, up to 40 h in normal operation<\/div>\n<\/td>\n<\/tr>\n<tr class=\"bg-grey-200\/50 p-2\">\n<td colspan=\"1\"><span class=\"block px-4\">Connections<\/span><\/td>\n<td class=\"text-center\">\n<div class=\"px-10 md:px-20 flex items-center justify-center\"><\/div>\n<\/td>\n<td class=\"text-center will-change\">\n<div class=\"px-10 md:px-20 flex items-center justify-center\">Bayonet nut connector (microphone \/ sensor), 6.3 mm jack plug (headphones), USB<\/div>\n<\/td>\n<\/tr>\n<tr class=\" p-2\">\n<td colspan=\"1\"><span class=\"block px-4\">Protection class<\/span><\/td>\n<td class=\"text-center\">\n<div class=\"px-10 md:px-20 flex items-center justify-center\"><\/div>\n<\/td>\n<td class=\"text-center will-change\">\n<div class=\"px-10 md:px-20 flex items-center justify-center\">IP54<\/div>\n<\/td>\n<\/tr>\n<tr class=\"bg-grey-200\/50 p-2\">\n<td colspan=\"1\"><span class=\"block px-4\">Housing<\/span><\/td>\n<td class=\"text-center\">\n<div class=\"px-10 md:px-20 flex items-center justify-center\"><\/div>\n<\/td>\n<td class=\"text-center will-change\">\n<div class=\"px-10 md:px-20 flex items-center justify-center\">Aluminium, powder-coated<\/div>\n<\/td>\n<\/tr>\n<tr class=\" p-2\">\n<td colspan=\"1\"><span class=\"block px-4\">Product size (l x w x h)<\/span><\/td>\n<td class=\"text-center\">\n<div class=\"px-10 md:px-20 flex items-center justify-center\">mm<\/div>\n<\/td>\n<td class=\"text-center will-change\">\n<div class=\"px-10 md:px-20 flex items-center justify-center\">210 x 160 x 60<\/div>\n<\/td>\n<\/tr>\n<tr class=\"bg-grey-200\/50 p-2\">\n<td colspan=\"1\"><span class=\"block px-4\">Weight<\/span><\/td>\n<td class=\"text-center\">\n<div class=\"px-10 md:px-20 flex items-center justify-center\">kg<\/div>\n<\/td>\n<td class=\"text-center will-change\">\n<div class=\"px-10 md:px-20 flex items-center justify-center\">1.05<\/div>\n<\/td>\n<\/tr>\n<\/tbody>\n<\/table>\n<\/div>\n<\/div>\n<\/div>\n<\/div>\n<\/div>\n<\/section>\n<section class=\"max-w-[1088px] mx-auto w-full px-5 my-10 md:my-12 lg:my-16 xl:my-20 xl:px-0\" data-block=\"link-list\">\n<div class=\"max-w-[1088px] mx-auto\">\n<div class=\"md:text-center\">\n<h3 class=\"text-black font-bold text-lg md:text-xl lg:text-2xl\">Uy\u011fundur:<\/h3>\n<\/div>\n<div class=\"mt-6 max-w-4xl mx-auto\">\n<div class=\"flex flex-wrap md:ml-20\">\n<div class=\"w-full md:w-1\/2 auto-bullets md:pr-16\">\n<ul>\n<li class=\"flex items-center gap-5 text-sm text-black mt-3 md:text-base lg:text-lg\">Su z\u0259d\u0259l\u0259nm\u0259sinin b\u0259rpas\u0131<br \/>\nSu i\u015fl\u0259ri<\/li>\n<\/ul>\n<\/div>\n<\/div>\n<\/div>\n<\/div>\n<\/section>\n","protected":false},"excerpt":{"rendered":"<p>Borular\u0131n istiqam\u0259tl\u0259ndirilm\u0259si v\u0259 ya s\u0131zmalar\u0131n axtar\u0131\u015f\u0131n\u0131 daraltmaq v\u0259 ya onlar\u0131n yerini d\u0259qiq m\u00fc\u0259yy\u0259n etm\u0259k \u00fc\u00e7\u00fcn istifad\u0259 etm\u0259yi planla\u015fd\u0131r\u0131rs\u0131n\u0131zsa, y\u00fcks\u0259k d\u0259r\u0259c\u0259d\u0259 inki\u015faf etmi\u015f LD6000, \u0259n ki\u00e7ik s\u0131zma s\u0259sl\u0259rini bel\u0259 m\u00fc\u0259yy\u0259n etm\u0259y\u0259 v\u0259 emal etm\u0259y\u0259 v\u0259 onlar\u0131 asan oxunan, ayd\u0131n ekranda g\u00f6st\u0259rm\u0259y\u0259 imkan verir. LD6000 y\u00fcks\u0259k keyfiyy\u0259tli mikrofon v\u0259 yeni, qabaqc\u0131l elektron texnologiya il\u0259 t\u0259chiz olunub.<\/p>\n<p>S\u0259nayed\u0259ki istifad\u0259\u00e7il\u0259r, geni\u015f v\u0259 dolama boru \u015f\u0259b\u0259k\u0259l\u0259rind\u0259 s\u0131zmalar\u0131 v\u0259 problemli sah\u0259l\u0259ri tapmaq v\u0259 m\u00fc\u0259yy\u0259n etm\u0259k \u00fc\u00e7\u00fcn universal olaraq istifad\u0259 edil\u0259 bil\u0259n \u0259n m\u00fcasir \u00f6l\u00e7m\u0259 cihaz\u0131ndan faydalana bil\u0259rl\u0259r, h\u0259m d\u0259 qaynaqlanm\u0131\u015f tiki\u015fl\u0259rin, klapanlar\u0131n, \u00e7\u0259nl\u0259rin, qazanlar\u0131n, t\u0259zyiq x\u0259tl\u0259rinin v\u0259 nasos korpuslar\u0131n\u0131n s\u0131zmaya davaml\u0131 olub olmad\u0131\u011f\u0131n\u0131 m\u00fc\u0259yy\u0259n etm\u0259k \u00fc\u00e7\u00fcn effektiv v\u0259 ucuz yoxlamalar aparma\u011fa imkan verirl\u0259r.<\/p>\n","protected":false},"featured_media":45735,"template":"","meta":[],"product_brand":[],"product_cat":[1004,841,1166,822,2032,820],"product_tag":[],"class_list":{"0":"post-45734","1":"product","2":"type-product","3":"status-publish","4":"has-post-thumbnail","6":"product_cat-leak-detection-az","7":"product_cat-location-and-detection-az","8":"product_cat-measurement-technology-az","9":"product_cat-measurement-tools-az","10":"product_cat-olcm-cihazlari","11":"product_cat-olcm-texnologiyasi-cihazlari-altlri-az","13":"first","14":"instock","15":"shipping-taxable","16":"purchasable","17":"product-type-simple"},"_links":{"self":[{"href":"https:\/\/airsystems.ge\/shop\/az\/wp-json\/wp\/v2\/product\/45734","targetHints":{"allow":["GET"]}}],"collection":[{"href":"https:\/\/airsystems.ge\/shop\/az\/wp-json\/wp\/v2\/product"}],"about":[{"href":"https:\/\/airsystems.ge\/shop\/az\/wp-json\/wp\/v2\/types\/product"}],"wp:featuredmedia":[{"embeddable":true,"href":"https:\/\/airsystems.ge\/shop\/az\/wp-json\/wp\/v2\/media\/45735"}],"wp:attachment":[{"href":"https:\/\/airsystems.ge\/shop\/az\/wp-json\/wp\/v2\/media?parent=45734"}],"wp:term":[{"taxonomy":"product_brand","embeddable":true,"href":"https:\/\/airsystems.ge\/shop\/az\/wp-json\/wp\/v2\/product_brand?post=45734"},{"taxonomy":"product_cat","embeddable":true,"href":"https:\/\/airsystems.ge\/shop\/az\/wp-json\/wp\/v2\/product_cat?post=45734"},{"taxonomy":"product_tag","embeddable":true,"href":"https:\/\/airsystems.ge\/shop\/az\/wp-json\/wp\/v2\/product_tag?post=45734"}],"curies":[{"name":"wp","href":"https:\/\/api.w.org\/{rel}","templated":true}]}}