{"id":45617,"date":"2026-04-19T15:39:08","date_gmt":"2026-04-19T11:39:08","guid":{"rendered":"https:\/\/airsystems.ge\/shop\/product\/trotec-ld8-sound-locator-sound-locator-for-electro-acoustic-leak-detection\/"},"modified":"2026-04-19T15:53:39","modified_gmt":"2026-04-19T11:53:39","slug":"trotec-ld8-sound-locator-sound-locator-for-electro-acoustic-leak-detection","status":"publish","type":"product","link":"https:\/\/airsystems.ge\/shop\/az\/product\/trotec-ld8-sound-locator-sound-locator-for-electro-acoustic-leak-detection\/","title":{"rendered":"Trotec LD8 \u2013 s\u0259s lokatoru Elektro-akustik s\u0131zma a\u015fkarlanmas\u0131 \u00fc\u00e7\u00fcn s\u0259s lokatoru"},"content":{"rendered":"<section class=\"max-w-[1088px] mx-auto w-full px-5 my-10 md:my-12 lg:my-16 xl:my-20 xl:px-0\" data-block=\"bullet-list\">\n<div class=\"md:text-center\">\n<h3 class=\"text-black font-bold text-lg md:text-xl lg:text-2xl\">\u018fsas x\u00fcsusiyy\u0259tl\u0259r<\/h3>\n<p>Ultra kompakt, y\u00fcng\u00fcl dizayn \u2013 \u0259liniz\u0259 v\u0259 ya cibiniz\u0259 uy\u011fundur<br \/>\nBir d\u00fcym\u0259li idar\u0259etm\u0259 \u2013 sad\u0259, s\u00fcr\u0259tli v\u0259 etibarl\u0131d\u0131r<br \/>\nY\u00fcks\u0259k h\u0259ssasl\u0131ql\u0131 vibrasiya \u00e7eviricisi \u2013 \u0259n z\u0259if struktur s\u0131zma s\u0259sl\u0259rini bel\u0259 a\u015fkarlay\u0131r<br \/>\nM\u00fcxt\u0259lif boru materiallar\u0131nda optimal n\u0259tic\u0259l\u0259r \u00fc\u00e7\u00fcn t\u0259nziml\u0259n\u0259n y\u00fcks\u0259k\/a\u015fa\u011f\u0131 tezlikli filtr<br \/>\nBluetooth 2.0 simsiz qulaql\u0131q \u2013 tam h\u0259r\u0259k\u0259t azadl\u0131\u011f\u0131n\u0131 t\u0259min edir<br \/>\n\u0130\u015f\u0131ql\u0131 ekranla r\u0259q\u0259msal s\u0259s-k\u00fcy s\u0259viyy\u0259si g\u00f6st\u0259ricisi \u2013 ayd\u0131n vizual geribildirim<br \/>\n\u0130nteqrasiya olunmu\u015f f\u0259n\u0259r \u2013 az i\u015f\u0131ql\u0131 i\u015f m\u00fchitl\u0259ri \u00fc\u00e7\u00fcn<br \/>\nT\u0259krar doldurulan batareya \u2013 geni\u015f sah\u0259 istifad\u0259si \u00fc\u00e7\u00fcn<\/p>\n<\/div>\n<\/section>\n<section class=\"max-w-[1088px] mx-auto w-full my-10 md:my-12 lg:my-16 xl:my-20\" data-block=\"content-block\">\n<div class=\"max-w-[1088px] mx-auto\">\n<div class=\"flex flex-col items-center gap-6 px-5 w-full md:grid md:grid-cols-12 md:items-stretch xl:px-0\" data-content-block=\"container\">\n<div class=\"relative flex flex-col gap-5 w-full md:col-span-12 md:col-start-1 sm:items-start sm:text-left order-first md:order-none\" data-content-block=\"column\">\n<div class=\"prose text-pretty max-w-full text-left text-black prose-p:text-black prose-headings:mt-6 prose-headings:mb-3 md:prose-headings:text-lg prose-a:text-current prose-a:transition prose-a:ease-linear prose-a:duration-300\" data-content-block=\"text\">\n<p><strong>A\u011f\u0131ll\u0131 v\u0259 simsiz idar\u0259etm\u0259<\/strong><\/p>\n<p>LD8 il\u0259 h\u0259r\u0259k\u0259t azadl\u0131\u011f\u0131 standart olaraq g\u0259lir. Simsiz Bluetooth \u00f6t\u00fcr\u00fclm\u0259si s\u0131zma a\u015fkarlama m\u00fct\u0259x\u0259ssisl\u0259rin\u0259 cihaza qo\u015fulmadan akustik siqnallar\u0131 real vaxt rejimind\u0259 izl\u0259m\u0259y\u0259 imkan verir. S\u0259rb\u0259st h\u0259r\u0259k\u0259t edin, yerinizi d\u0259yi\u015fdirin v\u0259 a\u015fkarlama strategiyan\u0131z\u0131 optimalla\u015fd\u0131r\u0131n \u2013 ham\u0131s\u0131 fasil\u0259siz.<\/p>\n<p><strong>LD8 geni\u015f \u00e7e\u015fidd\u0259 s\u0131zma a\u015fkarlama tap\u015f\u0131r\u0131qlar\u0131na uy\u011funla\u015f\u0131r:<\/strong><\/p>\n<ul>\n<li>\u015etativ v\u0259 mikrofonla s\u0131zmalar\u0131n d\u0259qiq m\u00fc\u0259yy\u0259n edilm\u0259si<br \/>\nKontakt ucu v\u0259 ya maqnit bazas\u0131 istifad\u0259 ed\u0259r\u0259k \u0259vv\u0259lc\u0259d\u0259n yerl\u0259\u015fdirilm\u0259si<br \/>\n\u0130kiqat uzatma zondlar\u0131 il\u0259 d\u0259rin val yoxlamalar\u0131<br \/>\nH\u0259r n\u00f6v boru materiallar\u0131n\u0131n \u00f6l\u00e7\u00fclm\u0259si<br \/>\nHidrantlara, klapanlara v\u0259 ya fitinql\u0259r\u0259 maqnit montaj\u0131<br \/>\nS\u0259th v\u0259 ya yeralt\u0131 s\u0259s-k\u00fcy\u00fcn a\u015fkarlanmas\u0131<\/li>\n<\/ul>\n<\/div>\n<\/div>\n<\/div>\n<\/div>\n<\/section>\n<section class=\"max-w-[1088px] mx-auto w-full px-5 my-10 md:my-12 lg:my-16 xl:my-20 xl:px-0\" data-block=\"product-specifications\">\n<div class=\"md:text-center\">\n<h3 class=\"text-black font-bold text-lg md:text-xl lg:text-2xl\"><strong>Product specifications<\/strong><\/h3>\n<\/div>\n<div class=\" md:mt-10\">\n<div class=\"\">\n<div class=\"lg:mt-0 \">\n<div id=\"spec-ld8\" class=\"prose max-w-full md:overflow-auto\" data-spec-content=\"\">\n<div class=\"spreadsheet-container hidden md:block\">\n<table class=\"w-full table-fixed mb-0\">\n<thead>\n<tr>\n<th class=\"font-bold text-base\"><span class=\"block px-4\">Specifications<\/span><\/th>\n<th class=\"font-bold text-base text-center\"><span class=\"block px-10 md:px-20\">Units<\/span><\/th>\n<th class=\"font-bold text-base text-center will-change\"><span class=\"block px-4\">LD8<\/span><\/th>\n<\/tr>\n<\/thead>\n<tbody>\n<tr class=\"bg-grey-200\/50 p-2\">\n<td colspan=\"1\"><span class=\"block px-4\">Leak status display<\/span><\/td>\n<td class=\"text-center\">\n<div class=\"px-10 md:px-20 flex items-center justify-center\">&#8211;<\/div>\n<\/td>\n<td class=\"text-center will-change\">\n<div class=\"px-10 md:px-20 flex items-center justify-center\">Numerical display, acoustic noise recording<\/div>\n<\/td>\n<\/tr>\n<tr class=\" p-2\">\n<td colspan=\"1\"><span class=\"block px-4\">Display resolution<\/span><\/td>\n<td class=\"text-center\">\n<div class=\"px-10 md:px-20 flex items-center justify-center\">&#8211;<\/div>\n<\/td>\n<td class=\"text-center will-change\">\n<div class=\"px-10 md:px-20 flex items-center justify-center\">0 to 99 noise level<\/div>\n<\/td>\n<\/tr>\n<tr class=\"bg-grey-200\/50 p-2\">\n<td colspan=\"1\"><span class=\"block px-4\">Functions<\/span><\/td>\n<td class=\"text-center\">\n<div class=\"px-10 md:px-20 flex items-center justify-center\">&#8211;<\/div>\n<\/td>\n<td class=\"text-center will-change\">\n<div class=\"px-10 md:px-20 flex items-center justify-center\">Filter settings (high pass, low pass, none), display lighting, torch<\/div>\n<\/td>\n<\/tr>\n<tr class=\" p-2\">\n<td colspan=\"1\"><span class=\"block px-4\">Bluetooth standard<\/span><\/td>\n<td class=\"text-center\">\n<div class=\"px-10 md:px-20 flex items-center justify-center\">&#8211;<\/div>\n<\/td>\n<td class=\"text-center will-change\">\n<div class=\"px-10 md:px-20 flex items-center justify-center\">Bluetooth 2.0<\/div>\n<\/td>\n<\/tr>\n<tr class=\"bg-grey-200\/50 p-2\">\n<td colspan=\"1\"><span class=\"block px-4\">Transmission range<\/span><\/td>\n<td class=\"text-center\">\n<div class=\"px-10 md:px-20 flex items-center justify-center\">m<\/div>\n<\/td>\n<td class=\"text-center will-change\">\n<div class=\"px-10 md:px-20 flex items-center justify-center\">approx. 10<\/div>\n<\/td>\n<\/tr>\n<tr class=\" p-2\">\n<td colspan=\"1\"><span class=\"block px-4\">Power supply (device)<\/span><\/td>\n<td class=\"text-center\">\n<div class=\"px-10 md:px-20 flex items-center justify-center\">&#8211;<\/div>\n<\/td>\n<td class=\"text-center will-change\">\n<div class=\"px-10 md:px-20 flex items-center justify-center\">Internal lithium-ion battery<\/div>\n<\/td>\n<\/tr>\n<tr class=\"bg-grey-200\/50 p-2\">\n<td colspan=\"1\"><span class=\"block px-4\">Power supply (headphones)<\/span><\/td>\n<td class=\"text-center\">\n<div class=\"px-10 md:px-20 flex items-center justify-center\">&#8211;<\/div>\n<\/td>\n<td class=\"text-center will-change\">\n<div class=\"px-10 md:px-20 flex items-center justify-center\">Internal lithium polymer battery<\/div>\n<\/td>\n<\/tr>\n<tr class=\" p-2\">\n<td colspan=\"1\"><span class=\"block px-4\">Product size (L \u00d7 W \u00d7 H)<\/span><\/td>\n<td class=\"text-center\">\n<div class=\"px-10 md:px-20 flex items-center justify-center\">mm<\/div>\n<\/td>\n<td class=\"text-center will-change\">\n<div class=\"px-10 md:px-20 flex items-center justify-center\">33 \u00d7 45 \u00d7 185<\/div>\n<\/td>\n<\/tr>\n<tr class=\"bg-grey-200\/50 p-2\">\n<td colspan=\"1\"><span class=\"block px-4\">Product weight<\/span><\/td>\n<td class=\"text-center\">\n<div class=\"px-10 md:px-20 flex items-center justify-center\">g<\/div>\n<\/td>\n<td class=\"text-center will-change\">\n<div class=\"px-10 md:px-20 flex items-center justify-center\">180<\/div>\n<\/td>\n<\/tr>\n<\/tbody>\n<\/table>\n<\/div>\n<\/div>\n<\/div>\n<\/div>\n<\/div>\n<\/section>\n<section class=\"my-10 md:my-12 lg:my-16 xl:my-20\" data-block=\"related-accessories\">\n<div class=\"bg-[linear-gradient(0deg,_#fff_33%,_#f2f2f2_33%)] pt-10 md:pt-16 lg:px-5\">\n<div class=\"relative max-w-5xl mx-auto\">\n<div class=\"max-w-3xl mx-auto px-5 mb-6 text-center lg:mb-8\">\n<h4 class=\"text-black font-bold text-lg md:text-xl lg:text-2xl\"><strong>Accessories and consumables<\/strong><\/h4>\n<\/div>\n<div class=\"relative lg:px-5\">\n<div class=\"static swiper px-5 lg:px-0 swiper-initialized swiper-horizontal swiper-watch-progress swiper-backface-hidden\" data-swipe-related=\"\">\n<p>&nbsp;<\/p>\n<div id=\"swiper-wrapper-84642e14ff1a2a93\" class=\"swiper-wrapper flex flex-nowrap relative z-0 \" aria-live=\"polite\">\n<div class=\"swiper-slide flex shrink-0 h-auto w-[calc(100vw-2.6875rem)] sm:w-[calc(50vw-1.625rem)] lg:w-[calc(33.3334%-1.375rem)] mr-3 lg:mr-8 swiper-slide-visible swiper-slide-active\" role=\"group\" aria-label=\"1 \/ 3\">\n<div class=\"bg-white overflow-hidden h-full w-full border-2 border-grey-300 rounded flex flex-col justify-between\">\n<p><a class=\"block relative overflow-hidden group\" href=\"https:\/\/www.danthermgroup.com\/accessories\/trotec-ld8-professional-bluetooth-headphones\"><img loading=\"lazy\" decoding=\"async\" class=\"lazyload w-full mt-4 transition ease-linear duration-300 group-hover:scale-105\" src=\"https:\/\/danthermgroup-website.s3.eu-central-1.amazonaws.com\/cache\/media\/products\/7106278\/Trotec_LD8_professional-headphones_web_639c58b7b3fd56946b971b7a4d57a084.webp\" sizes=\"auto\" srcset=\"https:\/\/danthermgroup-website.s3.eu-central-1.amazonaws.com\/cache\/media\/products\/7106278\/Trotec_LD8_professional-headphones_web_1bdd4b9eebd4f271f01e1b2691082655.webp 1000w, https:\/\/danthermgroup-website.s3.eu-central-1.amazonaws.com\/cache\/media\/products\/7106278\/Trotec_LD8_professional-headphones_web_639c58b7b3fd56946b971b7a4d57a084.webp 640w\" alt=\"Trotec LD8 professional headphones web\" width=\"640\" height=\"640\" \/><\/a><\/p>\n<div class=\"p-6 pt-3 flex-1\">\n<div>\n<h5>Trotec &#8211; LD8 professional Bluetooth headphones<\/h5>\n<\/div>\n<p class=\"mt-1 text-grey-500 text-[0.9375rem]\">Product code: 3.110.008.070<\/p>\n<p class=\"leading-relaxed mt-2 text-sm text-black !line-clamp-3\">Accessory for LD8<\/p>\n<\/div>\n<\/div>\n<\/div>\n<div class=\"swiper-slide flex shrink-0 h-auto w-[calc(100vw-2.6875rem)] sm:w-[calc(50vw-1.625rem)] lg:w-[calc(33.3334%-1.375rem)] mr-3 lg:mr-8 swiper-slide-visible swiper-slide-next\" role=\"group\" aria-label=\"2 \/ 3\">\n<div class=\"bg-white overflow-hidden h-full w-full border-2 border-grey-300 rounded flex flex-col justify-between\">\n<p><a class=\"block relative overflow-hidden group\" href=\"https:\/\/www.danthermgroup.com\/accessories\/trotec-professional-case-for-ld8-sound-locator\"><img loading=\"lazy\" decoding=\"async\" class=\"lazyload w-full mt-4 transition ease-linear duration-300 group-hover:scale-105\" src=\"https:\/\/danthermgroup-website.s3.eu-central-1.amazonaws.com\/cache\/media\/products\/7106295\/Trotec_LD8-Set_professional-case_web_639c58b7b3fd56946b971b7a4d57a084.webp\" sizes=\"auto\" srcset=\"https:\/\/danthermgroup-website.s3.eu-central-1.amazonaws.com\/cache\/media\/products\/7106295\/Trotec_LD8-Set_professional-case_web_1bdd4b9eebd4f271f01e1b2691082655.webp 1000w, https:\/\/danthermgroup-website.s3.eu-central-1.amazonaws.com\/cache\/media\/products\/7106295\/Trotec_LD8-Set_professional-case_web_639c58b7b3fd56946b971b7a4d57a084.webp 640w\" alt=\"Trotec LD8 Set professional case web\" width=\"640\" height=\"640\" \/><\/a><\/p>\n<div class=\"p-6 pt-3 flex-1\">\n<div>\n<h5>Trotec &#8211; professional case for LD8 sound locator<\/h5>\n<\/div>\n<p class=\"mt-1 text-grey-500 text-[0.9375rem]\">Product code: 3.110.008.050<\/p>\n<p class=\"leading-relaxed mt-2 text-sm text-black !line-clamp-3\">Accessory for LD8<\/p>\n<\/div>\n<\/div>\n<\/div>\n<div class=\"swiper-slide flex shrink-0 h-auto w-[calc(100vw-2.6875rem)] sm:w-[calc(50vw-1.625rem)] lg:w-[calc(33.3334%-1.375rem)] mr-3 lg:mr-8 swiper-slide-visible\" role=\"group\" aria-label=\"3 \/ 3\">\n<div class=\"bg-white overflow-hidden h-full w-full border-2 border-grey-300 rounded flex flex-col justify-between\">\n<p><a class=\"block relative overflow-hidden group\" href=\"https:\/\/www.danthermgroup.com\/accessories\/trotec-magnetic-michrophone\"><img loading=\"lazy\" decoding=\"async\" class=\"lazyload w-full mt-4 transition ease-linear duration-300 group-hover:scale-105\" src=\"https:\/\/danthermgroup-website.s3.eu-central-1.amazonaws.com\/cache\/media\/products\/7106291\/Trotec_LD8-mic_01_web_639c58b7b3fd56946b971b7a4d57a084.webp\" sizes=\"auto\" srcset=\"https:\/\/danthermgroup-website.s3.eu-central-1.amazonaws.com\/cache\/media\/products\/7106291\/Trotec_LD8-mic_01_web_1bdd4b9eebd4f271f01e1b2691082655.webp 1000w, https:\/\/danthermgroup-website.s3.eu-central-1.amazonaws.com\/cache\/media\/products\/7106291\/Trotec_LD8-mic_01_web_639c58b7b3fd56946b971b7a4d57a084.webp 640w\" alt=\"Trotec LD8 mic 01 web\" width=\"640\" height=\"640\" \/><\/a><\/p>\n<div class=\"p-6 pt-3 flex-1\">\n<div>\n<h5>Trotec &#8211; magnetic michrophone<\/h5>\n<\/div>\n<p class=\"mt-1 text-grey-500 text-[0.9375rem]\">Product code: 3.110.008.060<\/p>\n<p class=\"leading-relaxed mt-2 text-sm text-black !line-clamp-3\">Accessory for LD8<\/p>\n<\/div>\n<\/div>\n<\/div>\n<\/div>\n<p>&nbsp;<\/p>\n<\/div>\n<\/div>\n<\/div>\n<\/div>\n<\/section>\n<section class=\"max-w-[1088px] mx-auto w-full px-5 my-10 md:my-12 lg:my-16 xl:my-20 xl:px-0\" data-block=\"related-downloads\">\n<div class=\"md:text-center\">\n<h3 class=\"text-black font-bold text-lg md:text-xl lg:text-2xl\"><strong>Useful downloads<\/strong><\/h3>\n<\/div>\n<div class=\"mt-6 md:mt-10\">\n<div class=\"flex flex-col md:flex-row md:flex-wrap \">\n<div class=\"mb-4 md:mb-8 w-full md:w-1\/2 md:px-4\">\n<div class=\"p-4 md:p-5 h-full flex md:items-center border border-grey-300\">\n<div class=\"mt-1.5 md:mt-0 w-6 md:w-10\"><a href=\"https:\/\/www.danthermgroup.com\/downloads\/trotec-ld8-product-guide\" target=\"_blank\" rel=\"nofollow noindex noopener\"><img decoding=\"async\" class=\"lazyload h-8 md:h-14 w-auto object-contain\" src=\"https:\/\/danthermgroup-website.s3.eu-central-1.amazonaws.com\/media\/icons\/download-guide.svg\" alt=\"Download guide\" height=\"56\" \/><\/a><\/div>\n<div class=\"flex-1 pl-4 md:px-8\">\n<h2 class=\"font-bold text-sm md:text-lg\"><a class=\"underline underline-offset-2 decoration-transparent transition duration-300 ease-linear hover:decoration-black\" href=\"https:\/\/www.danthermgroup.com\/downloads\/trotec-ld8-product-guide\" target=\"_blank\" rel=\"nofollow noindex noopener\">Trotec LD8 &#8211; product guide<\/a><\/h2>\n<div class=\"prose text-grey-500 text-sm\">Guides<\/div>\n<\/div>\n<\/div>\n<\/div>\n<div class=\"mb-4 md:mb-8 w-full md:w-1\/2 md:px-4\">\n<div class=\"p-4 md:p-5 h-full flex md:items-center border border-grey-300\">\n<div class=\"mt-1.5 md:mt-0 w-6 md:w-10\"><a href=\"https:\/\/www.danthermgroup.com\/downloads\/trotec-ld8-user-manual\" target=\"_blank\" rel=\"nofollow noindex noopener\"><img decoding=\"async\" class=\"lazyload h-8 md:h-14 w-auto object-contain\" src=\"https:\/\/danthermgroup-website.s3.eu-central-1.amazonaws.com\/media\/icons\/download-manual.svg\" alt=\"Download manual\" height=\"56\" \/><\/a><\/div>\n<div class=\"flex-1 pl-4 md:px-8\">\n<h2 class=\"font-bold text-sm md:text-lg\"><a class=\"underline underline-offset-2 decoration-transparent transition duration-300 ease-linear hover:decoration-black\" href=\"https:\/\/www.danthermgroup.com\/downloads\/trotec-ld8-user-manual\" target=\"_blank\" rel=\"nofollow noindex noopener\">Trotec LD8 &#8211; user manual<\/a><\/h2>\n<div class=\"prose text-grey-500 text-sm\">Manuals<\/div>\n<\/div>\n<\/div>\n<\/div>\n<\/div>\n<\/div>\n<\/section>\n","protected":false},"excerpt":{"rendered":"<p>LD8 S\u0259s Lokatoru, t\u0259zyiqli su t\u0259chizat\u0131 sisteml\u0259rind\u0259 d\u0259qiq v\u0259 s\u0259m\u0259r\u0259li elektro-akustik s\u0131zma a\u015fkarlanmas\u0131na ehtiyac\u0131 olan m\u00fct\u0259x\u0259ssisl\u0259r \u00fc\u00e7\u00fcn inqilabi bir vasit\u0259dir. Da\u015f\u0131nabilirlik v\u0259 istifad\u0259 rahatl\u0131\u011f\u0131 \u00fc\u00e7\u00fcn haz\u0131rlanm\u0131\u015f LD8, \u00fcst\u00fcn effektiv akustik s\u0131zma a\u015fkarlanmas\u0131, Bluetooth simsiz s\u0259s v\u0259 intuitiv \u0259m\u0259liyyat \u00fc\u00e7\u00fcn y\u00fcks\u0259k h\u0259ssas vibrasiya sensorunu cibiniz\u0259 uy\u011fun kompakt formatda birl\u0259\u015fdirir.<\/p>\n<p>Metal v\u0259 ya plastik borular\u0131, s\u0259th qur\u011fular\u0131n\u0131 v\u0259 ya d\u0259rin \u015faxtalar\u0131 yoxlama\u011f\u0131n\u0131zdan as\u0131l\u0131 olmayaraq, LD8 ist\u0259nil\u0259n vaxt, ist\u0259nil\u0259n yerd\u0259 d\u0259qiqlik v\u0259 ayd\u0131n akustik r\u0259y t\u0259min edir.<\/p>\n","protected":false},"featured_media":45618,"template":"","meta":[],"product_brand":[],"product_cat":[1004,1166,822,2032,820],"product_tag":[],"class_list":{"0":"post-45617","1":"product","2":"type-product","3":"status-publish","4":"has-post-thumbnail","6":"product_cat-leak-detection-az","7":"product_cat-measurement-technology-az","8":"product_cat-measurement-tools-az","9":"product_cat-olcm-cihazlari","10":"product_cat-olcm-texnologiyasi-cihazlari-altlri-az","12":"first","13":"instock","14":"shipping-taxable","15":"product-type-simple"},"_links":{"self":[{"href":"https:\/\/airsystems.ge\/shop\/az\/wp-json\/wp\/v2\/product\/45617","targetHints":{"allow":["GET"]}}],"collection":[{"href":"https:\/\/airsystems.ge\/shop\/az\/wp-json\/wp\/v2\/product"}],"about":[{"href":"https:\/\/airsystems.ge\/shop\/az\/wp-json\/wp\/v2\/types\/product"}],"wp:featuredmedia":[{"embeddable":true,"href":"https:\/\/airsystems.ge\/shop\/az\/wp-json\/wp\/v2\/media\/45618"}],"wp:attachment":[{"href":"https:\/\/airsystems.ge\/shop\/az\/wp-json\/wp\/v2\/media?parent=45617"}],"wp:term":[{"taxonomy":"product_brand","embeddable":true,"href":"https:\/\/airsystems.ge\/shop\/az\/wp-json\/wp\/v2\/product_brand?post=45617"},{"taxonomy":"product_cat","embeddable":true,"href":"https:\/\/airsystems.ge\/shop\/az\/wp-json\/wp\/v2\/product_cat?post=45617"},{"taxonomy":"product_tag","embeddable":true,"href":"https:\/\/airsystems.ge\/shop\/az\/wp-json\/wp\/v2\/product_tag?post=45617"}],"curies":[{"name":"wp","href":"https:\/\/api.w.org\/{rel}","templated":true}]}}