{"id":45527,"date":"2026-04-19T15:21:26","date_gmt":"2026-04-19T11:21:26","guid":{"rendered":"https:\/\/airsystems.ge\/shop\/product\/trotec-luminat-uv-tracers-uv-tracers\/"},"modified":"2026-04-19T15:31:19","modified_gmt":"2026-04-19T11:31:19","slug":"trotec-luminat-uv-tracers-uv-tracers","status":"publish","type":"product","link":"https:\/\/airsystems.ge\/shop\/az\/product\/trotec-luminat-uv-tracers-uv-tracers\/","title":{"rendered":"Trotec LUMINAT \u2013 UV izl\u0259yicil\u0259ri UV izl\u0259yicil\u0259ri \u0130\u015eIQLI"},"content":{"rendered":"<section class=\"max-w-[1088px] mx-auto w-full px-5 my-10 md:my-12 lg:my-16 xl:my-20 xl:px-0\" data-block=\"bullet-list\">\n<div class=\"md:text-center\">\n<p><strong>\u018fsas x\u00fcsusiyy\u0259tl\u0259r<\/strong><br \/>\nBoru partlamalar\u0131n\u0131 a\u015fkar etm\u0259k \u00fc\u00e7\u00fcn s\u0131naqdan ke\u00e7irilmi\u015f v\u0259 s\u0131naqdan ke\u00e7irilmi\u015f UB izl\u0259yicisi<br \/>\nMetabolik proses yoxdur &#8211; uzunm\u00fcdd\u0259tli m\u00fcayin\u0259l\u0259r \u00fc\u00e7\u00fcn ideald\u0131r<br \/>\nUB i\u015f\u0131\u011f\u0131 il\u0259 h\u0259y\u0259canland\u0131qda \u00e7ox intensiv r\u0259ng parlaql\u0131\u011f\u0131<br \/>\nR\u0259ngsiz t\u0259tbiq &#8211; \u0259ks\u0259r s\u0259thl\u0259rd\u0259 g\u00f6r\u00fcn\u0259n r\u0259ng d\u0259yi\u015fikliyi qoymur<br \/>\nAlmaniyada istehsal olunmu\u015f, 100% formaldehidsiz fl\u00fcoresan boya<br \/>\n\u0130st\u0259nil\u0259n \u0259traf m\u00fchit \u015f\u0259raiti v\u0259 \u00fcst\u00fcnl\u00fckl\u0259ri \u00fc\u00e7\u00fcn m\u00fcxt\u0259lif r\u0259ngl\u0259rd\u0259 m\u00f6vcuddur<\/p>\n<p><strong>Vacibdir<\/strong>: Luminat qida boyas\u0131 kimi istifad\u0259 edilm\u0259m\u0259lidir!<\/p>\n<p><strong>Uy\u011fundur:<\/strong><br \/>\nAvtomobil<br \/>\nS\u0259naye, fabrikl\u0259r v\u0259 istehsalat<br \/>\nSu z\u0259d\u0259l\u0259nm\u0259sinin b\u0259rpas\u0131<br \/>\nSu qur\u011fular\u0131<\/p>\n<\/div>\n<\/section>\n","protected":false},"excerpt":{"rendered":"<p>Trotec Luminat, suda durula\u015fd\u0131r\u0131la bil\u0259n, lakin metaboliz\u0259 olunmayan v\u0259 g\u00f6r\u00fcn\u0259n dal\u011fa uzunlu\u011fu diapazonunda praktik olaraq he\u00e7 bir tan\u0131nan iz buraxmayan sulu bir dispersiyad\u0131r. Yaln\u0131z optimal dal\u011fa diapazonunda UV \u015f\u00fcalanmas\u0131 il\u0259 bu izl\u0259yicinin formald-hidrsiz fl\u00fcoresan piqmentl\u0259ri maksimum fl\u00fcoresansa q\u0259d\u0259r h\u0259y\u0259canlan\u0131r v\u0259 intensiv parlaql\u0131qla g\u00f6r\u00fcn\u00fcr. \u0130stifad\u0259\u00e7il\u0259rin bu optimal UV fl\u00fcoresan boyas\u0131n\u0131 ist\u0259nil\u0259n tap\u015f\u0131r\u0131q \u00fc\u00e7\u00fcn ideal parlaql\u0131\u011f\u0131 il\u0259 utilizasiya ed\u0259 bilm\u0259l\u0259rini t\u0259min etm\u0259k \u00fc\u00e7\u00fcn Trotec Luminat indi d\u00f6rd parlaq r\u0259ng se\u00e7imi t\u0259klif edir. M\u0259\u015fhur Luminat Ya\u015f\u0131l r\u0259ngin\u0259 \u0259lav\u0259 olaraq, bu m\u0259hsul Luminat Q\u0131rm\u0131z\u0131, Luminat Mavi v\u0259 Luminat B\u0259n\u00f6v\u015f\u0259yi r\u0259ngl\u0259rind\u0259 d\u0259 m\u00f6vcuddur.<\/p>\n<p>Luminat, x\u00fcsusil\u0259 d\u00fcz damlar\u0131n su da\u015f\u0131yan t\u0259b\u0259q\u0259l\u0259rind\u0259 m\u00f6hk\u0259mlik testl\u0259ri v\u0259 ya drenajlar\u0131n v\u0259 borular\u0131n yoxlan\u0131lmas\u0131 \u00fc\u00e7\u00fcn uy\u011fundur. Fl\u00fcoresan material, bo\u015falma n\u00f6qt\u0259l\u0259rind\u0259 UB i\u015f\u0131\u011f\u0131 alt\u0131nda a\u015fkarlana v\u0259 g\u00f6r\u00fcn\u0259n hala g\u0259tiril\u0259 bil\u0259r. Bundan \u0259lav\u0259, Trotec Luminat, kapilyar ax\u0131n yaln\u0131z marjinal rol oynay\u0131rsa v\u0259 UB izl\u0259yicisi g\u00f6r\u00fcn\u0259n izl\u0259r buraxm\u0131rsa, da\u011f\u0131d\u0131c\u0131 olmayan materiallar\u0131n s\u0131na\u011f\u0131 (NDT) \u00fc\u00e7\u00fcn, el\u0259c\u0259 d\u0259 s\u0131zmalar\u0131n a\u015fkarlanmas\u0131 \u00fc\u00e7\u00fcn istifad\u0259 edil\u0259 bil\u0259r.<\/p>\n","protected":false},"featured_media":45528,"template":"","meta":[],"product_brand":[],"product_cat":[1004,841,1166,822,2032,820,1016,1044],"product_tag":[],"class_list":{"0":"post-45527","1":"product","2":"type-product","3":"status-publish","4":"has-post-thumbnail","6":"product_cat-leak-detection-az","7":"product_cat-location-and-detection-az","8":"product_cat-measurement-technology-az","9":"product_cat-measurement-tools-az","10":"product_cat-olcm-cihazlari","11":"product_cat-olcm-texnologiyasi-cihazlari-altlri-az","12":"product_cat-uv-a-radiation-az","13":"product_cat-visual-inspection-az","15":"first","16":"instock","17":"shipping-taxable","18":"purchasable","19":"product-type-simple"},"_links":{"self":[{"href":"https:\/\/airsystems.ge\/shop\/az\/wp-json\/wp\/v2\/product\/45527","targetHints":{"allow":["GET"]}}],"collection":[{"href":"https:\/\/airsystems.ge\/shop\/az\/wp-json\/wp\/v2\/product"}],"about":[{"href":"https:\/\/airsystems.ge\/shop\/az\/wp-json\/wp\/v2\/types\/product"}],"wp:featuredmedia":[{"embeddable":true,"href":"https:\/\/airsystems.ge\/shop\/az\/wp-json\/wp\/v2\/media\/45528"}],"wp:attachment":[{"href":"https:\/\/airsystems.ge\/shop\/az\/wp-json\/wp\/v2\/media?parent=45527"}],"wp:term":[{"taxonomy":"product_brand","embeddable":true,"href":"https:\/\/airsystems.ge\/shop\/az\/wp-json\/wp\/v2\/product_brand?post=45527"},{"taxonomy":"product_cat","embeddable":true,"href":"https:\/\/airsystems.ge\/shop\/az\/wp-json\/wp\/v2\/product_cat?post=45527"},{"taxonomy":"product_tag","embeddable":true,"href":"https:\/\/airsystems.ge\/shop\/az\/wp-json\/wp\/v2\/product_tag?post=45527"}],"curies":[{"name":"wp","href":"https:\/\/api.w.org\/{rel}","templated":true}]}}