{"id":45478,"date":"2026-04-13T14:15:09","date_gmt":"2026-04-13T10:15:09","guid":{"rendered":"https:\/\/airsystems.ge\/shop\/product\/trotec-uranin-uv-tracers-uv-tracers\/"},"modified":"2026-04-19T14:32:17","modified_gmt":"2026-04-19T10:32:17","slug":"trotec-uranin-uv-tracers-uv-tracers","status":"publish","type":"product","link":"https:\/\/airsystems.ge\/shop\/az\/product\/trotec-uranin-uv-tracers-uv-tracers\/","title":{"rendered":"963 Trotec URANIN \u2013 UV izl\u0259yicil\u0259ri UV izl\u0259yicil\u0259ri Uran Fl\u00fcoresen natrium"},"content":{"rendered":"<section class=\"max-w-[1088px] mx-auto w-full px-5 my-10 md:my-12 lg:my-16 xl:my-20 xl:px-0\" data-block=\"bullet-list\">\n<div class=\"md:text-center\">\n<p><strong>\u018fsas x\u00fcsusiyy\u0259tl\u0259r<\/strong><\/p>\n<p>G\u00fccl\u00fc parlaql\u0131\u011fa v\u0259 intensiv h\u0259y\u0259canl\u0131l\u0131\u011fa malik UV fl\u00fcoresan boyalar<br \/>\nS\u0131zma a\u015fkarlanmas\u0131 v\u0259 ya ax\u0131n yolu testi \u00fc\u00e7\u00fcn \u00fcmumiyy\u0259tl\u0259 tan\u0131nm\u0131\u015f izl\u0259yici<br \/>\nUzunm\u00fcdd\u0259tli t\u0259dqiqatlar \u00fc\u00e7\u00fcn kimy\u0259vi uzunm\u00fcdd\u0259tli stabillik<br \/>\nAs\u0131l\u0131 madd\u0259 v\u0259 formaldehidd\u0259n 100% azad (Uranin Mavisi)<br \/>\nYax\u015f\u0131 kapilyar ax\u0131n<br \/>\nY\u00fcks\u0259k m\u0259hsuldarl\u0131q<\/p>\n<p><strong>Vacibdir<\/strong>: Uranin Ya\u015f\u0131l v\u0259 Uranin Mavisi qida boyas\u0131 kimi istifad\u0259 edilm\u0259m\u0259lidir!<\/p>\n<p><strong>Uy\u011fundur:<\/strong><\/p>\n<p>Avtomobil<br \/>\nS\u0259naye, fabrikl\u0259r v\u0259 istehsalat<br \/>\nSu z\u0259d\u0259l\u0259nm\u0259sinin b\u0259rpas\u0131<br \/>\nSu i\u015fl\u0259ri<\/p>\n<\/div>\n<\/section>\n","protected":false},"excerpt":{"rendered":"<p>\u018fn\u0259n\u0259vi Uranin Ya\u015f\u0131l tozu, ill\u0259rdir tan\u0131nm\u0131\u015f bir m\u0259hsul v\u0259 \u0259n g\u00fccl\u00fc fl\u00fcoresan t\u0259siri olan izl\u0259yici boyalardan biri kimi tan\u0131nan izl\u0259yici madd\u0259dir. Bu, Uranin Mavisini parlaq bir alternativ olaraq t\u0259klif ed\u0259r\u0259k fl\u00fcoresan boyalar aras\u0131nda bu klassik boya t\u00f6vsiy\u0259 etm\u0259yimiz \u00fc\u00e7\u00fcn kifay\u0259t q\u0259d\u0259r s\u0259b\u0259bdir. H\u0259r iki Uranin boya x\u00fcsusi x\u00fcsusiyy\u0259tl\u0259rl\u0259 xarakteriz\u0259 olunur v\u0259 bu da Trotec-d\u0259 i\u015finiz \u00fc\u00e7\u00fcn h\u0259mi\u015f\u0259 m\u00fck\u0259mm\u0259l Uranin se\u00e7imini ed\u0259 bil\u0259c\u0259yinizi t\u0259min edir.<\/p>\n","protected":false},"featured_media":45479,"template":"","meta":[],"product_brand":[],"product_cat":[1004,2032,820,1016],"product_tag":[],"class_list":{"0":"post-45478","1":"product","2":"type-product","3":"status-publish","4":"has-post-thumbnail","6":"product_cat-leak-detection-az","7":"product_cat-olcm-cihazlari","8":"product_cat-olcm-texnologiyasi-cihazlari-altlri-az","9":"product_cat-uv-a-radiation-az","11":"first","12":"instock","13":"shipping-taxable","14":"purchasable","15":"product-type-simple"},"_links":{"self":[{"href":"https:\/\/airsystems.ge\/shop\/az\/wp-json\/wp\/v2\/product\/45478","targetHints":{"allow":["GET"]}}],"collection":[{"href":"https:\/\/airsystems.ge\/shop\/az\/wp-json\/wp\/v2\/product"}],"about":[{"href":"https:\/\/airsystems.ge\/shop\/az\/wp-json\/wp\/v2\/types\/product"}],"wp:featuredmedia":[{"embeddable":true,"href":"https:\/\/airsystems.ge\/shop\/az\/wp-json\/wp\/v2\/media\/45479"}],"wp:attachment":[{"href":"https:\/\/airsystems.ge\/shop\/az\/wp-json\/wp\/v2\/media?parent=45478"}],"wp:term":[{"taxonomy":"product_brand","embeddable":true,"href":"https:\/\/airsystems.ge\/shop\/az\/wp-json\/wp\/v2\/product_brand?post=45478"},{"taxonomy":"product_cat","embeddable":true,"href":"https:\/\/airsystems.ge\/shop\/az\/wp-json\/wp\/v2\/product_cat?post=45478"},{"taxonomy":"product_tag","embeddable":true,"href":"https:\/\/airsystems.ge\/shop\/az\/wp-json\/wp\/v2\/product_tag?post=45478"}],"curies":[{"name":"wp","href":"https:\/\/api.w.org\/{rel}","templated":true}]}}