{"id":45296,"date":"2026-04-11T11:31:18","date_gmt":"2026-04-11T07:31:18","guid":{"rendered":"https:\/\/airsystems.ge\/shop\/product\/trotec-xrs9012-hydrogen-detection-meter-hydrogen-leak-detector-measurement-technology\/"},"modified":"2026-04-18T11:56:08","modified_gmt":"2026-04-18T07:56:08","slug":"trotec-xrs9012-hydrogen-detection-meter-hydrogen-leak-detector-measurement-technology","status":"publish","type":"product","link":"https:\/\/airsystems.ge\/shop\/az\/product\/trotec-xrs9012-hydrogen-detection-meter-hydrogen-leak-detector-measurement-technology\/","title":{"rendered":"Trotec XRS9012 \u2013 hidrogen a\u015fkarlama cihaz\u0131 Hidrogen s\u0131zmas\u0131 detektoru"},"content":{"rendered":"<section class=\"max-w-[1088px] mx-auto w-full px-5 my-10 md:my-12 lg:my-16 xl:my-20 xl:px-0\" data-block=\"bullet-list\">\n<div class=\"md:text-center\">\n<h3 class=\"text-black font-bold text-lg md:text-xl lg:text-2xl\">\u018fsas x\u00fcsusiyy\u0259tl\u0259r<\/h3>\n<\/div>\n<div class=\"mt-6 md:mt-10\">\n<div class=\"flex flex-wrap\">\n<div class=\"w-full md:w-1\/2 auto-bullets md:pr-16\">\n<ul>\n<li class=\"text-sm md:text-base text-black mt-3 flex items-start\">\n<div class=\"pl-5\">\n<p>T\u0259nziml\u0259n\u0259n h\u0259ssasl\u0131q s\u0259viyy\u0259si<br \/>\nH\u0259tta iri s\u0131zmalar olsa bel\u0259, doyma yoxdur<br \/>\nS\u00fcr\u0259tli b\u0259rpa<br \/>\nS\u0131f\u0131r\u0131n avtomatik t\u0259nziml\u0259nm\u0259si<br \/>\nDig\u0259r qazlara qar\u015f\u0131 \u00e7arpaz h\u0259ssasl\u0131q yoxdur<br \/>\nErqonomik korpus \u2013 da\u015f\u0131ma k\u0259m\u0259ri h\u0259r iki \u0259ll\u0259 i\u015fl\u0259m\u0259y\u0259 imkan verir<br \/>\nQ\u0131sa doldurma m\u00fcdd\u0259ti v\u0259 uzun \u00f6m\u00fcr m\u00fcdd\u0259ti olan texniki xidm\u0259t t\u0259l\u0259b etm\u0259y\u0259n batareya, avtomobild\u0259 d\u0259 doldurula bil\u0259r (12 V)<br \/>\nX\u0259ta g\u00f6st\u0259ricisi<br \/>\nMinimum\/maksimum \u00f6l\u00e7\u00fclm\u00fc\u015f d\u0259y\u0259r saxlama<\/p>\n<\/div>\n<\/li>\n<\/ul>\n<\/div>\n<\/div>\n<\/div>\n<\/section>\n<section class=\"max-w-[1088px] mx-auto w-full px-5 my-10 md:my-12 lg:my-16 xl:my-20 xl:px-0\" data-block=\"product-specifications\">\n<div class=\"md:text-center\">\n<h3 class=\"text-black font-bold text-lg md:text-xl lg:text-2xl\"><strong>Product specifications<\/strong><\/h3>\n<\/div>\n<div class=\" md:mt-10\">\n<div class=\"\">\n<div class=\"lg:mt-0 \">\n<div id=\"spec-xrs-9012\" class=\"prose max-w-full md:overflow-auto\" data-spec-content=\"\">\n<div class=\"spreadsheet-container hidden md:block\">\n<table class=\"w-full table-fixed mb-0\">\n<thead>\n<tr>\n<th class=\"font-bold text-base\"><span class=\"block px-4\">Specifications<\/span><\/th>\n<th class=\"font-bold text-base text-center\"><span class=\"block px-10 md:px-20\">Units<\/span><\/th>\n<th class=\"font-bold text-base text-center will-change\"><span class=\"block px-4\">XRS\u00a09012<\/span><\/th>\n<\/tr>\n<\/thead>\n<tbody>\n<tr class=\"bg-grey-200\/50 p-2\">\n<td colspan=\"1\"><span class=\"block px-4\">Sensitivity<\/span><\/td>\n<td class=\"text-center\">\n<div class=\"px-10 md:px-20 flex items-center justify-center\">ppm H2<\/div>\n<\/td>\n<td class=\"text-center will-change\">\n<div class=\"px-10 md:px-20 flex items-center justify-center\">0.7 in air<\/div>\n<\/td>\n<\/tr>\n<tr class=\" p-2\">\n<td colspan=\"1\"><span class=\"block px-4\">Response time<\/span><\/td>\n<td class=\"text-center\">\n<div class=\"px-10 md:px-20 flex items-center justify-center\">sec.<\/div>\n<\/td>\n<td class=\"text-center will-change\">\n<div class=\"px-10 md:px-20 flex items-center justify-center\">&lt; 1<\/div>\n<\/td>\n<\/tr>\n<tr class=\"bg-grey-200\/50 p-2\">\n<td colspan=\"1\"><span class=\"block px-4\">Warm up time<\/span><\/td>\n<td class=\"text-center\">\n<div class=\"px-10 md:px-20 flex items-center justify-center\">sec.<\/div>\n<\/td>\n<td class=\"text-center will-change\">\n<div class=\"px-10 md:px-20 flex items-center justify-center\">6<\/div>\n<\/td>\n<\/tr>\n<tr class=\" p-2\">\n<td colspan=\"1\"><span class=\"block px-4\">Outputs<\/span><\/td>\n<td class=\"text-center\">\n<div class=\"px-10 md:px-20 flex items-center justify-center\"><\/div>\n<\/td>\n<td class=\"text-center will-change\">\n<div class=\"px-10 md:px-20 flex items-center justify-center\">10 stage LED bar display, speaker: 5 &#8211; 1,600 Hz; earpiece: standard earpiece, 3.5 mm earplug, &gt; 8 Ohm<\/div>\n<\/td>\n<\/tr>\n<tr class=\"bg-grey-200\/50 p-2\">\n<td colspan=\"1\"><span class=\"block px-4\">Power supply<\/span><\/td>\n<td class=\"text-center\">\n<div class=\"px-10 md:px-20 flex items-center justify-center\"><\/div>\n<\/td>\n<td class=\"text-center will-change\">\n<div class=\"px-10 md:px-20 flex items-center justify-center\">Rechargeable lead batteries<\/div>\n<\/td>\n<\/tr>\n<tr class=\" p-2\">\n<td colspan=\"1\"><span class=\"block px-4\">Enclosure rating<\/span><\/td>\n<td class=\"text-center\">\n<div class=\"px-10 md:px-20 flex items-center justify-center\"><\/div>\n<\/td>\n<td class=\"text-center will-change\">\n<div class=\"px-10 md:px-20 flex items-center justify-center\">IP55<\/div>\n<\/td>\n<\/tr>\n<tr class=\"bg-grey-200\/50 p-2\">\n<td colspan=\"1\"><span class=\"block px-4\">Battery capacity<\/span><\/td>\n<td class=\"text-center\">\n<div class=\"px-10 md:px-20 flex items-center justify-center\">hours<\/div>\n<\/td>\n<td class=\"text-center will-change\">\n<div class=\"px-10 md:px-20 flex items-center justify-center\">13 at 20 \u00b0C, 6 at -20 \u00b0C<\/div>\n<\/td>\n<\/tr>\n<tr class=\" p-2\">\n<td colspan=\"1\"><span class=\"block px-4\">Charger<\/span><\/td>\n<td class=\"text-center\">\n<div class=\"px-10 md:px-20 flex items-center justify-center\"><\/div>\n<\/td>\n<td class=\"text-center will-change\">\n<div class=\"px-10 md:px-20 flex items-center justify-center\">Mains adapter (input 100 &#8211; 240 VAC) and vehicle charger cable (input 9 &#8211; 15 VDC) supplied as standard<\/div>\n<\/td>\n<\/tr>\n<tr class=\"bg-grey-200\/50 p-2\">\n<td colspan=\"1\"><span class=\"block px-4\">Housing<\/span><\/td>\n<td class=\"text-center\">\n<div class=\"px-10 md:px-20 flex items-center justify-center\"><\/div>\n<\/td>\n<td class=\"text-center will-change\">\n<div class=\"px-10 md:px-20 flex items-center justify-center\">Aluminium<\/div>\n<\/td>\n<\/tr>\n<tr class=\" p-2\">\n<td colspan=\"1\"><span class=\"block px-4\">Product size (l x w x h)<\/span><\/td>\n<td class=\"text-center\">\n<div class=\"px-10 md:px-20 flex items-center justify-center\">mm<\/div>\n<\/td>\n<td class=\"text-center will-change\">\n<div class=\"px-10 md:px-20 flex items-center justify-center\">120 x 250 x 85<\/div>\n<\/td>\n<\/tr>\n<tr class=\"bg-grey-200\/50 p-2\">\n<td colspan=\"1\"><span class=\"block px-4\">Product size (l x w x h) incl. carrying bag<\/span><\/td>\n<td class=\"text-center\">\n<div class=\"px-10 md:px-20 flex items-center justify-center\">mm<\/div>\n<\/td>\n<td class=\"text-center will-change\">\n<div class=\"px-10 md:px-20 flex items-center justify-center\">220 x 260 x 95<\/div>\n<\/td>\n<\/tr>\n<tr class=\" p-2\">\n<td colspan=\"1\"><span class=\"block px-4\">Weight \/ incl. carrying bag<\/span><\/td>\n<td class=\"text-center\">\n<div class=\"px-10 md:px-20 flex items-center justify-center\">kg<\/div>\n<\/td>\n<td class=\"text-center will-change\">\n<div class=\"px-10 md:px-20 flex items-center justify-center\">1.9 \/ 2.5<\/div>\n<\/td>\n<\/tr>\n<\/tbody>\n<\/table>\n<\/div>\n<\/div>\n<\/div>\n<\/div>\n<\/div>\n<\/section>\n<section class=\"max-w-[1088px] mx-auto w-full px-5 my-10 md:my-12 lg:my-16 xl:my-20 xl:px-0\" data-block=\"link-list\">\n<div class=\"max-w-[1088px] mx-auto\">\n<div class=\"md:text-center\">\n<h3 class=\"text-black font-bold text-lg md:text-xl lg:text-2xl\">Uy\u011fundur:<\/h3>\n<\/div>\n<div class=\"mt-6 max-w-4xl mx-auto\">\n<div class=\"flex flex-wrap md:ml-20\">\n<div class=\"w-full md:w-1\/2 auto-bullets md:pr-16\">\n<ul>\n<li class=\"flex items-center gap-5 text-sm text-black mt-3 md:text-base lg:text-lg\">S\u0259naye, fabrikl\u0259r v\u0259 istehsalat<br \/>\nSu z\u0259d\u0259l\u0259nm\u0259sinin b\u0259rpas\u0131<br \/>\nSu qur\u011fular\u0131<\/li>\n<\/ul>\n<\/div>\n<\/div>\n<\/div>\n<\/div>\n<\/section>\n","protected":false},"excerpt":{"rendered":"<p>XRS9012, t\u0259cr\u00fcb\u0259y\u0259 uy\u011funla\u015fd\u0131r\u0131lm\u0131\u015f hidrogen s\u0131zmas\u0131 detektorlar\u0131n\u0131n haz\u0131rlanmas\u0131nda m\u00f6vcud texnoloji ir\u0259lil\u0259yi\u015fi t\u0259msil edir. Bu y\u00fcng\u00fcl, g\u00fccl\u00fc v\u0259 \u0259lveri\u015fli \u00f6l\u00e7m\u0259 cihaz\u0131 s\u0131zmalar\u0131n tez, vaxta v\u0259 x\u0259rc\u0259 q\u0259na\u0259t ed\u0259n yerini m\u00fc\u0259yy\u0259n etm\u0259y\u0259 imkan verir.<\/p>\n<p>Q\u0131sa reaksiya m\u00fcdd\u0259ti, y\u00fcks\u0259k etibarl\u0131l\u0131q d\u0259r\u0259c\u0259si, dig\u0259r qazlara qar\u015f\u0131 a\u015fa\u011f\u0131 \u00e7arpaz h\u0259ssasl\u0131q \u2013 bu m\u00fc\u015ft\u0259ri ist\u0259kl\u0259ri XRS Sistemini inki\u015faf etdir\u0259rk\u0259n t\u0259tbiq etdiyimiz \u0259sas prioritetl\u0259rimiz aras\u0131nda idi. S\u0131zma detektoru b\u0259d\u0259n\u0259 m\u00fcmk\u00fcn q\u0259d\u0259r yax\u0131n da\u015f\u0131nmaq \u00fc\u00e7\u00fcn n\u0259z\u0259rd\u0259 tutulub. H\u0259r iki \u0259linizi i\u015fl\u0259m\u0259k \u00fc\u00e7\u00fcn s\u0259rb\u0259st qoyan da\u015f\u0131ma k\u0259m\u0259ri il\u0259 g\u0259lir. \u018flav\u0259 t\u0259hl\u00fck\u0259sizlik \u00fc\u00e7\u00fcn praktik bir detal.<\/p>\n","protected":false},"featured_media":45297,"template":"","meta":[],"product_brand":[],"product_cat":[1004,841,1166,822,2032,820],"product_tag":[],"class_list":{"0":"post-45296","1":"product","2":"type-product","3":"status-publish","4":"has-post-thumbnail","6":"product_cat-leak-detection-az","7":"product_cat-location-and-detection-az","8":"product_cat-measurement-technology-az","9":"product_cat-measurement-tools-az","10":"product_cat-olcm-cihazlari","11":"product_cat-olcm-texnologiyasi-cihazlari-altlri-az","13":"first","14":"instock","15":"shipping-taxable","16":"purchasable","17":"product-type-simple"},"_links":{"self":[{"href":"https:\/\/airsystems.ge\/shop\/az\/wp-json\/wp\/v2\/product\/45296","targetHints":{"allow":["GET"]}}],"collection":[{"href":"https:\/\/airsystems.ge\/shop\/az\/wp-json\/wp\/v2\/product"}],"about":[{"href":"https:\/\/airsystems.ge\/shop\/az\/wp-json\/wp\/v2\/types\/product"}],"wp:featuredmedia":[{"embeddable":true,"href":"https:\/\/airsystems.ge\/shop\/az\/wp-json\/wp\/v2\/media\/45297"}],"wp:attachment":[{"href":"https:\/\/airsystems.ge\/shop\/az\/wp-json\/wp\/v2\/media?parent=45296"}],"wp:term":[{"taxonomy":"product_brand","embeddable":true,"href":"https:\/\/airsystems.ge\/shop\/az\/wp-json\/wp\/v2\/product_brand?post=45296"},{"taxonomy":"product_cat","embeddable":true,"href":"https:\/\/airsystems.ge\/shop\/az\/wp-json\/wp\/v2\/product_cat?post=45296"},{"taxonomy":"product_tag","embeddable":true,"href":"https:\/\/airsystems.ge\/shop\/az\/wp-json\/wp\/v2\/product_tag?post=45296"}],"curies":[{"name":"wp","href":"https:\/\/api.w.org\/{rel}","templated":true}]}}