{"id":45239,"date":"2026-04-17T21:14:37","date_gmt":"2026-04-17T17:14:37","guid":{"rendered":"https:\/\/airsystems.ge\/shop\/product\/trotec-oz-one-ozone-meter-ozone-meter\/"},"modified":"2026-04-17T21:22:46","modified_gmt":"2026-04-17T17:22:46","slug":"trotec-oz-one-ozone-meter-ozone-meter","status":"publish","type":"product","link":"https:\/\/airsystems.ge\/shop\/az\/product\/trotec-oz-one-ozone-meter-ozone-meter\/","title":{"rendered":"Trotec OZ-ONE \u2013 ozon \u00f6l\u00e7\u0259n cihaz Ozon \u00f6l\u00e7\u0259n cihaz Ozon \u00f6l\u00e7\u0259n cihaz Ozon \u00f6l\u00e7m\u0259 cihaz\u0131"},"content":{"rendered":"<section class=\"max-w-[1088px] mx-auto w-full px-5 my-10 md:my-12 lg:my-16 xl:my-20 xl:px-0\" data-block=\"bullet-list\">\n<div class=\"md:text-center\">\n<h3 class=\"text-black font-bold text-lg md:text-xl lg:text-2xl\">\u018fsas x\u00fcsusiyy\u0259tl\u0259r<\/h3>\n<\/div>\n<div class=\"mt-6 md:mt-10\">\n<div class=\"flex flex-wrap\">\n<div class=\"w-full md:w-1\/2 auto-bullets md:pr-16\">\n<ul>\n<li class=\"text-sm md:text-base text-black mt-3 flex items-start\">\n<div class=\"pl-5\">\n<p>A\u015fa\u011f\u0131 ozon konsentrasiyalar\u0131n\u0131n bel\u0259 s\u00fcr\u0259tli v\u0259 d\u0259qiq t\u0259yini<br \/>\n\u00d6l\u00e7\u00fclm\u00fc\u015f ozon d\u0259y\u0259rinin ppm v\u0259 ya \u00b5g\/m\u00b3 il\u0259 g\u00f6st\u0259rilm\u0259si<br \/>\nS\u00fcr\u0259tli cavab m\u00fcdd\u0259ti<br \/>\nVOC-lara qar\u015f\u0131 ki\u00e7ik \u00e7arpaz h\u0259ssasl\u0131q<br \/>\nOzon s\u0131f\u0131r\u0131n\u0131n t\u0259nziml\u0259nm\u0259si funksiyas\u0131<br \/>\nOzon istinad d\u0259y\u0259rinin \u00f6l\u00e7\u00fclm\u0259si (STEL\/TWA)<br \/>\nY\u00fcks\u0259k d\u0259qiqlikli standart kubmetr \u00f6l\u00e7m\u0259l\u0259ri \u00fc\u00e7\u00fcn atmosfer t\u0259zyiqinin ofseti<br \/>\nHava temperaturu v\u0259 r\u00fctub\u0259tinin \u00f6l\u00e7\u00fclm\u0259si<br \/>\n\u015eeh n\u00f6qt\u0259si v\u0259 ya\u015f lampa temperaturunun hesablanmas\u0131<br \/>\nHava temperaturu v\u0259 r\u00fctub\u0259t \u00fc\u00e7\u00fcn ofset t\u0259nziml\u0259nm\u0259si<br \/>\nM\u0259lumatlar\u0131n saxlanmas\u0131, MAKS\/M\u0130N v\u0259 siqnalizasiya funksiyas\u0131<br \/>\nEkran i\u015f\u0131qland\u0131rmas\u0131<br \/>\n\u015etativ qo\u015fulmas\u0131 \u00fc\u00e7\u00fcn \u00bc d\u00fcyml\u00fck yivl\u0259m\u0259<br \/>\nBatareya i\u015fl\u0259m\u0259sin\u0259 \u0259lav\u0259 olaraq, fasil\u0259siz \u00f6l\u00e7m\u0259l\u0259r \u00fc\u00e7\u00fcn \u015f\u0259b\u0259k\u0259 i\u015fl\u0259m\u0259sin\u0259 d\u0259 icaz\u0259 verilir<br \/>\nEnerjiy\u0259 q\u0259na\u0259t ed\u0259n avtomatik s\u00f6nd\u00fcrm\u0259<br \/>\nKalibrl\u0259m\u0259 sertifikat\u0131 daxil olmaqla<\/p>\n<p>&nbsp;<\/p>\n<\/div>\n<\/li>\n<\/ul>\n<\/div>\n<\/div>\n<\/div>\n<\/section>\n<section class=\"max-w-[1088px] mx-auto w-full my-10 md:my-12 lg:my-16 xl:my-20\" data-block=\"content-block\">\n<div class=\"max-w-[1088px] mx-auto\">\n<div class=\"flex flex-col items-center gap-6 px-5 w-full md:grid md:grid-cols-12 md:items-stretch xl:px-0\" data-content-block=\"container\">\n<div class=\"relative flex flex-col gap-5 w-full md:col-span-12 md:col-start-1 sm:items-start sm:text-left order-first md:order-none\" data-content-block=\"column\">\n<div class=\"prose text-pretty max-w-full text-left text-black prose-p:text-black prose-headings:mt-6 prose-headings:mb-3 md:prose-headings:text-lg prose-a:text-current prose-a:transition prose-a:ease-linear prose-a:duration-300\" data-content-block=\"text\">\n<p>Uzunm\u00fcdd\u0259tli \u00f6l\u00e7m\u0259l\u0259r \u00fc\u00e7\u00fcn OZ-ONE h\u0259m\u00e7inin \u015ftativ\u0259 qo\u015fula bil\u0259r. Bundan \u0259lav\u0259, \u00f6l\u00e7m\u0259 cihaz\u0131nda h\u0259m mini USB portu, h\u0259m d\u0259 barel tipli 9 V koaksial enerji yuvas\u0131 var. Bu portlar batareya il\u0259 i\u015fl\u0259y\u0259n t\u0259tbiq\u0259 alternativ olaraq davaml\u0131 \u015f\u0259b\u0259k\u0259 i\u015fl\u0259m\u0259sin\u0259 imkan verir. Son olaraq, mini USB portu vasit\u0259sil\u0259 mobil enerji t\u0259chizat\u0131n\u0131 t\u0259min etm\u0259k \u00fc\u00e7\u00fcn OZ-ONE h\u0259m\u00e7inin enerji bank\u0131na qo\u015fula bil\u0259r.<\/p>\n<\/div>\n<\/div>\n<\/div>\n<\/div>\n<\/section>\n<section class=\"max-w-[1088px] mx-auto w-full px-5 my-10 md:my-12 lg:my-16 xl:my-20 xl:px-0\" data-block=\"product-specifications\">\n<div class=\"md:text-center\">\n<h3 class=\"text-black font-bold text-lg md:text-xl lg:text-2xl\"><strong>Product specifications<\/strong><\/h3>\n<\/div>\n<div class=\" md:mt-10\">\n<div class=\"\">\n<div class=\"lg:mt-0 \">\n<div id=\"spec-oz-one\" class=\"prose max-w-full md:overflow-auto\" data-spec-content=\"\">\n<div class=\"spreadsheet-container hidden md:block\">\n<table class=\"w-full table-fixed mb-0\">\n<thead>\n<tr>\n<th class=\"font-bold text-base\"><span class=\"block px-4\">Specifications<\/span><\/th>\n<th class=\"font-bold text-base text-center\"><span class=\"block px-10 md:px-20\">Units<\/span><\/th>\n<th class=\"font-bold text-base text-center will-change\"><span class=\"block px-4\">OZ-ONE<\/span><\/th>\n<\/tr>\n<\/thead>\n<tbody>\n<tr class=\"bg-grey-200\/50 p-2\">\n<td colspan=\"1\"><span class=\"block px-4\">Ozon (O3) &#8211; Measuring principle<\/span><\/td>\n<td class=\"text-center\">\n<div class=\"px-10 md:px-20 flex items-center justify-center\"><\/div>\n<\/td>\n<td class=\"text-center will-change\">\n<div class=\"px-10 md:px-20 flex items-center justify-center\">Electrochemical sensor<\/div>\n<\/td>\n<\/tr>\n<tr class=\" p-2\">\n<td colspan=\"1\"><span class=\"block px-4\">Ozon (O3) &#8211; Measuring range<\/span><\/td>\n<td class=\"text-center\">\n<div class=\"px-10 md:px-20 flex items-center justify-center\"><\/div>\n<\/td>\n<td class=\"text-center will-change\">\n<div class=\"px-10 md:px-20 flex items-center justify-center\">0.00 to 1.00 ppm (0 to 1,996 \u00b5g\/m\u00b3 [at 20 \u00b0C and 1,013 hPa])<\/div>\n<\/td>\n<\/tr>\n<tr class=\"bg-grey-200\/50 p-2\">\n<td colspan=\"1\"><span class=\"block px-4\">Ozon (O3) &#8211; Accuracy<\/span><\/td>\n<td class=\"text-center\">\n<div class=\"px-10 md:px-20 flex items-center justify-center\"><\/div>\n<\/td>\n<td class=\"text-center will-change\">\n<div class=\"px-10 md:px-20 flex items-center justify-center\">&lt; 0.1 ppm (&lt; 200 \u00b5g\/m\u00b3): \u00b1 0.02 ppm (\u00b1 40 \u00b5g\/m\u00b3) at 25 \u00b0C and 1,013 hPa; otherwise \u00b1 10 %<\/div>\n<\/td>\n<\/tr>\n<tr class=\" p-2\">\n<td colspan=\"1\"><span class=\"block px-4\">Ozon (O3) &#8211; Resolution<\/span><\/td>\n<td class=\"text-center\">\n<div class=\"px-10 md:px-20 flex items-center justify-center\"><\/div>\n<\/td>\n<td class=\"text-center will-change\">\n<div class=\"px-10 md:px-20 flex items-center justify-center\">0.01 ppm (1 \u03bcg\/m\u00b3)<\/div>\n<\/td>\n<\/tr>\n<tr class=\"bg-grey-200\/50 p-2\">\n<td colspan=\"1\"><span class=\"block px-4\">Ozon (O3) &#8211; Drift<\/span><\/td>\n<td class=\"text-center\">\n<div class=\"px-10 md:px-20 flex items-center justify-center\"><\/div>\n<\/td>\n<td class=\"text-center will-change\">\n<div class=\"px-10 md:px-20 flex items-center justify-center\">\u00b12 % \/ month<\/div>\n<\/td>\n<\/tr>\n<tr class=\" p-2\">\n<td colspan=\"1\"><span class=\"block px-4\">Air temperature &#8211; Measuring range<\/span><\/td>\n<td class=\"text-center\">\n<div class=\"px-10 md:px-20 flex items-center justify-center\">\u00b0C<\/div>\n<\/td>\n<td class=\"text-center will-change\">\n<div class=\"px-10 md:px-20 flex items-center justify-center\">0.0 to 50.0 (32 to 122 \u00b0F)<\/div>\n<\/td>\n<\/tr>\n<tr class=\"bg-grey-200\/50 p-2\">\n<td colspan=\"1\"><span class=\"block px-4\">Air temperature &#8211; Accuracy<\/span><\/td>\n<td class=\"text-center\">\n<div class=\"px-10 md:px-20 flex items-center justify-center\">\u00b0C<\/div>\n<\/td>\n<td class=\"text-center will-change\">\n<div class=\"px-10 md:px-20 flex items-center justify-center\">\u00b10.6<\/div>\n<\/td>\n<\/tr>\n<tr class=\" p-2\">\n<td colspan=\"1\"><span class=\"block px-4\">Air temperature &#8211; Resolution<\/span><\/td>\n<td class=\"text-center\">\n<div class=\"px-10 md:px-20 flex items-center justify-center\">\u00b0C<\/div>\n<\/td>\n<td class=\"text-center will-change\">\n<div class=\"px-10 md:px-20 flex items-center justify-center\">0.1<\/div>\n<\/td>\n<\/tr>\n<tr class=\"bg-grey-200\/50 p-2\">\n<td colspan=\"1\"><span class=\"block px-4\">Humidity &#8211; Measuring range<\/span><\/td>\n<td class=\"text-center\">\n<div class=\"px-10 md:px-20 flex items-center justify-center\">% RH<\/div>\n<\/td>\n<td class=\"text-center will-change\">\n<div class=\"px-10 md:px-20 flex items-center justify-center\">0 to 99.9<\/div>\n<\/td>\n<\/tr>\n<tr class=\" p-2\">\n<td colspan=\"1\"><span class=\"block px-4\">Humidity &#8211; Accuracy<\/span><\/td>\n<td class=\"text-center\">\n<div class=\"px-10 md:px-20 flex items-center justify-center\"><\/div>\n<\/td>\n<td class=\"text-center will-change\">\n<div class=\"px-10 md:px-20 flex items-center justify-center\">\u00b1 3 % at 25 \u00b0C and 10 to 70 % RH, otherwise \u00b1 5 %<\/div>\n<\/td>\n<\/tr>\n<tr class=\"bg-grey-200\/50 p-2\">\n<td colspan=\"1\"><span class=\"block px-4\">Humidity &#8211; Resolution<\/span><\/td>\n<td class=\"text-center\">\n<div class=\"px-10 md:px-20 flex items-center justify-center\">%<\/div>\n<\/td>\n<td class=\"text-center will-change\">\n<div class=\"px-10 md:px-20 flex items-center justify-center\">0.1<\/div>\n<\/td>\n<\/tr>\n<tr class=\" p-2\">\n<td colspan=\"3\"><span class=\"block px-4\">Functions<\/span><\/td>\n<\/tr>\n<tr class=\"bg-grey-200\/50 p-2\">\n<td colspan=\"1\"><span class=\"block px-4\">Minimum\/maximum value display<\/span><\/td>\n<td class=\"text-center\">\n<div class=\"px-10 md:px-20 flex items-center justify-center\"><\/div>\n<\/td>\n<td class=\"text-center will-change\">\n<div class=\"px-10 md:px-20 flex items-center justify-center\">Yes<\/div>\n<\/td>\n<\/tr>\n<tr class=\" p-2\">\n<td colspan=\"1\"><span class=\"block px-4\">Hold function<\/span><\/td>\n<td class=\"text-center\">\n<div class=\"px-10 md:px-20 flex items-center justify-center\"><\/div>\n<\/td>\n<td class=\"text-center will-change\">\n<div class=\"px-10 md:px-20 flex items-center justify-center\">Yes<\/div>\n<\/td>\n<\/tr>\n<tr class=\"bg-grey-200\/50 p-2\">\n<td colspan=\"1\"><span class=\"block px-4\">Reference value measurement<\/span><\/td>\n<td class=\"text-center\">\n<div class=\"px-10 md:px-20 flex items-center justify-center\"><\/div>\n<\/td>\n<td class=\"text-center will-change\">\n<div class=\"px-10 md:px-20 flex items-center justify-center\">Short-term exposure limit (STEL \u00b9, 15 min.), time-weighted average(TWA \u00b2, 8 h)<\/div>\n<\/td>\n<\/tr>\n<tr class=\" p-2\">\n<td colspan=\"1\"><span class=\"block px-4\">Display illumination<\/span><\/td>\n<td class=\"text-center\">\n<div class=\"px-10 md:px-20 flex items-center justify-center\"><\/div>\n<\/td>\n<td class=\"text-center will-change\">\n<div class=\"px-10 md:px-20 flex items-center justify-center\">Yes<\/div>\n<\/td>\n<\/tr>\n<tr class=\"bg-grey-200\/50 p-2\">\n<td colspan=\"1\"><span class=\"block px-4\">Ozone alarm function<\/span><\/td>\n<td class=\"text-center\">\n<div class=\"px-10 md:px-20 flex items-center justify-center\"><\/div>\n<\/td>\n<td class=\"text-center will-change\">\n<div class=\"px-10 md:px-20 flex items-center justify-center\">Acoustic (limit value can be configured individually)<\/div>\n<\/td>\n<\/tr>\n<tr class=\" p-2\">\n<td colspan=\"1\"><span class=\"block px-4\">Adjustable measurement units<\/span><\/td>\n<td class=\"text-center\">\n<div class=\"px-10 md:px-20 flex items-center justify-center\"><\/div>\n<\/td>\n<td class=\"text-center will-change\">\n<div class=\"px-10 md:px-20 flex items-center justify-center\">\u00b0C, \u00b0F, ppm, \u03bcg\/m\u00b3<\/div>\n<\/td>\n<\/tr>\n<tr class=\"bg-grey-200\/50 p-2\">\n<td colspan=\"1\"><span class=\"block px-4\">Dew point calculation<\/span><\/td>\n<td class=\"text-center\">\n<div class=\"px-10 md:px-20 flex items-center justify-center\"><\/div>\n<\/td>\n<td class=\"text-center will-change\">\n<div class=\"px-10 md:px-20 flex items-center justify-center\">Yes<\/div>\n<\/td>\n<\/tr>\n<tr class=\" p-2\">\n<td colspan=\"1\"><span class=\"block px-4\">Wet-bulb temperature calculation<\/span><\/td>\n<td class=\"text-center\">\n<div class=\"px-10 md:px-20 flex items-center justify-center\"><\/div>\n<\/td>\n<td class=\"text-center will-change\">\n<div class=\"px-10 md:px-20 flex items-center justify-center\">Yes<\/div>\n<\/td>\n<\/tr>\n<tr class=\"bg-grey-200\/50 p-2\">\n<td colspan=\"1\"><span class=\"block px-4\">Zero adjustment function (Zero-Reset)<\/span><\/td>\n<td class=\"text-center\">\n<div class=\"px-10 md:px-20 flex items-center justify-center\"><\/div>\n<\/td>\n<td class=\"text-center will-change\">\n<div class=\"px-10 md:px-20 flex items-center justify-center\">Ozone<\/div>\n<\/td>\n<\/tr>\n<tr class=\" p-2\">\n<td colspan=\"1\"><span class=\"block px-4\">Offset adjustment<\/span><\/td>\n<td class=\"text-center\">\n<div class=\"px-10 md:px-20 flex items-center justify-center\"><\/div>\n<\/td>\n<td class=\"text-center will-change\">\n<div class=\"px-10 md:px-20 flex items-center justify-center\">Air temperature, humidity level<\/div>\n<\/td>\n<\/tr>\n<tr class=\"bg-grey-200\/50 p-2\">\n<td colspan=\"3\"><span class=\"block px-4\">Equipment<\/span><\/td>\n<\/tr>\n<tr class=\" p-2\">\n<td colspan=\"1\"><span class=\"block px-4\">Display<\/span><\/td>\n<td class=\"text-center\">\n<div class=\"px-10 md:px-20 flex items-center justify-center\"><\/div>\n<\/td>\n<td class=\"text-center will-change\">\n<div class=\"px-10 md:px-20 flex items-center justify-center\">Backlit monochrome LCD (44 x 33 cm) for the simultaneous indication of two parameters<\/div>\n<\/td>\n<\/tr>\n<tr class=\"bg-grey-200\/50 p-2\">\n<td colspan=\"1\"><span class=\"block px-4\">Tripod connection<\/span><\/td>\n<td class=\"text-center\">\n<div class=\"px-10 md:px-20 flex items-center justify-center\"><\/div>\n<\/td>\n<td class=\"text-center will-change\">\n<div class=\"px-10 md:px-20 flex items-center justify-center\">\u00bc inch<\/div>\n<\/td>\n<\/tr>\n<tr class=\" p-2\">\n<td colspan=\"1\"><span class=\"block px-4\">Ports<\/span><\/td>\n<td class=\"text-center\">\n<div class=\"px-10 md:px-20 flex items-center justify-center\"><\/div>\n<\/td>\n<td class=\"text-center will-change\">\n<div class=\"px-10 md:px-20 flex items-center justify-center\">Mini USB, barrel-type 9 V coaxial power socket<\/div>\n<\/td>\n<\/tr>\n<tr class=\"bg-grey-200\/50 p-2\">\n<td colspan=\"1\"><span class=\"block px-4\">Power supply &#8211; internal<\/span><\/td>\n<td class=\"text-center\">\n<div class=\"px-10 md:px-20 flex items-center justify-center\"><\/div>\n<\/td>\n<td class=\"text-center will-change\">\n<div class=\"px-10 md:px-20 flex items-center justify-center\">4 x LR03 AAA<\/div>\n<\/td>\n<\/tr>\n<tr class=\" p-2\">\n<td colspan=\"1\"><span class=\"block px-4\">Power supply &#8211; external<\/span><\/td>\n<td class=\"text-center\">\n<div class=\"px-10 md:px-20 flex items-center justify-center\"><\/div>\n<\/td>\n<td class=\"text-center will-change\">\n<div class=\"px-10 md:px-20 flex items-center justify-center\">Via mini USB or 9 V power adapter (not included in the scope of delivery)<\/div>\n<\/td>\n<\/tr>\n<tr class=\"bg-grey-200\/50 p-2\">\n<td colspan=\"1\"><span class=\"block px-4\">Product size (l x w x h)<\/span><\/td>\n<td class=\"text-center\">\n<div class=\"px-10 md:px-20 flex items-center justify-center\">mm<\/div>\n<\/td>\n<td class=\"text-center will-change\">\n<div class=\"px-10 md:px-20 flex items-center justify-center\">210 x 60 x 40<\/div>\n<\/td>\n<\/tr>\n<tr class=\" p-2\">\n<td colspan=\"1\"><span class=\"block px-4\">Weight<\/span><\/td>\n<td class=\"text-center\">\n<div class=\"px-10 md:px-20 flex items-center justify-center\">g<\/div>\n<\/td>\n<td class=\"text-center will-change\">\n<div class=\"px-10 md:px-20 flex items-center justify-center\">185<\/div>\n<\/td>\n<\/tr>\n<\/tbody>\n<\/table>\n<\/div>\n<\/div>\n<\/div>\n<\/div>\n<\/div>\n<\/section>\n<section class=\"max-w-[1088px] mx-auto w-full px-5 my-10 md:my-12 lg:my-16 xl:my-20 xl:px-0\" data-block=\"link-list\">\n<div class=\"max-w-[1088px] mx-auto\">\n<div class=\"md:text-center\">\n<h3 class=\"text-black font-bold text-lg md:text-xl lg:text-2xl\">Uy\u011fundur:<\/h3>\n<\/div>\n<div class=\"mt-6 max-w-4xl mx-auto\">\n<div class=\"flex flex-wrap md:ml-20\">\n<div class=\"w-full md:w-1\/2 auto-bullets md:pr-16\">\n<ul>\n<li class=\"flex items-center gap-5 text-sm text-black mt-3 md:text-base lg:text-lg\">Avtomobil<br \/>\nD\u00fc\u015f\u0259rg\u0259l\u0259r v\u0259 s\u0259hra x\u0259st\u0259xanalar\u0131<br \/>\nTicar\u0259t binalar\u0131<br \/>\nS\u0259naye, fabrikl\u0259r v\u0259 istehsalat<br \/>\nYa\u015fay\u0131\u015f binalar\u0131<br \/>\nSu z\u0259d\u0259l\u0259rinin b\u0259rpas\u0131<br \/>\nSu qur\u011fular\u0131<\/li>\n<\/ul>\n<\/div>\n<\/div>\n<\/div>\n<\/div>\n<\/section>\n","protected":false},"excerpt":{"rendered":"<p>OZ-ONE ozon \u00f6l\u00e7\u0259n cihaz\u0131 il\u0259 \u0259traf m\u00fchitd\u0259ki ozon konsentrasiyalar\u0131n\u0131n s\u00fcr\u0259tli v\u0259 d\u0259qiq yoxlan\u0131lmas\u0131 v\u0259 ya uzunm\u00fcdd\u0259tli a\u015fkarlanmas\u0131 \u00fc\u00e7\u00fcn ideal s\u0131naq cihaz\u0131na sahibsiniz. OZ-ONE dig\u0259r qazlara v\u0259 ya U\u00dcB-l\u0259r\u0259 qar\u015f\u0131 \u00e7ox a\u015fa\u011f\u0131 \u00e7arpaz h\u0259ssasl\u0131qla xarakteriz\u0259 olunur v\u0259 \u00e7ox a\u015fa\u011f\u0131 ozon konsentrasiyalar\u0131nda bel\u0259 s\u00fcr\u0259tli, y\u00fcks\u0259k d\u0259qiq \u00f6l\u00e7m\u0259 n\u0259tic\u0259l\u0259ri il\u0259 t\u0259sir ba\u011f\u0131\u015flay\u0131r.<\/p>\n<p>Ozon s\u0131f\u0131r\u0131n\u0131n t\u0259nziml\u0259nm\u0259si, q\u0131sam\u00fcdd\u0259tli m\u0259ruz qalma limiti (STEL) v\u0259 zamanla \u00e7\u0259kili ortalama (TWA) \u00fc\u00e7\u00fcn istinad d\u0259y\u0259ri \u00f6l\u00e7m\u0259 se\u00e7imi v\u0259 ya ppm-d\u0259n \u00b5g\/m\u00b3-y\u0259 v\u0259 \u0259ksin\u0259 d\u0259yi\u015fdiril\u0259 bil\u0259n d\u0259y\u0259r ekran\u0131 kimi bir \u00e7ox inteqrasiya olunmu\u015f funksiyalar, tez cavab ver\u0259n OZ-ONE-ni d\u0259qiq ozon m\u0259ruz qalma \u00f6l\u00e7m\u0259l\u0259ri \u00fc\u00e7\u00fcn \u0259v\u0259zolunmaz bir vasit\u0259y\u0259 \u00e7evirir. Bundan \u0259lav\u0259, bu cihaz hava temperaturu v\u0259 r\u00fctub\u0259tinin t\u0259yini v\u0259 ya \u015feh n\u00f6qt\u0259si v\u0259 ya\u015f lampa temperaturunun hesablanmas\u0131 \u00fc\u00e7\u00fcn kompakt portativ \u0259traf m\u00fchit \u00f6l\u00e7m\u0259 cihaz\u0131d\u0131r. Bu \u00f6l\u00e7m\u0259 cihaz\u0131n\u0131n ikili ekran\u0131 h\u0259mi\u015f\u0259 bir bax\u0131\u015fda g\u00f6r\u00fcn\u0259n iki \u00f6l\u00e7\u00fclm\u00fc\u015f d\u0259y\u0259ri g\u00f6st\u0259rir.<\/p>\n","protected":false},"featured_media":45240,"template":"","meta":[],"product_brand":[],"product_cat":[835,821,1166,822,2032,820],"product_tag":[],"class_list":{"0":"post-45239","1":"product","2":"type-product","3":"status-publish","4":"has-post-thumbnail","6":"product_cat-air-quality-az","7":"product_cat-emission-az","8":"product_cat-measurement-technology-az","9":"product_cat-measurement-tools-az","10":"product_cat-olcm-cihazlari","11":"product_cat-olcm-texnologiyasi-cihazlari-altlri-az","13":"first","14":"instock","15":"shipping-taxable","16":"purchasable","17":"product-type-simple"},"_links":{"self":[{"href":"https:\/\/airsystems.ge\/shop\/az\/wp-json\/wp\/v2\/product\/45239","targetHints":{"allow":["GET"]}}],"collection":[{"href":"https:\/\/airsystems.ge\/shop\/az\/wp-json\/wp\/v2\/product"}],"about":[{"href":"https:\/\/airsystems.ge\/shop\/az\/wp-json\/wp\/v2\/types\/product"}],"wp:featuredmedia":[{"embeddable":true,"href":"https:\/\/airsystems.ge\/shop\/az\/wp-json\/wp\/v2\/media\/45240"}],"wp:attachment":[{"href":"https:\/\/airsystems.ge\/shop\/az\/wp-json\/wp\/v2\/media?parent=45239"}],"wp:term":[{"taxonomy":"product_brand","embeddable":true,"href":"https:\/\/airsystems.ge\/shop\/az\/wp-json\/wp\/v2\/product_brand?post=45239"},{"taxonomy":"product_cat","embeddable":true,"href":"https:\/\/airsystems.ge\/shop\/az\/wp-json\/wp\/v2\/product_cat?post=45239"},{"taxonomy":"product_tag","embeddable":true,"href":"https:\/\/airsystems.ge\/shop\/az\/wp-json\/wp\/v2\/product_tag?post=45239"}],"curies":[{"name":"wp","href":"https:\/\/api.w.org\/{rel}","templated":true}]}}