{"id":44962,"date":"2026-04-13T20:45:39","date_gmt":"2026-04-13T16:45:39","guid":{"rendered":"https:\/\/airsystems.ge\/shop\/product\/trotec-t670-stand-alone-moisture-meter-intelligent-moisture-measurement\/"},"modified":"2026-04-13T20:54:25","modified_gmt":"2026-04-13T16:54:25","slug":"trotec-t670-stand-alone-moisture-meter-intelligent-moisture-measurement","status":"publish","type":"product","link":"https:\/\/airsystems.ge\/shop\/az\/product\/trotec-t670-stand-alone-moisture-meter-intelligent-moisture-measurement\/","title":{"rendered":"Trotec T670 m\u00fcst\u0259qil n\u0259mlik \u00f6l\u00e7\u0259n cihaz A\u011f\u0131ll\u0131 n\u0259mlik \u00f6l\u00e7m\u0259 cihaz\u0131"},"content":{"rendered":"<section class=\"max-w-[1088px] mx-auto w-full px-5 my-10 md:my-12 lg:my-16 xl:my-20 xl:px-0\" data-block=\"bullet-list\">\n<div class=\"md:text-center\">\n<h3 class=\"text-black font-bold text-lg md:text-xl lg:text-2xl\">\u018fsas x\u00fcsusiyy\u0259tl\u0259r<\/h3>\n<\/div>\n<div class=\"mt-6 md:mt-10\">\n<div class=\"flex flex-wrap\">\n<div class=\"w-full md:w-1\/2 auto-bullets md:pr-16\">\n<ul>\n<li class=\"text-sm md:text-base text-black mt-3 flex items-start\">\n<div class=\"pl-5\">\n<p>Bina diaqnostikas\u0131 &#8211; tikinti v\u0259 b\u0259rpa, a\u011fac emal\u0131 v\u0259 taxta ticar\u0259ti \u00fc\u00e7\u00fcn ideald\u0131r<br \/>\nS\u0259th\u0259 yax\u0131n b\u00f6lg\u0259l\u0259rd\u0259 n\u0259mlik paylanmas\u0131n\u0131n s\u00fcr\u0259tli v\u0259 da\u011f\u0131d\u0131c\u0131 olmayan g\u00f6st\u0259ricisi<br \/>\nMaksimum 50 \u00d7 40 q\u0259tnam\u0259 il\u0259 \u015f\u0259b\u0259k\u0259 \u00f6l\u00e7m\u0259l\u0259ri n\u0259ml\u0259ndirm\u0259 n\u00fcmun\u0259l\u0259rini g\u00f6st\u0259r\u0259n r\u0259ng kodlu matris yaratmaq \u00fc\u00e7\u00fcn konfiqurasiya edil\u0259 bil\u0259r<\/p>\n<\/div>\n<\/li>\n<\/ul>\n<\/div>\n<\/div>\n<\/div>\n<\/section>\n<section class=\"max-w-[1088px] mx-auto w-full px-5 my-10 md:my-12 lg:my-16 xl:my-20 xl:px-0\" data-block=\"bullet-list\">\n<div class=\"md:text-center\">\n<h3 class=\"text-black font-bold text-lg md:text-xl lg:text-2xl\">Funksiyalar<\/h3>\n<\/div>\n<div class=\"mt-6 md:mt-10\">\n<div class=\"flex flex-wrap\">\n<div class=\"w-full md:w-1\/2 auto-bullets md:pr-16\">\n<ul>\n<li class=\"text-sm md:text-base text-black mt-3 flex items-start\">\n<div class=\"pl-5\">\n<p>M\u0259lumat qeyd cihaz\u0131<br \/>\nSiqnal<br \/>\nAnhidrit v\u0259 sementli \u00e7ubuq \u00fc\u00e7\u00fcn material se\u00e7imi. CM \u00f6l\u00e7m\u0259l\u0259ri \u00fc\u00e7\u00fcn faydal\u0131 ilkin s\u0131naq.<br \/>\nM\u0259lumatlar\u0131n arxivl\u0259\u015fdirilm\u0259si v\u0259 arxiv ekran\u0131<br \/>\nSensor ofseti<br \/>\n\u00c7oxdilli v\u0259 vahid sistemi se\u00e7imi (metrik\/imperial)<br \/>\nTarixli real vaxt saat\u0131<br \/>\nParlaql\u0131q n\u0259zar\u0259ti il\u0259 i\u015f\u0131qland\u0131r\u0131lm\u0131\u015f ekran<br \/>\nMinimum d\u0259y\u0259r, maksimum d\u0259y\u0259r v\u0259 saxlama funksiyas\u0131<br \/>\nFotoqrafik s\u0259n\u0259dl\u0259r \u00fc\u00e7\u00fcn b\u00f6y\u00fctm\u0259 v\u0259 ekran g\u00f6r\u00fcnt\u00fcs\u00fc funksiyas\u0131<br \/>\nAvtomatik funksiya v\u0259 batareya testi<br \/>\nAvtomatik kalibrl\u0259m\u0259<br \/>\nXY-qrafik vizualla\u015fd\u0131rma<br \/>\nYadda saxlan\u0131lan d\u0259y\u0259rl\u0259rin c\u0259dv\u0259l vizualla\u015fd\u0131r\u0131lmas\u0131<br \/>\nAvtomatik s\u00f6nd\u00fcrm\u0259<\/p>\n<\/div>\n<\/li>\n<\/ul>\n<\/div>\n<\/div>\n<\/div>\n<\/section>\n<section class=\"max-w-[1088px] mx-auto w-full px-5 my-10 md:my-12 lg:my-16 xl:my-20 xl:px-0\" data-block=\"product-specifications\">\n<div class=\"md:text-center\">\n<h3 class=\"text-black font-bold text-lg md:text-xl lg:text-2xl\"><strong>Product specifications<\/strong><\/h3>\n<\/div>\n<div class=\" md:mt-10\">\n<div class=\"\">\n<div class=\"lg:mt-0 \">\n<div id=\"spec-t670\" class=\"prose max-w-full md:overflow-auto\" data-spec-content=\"\">\n<div class=\"spreadsheet-container hidden md:block\">\n<table class=\"w-full table-fixed mb-0\">\n<thead>\n<tr>\n<th class=\"font-bold text-base\"><span class=\"block px-4\">Specifications<\/span><\/th>\n<th class=\"font-bold text-base text-center\"><span class=\"block px-10 md:px-20\">Units<\/span><\/th>\n<th class=\"font-bold text-base text-center will-change\"><span class=\"block px-4\">T670<\/span><\/th>\n<\/tr>\n<\/thead>\n<tbody>\n<tr class=\"bg-grey-200\/50 p-2\">\n<td colspan=\"1\"><span class=\"block px-4\">Measuring principle<\/span><\/td>\n<td class=\"text-center\">\n<div class=\"px-10 md:px-20 flex items-center justify-center\">&#8211;<\/div>\n<\/td>\n<td class=\"text-center will-change\">\n<div class=\"px-10 md:px-20 flex items-center justify-center\">Dielectric, non-destructive<\/div>\n<\/td>\n<\/tr>\n<tr class=\" p-2\">\n<td colspan=\"1\"><span class=\"block px-4\">Measuring range<\/span><\/td>\n<td class=\"text-center\">\n<div class=\"px-10 md:px-20 flex items-center justify-center\">&#8211;<\/div>\n<\/td>\n<td class=\"text-center will-change\">\n<div class=\"px-10 md:px-20 flex items-center justify-center\">0 up to 200 digits<\/div>\n<\/td>\n<\/tr>\n<tr class=\"bg-grey-200\/50 p-2\">\n<td colspan=\"1\"><span class=\"block px-4\">Resolution<\/span><\/td>\n<td class=\"text-center\">\n<div class=\"px-10 md:px-20 flex items-center justify-center\">&#8211;<\/div>\n<\/td>\n<td class=\"text-center will-change\">\n<div class=\"px-10 md:px-20 flex items-center justify-center\">0,1 digit<\/div>\n<\/td>\n<\/tr>\n<tr class=\" p-2\">\n<td colspan=\"1\"><span class=\"block px-4\">Penetration depth<\/span><\/td>\n<td class=\"text-center\">\n<div class=\"px-10 md:px-20 flex items-center justify-center\">mm<\/div>\n<\/td>\n<td class=\"text-center will-change\">\n<div class=\"px-10 md:px-20 flex items-center justify-center\">up to 40 mm<\/div>\n<\/td>\n<\/tr>\n<tr class=\"bg-grey-200\/50 p-2\">\n<td colspan=\"1\"><span class=\"block px-4\">Communication<\/span><\/td>\n<td class=\"text-center\">\n<div class=\"px-10 md:px-20 flex items-center justify-center\">&#8211;<\/div>\n<\/td>\n<td class=\"text-center will-change\">\n<div class=\"px-10 md:px-20 flex items-center justify-center\">Bluetooth<\/div>\n<\/td>\n<\/tr>\n<tr class=\" p-2\">\n<td colspan=\"1\"><span class=\"block px-4\">Memory<\/span><\/td>\n<td class=\"text-center\">\n<div class=\"px-10 md:px-20 flex items-center justify-center\">&#8211;<\/div>\n<\/td>\n<td class=\"text-center will-change\">\n<div class=\"px-10 md:px-20 flex items-center justify-center\">Internal flash memory + microSD-card extension<\/div>\n<\/td>\n<\/tr>\n<tr class=\"bg-grey-200\/50 p-2\">\n<td colspan=\"1\"><span class=\"block px-4\">Operation<\/span><\/td>\n<td class=\"text-center\">\n<div class=\"px-10 md:px-20 flex items-center justify-center\">&#8211;<\/div>\n<\/td>\n<td class=\"text-center will-change\">\n<div class=\"px-10 md:px-20 flex items-center justify-center\">Touchscreen and touch keys<\/div>\n<\/td>\n<\/tr>\n<tr class=\" p-2\">\n<td colspan=\"1\"><span class=\"block px-4\">Display\/front glass<\/span><\/td>\n<td class=\"text-center\">\n<div class=\"px-10 md:px-20 flex items-center justify-center\">&#8211;<\/div>\n<\/td>\n<td class=\"text-center will-change\">\n<div class=\"px-10 md:px-20 flex items-center justify-center\">2.7-inch colour TFT, 240 x 320 pixels Highly scratch- and impact-resistant 1.1mm Panda Glass 7H<\/div>\n<\/td>\n<\/tr>\n<tr class=\"bg-grey-200\/50 p-2\">\n<td colspan=\"1\"><span class=\"block px-4\">Power supply<\/span><\/td>\n<td class=\"text-center\">\n<div class=\"px-10 md:px-20 flex items-center justify-center\">&#8211;<\/div>\n<\/td>\n<td class=\"text-center will-change\">\n<div class=\"px-10 md:px-20 flex items-center justify-center\">4 x Alkaline LR6 AA batteries, 1.5 V Optional power supply 5 V USB<\/div>\n<\/td>\n<\/tr>\n<tr class=\" p-2\">\n<td colspan=\"1\"><span class=\"block px-4\">Product size (h x w x d)<\/span><\/td>\n<td class=\"text-center\">\n<div class=\"px-10 md:px-20 flex items-center justify-center\">mm<\/div>\n<\/td>\n<td class=\"text-center will-change\">\n<div class=\"px-10 md:px-20 flex items-center justify-center\">210 x 64 x 35 mm<\/div>\n<\/td>\n<\/tr>\n<tr class=\"bg-grey-200\/50 p-2\">\n<td colspan=\"1\"><span class=\"block px-4\">Weight<\/span><\/td>\n<td class=\"text-center\">\n<div class=\"px-10 md:px-20 flex items-center justify-center\">g<\/div>\n<\/td>\n<td class=\"text-center will-change\">\n<div class=\"px-10 md:px-20 flex items-center justify-center\">320 g<\/div>\n<\/td>\n<\/tr>\n<\/tbody>\n<\/table>\n<\/div>\n<\/div>\n<\/div>\n<\/div>\n<\/div>\n<\/section>\n<section class=\"max-w-[1088px] mx-auto w-full px-5 my-10 md:my-12 lg:my-16 xl:my-20 xl:px-0\" data-block=\"related-downloads\">\n<div class=\"md:text-center\">\n<h3 class=\"text-black font-bold text-lg md:text-xl lg:text-2xl\"><strong>Useful downloads<\/strong><\/h3>\n<\/div>\n<div class=\"mt-6 md:mt-10\">\n<div class=\"flex flex-col md:flex-row md:flex-wrap md:justify-center\">\n<div class=\"mb-4 md:mb-8 w-full md:w-1\/2 md:px-4\">\n<div class=\"p-4 md:p-5 h-full flex md:items-center border border-grey-300\">\n<div class=\"mt-1.5 md:mt-0 w-6 md:w-10\"><a href=\"https:\/\/www.danthermgroup.com\/downloads\/trotec-t4000-series-product-guide\" target=\"_blank\" rel=\"nofollow noindex noopener\"><img decoding=\"async\" class=\"lazyload h-8 md:h-14 w-auto object-contain\" src=\"https:\/\/danthermgroup-website.s3.eu-central-1.amazonaws.com\/media\/icons\/download-guide.svg\" alt=\"Download guide\" height=\"56\" \/><\/a><\/div>\n<div class=\"flex-1 pl-4 md:px-8\">\n<h2 class=\"font-bold text-sm md:text-lg\"><a class=\"underline underline-offset-2 decoration-transparent transition duration-300 ease-linear hover:decoration-black\" href=\"https:\/\/www.danthermgroup.com\/downloads\/trotec-t4000-series-product-guide\" target=\"_blank\" rel=\"nofollow noindex noopener\">Trotec T4000 series &#8211; product guide<\/a><\/h2>\n<div class=\"prose text-grey-500 text-sm\">Guides<\/div>\n<\/div>\n<\/div>\n<\/div>\n<\/div>\n<\/div>\n<\/section>\n","protected":false},"excerpt":{"rendered":"<p>T670, m\u00fcxt\u0259lif materiallarda s\u0259th\u0259 yax\u0131n n\u0259mi tez v\u0259 asanl\u0131qla a\u015fkarlayan, vaxt v\u0259 s\u0259y\u0259 q\u0259na\u0259t ed\u0259n elektron tutumlu n\u0259mlik \u00f6l\u00e7\u0259n cihazd\u0131r. N\u0259mlik paylanmas\u0131, m\u0259s\u0259l\u0259n, divarlarda, d\u00f6\u015f\u0259m\u0259l\u0259rd\u0259 v\u0259 tavanlarda m\u00fc\u0259yy\u0259n edil\u0259 bil\u0259r.<\/p>\n<p>Sanyaq cihaz\u0131 t\u0259cr\u00fcb\u0259y\u0259 uy\u011funla\u015fd\u0131r\u0131lm\u0131\u015f Alman s\u0259naye dizayn\u0131d\u0131r &#8211; qorunan dizayn &#8211; v\u0259 istifad\u0259y\u0259 haz\u0131rd\u0131r.<\/p>\n","protected":false},"featured_media":44963,"template":"","meta":[],"product_brand":[],"product_cat":[1166,2032,820,827],"product_tag":[],"class_list":{"0":"post-44962","1":"product","2":"type-product","3":"status-publish","4":"has-post-thumbnail","6":"product_cat-measurement-technology-az","7":"product_cat-olcm-cihazlari","8":"product_cat-olcm-texnologiyasi-cihazlari-altlri-az","9":"product_cat-rutubt-rutubt-olcm-az","11":"first","12":"instock","13":"shipping-taxable","14":"product-type-simple"},"_links":{"self":[{"href":"https:\/\/airsystems.ge\/shop\/az\/wp-json\/wp\/v2\/product\/44962","targetHints":{"allow":["GET"]}}],"collection":[{"href":"https:\/\/airsystems.ge\/shop\/az\/wp-json\/wp\/v2\/product"}],"about":[{"href":"https:\/\/airsystems.ge\/shop\/az\/wp-json\/wp\/v2\/types\/product"}],"wp:featuredmedia":[{"embeddable":true,"href":"https:\/\/airsystems.ge\/shop\/az\/wp-json\/wp\/v2\/media\/44963"}],"wp:attachment":[{"href":"https:\/\/airsystems.ge\/shop\/az\/wp-json\/wp\/v2\/media?parent=44962"}],"wp:term":[{"taxonomy":"product_brand","embeddable":true,"href":"https:\/\/airsystems.ge\/shop\/az\/wp-json\/wp\/v2\/product_brand?post=44962"},{"taxonomy":"product_cat","embeddable":true,"href":"https:\/\/airsystems.ge\/shop\/az\/wp-json\/wp\/v2\/product_cat?post=44962"},{"taxonomy":"product_tag","embeddable":true,"href":"https:\/\/airsystems.ge\/shop\/az\/wp-json\/wp\/v2\/product_tag?post=44962"}],"curies":[{"name":"wp","href":"https:\/\/api.w.org\/{rel}","templated":true}]}}