{"id":44912,"date":"2026-04-13T19:22:58","date_gmt":"2026-04-13T15:22:58","guid":{"rendered":"https:\/\/airsystems.ge\/shop\/product\/trotec-ta300-anemometers-professional-anemometers-ta-300-with-calibration-certificate\/"},"modified":"2026-04-13T20:28:55","modified_gmt":"2026-04-13T16:28:55","slug":"trotec-ta300-anemometers-professional-anemometers-ta-300-with-calibration-certificate","status":"publish","type":"product","link":"https:\/\/airsystems.ge\/shop\/az\/product\/trotec-ta300-anemometers-professional-anemometers-ta-300-with-calibration-certificate\/","title":{"rendered":"Trotec TA300 \u2013 anemometrl\u0259r Professional anemometrl\u0259r  Kalibrl\u0259m\u0259 Sertifikat\u0131 il\u0259 TA 300"},"content":{"rendered":"<section class=\"max-w-[1088px] mx-auto w-full px-5 my-10 md:my-12 lg:my-16 xl:my-20 xl:px-0\" data-block=\"bullet-list\">\n<div class=\"md:text-center\">\n<h3 class=\"text-black font-bold text-lg md:text-xl lg:text-2xl\">\u018fsas x\u00fcsusiyy\u0259tl\u0259r<\/h3>\n<\/div>\n<div class=\"mt-6 md:mt-10\">\n<div class=\"flex flex-wrap\">\n<div class=\"w-full md:w-1\/2 auto-bullets md:pr-16\">\n<ul>\n<li class=\"text-sm md:text-base text-black mt-3 flex items-start\">\n<div class=\"pl-5\">\n<p>Ax\u0131n s\u00fcr\u0259ti, diferensial t\u0259zyiq v\u0259 h\u0259cmli ax\u0131n \u00f6l\u00e7m\u0259l\u0259ri \u00fc\u00e7\u00fcn pe\u015f\u0259kar anemometrl\u0259r<br \/>\nY\u00fcks\u0259k ax\u0131n s\u00fcr\u0259tl\u0259ri (80 m\/s-y\u0259 q\u0259d\u0259r) \u00fc\u00e7\u00fcn uy\u011fundur<br \/>\nFon i\u015f\u0131qland\u0131rmas\u0131 v\u0259 \u00f6l\u00e7\u00fclm\u00fc\u015f d\u0259y\u0259rl\u0259rin ikili g\u00f6st\u0259ricisi olan b\u00f6y\u00fck, asanl\u0131qla oxuna bil\u0259n LCD<br \/>\nM\u00fcxt\u0259lif \u00f6l\u00e7m\u0259 funksiyalar\u0131<br \/>\nReal vaxt \u00f6l\u00e7m\u0259 seriyas\u0131 qeydl\u0259ri \u00fc\u00e7\u00fcn USB portu v\u0259 proqram t\u0259minat\u0131<br \/>\n\u00bc d\u00fcyml\u00fck \u015ftativ ba\u011flant\u0131s\u0131<br \/>\nQo\u015fulmu\u015f komp\u00fcterl\u0259 canl\u0131 qeyd funksiyas\u0131<\/p>\n<\/div>\n<\/li>\n<\/ul>\n<\/div>\n<\/div>\n<\/div>\n<\/section>\n<section class=\"max-w-[1088px] mx-auto w-full my-10 md:my-12 lg:my-16 xl:my-20\" data-block=\"content-block\">\n<div class=\"max-w-[1088px] mx-auto\">\n<div class=\"flex flex-col items-center gap-6 px-5 w-full md:grid md:grid-cols-12 md:items-stretch xl:px-0\" data-content-block=\"container\">\n<div class=\"relative flex flex-col gap-5 w-full md:col-span-12 md:col-start-1 sm:items-start sm:text-left order-first md:order-none\" data-content-block=\"column\">\n<div class=\"prose text-pretty max-w-full text-left text-black prose-p:text-black prose-headings:mt-6 prose-headings:mb-3 md:prose-headings:text-lg prose-a:text-current prose-a:transition prose-a:ease-linear prose-a:duration-300\" data-content-block=\"text\">\n<p>G\u00fccl\u00fc isti tel sensoru v\u0259 add\u0131ms\u0131z uzad\u0131la bil\u0259n teleskopik zondun birl\u0259\u015fm\u0259si TA300-\u00fc h\u0259tta uzaq yerl\u0259rd\u0259 v\u0259 ya \u0259l\u00e7atmaz hava \u00e7\u0131x\u0131\u015flar\u0131nda bel\u0259 ideal ax\u0131n \u00f6l\u00e7\u0259n cihaz hal\u0131na g\u0259tirir. TA300 y\u00fcks\u0259k m\u0259kan v\u0259 zaman q\u0259tnam\u0259si il\u0259 heyranedicidir v\u0259 x\u00fcsusil\u0259 kondisioner v\u0259 ventilyasiyan\u0131n b\u00fct\u00fcn sah\u0259l\u0259rind\u0259 h\u0259tta a\u015fa\u011f\u0131 ax\u0131n s\u00fcr\u0259tl\u0259rinin d\u0259qiq t\u0259yini \u00fc\u00e7\u00fcn \u00e7ox uy\u011fundur.<\/p>\n<\/div>\n<\/div>\n<\/div>\n<\/div>\n<\/section>\n<section class=\"max-w-[1088px] mx-auto w-full px-5 my-10 md:my-12 lg:my-16 xl:my-20 xl:px-0\" data-block=\"product-specifications\">\n<div class=\"md:text-center\">\n<h3 class=\"text-black font-bold text-lg md:text-xl lg:text-2xl\"><strong>Product specifications<\/strong><\/h3>\n<\/div>\n<div class=\" md:mt-10\">\n<div class=\"\">\n<div class=\"lg:mt-0 \">\n<div id=\"spec-ta300\" class=\"prose max-w-full md:overflow-auto\" data-spec-content=\"\">\n<div class=\"spreadsheet-container hidden md:block\">\n<table class=\"w-full table-fixed mb-0\">\n<thead>\n<tr>\n<th class=\"font-bold text-base\"><span class=\"block px-4\">Specifications<\/span><\/th>\n<th class=\"font-bold text-base text-center\"><span class=\"block px-10 md:px-20\">Units<\/span><\/th>\n<th class=\"font-bold text-base text-center will-change\"><span class=\"block px-4\">TA300<\/span><\/th>\n<\/tr>\n<\/thead>\n<tbody>\n<tr class=\"bg-grey-200\/50 p-2\">\n<td colspan=\"1\"><span class=\"block px-4\">Probe<\/span><\/td>\n<td class=\"text-center\">\n<div class=\"px-10 md:px-20 flex items-center justify-center\">Type<\/div>\n<\/td>\n<td class=\"text-center will-change\">\n<div class=\"px-10 md:px-20 flex items-center justify-center\">Hot-wire probe<\/div>\n<\/td>\n<\/tr>\n<tr class=\" p-2\">\n<td colspan=\"1\"><span class=\"block px-4\">Probe<\/span><\/td>\n<td class=\"text-center\">\n<div class=\"px-10 md:px-20 flex items-center justify-center\">Design<\/div>\n<\/td>\n<td class=\"text-center will-change\">\n<div class=\"px-10 md:px-20 flex items-center justify-center\">Telescopic probe, straight<\/div>\n<\/td>\n<\/tr>\n<tr class=\"bg-grey-200\/50 p-2\">\n<td colspan=\"1\"><span class=\"block px-4\">Probe Length<\/span><\/td>\n<td class=\"text-center\">\n<div class=\"px-10 md:px-20 flex items-center justify-center\">mm<\/div>\n<\/td>\n<td class=\"text-center will-change\">\n<div class=\"px-10 md:px-20 flex items-center justify-center\">185 to 1,000<\/div>\n<\/td>\n<\/tr>\n<tr class=\" p-2\">\n<td colspan=\"1\"><span class=\"block px-4\">Probe tip\/base<\/span><\/td>\n<td class=\"text-center\">\n<div class=\"px-10 md:px-20 flex items-center justify-center\">\u00f8 mm<\/div>\n<\/td>\n<td class=\"text-center will-change\">\n<div class=\"px-10 md:px-20 flex items-center justify-center\">10\/12<\/div>\n<\/td>\n<\/tr>\n<tr class=\"bg-grey-200\/50 p-2\">\n<td colspan=\"1\"><span class=\"block px-4\">Air velocity &#8211; Measuring range<\/span><\/td>\n<td class=\"text-center\">\n<div class=\"px-10 md:px-20 flex items-center justify-center\">m\/s<\/div>\n<\/td>\n<td class=\"text-center will-change\">\n<div class=\"px-10 md:px-20 flex items-center justify-center\">0.1-25.0<\/div>\n<\/td>\n<\/tr>\n<tr class=\" p-2\">\n<td colspan=\"1\"><span class=\"block px-4\">Air velocity &#8211; Measuring range<\/span><\/td>\n<td class=\"text-center\">\n<div class=\"px-10 md:px-20 flex items-center justify-center\">km\/h<\/div>\n<\/td>\n<td class=\"text-center will-change\">\n<div class=\"px-10 md:px-20 flex items-center justify-center\">0.3-90<\/div>\n<\/td>\n<\/tr>\n<tr class=\"bg-grey-200\/50 p-2\">\n<td colspan=\"1\"><span class=\"block px-4\">Air velocity &#8211; Measuring range<\/span><\/td>\n<td class=\"text-center\">\n<div class=\"px-10 md:px-20 flex items-center justify-center\">ft\/min<\/div>\n<\/td>\n<td class=\"text-center will-change\">\n<div class=\"px-10 md:px-20 flex items-center justify-center\">20-4,925<\/div>\n<\/td>\n<\/tr>\n<tr class=\" p-2\">\n<td colspan=\"1\"><span class=\"block px-4\">Air velocity &#8211; Measuring range<\/span><\/td>\n<td class=\"text-center\">\n<div class=\"px-10 md:px-20 flex items-center justify-center\">mph<\/div>\n<\/td>\n<td class=\"text-center will-change\">\n<div class=\"px-10 md:px-20 flex items-center justify-center\">0.2-55.8<\/div>\n<\/td>\n<\/tr>\n<tr class=\"bg-grey-200\/50 p-2\">\n<td colspan=\"1\"><span class=\"block px-4\">Air velocity &#8211; Measuring range<\/span><\/td>\n<td class=\"text-center\">\n<div class=\"px-10 md:px-20 flex items-center justify-center\">kn<\/div>\n<\/td>\n<td class=\"text-center will-change\">\n<div class=\"px-10 md:px-20 flex items-center justify-center\">0.2-48.5<\/div>\n<\/td>\n<\/tr>\n<tr class=\" p-2\">\n<td colspan=\"1\"><span class=\"block px-4\">Air velocity &#8211; Accuracy<\/span><\/td>\n<td class=\"text-center\">\n<div class=\"px-10 md:px-20 flex items-center justify-center\"><\/div>\n<\/td>\n<td class=\"text-center will-change\">\n<div class=\"px-10 md:px-20 flex items-center justify-center\">\u00b1 5 % of the measured value + 1 measuring unit<\/div>\n<\/td>\n<\/tr>\n<tr class=\"bg-grey-200\/50 p-2\">\n<td colspan=\"1\"><span class=\"block px-4\">Air velocity &#8211; Resolution<\/span><\/td>\n<td class=\"text-center\">\n<div class=\"px-10 md:px-20 flex items-center justify-center\"><\/div>\n<\/td>\n<td class=\"text-center will-change\">\n<div class=\"px-10 md:px-20 flex items-center justify-center\">0.01 m\/s, 0.1 km\/h, 1 ft\/min, 0.1 mph, 0.1 kn<\/div>\n<\/td>\n<\/tr>\n<tr class=\" p-2\">\n<td colspan=\"1\"><span class=\"block px-4\">Volumetric flow &#8211; Measuring range<\/span><\/td>\n<td class=\"text-center\">\n<div class=\"px-10 md:px-20 flex items-center justify-center\">m\u00b3\/min (CMM)<\/div>\n<\/td>\n<td class=\"text-center will-change\">\n<div class=\"px-10 md:px-20 flex items-center justify-center\">0-99,999<\/div>\n<\/td>\n<\/tr>\n<tr class=\"bg-grey-200\/50 p-2\">\n<td colspan=\"1\"><span class=\"block px-4\">Volumetric flow &#8211; Measuring range<\/span><\/td>\n<td class=\"text-center\">\n<div class=\"px-10 md:px-20 flex items-center justify-center\">ft\u00b3\/min (CFM)<\/div>\n<\/td>\n<td class=\"text-center will-change\">\n<div class=\"px-10 md:px-20 flex items-center justify-center\">0-99,999<\/div>\n<\/td>\n<\/tr>\n<tr class=\" p-2\">\n<td colspan=\"1\"><span class=\"block px-4\">Volumetric flow &#8211; Resolution<\/span><\/td>\n<td class=\"text-center\">\n<div class=\"px-10 md:px-20 flex items-center justify-center\"><\/div>\n<\/td>\n<td class=\"text-center will-change\">\n<div class=\"px-10 md:px-20 flex items-center justify-center\">0.001 bis 100<\/div>\n<\/td>\n<\/tr>\n<tr class=\"bg-grey-200\/50 p-2\">\n<td colspan=\"1\"><span class=\"block px-4\">Temperature &#8211; Measuring range<\/span><\/td>\n<td class=\"text-center\">\n<div class=\"px-10 md:px-20 flex items-center justify-center\">\u00b0C<\/div>\n<\/td>\n<td class=\"text-center will-change\">\n<div class=\"px-10 md:px-20 flex items-center justify-center\">0 bis 50 (32 bis 122 \u00b0F)<\/div>\n<\/td>\n<\/tr>\n<tr class=\" p-2\">\n<td colspan=\"1\"><span class=\"block px-4\">Temperature &#8211; Accuracy<\/span><\/td>\n<td class=\"text-center\">\n<div class=\"px-10 md:px-20 flex items-center justify-center\">\u00b0C<\/div>\n<\/td>\n<td class=\"text-center will-change\">\n<div class=\"px-10 md:px-20 flex items-center justify-center\">\u00b1 1 (\u00b1 1.8 \u00b0F)<\/div>\n<\/td>\n<\/tr>\n<tr class=\"bg-grey-200\/50 p-2\">\n<td colspan=\"1\"><span class=\"block px-4\">Temperature &#8211; Resolution<\/span><\/td>\n<td class=\"text-center\">\n<div class=\"px-10 md:px-20 flex items-center justify-center\">\u00b0C<\/div>\n<\/td>\n<td class=\"text-center will-change\">\n<div class=\"px-10 md:px-20 flex items-center justify-center\">0.1 (0.1 \u00b0F)<\/div>\n<\/td>\n<\/tr>\n<tr class=\" p-2\">\n<td colspan=\"1\"><span class=\"block px-4\">Operating conditions<\/span><\/td>\n<td class=\"text-center\">\n<div class=\"px-10 md:px-20 flex items-center justify-center\">\u00b0C<\/div>\n<\/td>\n<td class=\"text-center will-change\">\n<div class=\"px-10 md:px-20 flex items-center justify-center\">0 \u00b0C to +50 \u00b0C, &lt; 80 % RH (on-condensing)<\/div>\n<\/td>\n<\/tr>\n<tr class=\"bg-grey-200\/50 p-2\">\n<td colspan=\"1\"><span class=\"block px-4\">Power supply<\/span><\/td>\n<td class=\"text-center\">\n<div class=\"px-10 md:px-20 flex items-center justify-center\"><\/div>\n<\/td>\n<td class=\"text-center will-change\">\n<div class=\"px-10 md:px-20 flex items-center justify-center\">9 V IEC 6LR61<\/div>\n<\/td>\n<\/tr>\n<tr class=\" p-2\">\n<td colspan=\"1\"><span class=\"block px-4\">Product size (l x w x h)<\/span><\/td>\n<td class=\"text-center\">\n<div class=\"px-10 md:px-20 flex items-center justify-center\">mm<\/div>\n<\/td>\n<td class=\"text-center will-change\">\n<div class=\"px-10 md:px-20 flex items-center justify-center\">210 x 75 x 50<\/div>\n<\/td>\n<\/tr>\n<tr class=\"bg-grey-200\/50 p-2\">\n<td colspan=\"1\"><span class=\"block px-4\">Weight<\/span><\/td>\n<td class=\"text-center\">\n<div class=\"px-10 md:px-20 flex items-center justify-center\">g<\/div>\n<\/td>\n<td class=\"text-center will-change\">\n<div class=\"px-10 md:px-20 flex items-center justify-center\">450 (incl. battery and probe)<\/div>\n<\/td>\n<\/tr>\n<\/tbody>\n<\/table>\n<\/div>\n<\/div>\n<\/div>\n<\/div>\n<\/div>\n<\/section>\n<section class=\"max-w-[1088px] mx-auto w-full px-5 my-10 md:my-12 lg:my-16 xl:my-20 xl:px-0\" data-block=\"link-list\">\n<div class=\"max-w-[1088px] mx-auto\">\n<div class=\"md:text-center\">\n<h3 class=\"text-black font-bold text-lg md:text-xl lg:text-2xl\">Uy\u011fundur:<\/h3>\n<\/div>\n<div class=\"mt-6 max-w-4xl mx-auto\">\n<div class=\"flex flex-wrap md:ml-20\">\n<div class=\"w-full md:w-1\/2 auto-bullets md:pr-16\">\n<ul>\n<li class=\"flex items-center gap-5 text-sm text-black mt-3 md:text-base lg:text-lg\">Kommersiya binalar\u0131<br \/>\nTikinti<br \/>\nM\u0259lumat m\u0259rk\u0259zl\u0259ri v\u0259 telekommunikasiya<br \/>\nEnerji v\u0259 b\u0259rpa olunan enerji m\u0259nb\u0259l\u0259ri<br \/>\nS\u0259naye, fabrikl\u0259r v\u0259 istehsal<br \/>\nAnbarlar v\u0259 saxlama<br \/>\nSu z\u0259r\u0259rinin b\u0259rpas\u0131&nbsp;<\/li>\n<\/ul>\n<\/div>\n<\/div>\n<\/div>\n<\/div>\n<\/section>\n<section class=\"max-w-[1088px] mx-auto w-full px-5 my-10 md:my-12 lg:my-16 xl:my-20 xl:px-0\" data-block=\"related-downloads\">\n<div class=\"md:text-center\">\n<h3 class=\"text-black font-bold text-lg md:text-xl lg:text-2xl\">Faydal\u0131 y\u00fckl\u0259m\u0259l\u0259r<\/h3>\n<\/div>\n<div class=\"mt-6 md:mt-10\">\n<div class=\"flex flex-col md:flex-row md:flex-wrap md:justify-center\">\n<div class=\"mb-4 md:mb-8 w-full md:w-1\/2 md:px-4\">\n<div class=\"p-4 md:p-5 h-full flex md:items-center border border-grey-300\">\n<div class=\"mt-1.5 md:mt-0 w-6 md:w-10\"><a href=\"https:\/\/www.danthermgroup.com\/downloads\/dantherm-group-professional-portable-catalogue\" target=\"_blank\" rel=\"nofollow noindex noopener\"><img decoding=\"async\" class=\"lazyload h-8 md:h-14 w-auto object-contain\" src=\"https:\/\/danthermgroup-website.s3.eu-central-1.amazonaws.com\/media\/icons\/download-catalog.svg\" alt=\"Download catalog\" height=\"56\" \/><\/a><\/div>\n<div class=\"flex-1 pl-4 md:px-8\">\n<h2 class=\"font-bold text-sm md:text-lg\"><a class=\"underline underline-offset-2 decoration-transparent transition duration-300 ease-linear hover:decoration-black\" href=\"https:\/\/www.danthermgroup.com\/downloads\/dantherm-group-professional-portable-catalogue\" target=\"_blank\" rel=\"nofollow noindex noopener\">Dantherm Group Catalogue \u2013 Professional Portable Solutions<\/a><\/h2>\n<div class=\"prose text-grey-500 text-sm\">Catalogs<\/div>\n<\/div>\n<\/div>\n<\/div>\n<\/div>\n<\/div>\n<\/section>\n","protected":false},"excerpt":{"rendered":"<p>Trotec-d\u0259n pe\u015f\u0259kar anemometrl\u0259rl\u0259 qura\u015fd\u0131r\u0131c\u0131lar, servis texnikl\u0259ri v\u0259 m\u00fct\u0259x\u0259ssisl\u0259r havada v\u0259 ya qazlarda ax\u0131n s\u00fcr\u0259tinin \u00f6l\u00e7\u00fclm\u0259si \u00fc\u00e7\u00fcn ideal \u00f6l\u00e7m\u0259 cihaz\u0131na malikdirl\u0259r. Standart \u00e7atd\u0131r\u0131lma h\u0259cmin\u0259 art\u0131q daxil edilmi\u015f kalibrl\u0259m\u0259 sertifikat\u0131 bu d\u0259qiq anemometrl\u0259rin pe\u015f\u0259kar istiqam\u0259tini vur\u011fulay\u0131r.<\/p>\n<p>H\u0259r iki \u00f6l\u00e7m\u0259 cihaz\u0131 (TA300\/TA400) ax\u0131n s\u00fcr\u0259tini, hava temperaturunu v\u0259 h\u0259cm ax\u0131n\u0131n\u0131 eyni \u015f\u0259kild\u0259 t\u0259yin edir; \u00f6l\u00e7\u00fcl\u0259n hava kanallar\u0131n\u0131n en k\u0259sikl\u0259ri &#8211; d\u0259yirmi v\u0259 ya kvadrat olsun &#8211; cihaza f\u0259rqli \u015f\u0259kild\u0259 daxil edil\u0259 bil\u0259r.<\/p>\n","protected":false},"featured_media":44913,"template":"","meta":[],"product_brand":[],"product_cat":[839,1166,822,2032,820],"product_tag":[],"class_list":{"0":"post-44912","1":"product","2":"type-product","3":"status-publish","4":"has-post-thumbnail","6":"product_cat-air-flow-az","7":"product_cat-measurement-technology-az","8":"product_cat-measurement-tools-az","9":"product_cat-olcm-cihazlari","10":"product_cat-olcm-texnologiyasi-cihazlari-altlri-az","12":"first","13":"instock","14":"shipping-taxable","15":"purchasable","16":"product-type-simple"},"_links":{"self":[{"href":"https:\/\/airsystems.ge\/shop\/az\/wp-json\/wp\/v2\/product\/44912","targetHints":{"allow":["GET"]}}],"collection":[{"href":"https:\/\/airsystems.ge\/shop\/az\/wp-json\/wp\/v2\/product"}],"about":[{"href":"https:\/\/airsystems.ge\/shop\/az\/wp-json\/wp\/v2\/types\/product"}],"wp:featuredmedia":[{"embeddable":true,"href":"https:\/\/airsystems.ge\/shop\/az\/wp-json\/wp\/v2\/media\/44913"}],"wp:attachment":[{"href":"https:\/\/airsystems.ge\/shop\/az\/wp-json\/wp\/v2\/media?parent=44912"}],"wp:term":[{"taxonomy":"product_brand","embeddable":true,"href":"https:\/\/airsystems.ge\/shop\/az\/wp-json\/wp\/v2\/product_brand?post=44912"},{"taxonomy":"product_cat","embeddable":true,"href":"https:\/\/airsystems.ge\/shop\/az\/wp-json\/wp\/v2\/product_cat?post=44912"},{"taxonomy":"product_tag","embeddable":true,"href":"https:\/\/airsystems.ge\/shop\/az\/wp-json\/wp\/v2\/product_tag?post=44912"}],"curies":[{"name":"wp","href":"https:\/\/api.w.org\/{rel}","templated":true}]}}