{"id":44441,"date":"2026-04-12T14:53:11","date_gmt":"2026-04-12T10:53:11","guid":{"rendered":"https:\/\/airsystems.ge\/shop\/product\/dantherm-ac-r11000-mobile-air-conditioner\/"},"modified":"2026-04-12T15:07:45","modified_gmt":"2026-04-12T11:07:45","slug":"dantherm-ac-r11000-mobile-air-conditioner","status":"publish","type":"product","link":"https:\/\/airsystems.ge\/shop\/az\/product\/dantherm-ac-r11000-mobile-air-conditioner\/","title":{"rendered":"Dantherm AC-R11000 S\u0259yyar kondisioner"},"content":{"rendered":"<div class=\"wpb-content-wrapper\"><p>[vc_row][vc_column][vc_column_text css=&#8221;&#8221; woodmart_inline=&#8221;no&#8221; text_larger=&#8221;no&#8221;]<\/p>\n<section class=\"max-w-[1088px] mx-auto w-full px-5 my-10 md:my-12 lg:my-16 xl:my-20 xl:px-0\" data-block=\"bullet-list\">\n<div class=\"md:text-center\">\n<p><strong>Tipik istifad\u0259 hallar\u0131<\/strong><\/p>\n<p>B\u00f6y\u00fck \u00e7ad\u0131rlar v\u0259 m\u00fcv\u0259qq\u0259ti t\u0259dbir strukturlar\u0131<br \/>\nH\u0259rbi v\u0259 ya humanitar d\u00fc\u015f\u0259rg\u0259l\u0259r<br \/>\nSah\u0259 kompleksl\u0259ri v\u0259 modul binalar<br \/>\nS\u0259naye prosesinin soyudulmas\u0131 (m\u00fcv\u0259qq\u0259ti)<br \/>\nT\u0259miz hava giri\u015fi t\u0259l\u0259b ed\u0259n t\u0259tbiql\u0259r<br \/>\nLogistika s\u0259m\u0259r\u0259liliyi \u00fc\u00e7\u00fcn y\u0131\u011f\u0131la bil\u0259n qur\u011fular t\u0259l\u0259b ed\u0259n layih\u0259l\u0259r<br \/>\nKran qald\u0131rma n\u00f6qt\u0259l\u0259ri t\u0259l\u0259b ed\u0259n qur\u011fular<\/p>\n<p><strong>\u018fsas x\u00fcsusiyy\u0259tl\u0259r v\u0259 \u00fcst\u00fcnl\u00fckl\u0259r<\/strong><\/p>\n<p>+60\u00b0C-y\u0259 q\u0259d\u0259r \u0259traf m\u00fchit temperaturunda soyutma<br \/>\n\u0130ste\u011fe ba\u011fl\u0131 inteqrasiya olunmu\u015f istilik funksiyas\u0131<br \/>\nDaxili qur\u011fu t\u0259l\u0259b olunmur<br \/>\nT\u0259nziml\u0259n\u0259n amortizatorlar\u0131 olan t\u0259miz hava giri\u015fi<br \/>\nDa\u015f\u0131nma v\u0259 saxlama \u00fc\u00e7\u00fcn y\u0131\u011f\u0131la bil\u0259n (iki qur\u011fu)<br \/>\n20 d\u00fcyml\u00fck ISO konteyner optimalla\u015fd\u0131rmas\u0131 \u00fc\u00e7\u00fcn n\u0259z\u0259rd\u0259 tutulmu\u015fdur<br \/>\nEtibarl\u0131l\u0131q v\u0259 azald\u0131lm\u0131\u015f s\u0259s-k\u00fcy \u00fc\u00e7\u00fcn f\u0131rlanan kompressor<br \/>\nAvtomatik fazal\u0131 n\u0259zar\u0259t<br \/>\nISO qaba 80% (G4) filtrasiyas\u0131<br \/>\n\u0130ste\u011fe ba\u011fl\u0131 ikili giri\u015f filtrl\u0259ri<br \/>\nD\u00f6rd t\u0259r\u0259fli forklift idar\u0259etm\u0259si v\u0259 y\u00fck paletinin b\u0259rkidilm\u0259si<br \/>\nSoyuducu R134a<br \/>\nKran qald\u0131rma n\u00f6qt\u0259l\u0259ri<\/p>\n<p><strong>Y\u0131\u011f\u0131la bil\u0259n, m\u00f6hk\u0259m v\u0259 bird\u0259n \u00e7ox \u0259razid\u0259 yenid\u0259n yerl\u0259\u015fdirm\u0259k \u00fc\u00e7\u00fcn ideald\u0131r<\/strong><\/p>\n<p>AC-R11000 y\u00fcks\u0259k tutumlu qur\u011fu s\u0259m\u0259r\u0259li saxlama v\u0259 da\u015f\u0131nma \u00fc\u00e7\u00fcn y\u0131\u011f\u0131la bil\u0259r (iki qur\u011fu). O, \u00fc\u00e7\u00fcn haz\u0131rlanm\u0131\u015fd\u0131r t\u0259krar yerl\u0259\u015fdirm\u0259 v\u0259 m\u00fcxt\u0259lif t\u0259l\u0259bl\u0259r\u0259 malik bird\u0259n \u00e7ox \u0259razid\u0259 qura\u015fd\u0131r\u0131la, s\u00f6k\u00fcl\u0259, saxlan\u0131la v\u0259 yenid\u0259n yerl\u0259\u015fdiril\u0259 bil\u0259r. Bu, onu icar\u0259y\u0259 g\u00f6t\u00fcr\u00fclm\u00fc\u015f avtomobil parklar\u0131, tikinti layih\u0259l\u0259ri, m\u00fcv\u0259qq\u0259ti obyektl\u0259r, sah\u0259 ofisl\u0259ri v\u0259 \u00e7ad\u0131rl\u0131 konstruksiyalar \u00fc\u00e7\u00fcn \u00e7ox uy\u011fun edir.<\/p>\n<p><strong>\u0130ste\u011fe ba\u011fl\u0131 istilik v\u0259 temperatur davaml\u0131l\u0131\u011f\u0131<\/strong><\/p>\n<p>Qur\u011fu d\u00fczg\u00fcn \u00f6l\u00e7\u00fcld\u00fckd\u0259 daxili temperaturu +20 il\u0259 +25\u00b0C aras\u0131nda saxlaya bilir. +60\u00b0C-y\u0259 q\u0259d\u0259r \u0259traf m\u00fchit temperaturunda i\u015fl\u0259y\u0259 bil\u0259r v\u0259 buna g\u00f6r\u0259 d\u0259 \u00e7\u0259tin iqlim \u015f\u0259raiti \u00fc\u00e7\u00fcn uy\u011fundur. +20\u00b0C-d\u0259n a\u015fa\u011f\u0131 i\u015fl\u0259m\u0259k \u00fc\u00e7\u00fcn inteqrasiya olunmu\u015f istilik se\u00e7imi m\u00f6vcuddur ki, bu da eyni platformadan h\u0259m soyutma, h\u0259m d\u0259 isitm\u0259 imkan\u0131 verir.<\/p>\n<p><strong>Hans\u0131 mobil kondisioneri se\u00e7\u0259c\u0259yinizd\u0259n \u0259min deyilsiniz?<\/strong><\/p>\n<\/div>\n<\/section>\n<section class=\"max-w-[1088px] mx-auto w-full my-10 md:my-12 lg:my-16 xl:my-20\" data-block=\"content-block\">\n<div class=\"max-w-[1088px] mx-auto\">\n<div class=\"flex flex-col items-center gap-6 px-5 w-full md:grid md:grid-cols-12 md:items-stretch xl:px-0\" data-content-block=\"container\">\n<div class=\"relative flex flex-col gap-5 w-full md:col-span-12 md:col-start-1 sm:items-start sm:text-left order-first md:order-none\" data-content-block=\"column\">\n<div class=\"prose text-pretty max-w-full text-left text-black prose-p:text-black prose-headings:mt-6 prose-headings:mb-3 md:prose-headings:text-lg prose-a:text-current prose-a:transition prose-a:ease-linear prose-a:duration-300\" data-content-block=\"text\"><\/div>\n<\/div>\n<\/div>\n<\/div>\n<\/section>\n<section class=\"max-w-[1088px] mx-auto w-full px-5 my-10 md:my-12 lg:my-16 xl:my-20 xl:px-0\" data-block=\"product-specifications\">\n<div class=\"md:text-center\">\n<h3 class=\"text-black font-bold text-lg md:text-xl lg:text-2xl\"><strong>Product specifications<\/strong><\/h3>\n<\/div>\n<div class=\" md:mt-10\">\n<div class=\"\">\n<div class=\"lg:mt-0 \">\n<div id=\"spec-ac-r11000\" class=\"prose max-w-full md:overflow-auto\" data-spec-content=\"\">\n<div class=\"spreadsheet-container hidden md:block\">\n<table class=\"w-full table-fixed mb-0\">\n<thead>\n<tr>\n<th class=\"font-bold text-base\"><span class=\"block px-4\">Specifications<\/span><\/th>\n<th class=\"font-bold text-base text-center\"><span class=\"block px-10 md:px-20\">Units<\/span><\/th>\n<th class=\"font-bold text-base text-center will-change\"><span class=\"block px-4\">AC-R11000<\/span><\/th>\n<\/tr>\n<\/thead>\n<tbody>\n<tr class=\"bg-grey-200\/50 p-2\">\n<td colspan=\"1\"><span class=\"block px-4\">Operating temperature range, cooling<\/span><\/td>\n<td class=\"text-center\">\n<div class=\"px-10 md:px-20 flex items-center justify-center\">\u00b0C<\/div>\n<\/td>\n<td class=\"text-center will-change\">\n<div class=\"px-10 md:px-20 flex items-center justify-center\">+20 \u2013 +60<\/div>\n<\/td>\n<\/tr>\n<tr class=\" p-2\">\n<td colspan=\"1\"><span class=\"block px-4\">Operating temperature range, heating<\/span><\/td>\n<td class=\"text-center\">\n<div class=\"px-10 md:px-20 flex items-center justify-center\">\u00b0C<\/div>\n<\/td>\n<td class=\"text-center will-change\">\n<div class=\"px-10 md:px-20 flex items-center justify-center\">-32 \u2013 +20<\/div>\n<\/td>\n<\/tr>\n<tr class=\"bg-grey-200\/50 p-2\">\n<td colspan=\"1\"><span class=\"block px-4\">Air flow<\/span><\/td>\n<td class=\"text-center\">\n<div class=\"px-10 md:px-20 flex items-center justify-center\">m\u00b3\/h<\/div>\n<\/td>\n<td class=\"text-center will-change\">\n<div class=\"px-10 md:px-20 flex items-center justify-center\">1,700<\/div>\n<\/td>\n<\/tr>\n<tr class=\" p-2\">\n<td colspan=\"1\"><span class=\"block px-4\">Fresh air intake (two adjustable dampers)<\/span><\/td>\n<td class=\"text-center\">\n<div class=\"px-10 md:px-20 flex items-center justify-center\">m\u00b3\/h<\/div>\n<\/td>\n<td class=\"text-center will-change\">\n<div class=\"px-10 md:px-20 flex items-center justify-center\">0 to 200<\/div>\n<\/td>\n<\/tr>\n<tr class=\"bg-grey-200\/50 p-2\">\n<td colspan=\"1\"><span class=\"block px-4\">Sound level @ 1m<\/span><\/td>\n<td class=\"text-center\">\n<div class=\"px-10 md:px-20 flex items-center justify-center\">dB(A)<\/div>\n<\/td>\n<td class=\"text-center will-change\">\n<div class=\"px-10 md:px-20 flex items-center justify-center\">55<\/div>\n<\/td>\n<\/tr>\n<tr class=\" p-2\">\n<td colspan=\"1\"><span class=\"block px-4\">Protection class<\/span><\/td>\n<td class=\"text-center\">\n<div class=\"px-10 md:px-20 flex items-center justify-center\">IP<\/div>\n<\/td>\n<td class=\"text-center will-change\">\n<div class=\"px-10 md:px-20 flex items-center justify-center\">IPX5<\/div>\n<\/td>\n<\/tr>\n<tr class=\"bg-grey-200\/50 p-2\">\n<td colspan=\"1\"><span class=\"block px-4\">Refrigerant<\/span><\/td>\n<td class=\"text-center\">\n<div class=\"px-10 md:px-20 flex items-center justify-center\">kg<\/div>\n<\/td>\n<td class=\"text-center will-change\">\n<div class=\"px-10 md:px-20 flex items-center justify-center\">R134a\/2.0<\/div>\n<\/td>\n<\/tr>\n<tr class=\" p-2\">\n<td colspan=\"1\"><span class=\"block px-4\">Global Warning Potential<\/span><\/td>\n<td class=\"text-center\">\n<div class=\"px-10 md:px-20 flex items-center justify-center\">AR4<\/div>\n<\/td>\n<td class=\"text-center will-change\">\n<div class=\"px-10 md:px-20 flex items-center justify-center\">1,430<\/div>\n<\/td>\n<\/tr>\n<tr class=\"bg-grey-200\/50 p-2\">\n<td colspan=\"1\"><span class=\"block px-4\">Nominal cooling capacity<\/span><\/td>\n<td class=\"text-center\">\n<div class=\"px-10 md:px-20 flex items-center justify-center\">kW<\/div>\n<\/td>\n<td class=\"text-center will-change\">\n<div class=\"px-10 md:px-20 flex items-center justify-center\">11<\/div>\n<\/td>\n<\/tr>\n<tr class=\" p-2\">\n<td colspan=\"1\"><span class=\"block px-4\">Heating capacity<\/span><\/td>\n<td class=\"text-center\">\n<div class=\"px-10 md:px-20 flex items-center justify-center\">kW<\/div>\n<\/td>\n<td class=\"text-center will-change\">\n<div class=\"px-10 md:px-20 flex items-center justify-center\">8<\/div>\n<\/td>\n<\/tr>\n<tr class=\"bg-grey-200\/50 p-2\">\n<td colspan=\"1\"><span class=\"block px-4\">Power supply<\/span><\/td>\n<td class=\"text-center\">\n<div class=\"px-10 md:px-20 flex items-center justify-center\">V\/Hz<\/div>\n<\/td>\n<td class=\"text-center will-change\">\n<div class=\"px-10 md:px-20 flex items-center justify-center\">400\/3ph\/50<\/div>\n<\/td>\n<\/tr>\n<tr class=\" p-2\">\n<td colspan=\"1\"><span class=\"block px-4\">Max. running current, cooling\/heating<\/span><\/td>\n<td class=\"text-center\">\n<div class=\"px-10 md:px-20 flex items-center justify-center\">A<\/div>\n<\/td>\n<td class=\"text-center will-change\">\n<div class=\"px-10 md:px-20 flex items-center justify-center\">14 \/ 13.8<\/div>\n<\/td>\n<\/tr>\n<tr class=\"bg-grey-200\/50 p-2\">\n<td colspan=\"1\"><span class=\"block px-4\">Locked rotor amperage (LRA)<\/span><\/td>\n<td class=\"text-center\">\n<div class=\"px-10 md:px-20 flex items-center justify-center\">A<\/div>\n<\/td>\n<td class=\"text-center will-change\">\n<div class=\"px-10 md:px-20 flex items-center justify-center\">48<\/div>\n<\/td>\n<\/tr>\n<tr class=\" p-2\">\n<td colspan=\"1\"><span class=\"block px-4\">Max inrush current with soft starter<\/span><\/td>\n<td class=\"text-center\">\n<div class=\"px-10 md:px-20 flex items-center justify-center\">A<\/div>\n<\/td>\n<td class=\"text-center will-change\">\n<div class=\"px-10 md:px-20 flex items-center justify-center\">37<\/div>\n<\/td>\n<\/tr>\n<tr class=\"bg-grey-200\/50 p-2\">\n<td colspan=\"1\"><span class=\"block px-4\">Max. power consumption cooling\/heating<\/span><\/td>\n<td class=\"text-center\">\n<div class=\"px-10 md:px-20 flex items-center justify-center\">W<\/div>\n<\/td>\n<td class=\"text-center will-change\">\n<div class=\"px-10 md:px-20 flex items-center justify-center\">5,600 \/ 8,700<\/div>\n<\/td>\n<\/tr>\n<tr class=\" p-2\">\n<td colspan=\"1\"><span class=\"block px-4\">Power cable length<\/span><\/td>\n<td class=\"text-center\">\n<div class=\"px-10 md:px-20 flex items-center justify-center\">m<\/div>\n<\/td>\n<td class=\"text-center will-change\">\n<div class=\"px-10 md:px-20 flex items-center justify-center\">10<\/div>\n<\/td>\n<\/tr>\n<tr class=\"bg-grey-200\/50 p-2\">\n<td colspan=\"1\"><span class=\"block px-4\">Hose connection<\/span><\/td>\n<td class=\"text-center\">\n<div class=\"px-10 md:px-20 flex items-center justify-center\">\u00d8mm<\/div>\n<\/td>\n<td class=\"text-center will-change\">\n<div class=\"px-10 md:px-20 flex items-center justify-center\">315<\/div>\n<\/td>\n<\/tr>\n<tr class=\" p-2\">\n<td colspan=\"1\"><span class=\"block px-4\">Product size (h x l x w)<\/span><\/td>\n<td class=\"text-center\">\n<div class=\"px-10 md:px-20 flex items-center justify-center\">mm<\/div>\n<\/td>\n<td class=\"text-center will-change\">\n<div class=\"px-10 md:px-20 flex items-center justify-center\">735 x 1,140 x 1,140<\/div>\n<\/td>\n<\/tr>\n<tr class=\"bg-grey-200\/50 p-2\">\n<td colspan=\"1\"><span class=\"block px-4\">Weight<\/span><\/td>\n<td class=\"text-center\">\n<div class=\"px-10 md:px-20 flex items-center justify-center\">kg<\/div>\n<\/td>\n<td class=\"text-center will-change\">\n<div class=\"px-10 md:px-20 flex items-center justify-center\">162<\/div>\n<\/td>\n<\/tr>\n<\/tbody>\n<\/table>\n<\/div>\n<\/div>\n<\/div>\n<\/div>\n<\/div>\n<\/section>\n<section class=\"max-w-[1088px] mx-auto w-full px-5 my-10 md:my-12 lg:my-16 xl:my-20 xl:px-0\" data-block=\"link-list\">\n<div class=\"max-w-[1088px] mx-auto\">\n<div class=\"md:text-center\">\n<p><strong>Uy\u011fundur:<\/strong><\/p>\n<p>Tikinti<br \/>\nT\u0259cili yard\u0131m xidm\u0259tl\u0259ri<br \/>\nT\u0259dbirl\u0259r v\u0259 festivallar<br \/>\nS\u0259naye, fabrikl\u0259r v\u0259 istehsal<br \/>\n\u0130stirah\u0259t v\u0259 istirah\u0259t<br \/>\nKiray\u0259 \u015firk\u0259tl\u0259ri<br \/>\nAnbarlar v\u0259 saxlama<\/p>\n<p><strong>Faydal\u0131 y\u00fckl\u0259m\u0259l\u0259r<\/strong><\/p>\n<\/div>\n<\/div>\n<\/section>\n<section class=\"max-w-[1088px] mx-auto w-full px-5 my-10 md:my-12 lg:my-16 xl:my-20 xl:px-0\" data-block=\"related-downloads\">\n<div class=\"mt-6 md:mt-10\">\n<div class=\"flex flex-col md:flex-row md:flex-wrap md:justify-center\">\n<div class=\"mb-4 md:mb-8 w-full md:w-1\/2 md:px-4\">\n<div class=\"p-4 md:p-5 h-full flex md:items-center border border-grey-300\">\n<div class=\"mt-1.5 md:mt-0 w-6 md:w-10\"><a href=\"https:\/\/www.danthermgroup.com\/downloads\/dantherm-ac-r-product-guide\" target=\"_blank\" rel=\"nofollow noindex noopener\"><img decoding=\"async\" class=\"lazyload h-8 md:h-14 w-auto object-contain\" src=\"https:\/\/danthermgroup-website.s3.eu-central-1.amazonaws.com\/media\/icons\/download-guide.svg\" alt=\"Download guide\" height=\"56\" \/><\/a><\/div>\n<div class=\"flex-1 pl-4 md:px-8\">\n<h2 class=\"font-bold text-sm md:text-lg\"><a class=\"underline underline-offset-2 decoration-transparent transition duration-300 ease-linear hover:decoration-black\" href=\"https:\/\/www.danthermgroup.com\/downloads\/dantherm-ac-r-product-guide\" target=\"_blank\" rel=\"nofollow noindex noopener\">Dantherm AC-R product guide<\/a><\/h2>\n<div class=\"prose text-grey-500 text-sm\">Guides<\/div>\n<\/div>\n<\/div>\n<\/div>\n<\/div>\n<\/div>\n<\/section>\n<p>\u00a0[\/vc_column_text][\/vc_column][\/vc_row]<\/p>\n<\/div>","protected":false},"excerpt":{"rendered":"<p><strong>Dantherm AC-R11000<\/strong>, m\u00fcv\u0259qq\u0259ti soyutma t\u0259l\u0259b olunan s\u0259rt m\u00fchitl\u0259rd\u0259 son d\u0259r\u0259c\u0259 davaml\u0131l\u0131q \u00fc\u00e7\u00fcn haz\u0131rlanm\u0131\u015f m\u00f6hk\u0259m, y\u00fcks\u0259k tutumlu mobil (portativ) 11 kVt-l\u0131q kondisionerdir. Tez-tez d\u0259yi\u015f\u0259n yerl\u0259\u015fdirm\u0259l\u0259r v\u0259 t\u0259l\u0259bkar logistika t\u0259l\u0259bl\u0259ri \u00fc\u00e7\u00fcn ideald\u0131r. Onun sad\u0259 texnologiyas\u0131 nasazl\u0131q riskini minimuma endirir v\u0259 h\u0259tta m\u00fct\u0259x\u0259ssis olmayan istifad\u0259\u00e7il\u0259r \u00fc\u00e7\u00fcn bel\u0259 sad\u0259 i\u015fl\u0259m\u0259ni t\u0259min edir.<\/p>\n<p>A\u00e7\u0131q havada qura\u015fd\u0131rma \u00fc\u00e7\u00fcn n\u0259z\u0259rd\u0259 tutulmu\u015f qur\u011fu, m\u00fcv\u0259qq\u0259ti soyutma qur\u011fular\u0131na \u00e7evik inteqrasiyan\u0131 d\u0259st\u0259kl\u0259m\u0259k \u00fc\u00e7\u00fcn kanall\u0131 t\u0259chizat\u0131 v\u0259 geri qaytarma havas\u0131ndan istifad\u0259 edir. Daxili modul t\u0259l\u0259b etmir, bu da onu qapal\u0131 d\u00f6\u015f\u0259m\u0259 sah\u0259sinin m\u0259hdud oldu\u011fu yerl\u0259rd\u0259 uy\u011fun edir. Hava izolyasiya edilmi\u015f \u00d8315 mm kanallar vasit\u0259sil\u0259 verilir v\u0259 geri qaytar\u0131l\u0131r ki, bu da daha b\u00f6y\u00fck s\u0131\u011f\u0131nacaqlarda v\u0259 da\u015f\u0131na bil\u0259n binalarda s\u0259m\u0259r\u0259li hava paylanmas\u0131n\u0131 t\u0259min edir.<\/p>\n","protected":false},"featured_media":44442,"template":"","meta":[],"product_brand":[],"product_cat":[2025],"product_tag":[],"class_list":{"0":"post-44441","1":"product","2":"type-product","3":"status-publish","4":"has-post-thumbnail","6":"product_cat-hava-soyutma-qurgulari","8":"first","9":"instock","10":"shipping-taxable","11":"product-type-simple"},"_links":{"self":[{"href":"https:\/\/airsystems.ge\/shop\/az\/wp-json\/wp\/v2\/product\/44441","targetHints":{"allow":["GET"]}}],"collection":[{"href":"https:\/\/airsystems.ge\/shop\/az\/wp-json\/wp\/v2\/product"}],"about":[{"href":"https:\/\/airsystems.ge\/shop\/az\/wp-json\/wp\/v2\/types\/product"}],"wp:featuredmedia":[{"embeddable":true,"href":"https:\/\/airsystems.ge\/shop\/az\/wp-json\/wp\/v2\/media\/44442"}],"wp:attachment":[{"href":"https:\/\/airsystems.ge\/shop\/az\/wp-json\/wp\/v2\/media?parent=44441"}],"wp:term":[{"taxonomy":"product_brand","embeddable":true,"href":"https:\/\/airsystems.ge\/shop\/az\/wp-json\/wp\/v2\/product_brand?post=44441"},{"taxonomy":"product_cat","embeddable":true,"href":"https:\/\/airsystems.ge\/shop\/az\/wp-json\/wp\/v2\/product_cat?post=44441"},{"taxonomy":"product_tag","embeddable":true,"href":"https:\/\/airsystems.ge\/shop\/az\/wp-json\/wp\/v2\/product_tag?post=44441"}],"curies":[{"name":"wp","href":"https:\/\/api.w.org\/{rel}","templated":true}]}}