{"id":44314,"date":"2026-02-20T18:00:45","date_gmt":"2026-02-20T14:00:45","guid":{"rendered":"https:\/\/airsystems.ge\/shop\/product\/thermal-imaging-camera-ic300\/"},"modified":"2026-02-20T18:14:19","modified_gmt":"2026-02-20T14:14:19","slug":"thermal-imaging-camera-ic300","status":"publish","type":"product","link":"https:\/\/airsystems.ge\/shop\/az\/product\/thermal-imaging-camera-ic300\/","title":{"rendered":"Trotec IC300 \u2013 termal g\u00f6r\u00fcnt\u00fcl\u0259m\u0259 kameras\u0131 Termal g\u00f6r\u00fcnt\u00fcl\u0259m\u0259 kameralar\u0131"},"content":{"rendered":"<section class=\"max-w-[1088px] mx-auto w-full px-5 my-10 md:my-12 lg:my-16 xl:my-20 xl:px-0\" data-block=\"bullet-list\">\n<div class=\"md:text-center\">\n<h3 class=\"text-black font-bold text-lg md:text-xl lg:text-2xl\">\u018fsas x\u00fcsusiyy\u0259tl\u0259r<\/h3>\n<\/div>\n<div class=\"mt-6 md:mt-10\">\n<div class=\"flex flex-wrap\">\n<div class=\"w-full md:w-1\/2 auto-bullets md:pr-16\">\n<ul>\n<li class=\"text-sm md:text-base text-black mt-3 flex items-start\">\n<div class=\"pl-5\">Tam radiometrik \u0130Q kamera \u2013 b\u00fct\u00fcn \u015f\u0259kild\u0259 d\u0259qiq temperatur \u00f6l\u00e7m\u0259si<br \/>\nReal vaxt \u00f6l\u00e7m\u0259 v\u0259 real vaxt g\u00f6r\u00fcnt\u00fcs\u00fc y\u00fcks\u0259k keyfiyy\u0259tli ayd\u0131n istilik g\u00f6r\u00fcnt\u00fcl\u0259rini t\u0259min edir<br \/>\nY\u00fcks\u0259k istilik h\u0259ssasl\u0131\u011f\u0131<br \/>\nY\u00fcks\u0259k h\u0259nd\u0259si q\u0259tnam\u0259<br \/>\n3,5 d\u00fcyml\u00fck sensor ekran<br \/>\nReal g\u00f6r\u00fcnt\u00fcl\u0259r \u00fc\u00e7\u00fcn inteqrasiya olunmu\u015f r\u0259q\u0259msal kamera<br \/>\nPill\u0259li 1\u201316x r\u0259q\u0259msal b\u00f6y\u00fctm\u0259<br \/>\n\u0130ki d\u00fcym\u0259li sensor ekran idar\u0259etm\u0259si<br \/>\n\u0130nfraq\u0131rm\u0131z\u0131 v\u0259 real g\u00f6r\u00fcnt\u00fcn\u00fcn kontur vur\u011fulu detallarla g\u00fccl\u0259ndirilmi\u015f termoqram kimi birl\u0259\u015fdirilmi\u015f \u015f\u0259kild\u0259 g\u00f6st\u0259rilm\u0259si \u00fc\u00e7\u00fcn DuoVision Plus funksiyas\u0131<br \/>\nIP54 tipli qoruma il\u0259 iki komponentli konstruksiyada m\u00f6hk\u0259m, z\u0259rb\u0259y\u0259 davaml\u0131 dizayn<br \/>\nM\u00fcxt\u0259lif \u00f6l\u00e7m\u0259 funksiyalar\u0131<br \/>\nUSB vasit\u0259sil\u0259 m\u0259lumat \u00f6t\u00fcr\u00fclm\u0259si<br \/>\n\u00c7atd\u0131r\u0131lma \u0259hat\u0259 dair\u0259sin\u0259 y\u00fcks\u0259k keyfiyy\u0259tli analiz proqram\u0131 daxildir (y\u00fckl\u0259yin)<\/div>\n<\/li>\n<\/ul>\n<\/div>\n<\/div>\n<\/div>\n<\/section>\n<section class=\"max-w-[1088px] mx-auto w-full px-5 my-10 md:my-12 lg:my-16 xl:my-20 xl:px-0\" data-block=\"product-specifications\">\n<div class=\"md:text-center\">\n<h3 class=\"text-black font-bold text-lg md:text-xl lg:text-2xl\"><strong>Product specifications<\/strong><\/h3>\n<\/div>\n<div class=\" md:mt-10\">\n<div class=\"\">\n<div class=\"lg:mt-0 \">\n<div id=\"spec-ic-300\" class=\"prose max-w-full md:overflow-auto\" data-spec-content=\"\">\n<div class=\"spreadsheet-container hidden md:block\">\n<table class=\"w-full table-fixed mb-0\">\n<thead>\n<tr>\n<th class=\"font-bold text-base\"><span class=\"block px-4\">Specifications<\/span><\/th>\n<th class=\"font-bold text-base text-center\"><span class=\"block px-10 md:px-20\">Units<\/span><\/th>\n<th class=\"font-bold text-base text-center will-change\"><span class=\"block px-4\">IC\u00a0300<\/span><\/th>\n<\/tr>\n<\/thead>\n<tbody>\n<tr class=\"bg-grey-200\/50 p-2\">\n<td colspan=\"3\"><span class=\"block px-4\">Measurement<\/span><\/td>\n<\/tr>\n<tr class=\" p-2\">\n<td colspan=\"1\"><span class=\"block px-4\">Temperature range<\/span><\/td>\n<td class=\"text-center\">\n<div class=\"px-10 md:px-20 flex items-center justify-center\">\u00b0C<\/div>\n<\/td>\n<td class=\"text-center will-change\">\n<div class=\"px-10 md:px-20 flex items-center justify-center\">-20 to +650<\/div>\n<\/td>\n<\/tr>\n<tr class=\"bg-grey-200\/50 p-2\">\n<td colspan=\"1\"><span class=\"block px-4\">Accuracy<\/span><\/td>\n<td class=\"text-center\">\n<div class=\"px-10 md:px-20 flex items-center justify-center\"><\/div>\n<\/td>\n<td class=\"text-center will-change\">\n<div class=\"px-10 md:px-20 flex items-center justify-center\">+2 \u00b0C or +2 % of the measured value (ambient temperature 10 \u00b0C to 35 \u00b0C, object temperature &gt;0 \u00b0C)<\/div>\n<\/td>\n<\/tr>\n<tr class=\" p-2\">\n<td colspan=\"3\"><span class=\"block px-4\">Radiometric image performance<\/span><\/td>\n<\/tr>\n<tr class=\"bg-grey-200\/50 p-2\">\n<td colspan=\"1\"><span class=\"block px-4\">Detector type<\/span><\/td>\n<td class=\"text-center\">\n<div class=\"px-10 md:px-20 flex items-center justify-center\"><\/div>\n<\/td>\n<td class=\"text-center will-change\">\n<div class=\"px-10 md:px-20 flex items-center justify-center\">Focal Plane Array (FPA), uncooled microbolometer<\/div>\n<\/td>\n<\/tr>\n<tr class=\" p-2\">\n<td colspan=\"1\"><span class=\"block px-4\">Detector resolution<\/span><\/td>\n<td class=\"text-center\">\n<div class=\"px-10 md:px-20 flex items-center justify-center\">pixels<\/div>\n<\/td>\n<td class=\"text-center will-change\">\n<div class=\"px-10 md:px-20 flex items-center justify-center\">384 x 288<\/div>\n<\/td>\n<\/tr>\n<tr class=\"bg-grey-200\/50 p-2\">\n<td colspan=\"1\"><span class=\"block px-4\">Spectral range<\/span><\/td>\n<td class=\"text-center\">\n<div class=\"px-10 md:px-20 flex items-center justify-center\">\u03bcm<\/div>\n<\/td>\n<td class=\"text-center will-change\">\n<div class=\"px-10 md:px-20 flex items-center justify-center\">8 to 14<\/div>\n<\/td>\n<\/tr>\n<tr class=\" p-2\">\n<td colspan=\"1\"><span class=\"block px-4\">Field of vision (FOV)<\/span><\/td>\n<td class=\"text-center\">\n<div class=\"px-10 md:px-20 flex items-center justify-center\">\u00b0<\/div>\n<\/td>\n<td class=\"text-center will-change\">\n<div class=\"px-10 md:px-20 flex items-center justify-center\">41.5 x 31.1<\/div>\n<\/td>\n<\/tr>\n<tr class=\"bg-grey-200\/50 p-2\">\n<td colspan=\"1\"><span class=\"block px-4\">Geometric resolution<\/span><\/td>\n<td class=\"text-center\">\n<div class=\"px-10 md:px-20 flex items-center justify-center\">mrad<\/div>\n<\/td>\n<td class=\"text-center will-change\">\n<div class=\"px-10 md:px-20 flex items-center justify-center\">1.89<\/div>\n<\/td>\n<\/tr>\n<tr class=\" p-2\">\n<td colspan=\"1\"><span class=\"block px-4\">Thermal sensitivity<\/span><\/td>\n<td class=\"text-center\">\n<div class=\"px-10 md:px-20 flex items-center justify-center\">\u00b0C<\/div>\n<\/td>\n<td class=\"text-center will-change\">\n<div class=\"px-10 md:px-20 flex items-center justify-center\">&lt;0.05 at 30\u00b0C<\/div>\n<\/td>\n<\/tr>\n<tr class=\"bg-grey-200\/50 p-2\">\n<td colspan=\"1\"><span class=\"block px-4\">Refresh rate<\/span><\/td>\n<td class=\"text-center\">\n<div class=\"px-10 md:px-20 flex items-center justify-center\">Hz<\/div>\n<\/td>\n<td class=\"text-center will-change\">\n<div class=\"px-10 md:px-20 flex items-center justify-center\">50<\/div>\n<\/td>\n<\/tr>\n<tr class=\" p-2\">\n<td colspan=\"1\"><span class=\"block px-4\">Focus\u00a0\/ min. focus distance<\/span><\/td>\n<td class=\"text-center\">\n<div class=\"px-10 md:px-20 flex items-center justify-center\">m<\/div>\n<\/td>\n<td class=\"text-center will-change\">\n<div class=\"px-10 md:px-20 flex items-center justify-center\">manual \/ 0.5<\/div>\n<\/td>\n<\/tr>\n<tr class=\"bg-grey-200\/50 p-2\">\n<td colspan=\"3\"><span class=\"block px-4\">Visual image performance<\/span><\/td>\n<\/tr>\n<tr class=\" p-2\">\n<td colspan=\"1\"><span class=\"block px-4\">Digital photo camera<\/span><\/td>\n<td class=\"text-center\">\n<div class=\"px-10 md:px-20 flex items-center justify-center\">megapixels<\/div>\n<\/td>\n<td class=\"text-center will-change\">\n<div class=\"px-10 md:px-20 flex items-center justify-center\">2<\/div>\n<\/td>\n<\/tr>\n<tr class=\"bg-grey-200\/50 p-2\">\n<td colspan=\"1\"><span class=\"block px-4\">Field of vision (FOV)<\/span><\/td>\n<td class=\"text-center\">\n<div class=\"px-10 md:px-20 flex items-center justify-center\">\u00b0<\/div>\n<\/td>\n<td class=\"text-center will-change\">\n<div class=\"px-10 md:px-20 flex items-center justify-center\">65<\/div>\n<\/td>\n<\/tr>\n<tr class=\" p-2\">\n<td colspan=\"3\"><span class=\"block px-4\">Image representation<\/span><\/td>\n<\/tr>\n<tr class=\"bg-grey-200\/50 p-2\">\n<td colspan=\"1\"><span class=\"block px-4\">Display<\/span><\/td>\n<td class=\"text-center\">\n<div class=\"px-10 md:px-20 flex items-center justify-center\"><\/div>\n<\/td>\n<td class=\"text-center will-change\">\n<div class=\"px-10 md:px-20 flex items-center justify-center\">3.5-inch LCD touchscreen<\/div>\n<\/td>\n<\/tr>\n<tr class=\" p-2\">\n<td colspan=\"1\"><span class=\"block px-4\">Zoom<\/span><\/td>\n<td class=\"text-center\">\n<div class=\"px-10 md:px-20 flex items-center justify-center\"><\/div>\n<\/td>\n<td class=\"text-center will-change\">\n<div class=\"px-10 md:px-20 flex items-center justify-center\">16x infinitely variable digita<\/div>\n<\/td>\n<\/tr>\n<tr class=\"bg-grey-200\/50 p-2\">\n<td colspan=\"1\"><span class=\"block px-4\">Image display<\/span><\/td>\n<td class=\"text-center\">\n<div class=\"px-10 md:px-20 flex items-center justify-center\"><\/div>\n<\/td>\n<td class=\"text-center will-change\">\n<div class=\"px-10 md:px-20 flex items-center justify-center\">Pseudo colours, 8 colour palettes<\/div>\n<\/td>\n<\/tr>\n<tr class=\" p-2\">\n<td colspan=\"1\"><span class=\"block px-4\">Image display options<\/span><\/td>\n<td class=\"text-center\">\n<div class=\"px-10 md:px-20 flex items-center justify-center\"><\/div>\n<\/td>\n<td class=\"text-center will-change\">\n<div class=\"px-10 md:px-20 flex items-center justify-center\">IR image, real image, DuoVision Plus display (overlay of infrared and real images in random intensities), DuoVision Plus display (fusion of infrared and real image as contour-accentuated detail-enhanced thermogram)<\/div>\n<\/td>\n<\/tr>\n<tr class=\"bg-grey-200\/50 p-2\">\n<td colspan=\"3\"><span class=\"block px-4\">Measurement and analysis<\/span><\/td>\n<\/tr>\n<tr class=\" p-2\">\n<td colspan=\"1\"><span class=\"block px-4\">Measuring spots<\/span><\/td>\n<td class=\"text-center\">\n<div class=\"px-10 md:px-20 flex items-center justify-center\"><\/div>\n<\/td>\n<td class=\"text-center will-change\">\n<div class=\"px-10 md:px-20 flex items-center justify-center\">4 (3 x manual, 1 x centre spot)<\/div>\n<\/td>\n<\/tr>\n<tr class=\"bg-grey-200\/50 p-2\">\n<td colspan=\"1\"><span class=\"block px-4\">Measuring functions<\/span><\/td>\n<td class=\"text-center\">\n<div class=\"px-10 md:px-20 flex items-center justify-center\"><\/div>\n<\/td>\n<td class=\"text-center will-change\">\n<div class=\"px-10 md:px-20 flex items-center justify-center\">Isotherm, line profile analysis, sector analysis (rectangle), various alarm functions, Min\/Max temperature tracking (hot\/cold spot), differential measurements at up to 3\u00a0temperature measuring points<\/div>\n<\/td>\n<\/tr>\n<tr class=\" p-2\">\n<td colspan=\"1\"><span class=\"block px-4\">Area measurement<\/span><\/td>\n<td class=\"text-center\">\n<div class=\"px-10 md:px-20 flex items-center justify-center\"><\/div>\n<\/td>\n<td class=\"text-center will-change\">\n<div class=\"px-10 md:px-20 flex items-center justify-center\">3 areas<\/div>\n<\/td>\n<\/tr>\n<tr class=\"bg-grey-200\/50 p-2\">\n<td colspan=\"1\"><span class=\"block px-4\">Degree of emission<\/span><\/td>\n<td class=\"text-center\">\n<div class=\"px-10 md:px-20 flex items-center justify-center\"><\/div>\n<\/td>\n<td class=\"text-center will-change\">\n<div class=\"px-10 md:px-20 flex items-center justify-center\">User-defined variably adjustable from 0.01 to 1.0<\/div>\n<\/td>\n<\/tr>\n<tr class=\" p-2\">\n<td colspan=\"1\"><span class=\"block px-4\">Measurement correction<\/span><\/td>\n<td class=\"text-center\">\n<div class=\"px-10 md:px-20 flex items-center justify-center\"><\/div>\n<\/td>\n<td class=\"text-center will-change\">\n<div class=\"px-10 md:px-20 flex items-center justify-center\">Correction of the reflected object temperature; automatic correction based on user-defined specifications for ambient temperature, distance and relative humidity<\/div>\n<\/td>\n<\/tr>\n<tr class=\"bg-grey-200\/50 p-2\">\n<td colspan=\"3\"><span class=\"block px-4\">Data storage<\/span><\/td>\n<\/tr>\n<tr class=\" p-2\">\n<td colspan=\"1\"><span class=\"block px-4\">Memory<\/span><\/td>\n<td class=\"text-center\">\n<div class=\"px-10 md:px-20 flex items-center justify-center\"><\/div>\n<\/td>\n<td class=\"text-center will-change\">\n<div class=\"px-10 md:px-20 flex items-center justify-center\">3.4 GB internal eMMC memory (plus additional 16 GB via microSD card)<\/div>\n<\/td>\n<\/tr>\n<tr class=\"bg-grey-200\/50 p-2\">\n<td colspan=\"1\"><span class=\"block px-4\">File format<\/span><\/td>\n<td class=\"text-center\">\n<div class=\"px-10 md:px-20 flex items-center justify-center\"><\/div>\n<\/td>\n<td class=\"text-center will-change\">\n<div class=\"px-10 md:px-20 flex items-center justify-center\">Radiometric image: HIR (proprietary); visual image: JPEG; non-radiometric thermographic video: MPEG-4<\/div>\n<\/td>\n<\/tr>\n<tr class=\" p-2\">\n<td colspan=\"1\"><span class=\"block px-4\">Data storage \/ transmission<\/span><\/td>\n<td class=\"text-center\">\n<div class=\"px-10 md:px-20 flex items-center justify-center\"><\/div>\n<\/td>\n<td class=\"text-center will-change\">\n<div class=\"px-10 md:px-20 flex items-center justify-center\">Storage of non-radiometric IR videos (MPEG-4) as well as radiometric and real images on internal memory or external microSD\u00a0card; storage of fully radiometric IR videos on PC via USB<\/div>\n<\/td>\n<\/tr>\n<tr class=\"bg-grey-200\/50 p-2\">\n<td colspan=\"1\"><span class=\"block px-4\">Interfaces<\/span><\/td>\n<td class=\"text-center\">\n<div class=\"px-10 md:px-20 flex items-center justify-center\"><\/div>\n<\/td>\n<td class=\"text-center will-change\">\n<div class=\"px-10 md:px-20 flex items-center justify-center\">USB type C, Wifi 802.11<\/div>\n<\/td>\n<\/tr>\n<tr class=\" p-2\">\n<td colspan=\"3\"><span class=\"block px-4\">Power supply<\/span><\/td>\n<\/tr>\n<tr class=\"bg-grey-200\/50 p-2\">\n<td colspan=\"1\"><span class=\"block px-4\">Battery type<\/span><\/td>\n<td class=\"text-center\">\n<div class=\"px-10 md:px-20 flex items-center justify-center\"><\/div>\n<\/td>\n<td class=\"text-center will-change\">\n<div class=\"px-10 md:px-20 flex items-center justify-center\">Li-ion battery (2,600 mAh); rechargeable, exchangeable<\/div>\n<\/td>\n<\/tr>\n<tr class=\" p-2\">\n<td colspan=\"1\"><span class=\"block px-4\">Operating time<\/span><\/td>\n<td class=\"text-center\">\n<div class=\"px-10 md:px-20 flex items-center justify-center\">h<\/div>\n<\/td>\n<td class=\"text-center will-change\">\n<div class=\"px-10 md:px-20 flex items-center justify-center\">\u2248 4<\/div>\n<\/td>\n<\/tr>\n<tr class=\"bg-grey-200\/50 p-2\">\n<td colspan=\"1\"><span class=\"block px-4\">Mains power<\/span><\/td>\n<td class=\"text-center\">\n<div class=\"px-10 md:px-20 flex items-center justify-center\">V\/A<\/div>\n<\/td>\n<td class=\"text-center will-change\">\n<div class=\"px-10 md:px-20 flex items-center justify-center\">5\/2.4<\/div>\n<\/td>\n<\/tr>\n<tr class=\" p-2\">\n<td colspan=\"1\"><span class=\"block px-4\">Energy saving mode<\/span><\/td>\n<td class=\"text-center\">\n<div class=\"px-10 md:px-20 flex items-center justify-center\"><\/div>\n<\/td>\n<td class=\"text-center will-change\">\n<div class=\"px-10 md:px-20 flex items-center justify-center\">User-defined<\/div>\n<\/td>\n<\/tr>\n<tr class=\"bg-grey-200\/50 p-2\">\n<td colspan=\"3\"><span class=\"block px-4\">Ambient conditions<\/span><\/td>\n<\/tr>\n<tr class=\" p-2\">\n<td colspan=\"1\"><span class=\"block px-4\">Temperature<\/span><\/td>\n<td class=\"text-center\">\n<div class=\"px-10 md:px-20 flex items-center justify-center\">\u00b0C<\/div>\n<\/td>\n<td class=\"text-center will-change\">\n<div class=\"px-10 md:px-20 flex items-center justify-center\">-15 to +50 (operation), -40 to +70 (storage)<\/div>\n<\/td>\n<\/tr>\n<tr class=\"bg-grey-200\/50 p-2\">\n<td colspan=\"1\"><span class=\"block px-4\">Humidity<\/span><\/td>\n<td class=\"text-center\">\n<div class=\"px-10 md:px-20 flex items-center justify-center\">% RH<\/div>\n<\/td>\n<td class=\"text-center will-change\">\n<div class=\"px-10 md:px-20 flex items-center justify-center\">10 to 90 (non-condensing)<\/div>\n<\/td>\n<\/tr>\n<tr class=\" p-2\">\n<td colspan=\"1\"><span class=\"block px-4\">Type of protection \/ shock \/ vibration<\/span><\/td>\n<td class=\"text-center\">\n<div class=\"px-10 md:px-20 flex items-center justify-center\"><\/div>\n<\/td>\n<td class=\"text-center will-change\">\n<div class=\"px-10 md:px-20 flex items-center justify-center\">IP54 \/ 25G \/ 2G<\/div>\n<\/td>\n<\/tr>\n<tr class=\"bg-grey-200\/50 p-2\">\n<td colspan=\"1\"><span class=\"block px-4\">Impact resistance (falling from)<\/span><\/td>\n<td class=\"text-center\">\n<div class=\"px-10 md:px-20 flex items-center justify-center\">m<\/div>\n<\/td>\n<td class=\"text-center will-change\">\n<div class=\"px-10 md:px-20 flex items-center justify-center\">2<\/div>\n<\/td>\n<\/tr>\n<tr class=\" p-2\">\n<td colspan=\"3\"><span class=\"block px-4\">Physical characteristics<\/span><\/td>\n<\/tr>\n<tr class=\"bg-grey-200\/50 p-2\">\n<td colspan=\"1\"><span class=\"block px-4\">Product size (l x w x h)<\/span><\/td>\n<td class=\"text-center\">\n<div class=\"px-10 md:px-20 flex items-center justify-center\">mm<\/div>\n<\/td>\n<td class=\"text-center will-change\">\n<div class=\"px-10 md:px-20 flex items-center justify-center\">96 x 77 x 224<\/div>\n<\/td>\n<\/tr>\n<tr class=\" p-2\">\n<td colspan=\"1\"><span class=\"block px-4\">Weight<\/span><\/td>\n<td class=\"text-center\">\n<div class=\"px-10 md:px-20 flex items-center justify-center\">g<\/div>\n<\/td>\n<td class=\"text-center will-change\">\n<div class=\"px-10 md:px-20 flex items-center justify-center\">500<\/div>\n<\/td>\n<\/tr>\n<tr class=\"bg-grey-200\/50 p-2\">\n<td colspan=\"1\"><span class=\"block px-4\">Tripod connection<\/span><\/td>\n<td class=\"text-center\">\n<div class=\"px-10 md:px-20 flex items-center justify-center\">inch<\/div>\n<\/td>\n<td class=\"text-center will-change\">\n<div class=\"px-10 md:px-20 flex items-center justify-center\">\u00bc<\/div>\n<\/td>\n<\/tr>\n<tr class=\" p-2\">\n<td colspan=\"1\"><span class=\"block px-4\">Standard lens<\/span><\/td>\n<td class=\"text-center\">\n<div class=\"px-10 md:px-20 flex items-center justify-center\">\u00b0<\/div>\n<\/td>\n<td class=\"text-center will-change\">\n<div class=\"px-10 md:px-20 flex items-center justify-center\">41.5 x 31.1<\/div>\n<\/td>\n<\/tr>\n<\/tbody>\n<\/table>\n<\/div>\n<\/div>\n<\/div>\n<\/div>\n<\/div>\n<\/section>\n<section class=\"max-w-[1088px] mx-auto w-full px-5 my-10 md:my-12 lg:my-16 xl:my-20 xl:px-0\" data-block=\"link-list\">\n<div class=\"max-w-[1088px] mx-auto\">\n<div class=\"md:text-center\">\n<ul>\n<li class=\"flex items-center gap-5 text-sm text-black mt-3 md:text-base lg:text-lg\"><strong>Uy\u011fundur:<\/strong><\/li>\n<\/ul>\n<\/div>\n<div class=\"mt-6 max-w-4xl mx-auto\">\n<div class=\"flex flex-wrap md:ml-20\">\n<div class=\"w-full md:w-1\/2 auto-bullets md:pr-16\">\n<ul>\n<li class=\"flex items-center gap-5 text-sm text-black mt-3 md:text-base lg:text-lg\">Avtomobil<br \/>\nKommersiya binalar\u0131<br \/>\nTikinti<br \/>\nM\u0259lumat m\u0259rk\u0259zl\u0259ri v\u0259 telekommunikasiya<br \/>\nT\u0259cili yard\u0131m xidm\u0259tl\u0259ri<br \/>\nEnerji v\u0259 b\u0259rpa olunan enerji m\u0259nb\u0259l\u0259ri<br \/>\n\u0130rs obyektl\u0259ri<br \/>\nH\u0259rbi v\u0259 aerokosmik<br \/>\n\u018fcza\u00e7\u0131l\u0131q v\u0259 elmi<br \/>\nYa\u015fay\u0131\u015f binalar\u0131<br \/>\nSu z\u0259r\u0259rinin b\u0259rpas\u0131<\/li>\n<\/ul>\n<\/div>\n<\/div>\n<\/div>\n<\/div>\n<\/section>\n","protected":false},"excerpt":{"rendered":"<p>IC300 il\u0259, 1.89 mrad h\u0259nd\u0259si q\u0259tnam\u0259, 0.05 \u00b0C istilik h\u0259ssasl\u0131\u011f\u0131 v\u0259 dem\u0259k olar ki, h\u0259r tap\u015f\u0131r\u0131q \u00fc\u00e7\u00fcn +650 \u00b0C-y\u0259 q\u0259d\u0259r temperatur \u00f6l\u00e7m\u0259 diapazonu il\u0259 real vaxt rejimind\u0259 d\u0259qiq termoqramlar t\u0259min ed\u0259n tam t\u0259chiz olunmu\u015f pe\u015f\u0259kar real vaxt rejimind\u0259 istilik g\u00f6r\u00fcnt\u00fcl\u0259m\u0259 kameras\u0131ndan faydalan\u0131rs\u0131n\u0131z.<\/p>\n<p>IC300-\u00fcn m\u00fcr\u0259kk\u0259b sensor texnologiyas\u0131, 110.592 m\u00fcst\u0259qil temperatur \u00f6l\u00e7m\u0259 n\u00f6qt\u0259sinin h\u0259r biri \u00fc\u00e7\u00fcn \u0259n ki\u00e7ik temperatur d\u0259yi\u015fiklikl\u0259rini saniy\u0259d\u0259 \u0259lli d\u0259f\u0259 a\u015fkarlay\u0131r v\u0259 onlar\u0131 ekranda g\u00f6st\u0259rir.<\/p>\n<p>Y\u00fcks\u0259k yenil\u0259m\u0259 s\u00fcr\u0259ti say\u0259sind\u0259 he\u00e7 bir \u015f\u0259kil burax\u0131lm\u0131r, bel\u0259likl\u0259, he\u00e7 bir vacib termoqrafik m\u0259lumat burax\u0131lm\u0131r v\u0259 h\u0259r bir istilik g\u00f6r\u00fcnt\u00fcs\u00fc real vaxt rejimind\u0259 g\u00f6st\u0259rilir.<\/p>\n","protected":false},"featured_media":44242,"template":"","meta":[],"product_brand":[],"product_cat":[809,980,1166,820,817],"product_tag":[],"class_list":{"0":"post-44314","1":"product","2":"type-product","3":"status-publish","4":"has-post-thumbnail","6":"product_cat-hava-nmlndiricisi-kondisioner-az-ventilyasiya-ventilyator","7":"product_cat-iqlim-olcn-termometr-higrometri-az","8":"product_cat-measurement-technology-az","9":"product_cat-olcm-texnologiyasi-cihazlari-altlri-az","10":"product_cat-trotec-az","12":"first","13":"instock","14":"shipping-taxable","15":"purchasable","16":"product-type-simple"},"_links":{"self":[{"href":"https:\/\/airsystems.ge\/shop\/az\/wp-json\/wp\/v2\/product\/44314","targetHints":{"allow":["GET"]}}],"collection":[{"href":"https:\/\/airsystems.ge\/shop\/az\/wp-json\/wp\/v2\/product"}],"about":[{"href":"https:\/\/airsystems.ge\/shop\/az\/wp-json\/wp\/v2\/types\/product"}],"wp:featuredmedia":[{"embeddable":true,"href":"https:\/\/airsystems.ge\/shop\/az\/wp-json\/wp\/v2\/media\/44242"}],"wp:attachment":[{"href":"https:\/\/airsystems.ge\/shop\/az\/wp-json\/wp\/v2\/media?parent=44314"}],"wp:term":[{"taxonomy":"product_brand","embeddable":true,"href":"https:\/\/airsystems.ge\/shop\/az\/wp-json\/wp\/v2\/product_brand?post=44314"},{"taxonomy":"product_cat","embeddable":true,"href":"https:\/\/airsystems.ge\/shop\/az\/wp-json\/wp\/v2\/product_cat?post=44314"},{"taxonomy":"product_tag","embeddable":true,"href":"https:\/\/airsystems.ge\/shop\/az\/wp-json\/wp\/v2\/product_tag?post=44314"}],"curies":[{"name":"wp","href":"https:\/\/api.w.org\/{rel}","templated":true}]}}