{"id":43934,"date":"2024-02-01T21:55:31","date_gmt":"2024-02-01T17:55:31","guid":{"rendered":"https:\/\/airsystems.ge\/shop\/product\/master-nylon-flex-tube-with-bag-o31cm-7-6m-for-b-18-epr-bv-400-bv-471-heater\/"},"modified":"2026-01-11T13:35:35","modified_gmt":"2026-01-11T09:35:35","slug":"master-nylon-flex-tube-with-bag-o31cm-7-6m-for-b-18-epr-bv-400-bv-471-heater","status":"publish","type":"product","link":"https:\/\/airsystems.ge\/shop\/az\/product\/master-nylon-flex-tube-with-bag-o31cm-7-6m-for-b-18-epr-bv-400-bv-471-heater\/","title":{"rendered":"B 18 EPR, BV 400, BV 471 q\u0131zd\u0131r\u0131c\u0131s\u0131 \u00fc\u00e7\u00fcn \u00d831sm, 7.6m \u00f6l\u00e7\u00fcl\u00fc \u00e7antal\u0131 Master neylon elastik boru"},"content":{"rendered":"","protected":false},"excerpt":{"rendered":"<div class=\"mt-6 prose\">\n<p>B 18 EPR, BV 400, BV 471 \u00fc\u00e7\u00fcn aksesuar<\/p>\n<p>\u00d831sm, 7.6m.<\/p>\n<\/div>\n","protected":false},"featured_media":21311,"template":"","meta":[],"product_brand":[],"product_cat":[970],"product_tag":[],"class_list":{"0":"post-43934","1":"product","2":"type-product","3":"status-publish","4":"has-post-thumbnail","6":"product_cat-accessories-and-consumables-az-2","8":"first","9":"instock","10":"shipping-taxable","11":"purchasable","12":"product-type-simple"},"_links":{"self":[{"href":"https:\/\/airsystems.ge\/shop\/az\/wp-json\/wp\/v2\/product\/43934","targetHints":{"allow":["GET"]}}],"collection":[{"href":"https:\/\/airsystems.ge\/shop\/az\/wp-json\/wp\/v2\/product"}],"about":[{"href":"https:\/\/airsystems.ge\/shop\/az\/wp-json\/wp\/v2\/types\/product"}],"wp:featuredmedia":[{"embeddable":true,"href":"https:\/\/airsystems.ge\/shop\/az\/wp-json\/wp\/v2\/media\/21311"}],"wp:attachment":[{"href":"https:\/\/airsystems.ge\/shop\/az\/wp-json\/wp\/v2\/media?parent=43934"}],"wp:term":[{"taxonomy":"product_brand","embeddable":true,"href":"https:\/\/airsystems.ge\/shop\/az\/wp-json\/wp\/v2\/product_brand?post=43934"},{"taxonomy":"product_cat","embeddable":true,"href":"https:\/\/airsystems.ge\/shop\/az\/wp-json\/wp\/v2\/product_cat?post=43934"},{"taxonomy":"product_tag","embeddable":true,"href":"https:\/\/airsystems.ge\/shop\/az\/wp-json\/wp\/v2\/product_tag?post=43934"}],"curies":[{"name":"wp","href":"https:\/\/api.w.org\/{rel}","templated":true}]}}