{"id":43913,"date":"2024-01-23T23:23:33","date_gmt":"2024-01-23T19:23:33","guid":{"rendered":"https:\/\/airsystems.ge\/shop\/product\/master-extension-cord-16a-5m-for-b-5-b-9-heater\/"},"modified":"2026-01-11T13:17:03","modified_gmt":"2026-01-11T09:17:03","slug":"master-extension-cord-16a-5m-for-b-5-b-9-heater","status":"publish","type":"product","link":"https:\/\/airsystems.ge\/shop\/az\/product\/master-extension-cord-16a-5m-for-b-5-b-9-heater\/","title":{"rendered":"B 5, B 9 q\u0131zd\u0131r\u0131c\u0131s\u0131 \u00fc\u00e7\u00fcn \u0259sas uzatma kabeli 16A\/5m"},"content":{"rendered":"<div class=\"wpb-content-wrapper\"><p>[vc_row][vc_column]\r\n\t\t<div id=\"wd-65ae68c4723e8\" class=\"title-wrapper wd-wpb set-mb-s reset-last-child  wd-rs-65ae68c4723e8 wd-title-color-default wd-title-style-default text-center  wd-underline-colored\">\r\n\t\t\t\r\n\t\t\t<div class=\"liner-continer\">\r\n\t\t\t\t<h4 class=\"woodmart-title-container title  wd-font-weight- wd-fontsize-l\" >Accessory for<\/h4>\r\n\t\t\t\t\t\t\t<\/div>\r\n\t\t\t\r\n\t\t\t\r\n\t\t\t\r\n\t\t<\/div>\r\n\t\t\r\n\t\t[\/vc_column][\/vc_row][vc_row css=&#8221;.vc_custom_1705962969957{padding-bottom: 20px !important;}&#8221; woodmart_css_id=&#8221;65aeedd10b2d2&#8243; responsive_spacing=&#8221;eyJwYXJhbV90eXBlIjoid29vZG1hcnRfcmVzcG9uc2l2ZV9zcGFjaW5nIiwic2VsZWN0b3JfaWQiOiI2NWFlZWRkMTBiMmQyIiwic2hvcnRjb2RlIjoidmNfcm93IiwiZGF0YSI6eyJ0YWJsZXQiOnt9LCJtb2JpbGUiOnt9fX0=&#8221; mobile_bg_img_hidden=&#8221;no&#8221; tablet_bg_img_hidden=&#8221;no&#8221; woodmart_parallax=&#8221;0&#8243; woodmart_gradient_switch=&#8221;no&#8221; woodmart_box_shadow=&#8221;no&#8221; wd_z_index=&#8221;no&#8221; woodmart_disable_overflow=&#8221;0&#8243; row_reverse_mobile=&#8221;0&#8243; row_reverse_tablet=&#8221;0&#8243;][vc_column]<div class=\"woocommerce columns-4 \">\n<div class=\"products elements-grid wd-products-holder  wd-spacing-20 grid-columns-3 products-bordered-grid pagination-pagination align-items-start row\" data-source=\"main_loop\" data-min_price=\"\" data-max_price=\"\" data-columns=\"3\">\n<div class=\"product-grid-item product wd-hover-icons  col-lg-4 col-md-4 col-6 first  type-product post-23518 status-publish instock product_cat-qizdiricilar-elektrik-hava-fan has-post-thumbnail shipping-taxable purchasable product-type-simple\" data-loop=\"1\" data-id=\"23518\">\r\n\t\r\n\t<div class=\"product-wrapper\">\r\n\t<div class=\"product-element-top wd-quick-shop\">\r\n\t\t<a href=\"https:\/\/airsystems.ge\/shop\/az\/product\/master-b-5-epb-400v-electric-fan-air-heaters\/\" class=\"product-image-link\">\r\n\t\t\t<img loading=\"lazy\" decoding=\"async\" width=\"430\" height=\"430\" src=\"https:\/\/airsystems.ge\/shop\/wp-content\/uploads\/2024\/02\/Master-B-5-430x430.jpg\" class=\"attachment-woocommerce_thumbnail size-woocommerce_thumbnail\" alt=\"\" srcset=\"https:\/\/airsystems.ge\/shop\/wp-content\/uploads\/2024\/02\/Master-B-5-430x430.jpg 430w, https:\/\/airsystems.ge\/shop\/wp-content\/uploads\/2024\/02\/Master-B-5-300x300.jpg 300w, https:\/\/airsystems.ge\/shop\/wp-content\/uploads\/2024\/02\/Master-B-5-800x800.jpg 800w, https:\/\/airsystems.ge\/shop\/wp-content\/uploads\/2024\/02\/Master-B-5-150x150.jpg 150w, https:\/\/airsystems.ge\/shop\/wp-content\/uploads\/2024\/02\/Master-B-5-768x768.jpg 768w, https:\/\/airsystems.ge\/shop\/wp-content\/uploads\/2024\/02\/Master-B-5-860x860.jpg 860w, https:\/\/airsystems.ge\/shop\/wp-content\/uploads\/2024\/02\/Master-B-5-700x700.jpg 700w, https:\/\/airsystems.ge\/shop\/wp-content\/uploads\/2024\/02\/Master-B-5.jpg 1000w\" sizes=\"auto, (max-width: 430px) 100vw, 430px\" \/>\t\t<\/a>\r\n\r\n\t\t\t\t\t<div class=\"hover-img\">\r\n\t\t\t\t<a href=\"https:\/\/airsystems.ge\/shop\/az\/product\/master-b-5-epb-400v-electric-fan-air-heaters\/\">\r\n\t\t\t\t\t<img loading=\"lazy\" decoding=\"async\" width=\"430\" height=\"430\" src=\"https:\/\/airsystems.ge\/shop\/wp-content\/uploads\/2024\/02\/Master-space-heaters-on-building-sites-430x430.jpg\" class=\"attachment-woocommerce_thumbnail size-woocommerce_thumbnail\" alt=\"\" srcset=\"https:\/\/airsystems.ge\/shop\/wp-content\/uploads\/2024\/02\/Master-space-heaters-on-building-sites-430x430.jpg 430w, https:\/\/airsystems.ge\/shop\/wp-content\/uploads\/2024\/02\/Master-space-heaters-on-building-sites-300x300.jpg 300w, https:\/\/airsystems.ge\/shop\/wp-content\/uploads\/2024\/02\/Master-space-heaters-on-building-sites-800x800.jpg 800w, https:\/\/airsystems.ge\/shop\/wp-content\/uploads\/2024\/02\/Master-space-heaters-on-building-sites-150x150.jpg 150w, https:\/\/airsystems.ge\/shop\/wp-content\/uploads\/2024\/02\/Master-space-heaters-on-building-sites-768x768.jpg 768w, https:\/\/airsystems.ge\/shop\/wp-content\/uploads\/2024\/02\/Master-space-heaters-on-building-sites-860x860.jpg 860w, https:\/\/airsystems.ge\/shop\/wp-content\/uploads\/2024\/02\/Master-space-heaters-on-building-sites-700x700.jpg 700w, https:\/\/airsystems.ge\/shop\/wp-content\/uploads\/2024\/02\/Master-space-heaters-on-building-sites.jpg 1000w\" sizes=\"auto, (max-width: 430px) 100vw, 430px\" \/>\t\t\t\t<\/a>\r\n\t\t\t<\/div>\r\n\t\t\t\r\n\t\t<div class=\"wrapp-buttons\">\r\n\t\t\t<div class=\"wd-buttons\">\r\n\t\t\t\t<div class=\"wd-add-btn wd-action-btn wd-style-icon wd-add-cart-icon\"><a href=\"\/shop\/az\/wp-json\/wp\/v2\/product\/43913?add-to-cart=23518\" data-quantity=\"1\" class=\"button product_type_simple add_to_cart_button ajax_add_to_cart add-to-cart-loop\" data-product_id=\"23518\" data-product_sku=\"4012.022\" aria-label=\"Add to cart: &ldquo;Master B 5 EPB (400V) \u2013 elektrik fanatl\u0131 hava q\u0131zd\u0131r\u0131c\u0131lar\u0131&rdquo;\" rel=\"nofollow\" data-success_message=\"&ldquo;Master B 5 EPB (400V) \u2013 elektrik fanatl\u0131 hava q\u0131zd\u0131r\u0131c\u0131lar\u0131&rdquo; has been added to your cart\"><span>Add to cart<\/span><\/a><\/div>\r\n\t\t\t\t\t\t\t\t\t\t\t\t\t\t\t\t\t\t\t\t\t\t\t<\/div> \r\n\t\t<\/div>\r\n\t<\/div>\r\n\t\t\t\t\t<h3 class=\"wd-entities-title\"><a href=\"https:\/\/airsystems.ge\/shop\/az\/product\/master-b-5-epb-400v-electric-fan-air-heaters\/\">Master B 5 EPB (400V) \u2013 elektrik fanatl\u0131 hava q\u0131zd\u0131r\u0131c\u0131lar\u0131<\/a><\/h3>\t\t\t\t<div class=\"wd-product-cats\">\r\n\t\t\t<a href=\"https:\/\/airsystems.ge\/shop\/az\/product-category\/hava-n%c9%99ml%c9%99ndiricisi-kondisioner-az-ventilyasiya-ventilyator\/kolorifer-qizdirici-istilik-az\/qizdiricilar-elektrik-hava-fan\/\" rel=\"tag\">Elektrikli fan q\u0131zd\u0131r\u0131c\u0131lar\u0131 Hava q\u0131zd\u0131r\u0131c\u0131lar\u0131 Q\u0131zd\u0131r\u0131c\u0131lar Elektrik q\u0131zd\u0131r\u0131c\u0131lar\u0131. Electric Fan Heaters<\/a>\t\t<\/div>\r\n\t\t\t\t\t\t\n\t<span class=\"price\"><span class=\"woocommerce-Price-amount amount\"><bdi>839,00&nbsp;<span class=\"woocommerce-Price-currencySymbol\">&#x20be;<\/span><\/bdi><\/span><\/span>\n\r\n\t\t\r\n\t\t\r\n\t\t\t<\/div>\r\n<\/div>\r\n<div class=\"product-grid-item product wd-hover-icons  col-lg-4 col-md-4 col-6 type-product post-25451 status-publish instock product_cat-qizdiricilar-elektrik-hava-fan has-post-thumbnail shipping-taxable purchasable product-type-simple\" data-loop=\"2\" data-id=\"25451\">\r\n\t\r\n\t<div class=\"product-wrapper\">\r\n\t<div class=\"product-element-top wd-quick-shop\">\r\n\t\t<a href=\"https:\/\/airsystems.ge\/shop\/az\/product\/master-b-9-epb-electric-fan-air-heaters\/\" class=\"product-image-link\">\r\n\t\t\t<img loading=\"lazy\" decoding=\"async\" width=\"430\" height=\"430\" src=\"https:\/\/airsystems.ge\/shop\/wp-content\/uploads\/2024\/02\/master-b-5-epb-5-kw-electric-heater-430x430.webp\" class=\"attachment-woocommerce_thumbnail size-woocommerce_thumbnail\" alt=\"\" srcset=\"https:\/\/airsystems.ge\/shop\/wp-content\/uploads\/2024\/02\/master-b-5-epb-5-kw-electric-heater-430x430.webp 430w, https:\/\/airsystems.ge\/shop\/wp-content\/uploads\/2024\/02\/master-b-5-epb-5-kw-electric-heater-300x300.webp 300w, https:\/\/airsystems.ge\/shop\/wp-content\/uploads\/2024\/02\/master-b-5-epb-5-kw-electric-heater-150x150.webp 150w, https:\/\/airsystems.ge\/shop\/wp-content\/uploads\/2024\/02\/master-b-5-epb-5-kw-electric-heater-768x768.webp 768w, https:\/\/airsystems.ge\/shop\/wp-content\/uploads\/2024\/02\/master-b-5-epb-5-kw-electric-heater-700x700.webp 700w, https:\/\/airsystems.ge\/shop\/wp-content\/uploads\/2024\/02\/master-b-5-epb-5-kw-electric-heater.webp 800w\" sizes=\"auto, (max-width: 430px) 100vw, 430px\" \/>\t\t<\/a>\r\n\r\n\t\t\t\t\t<div class=\"hover-img\">\r\n\t\t\t\t<a href=\"https:\/\/airsystems.ge\/shop\/az\/product\/master-b-9-epb-electric-fan-air-heaters\/\">\r\n\t\t\t\t\t<img loading=\"lazy\" decoding=\"async\" width=\"430\" height=\"430\" src=\"https:\/\/airsystems.ge\/shop\/wp-content\/uploads\/2024\/02\/Master-space-heaters-on-building-sites-430x430.jpg\" class=\"attachment-woocommerce_thumbnail size-woocommerce_thumbnail\" alt=\"\" srcset=\"https:\/\/airsystems.ge\/shop\/wp-content\/uploads\/2024\/02\/Master-space-heaters-on-building-sites-430x430.jpg 430w, https:\/\/airsystems.ge\/shop\/wp-content\/uploads\/2024\/02\/Master-space-heaters-on-building-sites-300x300.jpg 300w, https:\/\/airsystems.ge\/shop\/wp-content\/uploads\/2024\/02\/Master-space-heaters-on-building-sites-800x800.jpg 800w, https:\/\/airsystems.ge\/shop\/wp-content\/uploads\/2024\/02\/Master-space-heaters-on-building-sites-150x150.jpg 150w, https:\/\/airsystems.ge\/shop\/wp-content\/uploads\/2024\/02\/Master-space-heaters-on-building-sites-768x768.jpg 768w, https:\/\/airsystems.ge\/shop\/wp-content\/uploads\/2024\/02\/Master-space-heaters-on-building-sites-860x860.jpg 860w, https:\/\/airsystems.ge\/shop\/wp-content\/uploads\/2024\/02\/Master-space-heaters-on-building-sites-700x700.jpg 700w, https:\/\/airsystems.ge\/shop\/wp-content\/uploads\/2024\/02\/Master-space-heaters-on-building-sites.jpg 1000w\" sizes=\"auto, (max-width: 430px) 100vw, 430px\" \/>\t\t\t\t<\/a>\r\n\t\t\t<\/div>\r\n\t\t\t\r\n\t\t<div class=\"wrapp-buttons\">\r\n\t\t\t<div class=\"wd-buttons\">\r\n\t\t\t\t<div class=\"wd-add-btn wd-action-btn wd-style-icon wd-add-cart-icon\"><a href=\"\/shop\/az\/wp-json\/wp\/v2\/product\/43913?add-to-cart=25451\" data-quantity=\"1\" class=\"button product_type_simple add_to_cart_button ajax_add_to_cart add-to-cart-loop\" data-product_id=\"25451\" data-product_sku=\"4012.027\" aria-label=\"Add to cart: &ldquo;Master B 9 EPB \u2013 elektrik ventilyatorlu hava q\u0131zd\u0131r\u0131c\u0131lar\u0131&rdquo;\" rel=\"nofollow\" data-success_message=\"&ldquo;Master B 9 EPB \u2013 elektrik ventilyatorlu hava q\u0131zd\u0131r\u0131c\u0131lar\u0131&rdquo; has been added to your cart\"><span>Add to cart<\/span><\/a><\/div>\r\n\t\t\t\t\t\t\t\t\t\t\t\t\t\t\t\t\t\t\t\t\t\t\t<\/div> \r\n\t\t<\/div>\r\n\t<\/div>\r\n\t\t\t\t\t<h3 class=\"wd-entities-title\"><a href=\"https:\/\/airsystems.ge\/shop\/az\/product\/master-b-9-epb-electric-fan-air-heaters\/\">Master B 9 EPB \u2013 elektrik ventilyatorlu hava q\u0131zd\u0131r\u0131c\u0131lar\u0131<\/a><\/h3>\t\t\t\t<div class=\"wd-product-cats\">\r\n\t\t\t<a href=\"https:\/\/airsystems.ge\/shop\/az\/product-category\/hava-n%c9%99ml%c9%99ndiricisi-kondisioner-az-ventilyasiya-ventilyator\/kolorifer-qizdirici-istilik-az\/qizdiricilar-elektrik-hava-fan\/\" rel=\"tag\">Elektrikli fan q\u0131zd\u0131r\u0131c\u0131lar\u0131 Hava q\u0131zd\u0131r\u0131c\u0131lar\u0131 Q\u0131zd\u0131r\u0131c\u0131lar Elektrik q\u0131zd\u0131r\u0131c\u0131lar\u0131. Electric Fan Heaters<\/a>\t\t<\/div>\r\n\t\t\t\t\t\t\n\t<span class=\"price\"><span class=\"woocommerce-Price-amount amount\"><bdi>1095,00&nbsp;<span class=\"woocommerce-Price-currencySymbol\">&#x20be;<\/span><\/bdi><\/span><\/span>\n\r\n\t\t\r\n\t\t\r\n\t\t\t<\/div>\r\n<\/div>\r\n<\/div><\/div>[\/vc_column][\/vc_row]<\/p>\n<\/div>","protected":false},"excerpt":{"rendered":"<div class=\"mt-6 prose\">\n<div class=\"mt-6 prose\">\n<p>B 5, B 9 \u00fc\u00e7\u00fcn aksesuar<\/p>\n<p>16A, 5m<\/p>\n<\/div>\n<\/div>\n","protected":false},"featured_media":20473,"template":"","meta":[],"product_brand":[],"product_cat":[970],"product_tag":[],"class_list":{"0":"post-43913","1":"product","2":"type-product","3":"status-publish","4":"has-post-thumbnail","6":"product_cat-accessories-and-consumables-az-2","8":"first","9":"instock","10":"shipping-taxable","11":"purchasable","12":"product-type-simple"},"_links":{"self":[{"href":"https:\/\/airsystems.ge\/shop\/az\/wp-json\/wp\/v2\/product\/43913","targetHints":{"allow":["GET"]}}],"collection":[{"href":"https:\/\/airsystems.ge\/shop\/az\/wp-json\/wp\/v2\/product"}],"about":[{"href":"https:\/\/airsystems.ge\/shop\/az\/wp-json\/wp\/v2\/types\/product"}],"wp:featuredmedia":[{"embeddable":true,"href":"https:\/\/airsystems.ge\/shop\/az\/wp-json\/wp\/v2\/media\/20473"}],"wp:attachment":[{"href":"https:\/\/airsystems.ge\/shop\/az\/wp-json\/wp\/v2\/media?parent=43913"}],"wp:term":[{"taxonomy":"product_brand","embeddable":true,"href":"https:\/\/airsystems.ge\/shop\/az\/wp-json\/wp\/v2\/product_brand?post=43913"},{"taxonomy":"product_cat","embeddable":true,"href":"https:\/\/airsystems.ge\/shop\/az\/wp-json\/wp\/v2\/product_cat?post=43913"},{"taxonomy":"product_tag","embeddable":true,"href":"https:\/\/airsystems.ge\/shop\/az\/wp-json\/wp\/v2\/product_tag?post=43913"}],"curies":[{"name":"wp","href":"https:\/\/api.w.org\/{rel}","templated":true}]}}