{"id":43812,"date":"2024-02-04T02:03:49","date_gmt":"2024-02-03T22:03:49","guid":{"rendered":"https:\/\/airsystems.ge\/shop\/product\/master-4-way-outlet-panel-o27cm-for-bv-471-heater\/"},"modified":"2026-01-11T00:42:39","modified_gmt":"2026-01-10T20:42:39","slug":"master-4-way-outlet-panel-o27cm-for-bv-471-heater","status":"publish","type":"product","link":"https:\/\/airsystems.ge\/shop\/az\/product\/master-4-way-outlet-panel-o27cm-for-bv-471-heater\/","title":{"rendered":"Master 4 yollu \u00e7\u0131x\u0131\u015f paneli \u2013 BV 471 q\u0131zd\u0131r\u0131c\u0131s\u0131 \u00fc\u00e7\u00fcn \u00d827 sm"},"content":{"rendered":"<div class=\"wpb-content-wrapper\"><p>[vc_row][vc_column]\r\n\t\t<div id=\"wd-65bcf1bc16dd0\" class=\"title-wrapper wd-wpb set-mb-s reset-last-child  wd-rs-65bcf1bc16dd0 wd-title-color-default wd-title-style-default text-center  wd-underline-colored\">\r\n\t\t\t\r\n\t\t\t<div class=\"liner-continer\">\r\n\t\t\t\t<h4 class=\"woodmart-title-container title  wd-font-weight- wd-fontsize-l\" >Accessory for<\/h4>\r\n\t\t\t\t\t\t\t<\/div>\r\n\t\t\t\r\n\t\t\t\r\n\t\t\t\r\n\t\t<\/div>\r\n\t\t\r\n\t\t[\/vc_column][\/vc_row][vc_row css=&#8221;.vc_custom_1705962969957{padding-bottom: 20px !important;}&#8221; woodmart_css_id=&#8221;65aeedd10b2d2&#8243; responsive_spacing=&#8221;eyJwYXJhbV90eXBlIjoid29vZG1hcnRfcmVzcG9uc2l2ZV9zcGFjaW5nIiwic2VsZWN0b3JfaWQiOiI2NWFlZWRkMTBiMmQyIiwic2hvcnRjb2RlIjoidmNfcm93IiwiZGF0YSI6eyJ0YWJsZXQiOnt9LCJtb2JpbGUiOnt9fX0=&#8221; mobile_bg_img_hidden=&#8221;no&#8221; tablet_bg_img_hidden=&#8221;no&#8221; woodmart_parallax=&#8221;0&#8243; woodmart_gradient_switch=&#8221;no&#8221; woodmart_box_shadow=&#8221;no&#8221; wd_z_index=&#8221;no&#8221; woodmart_disable_overflow=&#8221;0&#8243; row_reverse_mobile=&#8221;0&#8243; row_reverse_tablet=&#8221;0&#8243;][vc_column]<div class=\"woocommerce columns-4 \">\n<div class=\"products elements-grid wd-products-holder  wd-spacing-20 grid-columns-3 products-bordered-grid pagination-pagination align-items-start row\" data-source=\"main_loop\" data-min_price=\"\" data-max_price=\"\" data-columns=\"3\">\n<div class=\"product-grid-item product wd-hover-icons  col-lg-4 col-md-4 col-6 first  type-product post-23494 status-publish instock product_cat-dolayi-dizel-hava-qizdiricisi-kerosinli has-post-thumbnail shipping-taxable purchasable product-type-simple\" data-loop=\"1\" data-id=\"23494\">\r\n\t\r\n\t<div class=\"product-wrapper\">\r\n\t<div class=\"product-element-top wd-quick-shop\">\r\n\t\t<a href=\"https:\/\/airsystems.ge\/shop\/az\/product\/master-air-bus-bv-471-s-indirect-oil-fired-air-heaters\/\" class=\"product-image-link\">\r\n\t\t\t<img loading=\"lazy\" decoding=\"async\" width=\"430\" height=\"430\" src=\"https:\/\/airsystems.ge\/shop\/wp-content\/uploads\/2024\/02\/Master-BV-471E-430x430.jpg\" class=\"attachment-woocommerce_thumbnail size-woocommerce_thumbnail\" alt=\"\" srcset=\"https:\/\/airsystems.ge\/shop\/wp-content\/uploads\/2024\/02\/Master-BV-471E-430x430.jpg 430w, https:\/\/airsystems.ge\/shop\/wp-content\/uploads\/2024\/02\/Master-BV-471E-300x300.jpg 300w, https:\/\/airsystems.ge\/shop\/wp-content\/uploads\/2024\/02\/Master-BV-471E-800x800.jpg 800w, https:\/\/airsystems.ge\/shop\/wp-content\/uploads\/2024\/02\/Master-BV-471E-150x150.jpg 150w, https:\/\/airsystems.ge\/shop\/wp-content\/uploads\/2024\/02\/Master-BV-471E-768x768.jpg 768w, https:\/\/airsystems.ge\/shop\/wp-content\/uploads\/2024\/02\/Master-BV-471E-860x860.jpg 860w, https:\/\/airsystems.ge\/shop\/wp-content\/uploads\/2024\/02\/Master-BV-471E-700x700.jpg 700w, https:\/\/airsystems.ge\/shop\/wp-content\/uploads\/2024\/02\/Master-BV-471E.jpg 1000w\" sizes=\"auto, (max-width: 430px) 100vw, 430px\" \/>\t\t<\/a>\r\n\r\n\t\t\t\t\t<div class=\"hover-img\">\r\n\t\t\t\t<a href=\"https:\/\/airsystems.ge\/shop\/az\/product\/master-air-bus-bv-471-s-indirect-oil-fired-air-heaters\/\">\r\n\t\t\t\t\t<img loading=\"lazy\" decoding=\"async\" width=\"430\" height=\"430\" src=\"https:\/\/airsystems.ge\/shop\/wp-content\/uploads\/2024\/02\/Master-AIR-BUS_BV-471_BV-691-main-features-EN-430x430.jpg\" class=\"attachment-woocommerce_thumbnail size-woocommerce_thumbnail\" alt=\"\" srcset=\"https:\/\/airsystems.ge\/shop\/wp-content\/uploads\/2024\/02\/Master-AIR-BUS_BV-471_BV-691-main-features-EN-430x430.jpg 430w, https:\/\/airsystems.ge\/shop\/wp-content\/uploads\/2024\/02\/Master-AIR-BUS_BV-471_BV-691-main-features-EN-300x300.jpg 300w, https:\/\/airsystems.ge\/shop\/wp-content\/uploads\/2024\/02\/Master-AIR-BUS_BV-471_BV-691-main-features-EN-800x800.jpg 800w, https:\/\/airsystems.ge\/shop\/wp-content\/uploads\/2024\/02\/Master-AIR-BUS_BV-471_BV-691-main-features-EN-150x150.jpg 150w, https:\/\/airsystems.ge\/shop\/wp-content\/uploads\/2024\/02\/Master-AIR-BUS_BV-471_BV-691-main-features-EN-768x768.jpg 768w, https:\/\/airsystems.ge\/shop\/wp-content\/uploads\/2024\/02\/Master-AIR-BUS_BV-471_BV-691-main-features-EN-860x860.jpg 860w, https:\/\/airsystems.ge\/shop\/wp-content\/uploads\/2024\/02\/Master-AIR-BUS_BV-471_BV-691-main-features-EN-700x700.jpg 700w, https:\/\/airsystems.ge\/shop\/wp-content\/uploads\/2024\/02\/Master-AIR-BUS_BV-471_BV-691-main-features-EN.jpg 1000w\" sizes=\"auto, (max-width: 430px) 100vw, 430px\" \/>\t\t\t\t<\/a>\r\n\t\t\t<\/div>\r\n\t\t\t\r\n\t\t<div class=\"wrapp-buttons\">\r\n\t\t\t<div class=\"wd-buttons\">\r\n\t\t\t\t<div class=\"wd-add-btn wd-action-btn wd-style-icon wd-add-cart-icon\"><a href=\"\/shop\/az\/wp-json\/wp\/v2\/product\/43812?add-to-cart=23494\" data-quantity=\"1\" class=\"button product_type_simple add_to_cart_button ajax_add_to_cart add-to-cart-loop\" data-product_id=\"23494\" data-product_sku=\"4013.072\" aria-label=\"Add to cart: &ldquo;Master AIR-BUS BV 471 S \u2013 dolay\u0131 ya\u011fla i\u015fl\u0259y\u0259n hava q\u0131zd\u0131r\u0131c\u0131lar\u0131  disel&rdquo;\" rel=\"nofollow\" data-success_message=\"&ldquo;Master AIR-BUS BV 471 S \u2013 dolay\u0131 ya\u011fla i\u015fl\u0259y\u0259n hava q\u0131zd\u0131r\u0131c\u0131lar\u0131  disel&rdquo; has been added to your cart\"><span>Add to cart<\/span><\/a><\/div>\r\n\t\t\t\t\t\t\t\t\t\t\t\t\t\t\t\t\t\t\t\t\t\t\t<\/div> \r\n\t\t<\/div>\r\n\t<\/div>\r\n\t\t\t\t\t<h3 class=\"wd-entities-title\"><a href=\"https:\/\/airsystems.ge\/shop\/az\/product\/master-air-bus-bv-471-s-indirect-oil-fired-air-heaters\/\">Master AIR-BUS BV 471 S \u2013 dolay\u0131 ya\u011fla i\u015fl\u0259y\u0259n hava q\u0131zd\u0131r\u0131c\u0131lar\u0131  disel<\/a><\/h3>\t\t\t\t<div class=\"wd-product-cats\">\r\n\t\t\t<a href=\"https:\/\/airsystems.ge\/shop\/az\/product-category\/hava-n%c9%99ml%c9%99ndiricisi-kondisioner-az-ventilyasiya-ventilyator\/kolorifer-qizdirici-istilik-az\/dolayi-dizel-hava-qizdiricisi-kerosinli\/\" rel=\"tag\">Dolay\u0131 Dizel kerosinli hava q\u0131zd\u0131r\u0131c\u0131s\u0131 \u2013 Y\u00fcks\u0259k T\u0259zyiq AIR-BUS<\/a>\t\t<\/div>\r\n\t\t\t\t\t\t\n\t<span class=\"price\"><span class=\"woocommerce-Price-amount amount\"><bdi>26681,00&nbsp;<span class=\"woocommerce-Price-currencySymbol\">&#x20be;<\/span><\/bdi><\/span><\/span>\n\r\n\t\t\r\n\t\t\r\n\t\t\t<\/div>\r\n<\/div>\r\n<div class=\"product-grid-item product wd-hover-icons  col-lg-4 col-md-4 col-6 type-product post-23498 status-publish instock product_cat-dolayi-dizel-hava-qizdiricisi-kerosinli has-post-thumbnail shipping-taxable purchasable product-type-simple\" data-loop=\"2\" data-id=\"23498\">\r\n\t\r\n\t<div class=\"product-wrapper\">\r\n\t<div class=\"product-element-top wd-quick-shop\">\r\n\t\t<a href=\"https:\/\/airsystems.ge\/shop\/az\/product\/master-air-bus-bv-471-se-indirect-oil-fired-air-heaters\/\" class=\"product-image-link\">\r\n\t\t\t<img loading=\"lazy\" decoding=\"async\" width=\"430\" height=\"430\" src=\"https:\/\/airsystems.ge\/shop\/wp-content\/uploads\/2024\/02\/Master-BV-471E-430x430.jpg\" class=\"attachment-woocommerce_thumbnail size-woocommerce_thumbnail\" alt=\"\" srcset=\"https:\/\/airsystems.ge\/shop\/wp-content\/uploads\/2024\/02\/Master-BV-471E-430x430.jpg 430w, https:\/\/airsystems.ge\/shop\/wp-content\/uploads\/2024\/02\/Master-BV-471E-300x300.jpg 300w, https:\/\/airsystems.ge\/shop\/wp-content\/uploads\/2024\/02\/Master-BV-471E-800x800.jpg 800w, https:\/\/airsystems.ge\/shop\/wp-content\/uploads\/2024\/02\/Master-BV-471E-150x150.jpg 150w, https:\/\/airsystems.ge\/shop\/wp-content\/uploads\/2024\/02\/Master-BV-471E-768x768.jpg 768w, https:\/\/airsystems.ge\/shop\/wp-content\/uploads\/2024\/02\/Master-BV-471E-860x860.jpg 860w, https:\/\/airsystems.ge\/shop\/wp-content\/uploads\/2024\/02\/Master-BV-471E-700x700.jpg 700w, https:\/\/airsystems.ge\/shop\/wp-content\/uploads\/2024\/02\/Master-BV-471E.jpg 1000w\" sizes=\"auto, (max-width: 430px) 100vw, 430px\" \/>\t\t<\/a>\r\n\r\n\t\t\t\t\t<div class=\"hover-img\">\r\n\t\t\t\t<a href=\"https:\/\/airsystems.ge\/shop\/az\/product\/master-air-bus-bv-471-se-indirect-oil-fired-air-heaters\/\">\r\n\t\t\t\t\t<img loading=\"lazy\" decoding=\"async\" width=\"430\" height=\"430\" src=\"https:\/\/airsystems.ge\/shop\/wp-content\/uploads\/2024\/02\/Master-BV-heaters-air-recycling-video-430x430.jpg\" class=\"attachment-woocommerce_thumbnail size-woocommerce_thumbnail\" alt=\"\" srcset=\"https:\/\/airsystems.ge\/shop\/wp-content\/uploads\/2024\/02\/Master-BV-heaters-air-recycling-video-430x430.jpg 430w, https:\/\/airsystems.ge\/shop\/wp-content\/uploads\/2024\/02\/Master-BV-heaters-air-recycling-video-300x300.jpg 300w, https:\/\/airsystems.ge\/shop\/wp-content\/uploads\/2024\/02\/Master-BV-heaters-air-recycling-video-800x800.jpg 800w, https:\/\/airsystems.ge\/shop\/wp-content\/uploads\/2024\/02\/Master-BV-heaters-air-recycling-video-150x150.jpg 150w, https:\/\/airsystems.ge\/shop\/wp-content\/uploads\/2024\/02\/Master-BV-heaters-air-recycling-video-768x768.jpg 768w, https:\/\/airsystems.ge\/shop\/wp-content\/uploads\/2024\/02\/Master-BV-heaters-air-recycling-video-860x860.jpg 860w, https:\/\/airsystems.ge\/shop\/wp-content\/uploads\/2024\/02\/Master-BV-heaters-air-recycling-video-700x700.jpg 700w, https:\/\/airsystems.ge\/shop\/wp-content\/uploads\/2024\/02\/Master-BV-heaters-air-recycling-video.jpg 1000w\" sizes=\"auto, (max-width: 430px) 100vw, 430px\" \/>\t\t\t\t<\/a>\r\n\t\t\t<\/div>\r\n\t\t\t\r\n\t\t<div class=\"wrapp-buttons\">\r\n\t\t\t<div class=\"wd-buttons\">\r\n\t\t\t\t<div class=\"wd-add-btn wd-action-btn wd-style-icon wd-add-cart-icon\"><a href=\"\/shop\/az\/wp-json\/wp\/v2\/product\/43812?add-to-cart=23498\" data-quantity=\"1\" class=\"button product_type_simple add_to_cart_button ajax_add_to_cart add-to-cart-loop\" data-product_id=\"23498\" data-product_sku=\"4013.074\" aria-label=\"Add to cart: &ldquo;Master AIR-BUS BV 471 SE \u2013 dolay\u0131 ya\u011fla i\u015fl\u0259y\u0259n hava q\u0131zd\u0131r\u0131c\u0131lar\u0131  disel&rdquo;\" rel=\"nofollow\" data-success_message=\"&ldquo;Master AIR-BUS BV 471 SE \u2013 dolay\u0131 ya\u011fla i\u015fl\u0259y\u0259n hava q\u0131zd\u0131r\u0131c\u0131lar\u0131  disel&rdquo; has been added to your cart\"><span>Add to cart<\/span><\/a><\/div>\r\n\t\t\t\t\t\t\t\t\t\t\t\t\t\t\t\t\t\t\t\t\t\t\t<\/div> \r\n\t\t<\/div>\r\n\t<\/div>\r\n\t\t\t\t\t<h3 class=\"wd-entities-title\"><a href=\"https:\/\/airsystems.ge\/shop\/az\/product\/master-air-bus-bv-471-se-indirect-oil-fired-air-heaters\/\">Master AIR-BUS BV 471 SE \u2013 dolay\u0131 ya\u011fla i\u015fl\u0259y\u0259n hava q\u0131zd\u0131r\u0131c\u0131lar\u0131  disel<\/a><\/h3>\t\t\t\t<div class=\"wd-product-cats\">\r\n\t\t\t<a href=\"https:\/\/airsystems.ge\/shop\/az\/product-category\/hava-n%c9%99ml%c9%99ndiricisi-kondisioner-az-ventilyasiya-ventilyator\/kolorifer-qizdirici-istilik-az\/dolayi-dizel-hava-qizdiricisi-kerosinli\/\" rel=\"tag\">Dolay\u0131 Dizel kerosinli hava q\u0131zd\u0131r\u0131c\u0131s\u0131 \u2013 Y\u00fcks\u0259k T\u0259zyiq AIR-BUS<\/a>\t\t<\/div>\r\n\t\t\t\t\t\t\n\t<span class=\"price\"><span class=\"woocommerce-Price-amount amount\"><bdi>27222,00&nbsp;<span class=\"woocommerce-Price-currencySymbol\">&#x20be;<\/span><\/bdi><\/span><\/span>\n\r\n\t\t\r\n\t\t\r\n\t\t\t<\/div>\r\n<\/div>\r\n<div class=\"product-grid-item product wd-hover-icons  col-lg-4 col-md-4 col-6 last  type-product post-23496 status-publish last instock product_cat-dolayi-dizel-hava-qizdiricisi-kerosinli has-post-thumbnail shipping-taxable purchasable product-type-simple\" data-loop=\"3\" data-id=\"23496\">\r\n\t\r\n\t<div class=\"product-wrapper\">\r\n\t<div class=\"product-element-top wd-quick-shop\">\r\n\t\t<a href=\"https:\/\/airsystems.ge\/shop\/az\/product\/master-air-bus-bv-471-sr-indirect-oil-fired-air-heaters\/\" class=\"product-image-link\">\r\n\t\t\t<img loading=\"lazy\" decoding=\"async\" width=\"430\" height=\"430\" src=\"https:\/\/airsystems.ge\/shop\/wp-content\/uploads\/2024\/02\/Master-BV-471SR-Centrifugal-430x430.jpg\" class=\"attachment-woocommerce_thumbnail size-woocommerce_thumbnail\" alt=\"\" srcset=\"https:\/\/airsystems.ge\/shop\/wp-content\/uploads\/2024\/02\/Master-BV-471SR-Centrifugal-430x430.jpg 430w, https:\/\/airsystems.ge\/shop\/wp-content\/uploads\/2024\/02\/Master-BV-471SR-Centrifugal-300x300.jpg 300w, https:\/\/airsystems.ge\/shop\/wp-content\/uploads\/2024\/02\/Master-BV-471SR-Centrifugal-800x800.jpg 800w, https:\/\/airsystems.ge\/shop\/wp-content\/uploads\/2024\/02\/Master-BV-471SR-Centrifugal-150x150.jpg 150w, https:\/\/airsystems.ge\/shop\/wp-content\/uploads\/2024\/02\/Master-BV-471SR-Centrifugal-768x768.jpg 768w, https:\/\/airsystems.ge\/shop\/wp-content\/uploads\/2024\/02\/Master-BV-471SR-Centrifugal-860x860.jpg 860w, https:\/\/airsystems.ge\/shop\/wp-content\/uploads\/2024\/02\/Master-BV-471SR-Centrifugal-700x700.jpg 700w, https:\/\/airsystems.ge\/shop\/wp-content\/uploads\/2024\/02\/Master-BV-471SR-Centrifugal.jpg 1000w\" sizes=\"auto, (max-width: 430px) 100vw, 430px\" \/>\t\t<\/a>\r\n\r\n\t\t\t\t\t<div class=\"hover-img\">\r\n\t\t\t\t<a href=\"https:\/\/airsystems.ge\/shop\/az\/product\/master-air-bus-bv-471-sr-indirect-oil-fired-air-heaters\/\">\r\n\t\t\t\t\t<img loading=\"lazy\" decoding=\"async\" width=\"430\" height=\"430\" src=\"https:\/\/airsystems.ge\/shop\/wp-content\/uploads\/2024\/02\/Master-AIR-BUS_BV-471_BV-691-main-features-EN-430x430.jpg\" class=\"attachment-woocommerce_thumbnail size-woocommerce_thumbnail\" alt=\"\" srcset=\"https:\/\/airsystems.ge\/shop\/wp-content\/uploads\/2024\/02\/Master-AIR-BUS_BV-471_BV-691-main-features-EN-430x430.jpg 430w, https:\/\/airsystems.ge\/shop\/wp-content\/uploads\/2024\/02\/Master-AIR-BUS_BV-471_BV-691-main-features-EN-300x300.jpg 300w, https:\/\/airsystems.ge\/shop\/wp-content\/uploads\/2024\/02\/Master-AIR-BUS_BV-471_BV-691-main-features-EN-800x800.jpg 800w, https:\/\/airsystems.ge\/shop\/wp-content\/uploads\/2024\/02\/Master-AIR-BUS_BV-471_BV-691-main-features-EN-150x150.jpg 150w, https:\/\/airsystems.ge\/shop\/wp-content\/uploads\/2024\/02\/Master-AIR-BUS_BV-471_BV-691-main-features-EN-768x768.jpg 768w, https:\/\/airsystems.ge\/shop\/wp-content\/uploads\/2024\/02\/Master-AIR-BUS_BV-471_BV-691-main-features-EN-860x860.jpg 860w, https:\/\/airsystems.ge\/shop\/wp-content\/uploads\/2024\/02\/Master-AIR-BUS_BV-471_BV-691-main-features-EN-700x700.jpg 700w, https:\/\/airsystems.ge\/shop\/wp-content\/uploads\/2024\/02\/Master-AIR-BUS_BV-471_BV-691-main-features-EN.jpg 1000w\" sizes=\"auto, (max-width: 430px) 100vw, 430px\" \/>\t\t\t\t<\/a>\r\n\t\t\t<\/div>\r\n\t\t\t\r\n\t\t<div class=\"wrapp-buttons\">\r\n\t\t\t<div class=\"wd-buttons\">\r\n\t\t\t\t<div class=\"wd-add-btn wd-action-btn wd-style-icon wd-add-cart-icon\"><a href=\"\/shop\/az\/wp-json\/wp\/v2\/product\/43812?add-to-cart=23496\" data-quantity=\"1\" class=\"button product_type_simple add_to_cart_button ajax_add_to_cart add-to-cart-loop\" data-product_id=\"23496\" data-product_sku=\"4013.073\" aria-label=\"Add to cart: &ldquo;Master AIR-BUS BV 471 SR \u2013 dolay\u0131 ya\u011fla i\u015fl\u0259y\u0259n hava q\u0131zd\u0131r\u0131c\u0131lar\u0131  disel&rdquo;\" rel=\"nofollow\" data-success_message=\"&ldquo;Master AIR-BUS BV 471 SR \u2013 dolay\u0131 ya\u011fla i\u015fl\u0259y\u0259n hava q\u0131zd\u0131r\u0131c\u0131lar\u0131  disel&rdquo; has been added to your cart\"><span>Add to cart<\/span><\/a><\/div>\r\n\t\t\t\t\t\t\t\t\t\t\t\t\t\t\t\t\t\t\t\t\t\t\t<\/div> \r\n\t\t<\/div>\r\n\t<\/div>\r\n\t\t\t\t\t<h3 class=\"wd-entities-title\"><a href=\"https:\/\/airsystems.ge\/shop\/az\/product\/master-air-bus-bv-471-sr-indirect-oil-fired-air-heaters\/\">Master AIR-BUS BV 471 SR \u2013 dolay\u0131 ya\u011fla i\u015fl\u0259y\u0259n hava q\u0131zd\u0131r\u0131c\u0131lar\u0131  disel<\/a><\/h3>\t\t\t\t<div class=\"wd-product-cats\">\r\n\t\t\t<a href=\"https:\/\/airsystems.ge\/shop\/az\/product-category\/hava-n%c9%99ml%c9%99ndiricisi-kondisioner-az-ventilyasiya-ventilyator\/kolorifer-qizdirici-istilik-az\/dolayi-dizel-hava-qizdiricisi-kerosinli\/\" rel=\"tag\">Dolay\u0131 Dizel kerosinli hava q\u0131zd\u0131r\u0131c\u0131s\u0131 \u2013 Y\u00fcks\u0259k T\u0259zyiq AIR-BUS<\/a>\t\t<\/div>\r\n\t\t\t\t\t\t\n\t<span class=\"price\"><span class=\"woocommerce-Price-amount amount\"><bdi>27222,00&nbsp;<span class=\"woocommerce-Price-currencySymbol\">&#x20be;<\/span><\/bdi><\/span><\/span>\n\r\n\t\t\r\n\t\t\r\n\t\t\t<\/div>\r\n<\/div>\r\n<\/div><\/div>[\/vc_column][\/vc_row]<\/p>\n<\/div>","protected":false},"excerpt":{"rendered":"<p>BV 471 \u00fc\u00e7\u00fcn aksesuar<\/p>\n<p>4 x \u00d827 sm.<\/p>\n","protected":false},"featured_media":21021,"template":"","meta":[],"product_brand":[],"product_cat":[970],"product_tag":[],"class_list":{"0":"post-43812","1":"product","2":"type-product","3":"status-publish","4":"has-post-thumbnail","6":"product_cat-accessories-and-consumables-az-2","8":"first","9":"instock","10":"shipping-taxable","11":"purchasable","12":"product-type-simple"},"_links":{"self":[{"href":"https:\/\/airsystems.ge\/shop\/az\/wp-json\/wp\/v2\/product\/43812","targetHints":{"allow":["GET"]}}],"collection":[{"href":"https:\/\/airsystems.ge\/shop\/az\/wp-json\/wp\/v2\/product"}],"about":[{"href":"https:\/\/airsystems.ge\/shop\/az\/wp-json\/wp\/v2\/types\/product"}],"wp:featuredmedia":[{"embeddable":true,"href":"https:\/\/airsystems.ge\/shop\/az\/wp-json\/wp\/v2\/media\/21021"}],"wp:attachment":[{"href":"https:\/\/airsystems.ge\/shop\/az\/wp-json\/wp\/v2\/media?parent=43812"}],"wp:term":[{"taxonomy":"product_brand","embeddable":true,"href":"https:\/\/airsystems.ge\/shop\/az\/wp-json\/wp\/v2\/product_brand?post=43812"},{"taxonomy":"product_cat","embeddable":true,"href":"https:\/\/airsystems.ge\/shop\/az\/wp-json\/wp\/v2\/product_cat?post=43812"},{"taxonomy":"product_tag","embeddable":true,"href":"https:\/\/airsystems.ge\/shop\/az\/wp-json\/wp\/v2\/product_tag?post=43812"}],"curies":[{"name":"wp","href":"https:\/\/api.w.org\/{rel}","templated":true}]}}