{"id":43594,"date":"2025-11-01T21:33:34","date_gmt":"2025-11-01T17:33:34","guid":{"rendered":"https:\/\/airsystems.ge\/shop\/product\/rooftop-climamaster-series-17-3-kw-mrc-hwn1-r-mrc-60hwn1-r-midea\/"},"modified":"2025-11-01T21:42:03","modified_gmt":"2025-11-01T17:42:03","slug":"rooftop-climamaster-series-17-3-kw-mrc-hwn1-r-mrc-60hwn1-r-midea","status":"publish","type":"product","link":"https:\/\/airsystems.ge\/shop\/az\/product\/rooftop-climamaster-series-17-3-kw-mrc-hwn1-r-mrc-60hwn1-r-midea\/","title":{"rendered":"Dam \u00fcst\u00fc kondisioner Dam\u00fcst\u00fc  ClimaMaster Seriyas\u0131 17.3 kVt 17.3 kW MRC-**HWN1-R  MRC-60HWN1-R  MIDEA"},"content":{"rendered":"","protected":false},"excerpt":{"rendered":"<h1>ClimaMaster Seriyas\u0131<\/h1>\n<p>M\u0259hsul x\u00fcsusiyy\u0259tl\u0259ri<\/p>\n<p>Soyutma v\u0259 \u0130stilik T\u0259min Edir<br \/>\nGeni\u015f Tutum Aral\u0131\u011f\u0131, Kompakt \u00d6l\u00e7\u00fc<br \/>\nDamda v\u0259 ya Yerd\u0259 Qura\u015fd\u0131rmaq \u00fc\u00e7\u00fcn Uy\u011fundur<br \/>\nEtibarl\u0131 S\u00fcr\u00fc\u015fm\u0259 Kompressoru<br \/>\nDavaml\u0131 Konstruksiya<br \/>\nSimli N\u0259zar\u0259t\u00e7i<br \/>\nYuyula bil\u0259n Filtr<br \/>\nEtibarl\u0131 \u018fm\u0259liyyat: Sabit \u0130\u015fl\u0259m\u0259ni T\u0259min Etm\u0259k \u00fc\u00e7\u00fcn Bird\u0259n \u00c7oxlu M\u00fchafiz\u0259 T\u0259tbiq Edir<\/p>\n","protected":false},"featured_media":43589,"template":"","meta":[],"product_brand":[],"product_cat":[2011],"product_tag":[],"class_list":{"0":"post-43594","1":"product","2":"type-product","3":"status-publish","4":"has-post-thumbnail","6":"product_cat-dam-ustu-kondisioner","8":"first","9":"instock","10":"shipping-taxable","11":"product-type-simple"},"_links":{"self":[{"href":"https:\/\/airsystems.ge\/shop\/az\/wp-json\/wp\/v2\/product\/43594","targetHints":{"allow":["GET"]}}],"collection":[{"href":"https:\/\/airsystems.ge\/shop\/az\/wp-json\/wp\/v2\/product"}],"about":[{"href":"https:\/\/airsystems.ge\/shop\/az\/wp-json\/wp\/v2\/types\/product"}],"wp:featuredmedia":[{"embeddable":true,"href":"https:\/\/airsystems.ge\/shop\/az\/wp-json\/wp\/v2\/media\/43589"}],"wp:attachment":[{"href":"https:\/\/airsystems.ge\/shop\/az\/wp-json\/wp\/v2\/media?parent=43594"}],"wp:term":[{"taxonomy":"product_brand","embeddable":true,"href":"https:\/\/airsystems.ge\/shop\/az\/wp-json\/wp\/v2\/product_brand?post=43594"},{"taxonomy":"product_cat","embeddable":true,"href":"https:\/\/airsystems.ge\/shop\/az\/wp-json\/wp\/v2\/product_cat?post=43594"},{"taxonomy":"product_tag","embeddable":true,"href":"https:\/\/airsystems.ge\/shop\/az\/wp-json\/wp\/v2\/product_tag?post=43594"}],"curies":[{"name":"wp","href":"https:\/\/api.w.org\/{rel}","templated":true}]}}