{"id":43538,"date":"2025-10-25T22:44:51","date_gmt":"2025-10-25T18:44:51","guid":{"rendered":"https:\/\/airsystems.ge\/shop\/product\/multi-split-ac-indoor-unit-one-way-cassette-mcb-series-mcb-1nxd0-q-mcbu-09hrfn8-qw-mcbu-12hrfn8-qw-mcbu-18hrfn8-qw-midea\/"},"modified":"2025-10-25T22:52:20","modified_gmt":"2025-10-25T18:52:20","slug":"multi-split-ac-indoor-unit-one-way-cassette-mcb-series-mcb-1nxd0-q-mcbu-09hrfn8-qw-mcbu-12hrfn8-qw-mcbu-18hrfn8-qw-midea","status":"publish","type":"product","link":"https:\/\/airsystems.ge\/shop\/az\/product\/multi-split-ac-indoor-unit-one-way-cassette-mcb-series-mcb-1nxd0-q-mcbu-09hrfn8-qw-mcbu-12hrfn8-qw-mcbu-18hrfn8-qw-midea\/","title":{"rendered":"\u00c7oxlu b\u00f6l\u00fcnm\u00fc\u015f kondisioner  Daxili b\u00f6lm\u0259  Birt\u0259r\u0259fli kaset MCB seriyas\u0131 MCB-1**NXD0-Q MCBU-09HRFN8-QW MCBU-12HRFN8-QW MCBU-18HRFN8-QW  MIDEA"},"content":{"rendered":"","protected":false},"excerpt":{"rendered":"<h1>Birt\u0259r\u0259fli kaset MCB seriyas\u0131<\/h1>\n<p>M\u0259hsul x\u00fcsusiyy\u0259tl\u0259ri<\/p>\n<p>T\u0259f\u0259rr\u00fcatlar<\/p>\n<p>\u0130nverter texnologiyas\u0131<\/p>\n<p>\u0130nc\u0259 dizayn<\/p>\n<p>Asan qura\u015fd\u0131rma<\/p>\n<p>S\u0259ssiz i\u015fl\u0259m\u0259<\/p>\n","protected":false},"featured_media":43532,"template":"","meta":[],"product_brand":[],"product_cat":[2005],"product_tag":[],"class_list":{"0":"post-43538","1":"product","2":"type-product","3":"status-publish","4":"has-post-thumbnail","6":"product_cat-coxlu-split-kondisioner","8":"first","9":"instock","10":"shipping-taxable","11":"product-type-simple"},"_links":{"self":[{"href":"https:\/\/airsystems.ge\/shop\/az\/wp-json\/wp\/v2\/product\/43538","targetHints":{"allow":["GET"]}}],"collection":[{"href":"https:\/\/airsystems.ge\/shop\/az\/wp-json\/wp\/v2\/product"}],"about":[{"href":"https:\/\/airsystems.ge\/shop\/az\/wp-json\/wp\/v2\/types\/product"}],"wp:featuredmedia":[{"embeddable":true,"href":"https:\/\/airsystems.ge\/shop\/az\/wp-json\/wp\/v2\/media\/43532"}],"wp:attachment":[{"href":"https:\/\/airsystems.ge\/shop\/az\/wp-json\/wp\/v2\/media?parent=43538"}],"wp:term":[{"taxonomy":"product_brand","embeddable":true,"href":"https:\/\/airsystems.ge\/shop\/az\/wp-json\/wp\/v2\/product_brand?post=43538"},{"taxonomy":"product_cat","embeddable":true,"href":"https:\/\/airsystems.ge\/shop\/az\/wp-json\/wp\/v2\/product_cat?post=43538"},{"taxonomy":"product_tag","embeddable":true,"href":"https:\/\/airsystems.ge\/shop\/az\/wp-json\/wp\/v2\/product_tag?post=43538"}],"curies":[{"name":"wp","href":"https:\/\/api.w.org\/{rel}","templated":true}]}}