{"id":43523,"date":"2025-10-25T22:36:48","date_gmt":"2025-10-25T18:36:48","guid":{"rendered":"https:\/\/airsystems.ge\/shop\/product\/multi-split-ac-indoor-unit-wall-mounted-xtreme-ag-series-9-24-kbtu-ag-n8d1-i-black-ag-09n8d1-i-black-ag-12n8d1-i-black-ag-18n8d1-i-black-ag-24n8d1-i-black-midea\/"},"modified":"2025-10-25T22:41:42","modified_gmt":"2025-10-25T18:41:42","slug":"multi-split-ac-indoor-unit-wall-mounted-xtreme-ag-series-9-24-kbtu-ag-n8d1-i-black-ag-09n8d1-i-black-ag-12n8d1-i-black-ag-18n8d1-i-black-ag-24n8d1-i-black-midea","status":"publish","type":"product","link":"https:\/\/airsystems.ge\/shop\/az\/product\/multi-split-ac-indoor-unit-wall-mounted-xtreme-ag-series-9-24-kbtu-ag-n8d1-i-black-ag-09n8d1-i-black-ag-12n8d1-i-black-ag-18n8d1-i-black-ag-24n8d1-i-black-midea\/","title":{"rendered":"\u00c7oxsplitli kondisioner  Daxili Blok  Divara Montajl\u0131 Xtreme (AG) Seriyas\u0131 9 &#8211; 24 KBTU AG-**N8D1-I Qara AG-09N8D1-I Black AG-12N8D1-I Black AG-18N8D1-I Black AG-24N8D1-I Black  MIDEA"},"content":{"rendered":"","protected":false},"excerpt":{"rendered":"<h1>Wall-Mounted Xtreme (AG) Series<\/h1>\n<p>Divara Montajl\u0131 Xtreme (AG) Seriyas\u0131<br \/>\nM\u0259hsul x\u00fcsusiyy\u0259tl\u0259ri<\/p>\n<p>\u00c7oxsplitli Sistemin Divara Montajl\u0131 Tipli Daxili Bloku<\/p>\n<p>3 S\u00fcr\u0259tli \u0130nverter Texnologiyas\u0131<br \/>\n\u015eaquli L\u00f6vh\u0259 Yell\u0259nc\u0259k Funksiyas\u0131<br \/>\nUzaqdan \u0130dar\u0259etm\u0259 Pultu<br \/>\nSterilizasiya Funksiyas\u0131<br \/>\nSoyuq \u018ftraf M\u00fchit Temperaturu Zaman\u0131 T\u0259sirli<br \/>\nSon d\u0259r\u0259c\u0259 S\u0259ssiz \u018fm\u0259liyyat<\/p>\n","protected":false},"featured_media":43517,"template":"","meta":[],"product_brand":[],"product_cat":[2005],"product_tag":[],"class_list":{"0":"post-43523","1":"product","2":"type-product","3":"status-publish","4":"has-post-thumbnail","6":"product_cat-coxlu-split-kondisioner","8":"first","9":"instock","10":"shipping-taxable","11":"product-type-simple"},"_links":{"self":[{"href":"https:\/\/airsystems.ge\/shop\/az\/wp-json\/wp\/v2\/product\/43523","targetHints":{"allow":["GET"]}}],"collection":[{"href":"https:\/\/airsystems.ge\/shop\/az\/wp-json\/wp\/v2\/product"}],"about":[{"href":"https:\/\/airsystems.ge\/shop\/az\/wp-json\/wp\/v2\/types\/product"}],"wp:featuredmedia":[{"embeddable":true,"href":"https:\/\/airsystems.ge\/shop\/az\/wp-json\/wp\/v2\/media\/43517"}],"wp:attachment":[{"href":"https:\/\/airsystems.ge\/shop\/az\/wp-json\/wp\/v2\/media?parent=43523"}],"wp:term":[{"taxonomy":"product_brand","embeddable":true,"href":"https:\/\/airsystems.ge\/shop\/az\/wp-json\/wp\/v2\/product_brand?post=43523"},{"taxonomy":"product_cat","embeddable":true,"href":"https:\/\/airsystems.ge\/shop\/az\/wp-json\/wp\/v2\/product_cat?post=43523"},{"taxonomy":"product_tag","embeddable":true,"href":"https:\/\/airsystems.ge\/shop\/az\/wp-json\/wp\/v2\/product_tag?post=43523"}],"curies":[{"name":"wp","href":"https:\/\/api.w.org\/{rel}","templated":true}]}}