{"id":43506,"date":"2025-10-25T22:25:44","date_gmt":"2025-10-25T18:25:44","guid":{"rendered":"https:\/\/airsystems.ge\/shop\/product\/multi-split-ac-indoor-unit-wall-mounted-xt-series-9-18-kbtu-xt-n8d6-i-xt-09n8d6-i-xt-12n8d6-i-xt-18n8d6-i-midea\/"},"modified":"2025-10-25T22:32:00","modified_gmt":"2025-10-25T18:32:00","slug":"multi-split-ac-indoor-unit-wall-mounted-xt-series-9-18-kbtu-xt-n8d6-i-xt-09n8d6-i-xt-12n8d6-i-xt-18n8d6-i-midea","status":"publish","type":"product","link":"https:\/\/airsystems.ge\/shop\/az\/product\/multi-split-ac-indoor-unit-wall-mounted-xt-series-9-18-kbtu-xt-n8d6-i-xt-09n8d6-i-xt-12n8d6-i-xt-18n8d6-i-midea\/","title":{"rendered":"\u00c7oxlu b\u00f6l\u00fcnm\u00fc\u015f kondisioner  Daxili Blok  Divara Montajl\u0131 XT Seriyas\u0131 9 &#8211; 18 KBTU XT-**N8D6-I XT-09N8D6-I XT-12N8D6-I XT-18N8D6-I  MIDEA"},"content":{"rendered":"","protected":false},"excerpt":{"rendered":"<h1>Divara Montajl\u0131 XT Seriyas\u0131<\/h1>\n<p>M\u0259hsul x\u00fcsusiyy\u0259tl\u0259ri<\/p>\n<p>\u00c7oxlu b\u00f6l\u00fcnm\u00fc\u015f sistemin divara montajl\u0131 tipli daxili b\u00f6lm\u0259si<\/p>\n<p>Q\u0131z\u0131l\u0131 v\u0259 g\u00fcm\u00fc\u015f r\u0259ngl\u0259rd\u0259 m\u00f6vcuddur<br \/>\n4 r\u0259ng panel m\u00f6vcuddur: Q\u0131z\u0131l\u0131, G\u00fcm\u00fc\u015f, Mavi v\u0259 Ya\u015f\u0131l<br \/>\nAsanl\u0131qla d\u0259yi\u015fdiril\u0259 bil\u0259n r\u0259ng paneli<br \/>\n1W G\u00f6zl\u0259m\u0259 Texnologiyas\u0131<br \/>\n3 S\u00fcr\u0259tli \u0130nverter Texnologiyas\u0131<br \/>\n\u015eaquli v\u0259 \u00fcf\u00fcqi Luvr Yell\u0259nc\u0259k Funksiyas\u0131<br \/>\nUzaqdan idar\u0259etm\u0259 pultu<br \/>\nSterilizasiya Funksiyas\u0131<br \/>\nSoyuq m\u00fchit temperaturunda t\u0259sirli<br \/>\nSon d\u0259r\u0259c\u0259 s\u0259ssiz i\u015fl\u0259m\u0259<\/p>\n","protected":false},"featured_media":43465,"template":"","meta":[],"product_brand":[],"product_cat":[2005],"product_tag":[],"class_list":{"0":"post-43506","1":"product","2":"type-product","3":"status-publish","4":"has-post-thumbnail","6":"product_cat-coxlu-split-kondisioner","8":"first","9":"instock","10":"shipping-taxable","11":"product-type-simple"},"_links":{"self":[{"href":"https:\/\/airsystems.ge\/shop\/az\/wp-json\/wp\/v2\/product\/43506","targetHints":{"allow":["GET"]}}],"collection":[{"href":"https:\/\/airsystems.ge\/shop\/az\/wp-json\/wp\/v2\/product"}],"about":[{"href":"https:\/\/airsystems.ge\/shop\/az\/wp-json\/wp\/v2\/types\/product"}],"wp:featuredmedia":[{"embeddable":true,"href":"https:\/\/airsystems.ge\/shop\/az\/wp-json\/wp\/v2\/media\/43465"}],"wp:attachment":[{"href":"https:\/\/airsystems.ge\/shop\/az\/wp-json\/wp\/v2\/media?parent=43506"}],"wp:term":[{"taxonomy":"product_brand","embeddable":true,"href":"https:\/\/airsystems.ge\/shop\/az\/wp-json\/wp\/v2\/product_brand?post=43506"},{"taxonomy":"product_cat","embeddable":true,"href":"https:\/\/airsystems.ge\/shop\/az\/wp-json\/wp\/v2\/product_cat?post=43506"},{"taxonomy":"product_tag","embeddable":true,"href":"https:\/\/airsystems.ge\/shop\/az\/wp-json\/wp\/v2\/product_tag?post=43506"}],"curies":[{"name":"wp","href":"https:\/\/api.w.org\/{rel}","templated":true}]}}