{"id":43425,"date":"2025-10-25T21:50:22","date_gmt":"2025-10-25T17:50:22","guid":{"rendered":"https:\/\/airsystems.ge\/shop\/product\/multi-split-ac-indoor-unit-cassette-mca-multi-series-7-18-kbtu-mca-fnxd0-q-mca-07fnxd0-q-mca-09fnxd0-q-mca-12fnxd0-q-mca-18fnxd0-q-midea\/"},"modified":"2025-10-25T21:55:43","modified_gmt":"2025-10-25T17:55:43","slug":"multi-split-ac-indoor-unit-cassette-mca-multi-series-7-18-kbtu-mca-fnxd0-q-mca-07fnxd0-q-mca-09fnxd0-q-mca-12fnxd0-q-mca-18fnxd0-q-midea","status":"publish","type":"product","link":"https:\/\/airsystems.ge\/shop\/az\/product\/multi-split-ac-indoor-unit-cassette-mca-multi-series-7-18-kbtu-mca-fnxd0-q-mca-07fnxd0-q-mca-09fnxd0-q-mca-12fnxd0-q-mca-18fnxd0-q-midea\/","title":{"rendered":"\u00c7oxlu b\u00f6l\u00fcnm\u00fc\u015f kondisioner  Daxili Blok  MCA \u00c7ox Seriyal\u0131 Kaset 7 &#8211; 18 KBTU MCA-**FNXD0-Q MCA-07FNXD0-Q MCA-09FNXD0-Q MCA-12FNXD0-Q MCA-18FNXD0-Q  MIDEA"},"content":{"rendered":"","protected":false},"excerpt":{"rendered":"<h1>MCA \u00c7ox Seriyal\u0131 Kaset<\/h1>\n<p>M\u0259hsul x\u00fcsusiyy\u0259tl\u0259ri<\/p>\n<p>\u00c7oxlu B\u00f6l\u00fcnm\u00fc\u015f Sistemin Kaset Tipi Daxili Bloku<\/p>\n<p>3 S\u00fcr\u0259tli \u0130nverter Texnologiyas\u0131<br \/>\n360\u00b0 Hava Ax\u0131n\u0131: Vahid Hava Paylanmas\u0131n\u0131 T\u0259min Edir<br \/>\n\u0130nc\u0259 Dizayn<br \/>\nDrenaj Nasosu Qald\u0131rma H\u00fcnd\u00fcrl\u00fcy\u00fc: 75 sm<br \/>\nT\u0259miz Hava Giri\u015f Portu: 10%-\u0259 q\u0259d\u0259r<br \/>\nLED ekranl\u0131 uzaqdan idar\u0259etm\u0259 pultu<br \/>\nSoyuq \u018ftraf M\u00fchit Temperaturu Zaman\u0131 Effektivdir<br \/>\nS\u0259ssiz \u018fm\u0259liyyat<\/p>\n","protected":false},"featured_media":43420,"template":"","meta":[],"product_brand":[],"product_cat":[2005],"product_tag":[],"class_list":{"0":"post-43425","1":"product","2":"type-product","3":"status-publish","4":"has-post-thumbnail","6":"product_cat-coxlu-split-kondisioner","8":"first","9":"instock","10":"shipping-taxable","11":"product-type-simple"},"_links":{"self":[{"href":"https:\/\/airsystems.ge\/shop\/az\/wp-json\/wp\/v2\/product\/43425","targetHints":{"allow":["GET"]}}],"collection":[{"href":"https:\/\/airsystems.ge\/shop\/az\/wp-json\/wp\/v2\/product"}],"about":[{"href":"https:\/\/airsystems.ge\/shop\/az\/wp-json\/wp\/v2\/types\/product"}],"wp:featuredmedia":[{"embeddable":true,"href":"https:\/\/airsystems.ge\/shop\/az\/wp-json\/wp\/v2\/media\/43420"}],"wp:attachment":[{"href":"https:\/\/airsystems.ge\/shop\/az\/wp-json\/wp\/v2\/media?parent=43425"}],"wp:term":[{"taxonomy":"product_brand","embeddable":true,"href":"https:\/\/airsystems.ge\/shop\/az\/wp-json\/wp\/v2\/product_brand?post=43425"},{"taxonomy":"product_cat","embeddable":true,"href":"https:\/\/airsystems.ge\/shop\/az\/wp-json\/wp\/v2\/product_cat?post=43425"},{"taxonomy":"product_tag","embeddable":true,"href":"https:\/\/airsystems.ge\/shop\/az\/wp-json\/wp\/v2\/product_tag?post=43425"}],"curies":[{"name":"wp","href":"https:\/\/api.w.org\/{rel}","templated":true}]}}