{"id":43410,"date":"2025-10-25T21:38:49","date_gmt":"2025-10-25T17:38:49","guid":{"rendered":"https:\/\/airsystems.ge\/shop\/product\/multi-split-ac-indoor-unit-ducted-mti-multi-series-7-18-kbtu-mti-fnxd0-q-mti-07fnxd0-q-mti-09fnxd0-q-mti-12fnxd0-q-mti-18fnxd0-q-midea\/"},"modified":"2025-10-25T21:46:35","modified_gmt":"2025-10-25T17:46:35","slug":"multi-split-ac-indoor-unit-ducted-mti-multi-series-7-18-kbtu-mti-fnxd0-q-mti-07fnxd0-q-mti-09fnxd0-q-mti-12fnxd0-q-mti-18fnxd0-q-midea","status":"publish","type":"product","link":"https:\/\/airsystems.ge\/shop\/az\/product\/multi-split-ac-indoor-unit-ducted-mti-multi-series-7-18-kbtu-mti-fnxd0-q-mti-07fnxd0-q-mti-09fnxd0-q-mti-12fnxd0-q-mti-18fnxd0-q-midea\/","title":{"rendered":"\u00c7oxlu b\u00f6l\u00fcnm\u00fc\u015f kondisioner  Daxili Blok  Kanal MTI \u00c7ox Seriyal\u0131 7 &#8211; 18 KBTU MTI-**FNXD0-Q MTI-07FNXD0-Q MTI-09FNXD0-Q MTI-12FNXD0-Q MTI-18FNXD0-Q  MIDEA"},"content":{"rendered":"","protected":false},"excerpt":{"rendered":"<h1>Kanal MTI \u00c7ox Seriyal\u0131<\/h1>\n<p>M\u0259hsul x\u00fcsusiyy\u0259tl\u0259ri<\/p>\n<p>\u00c7oxlu b\u00f6l\u00fcnm\u00fc\u015f sistemin kanall\u0131 daxili b\u00f6lm\u0259si<\/p>\n<p>3 S\u00fcr\u0259tli \u0130nverter Texnologiyas\u0131<br \/>\n\u0130nc\u0259 Dizayn: 21 sm-\u0259 q\u0259d\u0259r<br \/>\nDrenaj Nasosu Qald\u0131rma H\u00fcnd\u00fcrl\u00fcy\u00fc: 75 sm<br \/>\nT\u0259miz Hava Giri\u015f Portu: 10%-\u0259 q\u0259d\u0259r<br \/>\nSimli Divar N\u0259zar\u0259t\u00e7isi<br \/>\n\u0130ki n\u00f6v hava qaytarma il\u0259 uy\u011fundur: Arxa v\u0259 Alt<br \/>\nSoyuq m\u00fchit temperaturunda t\u0259sirli<br \/>\nS\u0259ssiz \u018fm\u0259liyyat<\/p>\n","protected":false},"featured_media":43405,"template":"","meta":[],"product_brand":[],"product_cat":[2005],"product_tag":[],"class_list":{"0":"post-43410","1":"product","2":"type-product","3":"status-publish","4":"has-post-thumbnail","6":"product_cat-coxlu-split-kondisioner","8":"first","9":"instock","10":"shipping-taxable","11":"product-type-simple"},"_links":{"self":[{"href":"https:\/\/airsystems.ge\/shop\/az\/wp-json\/wp\/v2\/product\/43410","targetHints":{"allow":["GET"]}}],"collection":[{"href":"https:\/\/airsystems.ge\/shop\/az\/wp-json\/wp\/v2\/product"}],"about":[{"href":"https:\/\/airsystems.ge\/shop\/az\/wp-json\/wp\/v2\/types\/product"}],"wp:featuredmedia":[{"embeddable":true,"href":"https:\/\/airsystems.ge\/shop\/az\/wp-json\/wp\/v2\/media\/43405"}],"wp:attachment":[{"href":"https:\/\/airsystems.ge\/shop\/az\/wp-json\/wp\/v2\/media?parent=43410"}],"wp:term":[{"taxonomy":"product_brand","embeddable":true,"href":"https:\/\/airsystems.ge\/shop\/az\/wp-json\/wp\/v2\/product_brand?post=43410"},{"taxonomy":"product_cat","embeddable":true,"href":"https:\/\/airsystems.ge\/shop\/az\/wp-json\/wp\/v2\/product_cat?post=43410"},{"taxonomy":"product_tag","embeddable":true,"href":"https:\/\/airsystems.ge\/shop\/az\/wp-json\/wp\/v2\/product_tag?post=43410"}],"curies":[{"name":"wp","href":"https:\/\/api.w.org\/{rel}","templated":true}]}}