{"id":43394,"date":"2025-10-25T17:43:40","date_gmt":"2025-10-25T13:43:40","guid":{"rendered":"https:\/\/airsystems.ge\/shop\/product\/multi-split-ac-indoor-unit-wall-mounted-aurora-ab-series-9-24-kbtu-ab-nxd0-m-ab-09nxd0-m-ab-12nxd0-m-ab-18nxd0-m-ab-24nxd0-m-midea\/"},"modified":"2025-10-25T17:48:28","modified_gmt":"2025-10-25T13:48:28","slug":"multi-split-ac-indoor-unit-wall-mounted-aurora-ab-series-9-24-kbtu-ab-nxd0-m-ab-09nxd0-m-ab-12nxd0-m-ab-18nxd0-m-ab-24nxd0-m-midea","status":"publish","type":"product","link":"https:\/\/airsystems.ge\/shop\/az\/product\/multi-split-ac-indoor-unit-wall-mounted-aurora-ab-series-9-24-kbtu-ab-nxd0-m-ab-09nxd0-m-ab-12nxd0-m-ab-18nxd0-m-ab-24nxd0-m-midea\/","title":{"rendered":"\u00c7oxsplit kondisioner  Daxili blok  Divara qura\u015fd\u0131r\u0131lm\u0131\u015f Aurora (AB) seriyas\u0131 9 &#8211; 24 KBTU AB-**NXD0-M AB-09NXD0-M AB-12NXD0-M AB-18NXD0-M AB-24NXD0-M  MIDEA"},"content":{"rendered":"","protected":false},"excerpt":{"rendered":"<div id=\"w-node-_99251b19-02be-a60d-3556-d396ae97cee4-875f3092\" class=\"product-inner_img-thumbs-wrapper\">\n<div class=\"product-inner_img-thumb is-active\" data-index=\"0\">\n<section class=\"section_product-inner-hero\">\n<div class=\"padding-global\">\n<div id=\"lg-parent\" class=\"grid\">\n<div id=\"w-node-c63541f9-43bc-1c18-7844-90c28a81f2cb-875f3092\" class=\"product-inner_info-block\">\n<div class=\"product-inner_info-block-inner\">\n<div class=\"product-inner_text-block\">\n<h1>Divara qura\u015fd\u0131r\u0131lm\u0131\u015f Aurora (AB) seriyas\u0131<\/h1>\n<p>M\u0259hsul x\u00fcsusiyy\u0259tl\u0259ri<\/p>\n<p>\u00c7oxsplit sistemin divara qura\u015fd\u0131r\u0131lm\u0131\u015f tipli daxili bloku<\/p>\n<p>3 S\u00fcr\u0259tli \u0130nverter Texnologiyas\u0131<br \/>\n\u015eaquli L\u00f6vh\u0259 Yell\u0259nc\u0259k Funksiyas\u0131<br \/>\nUzaqdan idar\u0259etm\u0259 pultu<br \/>\nSoyuq m\u00fchit temperaturunda t\u0259sirli<br \/>\nS\u0259ssiz \u018fm\u0259liyyat<\/p>\n<\/div>\n<\/div>\n<\/div>\n<\/div>\n<\/div>\n<\/section>\n<\/div>\n<\/div>\n","protected":false},"featured_media":43388,"template":"","meta":[],"product_brand":[],"product_cat":[2005],"product_tag":[],"class_list":{"0":"post-43394","1":"product","2":"type-product","3":"status-publish","4":"has-post-thumbnail","6":"product_cat-coxlu-split-kondisioner","8":"first","9":"instock","10":"shipping-taxable","11":"product-type-simple"},"_links":{"self":[{"href":"https:\/\/airsystems.ge\/shop\/az\/wp-json\/wp\/v2\/product\/43394","targetHints":{"allow":["GET"]}}],"collection":[{"href":"https:\/\/airsystems.ge\/shop\/az\/wp-json\/wp\/v2\/product"}],"about":[{"href":"https:\/\/airsystems.ge\/shop\/az\/wp-json\/wp\/v2\/types\/product"}],"wp:featuredmedia":[{"embeddable":true,"href":"https:\/\/airsystems.ge\/shop\/az\/wp-json\/wp\/v2\/media\/43388"}],"wp:attachment":[{"href":"https:\/\/airsystems.ge\/shop\/az\/wp-json\/wp\/v2\/media?parent=43394"}],"wp:term":[{"taxonomy":"product_brand","embeddable":true,"href":"https:\/\/airsystems.ge\/shop\/az\/wp-json\/wp\/v2\/product_brand?post=43394"},{"taxonomy":"product_cat","embeddable":true,"href":"https:\/\/airsystems.ge\/shop\/az\/wp-json\/wp\/v2\/product_cat?post=43394"},{"taxonomy":"product_tag","embeddable":true,"href":"https:\/\/airsystems.ge\/shop\/az\/wp-json\/wp\/v2\/product_tag?post=43394"}],"curies":[{"name":"wp","href":"https:\/\/api.w.org\/{rel}","templated":true}]}}