{"id":43378,"date":"2025-10-25T17:31:53","date_gmt":"2025-10-25T13:31:53","guid":{"rendered":"https:\/\/airsystems.ge\/shop\/product\/multi-split-ac-indoor-unit-wall-mounted-forest-af-series-7-24-kbtu-af-nxd0-m-af-07nxd0-m-af-09nxd0-m-af-12nxd0-m-af-18nxd0-m-af-24nxd0-m-midea\/"},"modified":"2025-10-25T17:39:48","modified_gmt":"2025-10-25T13:39:48","slug":"multi-split-ac-indoor-unit-wall-mounted-forest-af-series-7-24-kbtu-af-nxd0-m-af-07nxd0-m-af-09nxd0-m-af-12nxd0-m-af-18nxd0-m-af-24nxd0-m-midea","status":"publish","type":"product","link":"https:\/\/airsystems.ge\/shop\/az\/product\/multi-split-ac-indoor-unit-wall-mounted-forest-af-series-7-24-kbtu-af-nxd0-m-af-07nxd0-m-af-09nxd0-m-af-12nxd0-m-af-18nxd0-m-af-24nxd0-m-midea\/","title":{"rendered":"\u00c7oxlu b\u00f6l\u00fcnm\u00fc\u015f kondisioner  Daxili Blok  Divara Montajl\u0131 Me\u015f\u0259 (AF) Seriyas\u0131 7 &#8211; 24 KBTU AF-**NXD0-M AF-07NXD0-M AF-09NXD0-M AF-12NXD0-M AF-18NXD0-M AF-24NXD0-M  MIDEA"},"content":{"rendered":"","protected":false},"excerpt":{"rendered":"<h1>Divara Montajl\u0131 Me\u015f\u0259 (AF) Seriyas\u0131<\/h1>\n<p>M\u0259hsul x\u00fcsusiyy\u0259tl\u0259ri<\/p>\n<p>\u00c7oxlu b\u00f6l\u00fcnm\u00fc\u015f sistemin divara montajl\u0131 tipli daxili b\u00f6lm\u0259si<\/p>\n<p>3 S\u00fcr\u0259tli \u0130nverter Texnologiyas\u0131<br \/>\n\u015eaquli Luvr Yell\u0259nc\u0259k Funksiyas\u0131<br \/>\nUzaqdan idar\u0259etm\u0259 pultu<br \/>\nSoyuq m\u00fchit temperaturunda t\u0259sirli<br \/>\nS\u0259ssiz \u018fm\u0259liyyat<\/p>\n","protected":false},"featured_media":43357,"template":"","meta":[],"product_brand":[],"product_cat":[2005],"product_tag":[],"class_list":{"0":"post-43378","1":"product","2":"type-product","3":"status-publish","4":"has-post-thumbnail","6":"product_cat-coxlu-split-kondisioner","8":"first","9":"instock","10":"shipping-taxable","11":"product-type-simple"},"_links":{"self":[{"href":"https:\/\/airsystems.ge\/shop\/az\/wp-json\/wp\/v2\/product\/43378","targetHints":{"allow":["GET"]}}],"collection":[{"href":"https:\/\/airsystems.ge\/shop\/az\/wp-json\/wp\/v2\/product"}],"about":[{"href":"https:\/\/airsystems.ge\/shop\/az\/wp-json\/wp\/v2\/types\/product"}],"wp:featuredmedia":[{"embeddable":true,"href":"https:\/\/airsystems.ge\/shop\/az\/wp-json\/wp\/v2\/media\/43357"}],"wp:attachment":[{"href":"https:\/\/airsystems.ge\/shop\/az\/wp-json\/wp\/v2\/media?parent=43378"}],"wp:term":[{"taxonomy":"product_brand","embeddable":true,"href":"https:\/\/airsystems.ge\/shop\/az\/wp-json\/wp\/v2\/product_brand?post=43378"},{"taxonomy":"product_cat","embeddable":true,"href":"https:\/\/airsystems.ge\/shop\/az\/wp-json\/wp\/v2\/product_cat?post=43378"},{"taxonomy":"product_tag","embeddable":true,"href":"https:\/\/airsystems.ge\/shop\/az\/wp-json\/wp\/v2\/product_tag?post=43378"}],"curies":[{"name":"wp","href":"https:\/\/api.w.org\/{rel}","templated":true}]}}