{"id":43345,"date":"2025-10-25T17:09:22","date_gmt":"2025-10-25T13:09:22","guid":{"rendered":"https:\/\/airsystems.ge\/shop\/product\/multi-split-ac-outdoor-unit-cirq-hp-series-27-kbtu-m4oa-27hfn8-q%ef%bc%88hru-midea\/"},"modified":"2025-10-25T17:15:42","modified_gmt":"2025-10-25T13:15:42","slug":"multi-split-ac-outdoor-unit-cirq-hp-series-27-kbtu-m4oa-27hfn8-q%ef%bc%88hru-midea","status":"publish","type":"product","link":"https:\/\/airsystems.ge\/shop\/az\/product\/multi-split-ac-outdoor-unit-cirq-hp-series-27-kbtu-m4oa-27hfn8-q%ef%bc%88hru-midea\/","title":{"rendered":"\u00c7oxlu b\u00f6l\u00fcnm\u00fc\u015f kondisioner  \u00c7\u00f6l Bloku  CIRQ HP Seriyas\u0131 27 KBTU M4OA-27HFN8-Q\uff08HRU) MIDEA"},"content":{"rendered":"","protected":false},"excerpt":{"rendered":"<h1>CIRQ HP Seriyas\u0131<\/h1>\n<p>M\u0259hsul x\u00fcsusiyy\u0259tl\u0259ri<\/p>\n<p>\u0130stilik, Soyutma v\u0259 M\u0259i\u015f\u0259t \u0130sti Su T\u0259min Ed\u0259n \u00c7oxlu B\u00f6l\u00fcnm\u00fc\u015f B\u0259rpa Sistemi.<\/p>\n<p>Soyutma Rejimi: Sistem evinizi soyudurk\u0259n, enerjinin bo\u015fa getm\u0259sin\u0259 imkan vermir. Soyutma zaman\u0131 \u00e7\u0131xar\u0131lan istiliyi istifad\u0259 ed\u0259r\u0259k pulsuz olaraq sanitar isti su (DHW) istehsal edir.<\/p>\n<p>\u0130stilik Rejimi: \u0130stilik rejimind\u0259 sistem g\u00fcnd\u0259lik ehtiyaclar\u0131n\u0131z \u00fc\u00e7\u00fcn davaml\u0131 olaraq isti su t\u0259min ed\u0259rk\u0259n evinizin isti qalmas\u0131n\u0131 t\u0259min edir.<\/p>\n<p>190 Litr DHW \u00c7\u0259ni Elektrikli Q\u0131zd\u0131r\u0131c\u0131, 55\u00b0C \u0130stilik Nasosu Rejimi il\u0259 M\u0259i\u015f\u0259t \u0130sti Suyu 70\u00b0C-y\u0259 q\u0259d\u0259r q\u0131zd\u0131r\u0131r.<br \/>\n2 kVt \u018flav\u0259 Elektrikli Q\u0131zd\u0131r\u0131c\u0131<br \/>\n3-\u0259 q\u0259d\u0259r Daxili Bloku v\u0259 1 DHW \u00c7\u0259nini birl\u0259\u015fdir\u0259 bil\u0259r<br \/>\n3D Tam \u0130nverter Texnologiyas\u0131<br \/>\nSoyuq \u018ftraf M\u00fchit Temperaturunda Effektivdir<br \/>\nS\u0259ssiz \u018fm\u0259liyyat<\/p>\n","protected":false},"featured_media":43339,"template":"","meta":[],"product_brand":[],"product_cat":[2005],"product_tag":[],"class_list":{"0":"post-43345","1":"product","2":"type-product","3":"status-publish","4":"has-post-thumbnail","6":"product_cat-coxlu-split-kondisioner","8":"first","9":"instock","10":"shipping-taxable","11":"product-type-simple"},"_links":{"self":[{"href":"https:\/\/airsystems.ge\/shop\/az\/wp-json\/wp\/v2\/product\/43345","targetHints":{"allow":["GET"]}}],"collection":[{"href":"https:\/\/airsystems.ge\/shop\/az\/wp-json\/wp\/v2\/product"}],"about":[{"href":"https:\/\/airsystems.ge\/shop\/az\/wp-json\/wp\/v2\/types\/product"}],"wp:featuredmedia":[{"embeddable":true,"href":"https:\/\/airsystems.ge\/shop\/az\/wp-json\/wp\/v2\/media\/43339"}],"wp:attachment":[{"href":"https:\/\/airsystems.ge\/shop\/az\/wp-json\/wp\/v2\/media?parent=43345"}],"wp:term":[{"taxonomy":"product_brand","embeddable":true,"href":"https:\/\/airsystems.ge\/shop\/az\/wp-json\/wp\/v2\/product_brand?post=43345"},{"taxonomy":"product_cat","embeddable":true,"href":"https:\/\/airsystems.ge\/shop\/az\/wp-json\/wp\/v2\/product_cat?post=43345"},{"taxonomy":"product_tag","embeddable":true,"href":"https:\/\/airsystems.ge\/shop\/az\/wp-json\/wp\/v2\/product_tag?post=43345"}],"curies":[{"name":"wp","href":"https:\/\/api.w.org\/{rel}","templated":true}]}}