{"id":43330,"date":"2025-10-25T16:55:18","date_gmt":"2025-10-25T12:55:18","guid":{"rendered":"https:\/\/airsystems.ge\/shop\/product\/multi-split-ac-outdoor-unit-outdoor-unit-multi-series-14-42-kbtu-m-hfn8-q-m2oh-14hfn8-q-m2oe-18hfn8-q-m3og-21hfn8-q-m3oa-27hfn8-q-m4oe-28hfn8-q-m4ob-36hfn8-q-m5oe-42hfn8-q-midea\/"},"modified":"2025-10-25T17:02:57","modified_gmt":"2025-10-25T13:02:57","slug":"multi-split-ac-outdoor-unit-outdoor-unit-multi-series-14-42-kbtu-m-hfn8-q-m2oh-14hfn8-q-m2oe-18hfn8-q-m3og-21hfn8-q-m3oa-27hfn8-q-m4oe-28hfn8-q-m4ob-36hfn8-q-m5oe-42hfn8-q-midea","status":"publish","type":"product","link":"https:\/\/airsystems.ge\/shop\/az\/product\/multi-split-ac-outdoor-unit-outdoor-unit-multi-series-14-42-kbtu-m-hfn8-q-m2oh-14hfn8-q-m2oe-18hfn8-q-m3og-21hfn8-q-m3oa-27hfn8-q-m4oe-28hfn8-q-m4ob-36hfn8-q-m5oe-42hfn8-q-midea\/","title":{"rendered":"\u00c7oxlu b\u00f6l\u00fcnm\u00fc\u015f kondisioner  Xarici Blok  Xarici Blok \u00c7ox Seriyal\u0131 14 &#8211; 42 KBTU M***-**HFN8-Q  M2OH-14HFN8-Q M2OE-18HFN8-Q M3OG-21HFN8-Q M3OA-27HFN8-Q M4OE-28HFN8-Q M4OB-36HFN8-Q M5OE-42HFN8-Q  MIDEA"},"content":{"rendered":"","protected":false},"excerpt":{"rendered":"<h1>Xarici Blok \u00c7ox Seriyal\u0131<\/h1>\n<p>M\u0259hsul x\u00fcsusiyy\u0259tl\u0259ri<\/p>\n<p>\u00c7oxlu b\u00f6l\u00fcnm\u00fc\u015f kondisionerl\u0259r \u00fc\u00e7\u00fcn xarici blok.<\/p>\n<p>5-\u0259 q\u0259d\u0259r daxili bloka qo\u015fula bil\u0259r<br \/>\n3D Tam \u0130nverter Texnologiyas\u0131<br \/>\nSoyuq m\u00fchit temperaturunda t\u0259sirli<br \/>\nS\u0259ssiz \u018fm\u0259liyyat<\/p>\n","protected":false},"featured_media":43325,"template":"","meta":[],"product_brand":[],"product_cat":[2005],"product_tag":[],"class_list":{"0":"post-43330","1":"product","2":"type-product","3":"status-publish","4":"has-post-thumbnail","6":"product_cat-coxlu-split-kondisioner","8":"first","9":"instock","10":"shipping-taxable","11":"product-type-simple"},"_links":{"self":[{"href":"https:\/\/airsystems.ge\/shop\/az\/wp-json\/wp\/v2\/product\/43330","targetHints":{"allow":["GET"]}}],"collection":[{"href":"https:\/\/airsystems.ge\/shop\/az\/wp-json\/wp\/v2\/product"}],"about":[{"href":"https:\/\/airsystems.ge\/shop\/az\/wp-json\/wp\/v2\/types\/product"}],"wp:featuredmedia":[{"embeddable":true,"href":"https:\/\/airsystems.ge\/shop\/az\/wp-json\/wp\/v2\/media\/43325"}],"wp:attachment":[{"href":"https:\/\/airsystems.ge\/shop\/az\/wp-json\/wp\/v2\/media?parent=43330"}],"wp:term":[{"taxonomy":"product_brand","embeddable":true,"href":"https:\/\/airsystems.ge\/shop\/az\/wp-json\/wp\/v2\/product_brand?post=43330"},{"taxonomy":"product_cat","embeddable":true,"href":"https:\/\/airsystems.ge\/shop\/az\/wp-json\/wp\/v2\/product_cat?post=43330"},{"taxonomy":"product_tag","embeddable":true,"href":"https:\/\/airsystems.ge\/shop\/az\/wp-json\/wp\/v2\/product_tag?post=43330"}],"curies":[{"name":"wp","href":"https:\/\/api.w.org\/{rel}","templated":true}]}}