{"id":43267,"date":"2025-10-18T19:18:39","date_gmt":"2025-10-18T15:18:39","guid":{"rendered":"https:\/\/airsystems.ge\/shop\/product\/vrf-system-indoor-unit-cassette-one-way-cassette-v8-1-8-7-1-kw-mihq1hn18-mih18q1hn18-mih22q1hn18-mih28q1hn18-mih36q1hn18-mih45q1hn18-mih56q1hn18-mih71q1hn18-midea\/"},"modified":"2025-10-18T19:24:15","modified_gmt":"2025-10-18T15:24:15","slug":"vrf-system-indoor-unit-cassette-one-way-cassette-v8-1-8-7-1-kw-mihq1hn18-mih18q1hn18-mih22q1hn18-mih28q1hn18-mih36q1hn18-mih45q1hn18-mih56q1hn18-mih71q1hn18-midea","status":"publish","type":"product","link":"https:\/\/airsystems.ge\/shop\/az\/product\/vrf-system-indoor-unit-cassette-one-way-cassette-v8-1-8-7-1-kw-mihq1hn18-mih18q1hn18-mih22q1hn18-mih28q1hn18-mih36q1hn18-mih45q1hn18-mih56q1hn18-mih71q1hn18-midea\/","title":{"rendered":"VRF Sistemi Daxili blok kaseti  T\u0259k Y\u00f6nl\u00fc Kaset, V8 1,8 &#8211; 7,1 kVt MIH**Q1HN18  MIH18Q1HN18 MIH22Q1HN18 MIH28Q1HN18 MIH36Q1HN18 MIH45Q1HN18 MIH56Q1HN18 MIH71Q1HN18  MIDEA"},"content":{"rendered":"","protected":false},"excerpt":{"rendered":"<h1>T\u0259k Y\u00f6nl\u00fc Kaset, V8<\/h1>\n<p>M\u0259hsulun spesifikasiyas\u0131<\/p>\n<p>V8 N\u0259sil T\u0259k Y\u00f6nl\u00fc Kaset<\/p>\n<p>7 S\u00fcr\u0259tli \u0130nverter Texnologiyas\u0131<br \/>\n\u00c7ox add\u0131ml\u0131 \u015faquli yell\u0259nc\u0259k<br \/>\nY\u00fcks\u0259k Qald\u0131ran \u0130nverter Drenaj Pompas\u0131: 1.2m H\u00fcnd\u00fcrl\u00fcy\u00fc qald\u0131r\u0131n<br \/>\nT\u0259miz Hava Q\u0259bul Liman\u0131: 10%-\u0259 q\u0259d\u0259r<br \/>\nR\u00fctub\u0259t\u0259 N\u0259zar\u0259t<br \/>\nMETA 2: T\u0259kmill\u0259\u015fdirilmi\u015f S\u0259m\u0259r\u0259lilik, S\u00fcr\u0259tli Soyutma\/\u0130sitm\u0259<br \/>\nHiperlink: Qura\u015fd\u0131rma vaxt\u0131n\u0131 v\u0259 qiym\u0259tini azald\u0131r<br \/>\nZen air 2.0: \u00c7oxfunksiyal\u0131 Hava ax\u0131n\u0131n\u0131n idar\u0259 edilm\u0259si<br \/>\n\u0130stilik d\u0259yi\u015fdiricisinin avtomatik t\u0259mizl\u0259nm\u0259si funksiyas\u0131<br \/>\nSakit \u018fm\u0259liyyat<\/p>\n","protected":false},"featured_media":43256,"template":"","meta":[],"product_brand":[],"product_cat":[1993],"product_tag":[],"class_list":{"0":"post-43267","1":"product","2":"type-product","3":"status-publish","4":"has-post-thumbnail","6":"product_cat-vrf-sistemi","8":"first","9":"instock","10":"shipping-taxable","11":"product-type-simple"},"_links":{"self":[{"href":"https:\/\/airsystems.ge\/shop\/az\/wp-json\/wp\/v2\/product\/43267","targetHints":{"allow":["GET"]}}],"collection":[{"href":"https:\/\/airsystems.ge\/shop\/az\/wp-json\/wp\/v2\/product"}],"about":[{"href":"https:\/\/airsystems.ge\/shop\/az\/wp-json\/wp\/v2\/types\/product"}],"wp:featuredmedia":[{"embeddable":true,"href":"https:\/\/airsystems.ge\/shop\/az\/wp-json\/wp\/v2\/media\/43256"}],"wp:attachment":[{"href":"https:\/\/airsystems.ge\/shop\/az\/wp-json\/wp\/v2\/media?parent=43267"}],"wp:term":[{"taxonomy":"product_brand","embeddable":true,"href":"https:\/\/airsystems.ge\/shop\/az\/wp-json\/wp\/v2\/product_brand?post=43267"},{"taxonomy":"product_cat","embeddable":true,"href":"https:\/\/airsystems.ge\/shop\/az\/wp-json\/wp\/v2\/product_cat?post=43267"},{"taxonomy":"product_tag","embeddable":true,"href":"https:\/\/airsystems.ge\/shop\/az\/wp-json\/wp\/v2\/product_tag?post=43267"}],"curies":[{"name":"wp","href":"https:\/\/api.w.org\/{rel}","templated":true}]}}