{"id":43232,"date":"2025-10-18T19:01:05","date_gmt":"2025-10-18T15:01:05","guid":{"rendered":"https:\/\/airsystems.ge\/shop\/product\/vrf-system-indoor-unit-cassette-compact-cassette-v8-1-5-6-3-kw-mihq4chn18-mih15q4chn18-mih22q4chn18-mih28q4chn18-mih36q4chn18-mih45q4chn18-mih56q4chn18-mih63q4chn18-midea\/"},"modified":"2025-10-18T19:06:58","modified_gmt":"2025-10-18T15:06:58","slug":"vrf-system-indoor-unit-cassette-compact-cassette-v8-1-5-6-3-kw-mihq4chn18-mih15q4chn18-mih22q4chn18-mih28q4chn18-mih36q4chn18-mih45q4chn18-mih56q4chn18-mih63q4chn18-midea","status":"publish","type":"product","link":"https:\/\/airsystems.ge\/shop\/az\/product\/vrf-system-indoor-unit-cassette-compact-cassette-v8-1-5-6-3-kw-mihq4chn18-mih15q4chn18-mih22q4chn18-mih28q4chn18-mih36q4chn18-mih45q4chn18-mih56q4chn18-mih63q4chn18-midea\/","title":{"rendered":"VRF Sistemi Daxili blok kaseti  Y\u0131\u011fcam kaset, V8 1,5 &#8211; 6,3 kVt MIH**Q4CHN18  MIH15Q4CHN18 MIH22Q4CHN18 MIH28Q4CHN18 MIH36Q4CHN18 MIH45Q4CHN18 MIH56Q4CHN18 MIH63Q4CHN18  MIDEA"},"content":{"rendered":"","protected":false},"excerpt":{"rendered":"<h1>Y\u0131\u011fcam kaset, V8<\/h1>\n<p>M\u0259hsulun spesifikasiyas\u0131<\/p>\n<p>V8 N\u0259sil Y\u0131\u011fcam D\u00f6rd Y\u00f6nl\u00fc Kaset<\/p>\n<p>7 S\u00fcr\u0259tli \u0130nverter Texnologiyas\u0131<br \/>\nKompakt \u00d6l\u00e7\u00fc, Asan Qura\u015fd\u0131r\u0131l\u0131r<br \/>\n360\u00b0 Hava ax\u0131n\u0131: Vahid hava paylanmas\u0131n\u0131 t\u0259min edir<br \/>\nF\u0259rdi Louver N\u0259zar\u0259ti<br \/>\nY\u00fcks\u0259k Qald\u0131ran \u0130nverter Drenaj Pompas\u0131: 1.2m H\u00fcnd\u00fcrl\u00fcy\u00fc qald\u0131r\u0131n<br \/>\nT\u0259miz Hava Q\u0259bul Liman\u0131: 10%-\u0259 q\u0259d\u0259r<br \/>\nR\u00fctub\u0259t\u0259 N\u0259zar\u0259t<br \/>\nMETA 2: T\u0259kmill\u0259\u015fdirilmi\u015f S\u0259m\u0259r\u0259lilik, S\u00fcr\u0259tli Soyutma\/\u0130sitm\u0259<br \/>\nHiperlink: Qura\u015fd\u0131rma vaxt\u0131n\u0131 v\u0259 qiym\u0259tini azald\u0131r<br \/>\nZen air 2.0: \u00c7oxfunksiyal\u0131 Hava ax\u0131n\u0131n\u0131n idar\u0259 edilm\u0259si<br \/>\n\u0130stilik d\u0259yi\u015fdiricisinin avtomatik t\u0259mizl\u0259nm\u0259si funksiyas\u0131<br \/>\nSakit \u018fm\u0259liyyat<\/p>\n","protected":false},"featured_media":43227,"template":"","meta":[],"product_brand":[],"product_cat":[1993],"product_tag":[],"class_list":{"0":"post-43232","1":"product","2":"type-product","3":"status-publish","4":"has-post-thumbnail","6":"product_cat-vrf-sistemi","8":"first","9":"instock","10":"shipping-taxable","11":"product-type-simple"},"_links":{"self":[{"href":"https:\/\/airsystems.ge\/shop\/az\/wp-json\/wp\/v2\/product\/43232","targetHints":{"allow":["GET"]}}],"collection":[{"href":"https:\/\/airsystems.ge\/shop\/az\/wp-json\/wp\/v2\/product"}],"about":[{"href":"https:\/\/airsystems.ge\/shop\/az\/wp-json\/wp\/v2\/types\/product"}],"wp:featuredmedia":[{"embeddable":true,"href":"https:\/\/airsystems.ge\/shop\/az\/wp-json\/wp\/v2\/media\/43227"}],"wp:attachment":[{"href":"https:\/\/airsystems.ge\/shop\/az\/wp-json\/wp\/v2\/media?parent=43232"}],"wp:term":[{"taxonomy":"product_brand","embeddable":true,"href":"https:\/\/airsystems.ge\/shop\/az\/wp-json\/wp\/v2\/product_brand?post=43232"},{"taxonomy":"product_cat","embeddable":true,"href":"https:\/\/airsystems.ge\/shop\/az\/wp-json\/wp\/v2\/product_cat?post=43232"},{"taxonomy":"product_tag","embeddable":true,"href":"https:\/\/airsystems.ge\/shop\/az\/wp-json\/wp\/v2\/product_tag?post=43232"}],"curies":[{"name":"wp","href":"https:\/\/api.w.org\/{rel}","templated":true}]}}