{"id":43216,"date":"2025-10-18T18:52:53","date_gmt":"2025-10-18T14:52:53","guid":{"rendered":"https:\/\/airsystems.ge\/shop\/product\/vrf-system-indoor-unit-cassette-one-way-cassette-2nd-generation-dc-1-8-7-1-kw-mi2-q1dn1-mi2-18q1dn1-mi2-22q1dn1-mi2-28q1dn1-mi2-36q1dn1-mi2-45q1dn1-mi2-56q1dn1-mi2-71q1dn1-midea\/"},"modified":"2025-10-18T18:57:51","modified_gmt":"2025-10-18T14:57:51","slug":"vrf-system-indoor-unit-cassette-one-way-cassette-2nd-generation-dc-1-8-7-1-kw-mi2-q1dn1-mi2-18q1dn1-mi2-22q1dn1-mi2-28q1dn1-mi2-36q1dn1-mi2-45q1dn1-mi2-56q1dn1-mi2-71q1dn1-midea","status":"publish","type":"product","link":"https:\/\/airsystems.ge\/shop\/az\/product\/vrf-system-indoor-unit-cassette-one-way-cassette-2nd-generation-dc-1-8-7-1-kw-mi2-q1dn1-mi2-18q1dn1-mi2-22q1dn1-mi2-28q1dn1-mi2-36q1dn1-mi2-45q1dn1-mi2-56q1dn1-mi2-71q1dn1-midea\/","title":{"rendered":"VRF Sistemi Daxili blok kaseti  T\u0259k Y\u00f6nl\u00fc Kaset 2-ci N\u0259sil, DC 1,8 &#8211; 7,1 kVt MI2-**Q1DN1  MI2-18Q1DN1 MI2-22Q1DN1 MI2-28Q1DN1 MI2-36Q1DN1 MI2-45Q1DN1 MI2-56Q1DN1 MI2-71Q1DN1  MIDEA"},"content":{"rendered":"","protected":false},"excerpt":{"rendered":"<h1>T\u0259k Y\u00f6nl\u00fc Kaset 2-ci N\u0259sil, DC<\/h1>\n<p>M\u0259hsulun spesifikasiyas\u0131<\/p>\n<p>2-ci N\u0259sil Bir Y\u00f6nl\u00fc Kaset<\/p>\n<p>7 S\u00fcr\u0259tli \u0130nverter Texnologiyas\u0131<br \/>\n\u00c7ox add\u0131ml\u0131 \u015faquli yell\u0259nc\u0259k<br \/>\nDrenaj Pompas\u0131 Lift H\u00fcnd\u00fcrl\u00fcy\u00fc: 75 sm<br \/>\nT\u0259miz Hava Q\u0259bul Liman\u0131: 10%-\u0259 q\u0259d\u0259r<br \/>\nSakit \u018fm\u0259liyyat<\/p>\n","protected":false},"featured_media":43210,"template":"","meta":[],"product_brand":[],"product_cat":[1993],"product_tag":[],"class_list":{"0":"post-43216","1":"product","2":"type-product","3":"status-publish","4":"has-post-thumbnail","6":"product_cat-vrf-sistemi","8":"first","9":"instock","10":"shipping-taxable","11":"product-type-simple"},"_links":{"self":[{"href":"https:\/\/airsystems.ge\/shop\/az\/wp-json\/wp\/v2\/product\/43216","targetHints":{"allow":["GET"]}}],"collection":[{"href":"https:\/\/airsystems.ge\/shop\/az\/wp-json\/wp\/v2\/product"}],"about":[{"href":"https:\/\/airsystems.ge\/shop\/az\/wp-json\/wp\/v2\/types\/product"}],"wp:featuredmedia":[{"embeddable":true,"href":"https:\/\/airsystems.ge\/shop\/az\/wp-json\/wp\/v2\/media\/43210"}],"wp:attachment":[{"href":"https:\/\/airsystems.ge\/shop\/az\/wp-json\/wp\/v2\/media?parent=43216"}],"wp:term":[{"taxonomy":"product_brand","embeddable":true,"href":"https:\/\/airsystems.ge\/shop\/az\/wp-json\/wp\/v2\/product_brand?post=43216"},{"taxonomy":"product_cat","embeddable":true,"href":"https:\/\/airsystems.ge\/shop\/az\/wp-json\/wp\/v2\/product_cat?post=43216"},{"taxonomy":"product_tag","embeddable":true,"href":"https:\/\/airsystems.ge\/shop\/az\/wp-json\/wp\/v2\/product_tag?post=43216"}],"curies":[{"name":"wp","href":"https:\/\/api.w.org\/{rel}","templated":true}]}}