{"id":43186,"date":"2025-10-18T18:33:54","date_gmt":"2025-10-18T14:33:54","guid":{"rendered":"https:\/\/airsystems.ge\/shop\/product\/vrf-system-indoor-unit-cassette-compact-cassette-2nd-generation-dc-2-8-4-5-kw-mi2-q4cdn1-mi2-22q4cdn1-mi2-28q4cdn1-mi2-36q4cdn1-mi2-45q4cdn1-midea\/"},"modified":"2025-10-18T18:38:36","modified_gmt":"2025-10-18T14:38:36","slug":"vrf-system-indoor-unit-cassette-compact-cassette-2nd-generation-dc-2-8-4-5-kw-mi2-q4cdn1-mi2-22q4cdn1-mi2-28q4cdn1-mi2-36q4cdn1-mi2-45q4cdn1-midea","status":"publish","type":"product","link":"https:\/\/airsystems.ge\/shop\/az\/product\/vrf-system-indoor-unit-cassette-compact-cassette-2nd-generation-dc-2-8-4-5-kw-mi2-q4cdn1-mi2-22q4cdn1-mi2-28q4cdn1-mi2-36q4cdn1-mi2-45q4cdn1-midea\/","title":{"rendered":"VRF Sistemi Daxili blok kaseti  Kompakt Kaset, 2-ci N\u0259sil, Dc 2,8 &#8211; 4,5 kVt MI2-**Q4CDN1  MI2-22Q4CDN1 MI2-28Q4CDN1 MI2-36Q4CDN1 MI2-45Q4CDN1  MIDEA"},"content":{"rendered":"","protected":false},"excerpt":{"rendered":"<section class=\"section_product-inner-hero\">\n<div class=\"padding-global\">\n<div id=\"lg-parent\" class=\"grid\">\n<div id=\"w-node-c63541f9-43bc-1c18-7844-90c28a81f2cb-875f3092\" class=\"product-inner_info-block\">\n<div class=\"product-inner_info-block-inner\">\n<div class=\"product-inner_text-block\">\n<h1>Kompakt Kaset, 2-ci N\u0259sil, Dc<\/h1>\n<p>M\u0259hsulun spesifikasiyas\u0131<\/p>\n<p>2-ci N\u0259sil Y\u0131\u011fcam D\u00f6rd Yollu Kaset<\/p>\n<p>7 S\u00fcr\u0259tli \u0130nverter Texnologiyas\u0131<br \/>\nKompakt \u00d6l\u00e7\u00fc, Asan Qura\u015fd\u0131r\u0131l\u0131r<br \/>\n360\u00b0 Hava ax\u0131n\u0131: Vahid hava paylanmas\u0131n\u0131 t\u0259min edir<br \/>\nF\u0259rdi Louver N\u0259zar\u0259ti<br \/>\nDrenaj Pompas\u0131 Lift H\u00fcnd\u00fcrl\u00fcy\u00fc: 75 sm<br \/>\nT\u0259miz Hava Q\u0259bul Liman\u0131: 10%-\u0259 q\u0259d\u0259r<br \/>\nSakit \u018fm\u0259liyyat<\/p>\n<\/div>\n<\/div>\n<\/div>\n<\/div>\n<\/div>\n<\/section>\n","protected":false},"featured_media":43180,"template":"","meta":[],"product_brand":[],"product_cat":[1993],"product_tag":[],"class_list":{"0":"post-43186","1":"product","2":"type-product","3":"status-publish","4":"has-post-thumbnail","6":"product_cat-vrf-sistemi","8":"first","9":"instock","10":"shipping-taxable","11":"product-type-simple"},"_links":{"self":[{"href":"https:\/\/airsystems.ge\/shop\/az\/wp-json\/wp\/v2\/product\/43186","targetHints":{"allow":["GET"]}}],"collection":[{"href":"https:\/\/airsystems.ge\/shop\/az\/wp-json\/wp\/v2\/product"}],"about":[{"href":"https:\/\/airsystems.ge\/shop\/az\/wp-json\/wp\/v2\/types\/product"}],"wp:featuredmedia":[{"embeddable":true,"href":"https:\/\/airsystems.ge\/shop\/az\/wp-json\/wp\/v2\/media\/43180"}],"wp:attachment":[{"href":"https:\/\/airsystems.ge\/shop\/az\/wp-json\/wp\/v2\/media?parent=43186"}],"wp:term":[{"taxonomy":"product_brand","embeddable":true,"href":"https:\/\/airsystems.ge\/shop\/az\/wp-json\/wp\/v2\/product_brand?post=43186"},{"taxonomy":"product_cat","embeddable":true,"href":"https:\/\/airsystems.ge\/shop\/az\/wp-json\/wp\/v2\/product_cat?post=43186"},{"taxonomy":"product_tag","embeddable":true,"href":"https:\/\/airsystems.ge\/shop\/az\/wp-json\/wp\/v2\/product_tag?post=43186"}],"curies":[{"name":"wp","href":"https:\/\/api.w.org\/{rel}","templated":true}]}}