{"id":43169,"date":"2025-10-18T18:19:10","date_gmt":"2025-10-18T14:19:10","guid":{"rendered":"https:\/\/airsystems.ge\/shop\/product\/vrf-system-indoor-unit-cassette-one-way-cassette-2nd-generation-ac-1-8-7-1-kw-mdv-dq1-n1-db-mdv-d18q1-n1-db-mdv-d22q1-n1-db-mdv-d28q1-n1-db-mdv-d36q1-n1-db-mdv-d45q1-n1-db-mdv-d56q\/"},"modified":"2025-10-18T18:29:01","modified_gmt":"2025-10-18T14:29:01","slug":"vrf-system-indoor-unit-cassette-one-way-cassette-2nd-generation-ac-1-8-7-1-kw-mdv-dq1-n1-db-mdv-d18q1-n1-db-mdv-d22q1-n1-db-mdv-d28q1-n1-db-mdv-d36q1-n1-db-mdv-d45q1-n1-db-mdv-d56q","status":"publish","type":"product","link":"https:\/\/airsystems.ge\/shop\/az\/product\/vrf-system-indoor-unit-cassette-one-way-cassette-2nd-generation-ac-1-8-7-1-kw-mdv-dq1-n1-db-mdv-d18q1-n1-db-mdv-d22q1-n1-db-mdv-d28q1-n1-db-mdv-d36q1-n1-db-mdv-d45q1-n1-db-mdv-d56q\/","title":{"rendered":"VRF Sistemi Daxili blok kaseti  T\u0259k Y\u00f6nl\u00fc Kaset, 2-ci N\u0259sil, AC 1,8 &#8211; 7,1 kVt MDV-D**Q1\/N1-D(B)  MDV-D18Q1\/N1-D(B) MDV-D22Q1\/N1-D(B) MDV-D28Q1\/N1-D(B) MDV-D36Q1\/N1-D(B) MDV-D45Q1\/N1-D(B) MDV-D56Q1\/N1-D(B) MDV-D71Q1\/N1-D(B)  MIDEA"},"content":{"rendered":"","protected":false},"excerpt":{"rendered":"<h1>T\u0259k Y\u00f6nl\u00fc Kaset, 2-ci N\u0259sil, AC<\/h1>\n<p>M\u0259hsulun spesifikasiyas\u0131<\/p>\n<p>2-ci N\u0259sil Bir Y\u00f6nl\u00fc Kaset<\/p>\n<p>3 Fan S\u00fcr\u0259ti<br \/>\n\u00c7ox add\u0131ml\u0131 \u015faquli yell\u0259nc\u0259k<br \/>\nDrenaj Pompas\u0131 Lift H\u00fcnd\u00fcrl\u00fcy\u00fc: 75 sm<br \/>\nT\u0259miz Hava Q\u0259bul Liman\u0131: 10%-\u0259 q\u0259d\u0259r<\/p>\n","protected":false},"featured_media":43164,"template":"","meta":[],"product_brand":[],"product_cat":[1993],"product_tag":[],"class_list":{"0":"post-43169","1":"product","2":"type-product","3":"status-publish","4":"has-post-thumbnail","6":"product_cat-vrf-sistemi","8":"first","9":"instock","10":"shipping-taxable","11":"product-type-simple"},"_links":{"self":[{"href":"https:\/\/airsystems.ge\/shop\/az\/wp-json\/wp\/v2\/product\/43169","targetHints":{"allow":["GET"]}}],"collection":[{"href":"https:\/\/airsystems.ge\/shop\/az\/wp-json\/wp\/v2\/product"}],"about":[{"href":"https:\/\/airsystems.ge\/shop\/az\/wp-json\/wp\/v2\/types\/product"}],"wp:featuredmedia":[{"embeddable":true,"href":"https:\/\/airsystems.ge\/shop\/az\/wp-json\/wp\/v2\/media\/43164"}],"wp:attachment":[{"href":"https:\/\/airsystems.ge\/shop\/az\/wp-json\/wp\/v2\/media?parent=43169"}],"wp:term":[{"taxonomy":"product_brand","embeddable":true,"href":"https:\/\/airsystems.ge\/shop\/az\/wp-json\/wp\/v2\/product_brand?post=43169"},{"taxonomy":"product_cat","embeddable":true,"href":"https:\/\/airsystems.ge\/shop\/az\/wp-json\/wp\/v2\/product_cat?post=43169"},{"taxonomy":"product_tag","embeddable":true,"href":"https:\/\/airsystems.ge\/shop\/az\/wp-json\/wp\/v2\/product_tag?post=43169"}],"curies":[{"name":"wp","href":"https:\/\/api.w.org\/{rel}","templated":true}]}}