{"id":43153,"date":"2025-10-18T17:20:15","date_gmt":"2025-10-18T13:20:15","guid":{"rendered":"https:\/\/airsystems.ge\/shop\/product\/vrf-system-indoor-unit-cassette-four-way-cassette-second-generation-ac-2-8-16-kw-mdv-dq4-n1-eb-mdv-d28q4-n1-eb-mdv-d36q4-n1-eb-mdv-d45q4-n1-eb-mdv-d56q4-n1-eb-mdv-d71q4-n1-eb-mdv-d8\/"},"modified":"2025-10-18T17:25:59","modified_gmt":"2025-10-18T13:25:59","slug":"vrf-system-indoor-unit-cassette-four-way-cassette-second-generation-ac-2-8-16-kw-mdv-dq4-n1-eb-mdv-d28q4-n1-eb-mdv-d36q4-n1-eb-mdv-d45q4-n1-eb-mdv-d56q4-n1-eb-mdv-d71q4-n1-eb-mdv-d8","status":"publish","type":"product","link":"https:\/\/airsystems.ge\/shop\/az\/product\/vrf-system-indoor-unit-cassette-four-way-cassette-second-generation-ac-2-8-16-kw-mdv-dq4-n1-eb-mdv-d28q4-n1-eb-mdv-d36q4-n1-eb-mdv-d45q4-n1-eb-mdv-d56q4-n1-eb-mdv-d71q4-n1-eb-mdv-d8\/","title":{"rendered":"VRF Sistemi Daxili blok kaseti D\u00f6rd Y\u00f6nl\u00fc Kaset, \u0130kinci N\u0259sil, AC 2,8 &#8211; 16 kVt MDV-D**Q4\/N1-E(B)  MDV-D28Q4\/N1-E(B) MDV-D36Q4\/N1-E(B) MDV-D45Q4\/N1-E(B) MDV-D56Q4\/N1-E(B) MDV-D71Q4\/N1-E(B) MDV-D80Q4\/N1-E(B) MDV-D90Q4\/N1-E(B) MDV-D100Q4\/N1-E(B) MDV-D112Q4\/N1-E(B) MDV-D140Q4\/N1-E(B)  MIDEA"},"content":{"rendered":"","protected":false},"excerpt":{"rendered":"<h1>D\u00f6rd Y\u00f6nl\u00fc Kaset, \u0130kinci N\u0259sil, AC<\/h1>\n<p>M\u0259hsulun spesifikasiyas\u0131<\/p>\n<p>2-ci n\u0259sil d\u00f6rd yollu kaset<\/p>\n<p>3 Fan S\u00fcr\u0259ti<br \/>\n360\u00b0 Hava ax\u0131n\u0131: Vahid hava paylanmas\u0131n\u0131 t\u0259min edir<br \/>\nF\u0259rdi Louver N\u0259zar\u0259ti<br \/>\nDrenaj Pompas\u0131 Lift H\u00fcnd\u00fcrl\u00fcy\u00fc: 75 sm<br \/>\nT\u0259miz Hava Q\u0259bul Liman\u0131: 10%-\u0259 q\u0259d\u0259r<\/p>\n","protected":false},"featured_media":43147,"template":"","meta":[],"product_brand":[],"product_cat":[1993],"product_tag":[],"class_list":{"0":"post-43153","1":"product","2":"type-product","3":"status-publish","4":"has-post-thumbnail","6":"product_cat-vrf-sistemi","8":"first","9":"instock","10":"shipping-taxable","11":"product-type-simple"},"_links":{"self":[{"href":"https:\/\/airsystems.ge\/shop\/az\/wp-json\/wp\/v2\/product\/43153","targetHints":{"allow":["GET"]}}],"collection":[{"href":"https:\/\/airsystems.ge\/shop\/az\/wp-json\/wp\/v2\/product"}],"about":[{"href":"https:\/\/airsystems.ge\/shop\/az\/wp-json\/wp\/v2\/types\/product"}],"wp:featuredmedia":[{"embeddable":true,"href":"https:\/\/airsystems.ge\/shop\/az\/wp-json\/wp\/v2\/media\/43147"}],"wp:attachment":[{"href":"https:\/\/airsystems.ge\/shop\/az\/wp-json\/wp\/v2\/media?parent=43153"}],"wp:term":[{"taxonomy":"product_brand","embeddable":true,"href":"https:\/\/airsystems.ge\/shop\/az\/wp-json\/wp\/v2\/product_brand?post=43153"},{"taxonomy":"product_cat","embeddable":true,"href":"https:\/\/airsystems.ge\/shop\/az\/wp-json\/wp\/v2\/product_cat?post=43153"},{"taxonomy":"product_tag","embeddable":true,"href":"https:\/\/airsystems.ge\/shop\/az\/wp-json\/wp\/v2\/product_tag?post=43153"}],"curies":[{"name":"wp","href":"https:\/\/api.w.org\/{rel}","templated":true}]}}