{"id":43137,"date":"2025-10-18T17:05:42","date_gmt":"2025-10-18T13:05:42","guid":{"rendered":"https:\/\/airsystems.ge\/shop\/product\/vrf-system-indoor-unit-cassette-four-way-cassette-2nd-generation-dc-2-8-16-kw-mi2-q4dn1-mi2-28q4dn1-mi2-36q4dn1-mi2-45q4dn1-mi2-56q4dn1-mi2-71q4dn1-mi2-80q4dn1-mi2-90q4dn1-mi2-100q4dn1-mi2-112q\/"},"modified":"2025-10-18T17:13:12","modified_gmt":"2025-10-18T13:13:12","slug":"vrf-system-indoor-unit-cassette-four-way-cassette-2nd-generation-dc-2-8-16-kw-mi2-q4dn1-mi2-28q4dn1-mi2-36q4dn1-mi2-45q4dn1-mi2-56q4dn1-mi2-71q4dn1-mi2-80q4dn1-mi2-90q4dn1-mi2-100q4dn1-mi2-112q","status":"publish","type":"product","link":"https:\/\/airsystems.ge\/shop\/az\/product\/vrf-system-indoor-unit-cassette-four-way-cassette-2nd-generation-dc-2-8-16-kw-mi2-q4dn1-mi2-28q4dn1-mi2-36q4dn1-mi2-45q4dn1-mi2-56q4dn1-mi2-71q4dn1-mi2-80q4dn1-mi2-90q4dn1-mi2-100q4dn1-mi2-112q\/","title":{"rendered":"VRF Sistemi Daxili blok kaseti D\u00f6rd Y\u00f6nl\u00fc Kaset, 2-ci N\u0259sil, DC 2,8 &#8211; 16 kVt MI2-**Q4DN1  MI2-28Q4DN1 MI2-36Q4DN1 MI2-45Q4DN1 MI2-56Q4DN1 MI2-71Q4DN1 MI2-80Q4DN1 MI2-90Q4DN1 MI2-100Q4DN1 MI2-112Q4DN1 MI2-140Q4DN1  MIDEA"},"content":{"rendered":"","protected":false},"excerpt":{"rendered":"<h1>D\u00f6rd Y\u00f6nl\u00fc Kaset, 2-ci N\u0259sil, DC<\/h1>\n<p>M\u0259hsulun spesifikasiyas\u0131<\/p>\n<p>2-ci n\u0259sil d\u00f6rd yollu kaset<\/p>\n<p>7 S\u00fcr\u0259tli \u0130nverter Texnologiyas\u0131<br \/>\n360\u00b0 Hava ax\u0131n\u0131: Vahid hava paylanmas\u0131n\u0131 t\u0259min edir<br \/>\nF\u0259rdi Louver N\u0259zar\u0259ti<br \/>\nDrenaj Pompas\u0131 Lift H\u00fcnd\u00fcrl\u00fcy\u00fc: 75 sm<br \/>\nT\u0259miz Hava Q\u0259bul Liman\u0131: 10%-\u0259 q\u0259d\u0259r<br \/>\nSakit \u018fm\u0259liyyat<\/p>\n","protected":false},"featured_media":43132,"template":"","meta":[],"product_brand":[],"product_cat":[1993],"product_tag":[],"class_list":{"0":"post-43137","1":"product","2":"type-product","3":"status-publish","4":"has-post-thumbnail","6":"product_cat-vrf-sistemi","8":"first","9":"instock","10":"shipping-taxable","11":"product-type-simple"},"_links":{"self":[{"href":"https:\/\/airsystems.ge\/shop\/az\/wp-json\/wp\/v2\/product\/43137","targetHints":{"allow":["GET"]}}],"collection":[{"href":"https:\/\/airsystems.ge\/shop\/az\/wp-json\/wp\/v2\/product"}],"about":[{"href":"https:\/\/airsystems.ge\/shop\/az\/wp-json\/wp\/v2\/types\/product"}],"wp:featuredmedia":[{"embeddable":true,"href":"https:\/\/airsystems.ge\/shop\/az\/wp-json\/wp\/v2\/media\/43132"}],"wp:attachment":[{"href":"https:\/\/airsystems.ge\/shop\/az\/wp-json\/wp\/v2\/media?parent=43137"}],"wp:term":[{"taxonomy":"product_brand","embeddable":true,"href":"https:\/\/airsystems.ge\/shop\/az\/wp-json\/wp\/v2\/product_brand?post=43137"},{"taxonomy":"product_cat","embeddable":true,"href":"https:\/\/airsystems.ge\/shop\/az\/wp-json\/wp\/v2\/product_cat?post=43137"},{"taxonomy":"product_tag","embeddable":true,"href":"https:\/\/airsystems.ge\/shop\/az\/wp-json\/wp\/v2\/product_tag?post=43137"}],"curies":[{"name":"wp","href":"https:\/\/api.w.org\/{rel}","templated":true}]}}