{"id":43094,"date":"2025-10-18T16:39:11","date_gmt":"2025-10-18T12:39:11","guid":{"rendered":"https:\/\/airsystems.ge\/shop\/product\/vrf-system-indoor-unit-ducted-medium-high-pressure-duct-v8-3-6-16-kw-miht2hn18-mih36t2hn18-mih45t2hn18-mih56t2hn18-mih71t2hn18-mih80t2hn18-mih90t2hn18-mih112t2hn18-mih140t2hn18-mih160t2hn18-mide\/"},"modified":"2025-10-18T16:46:46","modified_gmt":"2025-10-18T12:46:46","slug":"vrf-system-indoor-unit-ducted-medium-high-pressure-duct-v8-3-6-16-kw-miht2hn18-mih36t2hn18-mih45t2hn18-mih56t2hn18-mih71t2hn18-mih80t2hn18-mih90t2hn18-mih112t2hn18-mih140t2hn18-mih160t2hn18-mide","status":"publish","type":"product","link":"https:\/\/airsystems.ge\/shop\/az\/product\/vrf-system-indoor-unit-ducted-medium-high-pressure-duct-v8-3-6-16-kw-miht2hn18-mih36t2hn18-mih45t2hn18-mih56t2hn18-mih71t2hn18-mih80t2hn18-mih90t2hn18-mih112t2hn18-mih140t2hn18-mih160t2hn18-mide\/","title":{"rendered":"VRF Sistemi Daxili blok Kanall\u0131 Orta-Y\u00fcks\u0259k T\u0259zyiq Kanal\u0131, V8 3,6- 16 kVt MIH**T2HN18  MIH36T2HN18 MIH45T2HN18 MIH56T2HN18 MIH71T2HN18 MIH80T2HN18 MIH90T2HN18 MIH112T2HN18 MIH140T2HN18 MIH160T2HN18  MIDEA"},"content":{"rendered":"","protected":false},"excerpt":{"rendered":"<h1>Orta-Y\u00fcks\u0259k T\u0259zyiq Kanal\u0131, V8<\/h1>\n<p>M\u0259hsulun spesifikasiyas\u0131<\/p>\n<p>V8 N\u0259sil Kanall\u0131 Tip Daxili B\u00f6lm\u0259<\/p>\n<p>7 S\u00fcr\u0259tli \u0130nverter Texnologiyas\u0131<br \/>\nY\u00fcks\u0259k Qald\u0131ran \u0130nverter Drenaj Pompas\u0131: 1.2m H\u00fcnd\u00fcrl\u00fcy\u00fc qald\u0131r\u0131n<br \/>\nT\u0259miz Hava Q\u0259bul Liman\u0131: 10%-\u0259 q\u0259d\u0259r<br \/>\n\u00c7irkli Filtr Blockage Rate Vizualizasiya<br \/>\nAdaptiv ESP: Daimi hava ax\u0131n\u0131 t\u0259min etm\u0259k \u00fc\u00e7\u00fcn statik t\u0259zyiq avtomatik olaraq d\u0259yi\u015fir<br \/>\nR\u00fctub\u0259t\u0259 N\u0259zar\u0259t<br \/>\nMETA 2: T\u0259kmill\u0259\u015fdirilmi\u015f S\u0259m\u0259r\u0259lilik, S\u00fcr\u0259tli Soyutma\/\u0130sitm\u0259<br \/>\nHiperlink: Qura\u015fd\u0131rma vaxt\u0131n\u0131 v\u0259 qiym\u0259tini azald\u0131r<br \/>\nZen air 2.0: \u00c7oxfunksiyal\u0131 Hava ax\u0131n\u0131n\u0131n idar\u0259 edilm\u0259si<br \/>\n\u0130stilik d\u0259yi\u015fdiricisinin avtomatik t\u0259mizl\u0259nm\u0259si funksiyas\u0131<br \/>\nSakit \u018fm\u0259liyyat<\/p>\n","protected":false},"featured_media":43089,"template":"","meta":[],"product_brand":[],"product_cat":[1993],"product_tag":[],"class_list":{"0":"post-43094","1":"product","2":"type-product","3":"status-publish","4":"has-post-thumbnail","6":"product_cat-vrf-sistemi","8":"first","9":"instock","10":"shipping-taxable","11":"product-type-simple"},"_links":{"self":[{"href":"https:\/\/airsystems.ge\/shop\/az\/wp-json\/wp\/v2\/product\/43094","targetHints":{"allow":["GET"]}}],"collection":[{"href":"https:\/\/airsystems.ge\/shop\/az\/wp-json\/wp\/v2\/product"}],"about":[{"href":"https:\/\/airsystems.ge\/shop\/az\/wp-json\/wp\/v2\/types\/product"}],"wp:featuredmedia":[{"embeddable":true,"href":"https:\/\/airsystems.ge\/shop\/az\/wp-json\/wp\/v2\/media\/43089"}],"wp:attachment":[{"href":"https:\/\/airsystems.ge\/shop\/az\/wp-json\/wp\/v2\/media?parent=43094"}],"wp:term":[{"taxonomy":"product_brand","embeddable":true,"href":"https:\/\/airsystems.ge\/shop\/az\/wp-json\/wp\/v2\/product_brand?post=43094"},{"taxonomy":"product_cat","embeddable":true,"href":"https:\/\/airsystems.ge\/shop\/az\/wp-json\/wp\/v2\/product_cat?post=43094"},{"taxonomy":"product_tag","embeddable":true,"href":"https:\/\/airsystems.ge\/shop\/az\/wp-json\/wp\/v2\/product_tag?post=43094"}],"curies":[{"name":"wp","href":"https:\/\/api.w.org\/{rel}","templated":true}]}}