{"id":43060,"date":"2025-10-18T15:25:15","date_gmt":"2025-10-18T11:25:15","guid":{"rendered":"https:\/\/airsystems.ge\/shop\/product\/vrf-system-indoor-unit-ducted-high-static-pressure-duct-2nd-generation-ac-7-1-56-kw-mdv-dt1-n1-bb-mdv-d71t1-n1-bb-mdv-d80t1-n1-bb-mdv-d90t1-n1-bb-mdv-d112t1-n1-bb-mdv-d140t1-n1-bb-m\/"},"modified":"2025-10-18T15:39:59","modified_gmt":"2025-10-18T11:39:59","slug":"vrf-system-indoor-unit-ducted-high-static-pressure-duct-2nd-generation-ac-7-1-56-kw-mdv-dt1-n1-bb-mdv-d71t1-n1-bb-mdv-d80t1-n1-bb-mdv-d90t1-n1-bb-mdv-d112t1-n1-bb-mdv-d140t1-n1-bb-m","status":"publish","type":"product","link":"https:\/\/airsystems.ge\/shop\/az\/product\/vrf-system-indoor-unit-ducted-high-static-pressure-duct-2nd-generation-ac-7-1-56-kw-mdv-dt1-n1-bb-mdv-d71t1-n1-bb-mdv-d80t1-n1-bb-mdv-d90t1-n1-bb-mdv-d112t1-n1-bb-mdv-d140t1-n1-bb-m\/","title":{"rendered":"VRF Sistemi Daxili blok Kanall\u0131 Y\u00fcks\u0259k Statik T\u0259zyiq Kanal\u0131, 2-ci N\u0259sil, AC 7,1 &#8211; 56 kVt MDV-D**T1\/N1-B(B)  MDV-D71T1\/N1-B(B) MDV-D80T1\/N1-B(B) MDV-D90T1\/N1-B(B) MDV-D112T1\/N1-B(B) MDV-D140T1\/N1-B(B) MDV-D160T1\/N1-B(B) MDV-D200T1\/N1-B(B) MDV-D250T1\/N1-B(B) MDV-D280T1\/N1-B(B)  MIDEA"},"content":{"rendered":"","protected":false},"excerpt":{"rendered":"<h1>Y\u00fcks\u0259k Statik T\u0259zyiq Kanal\u0131, 2-ci N\u0259sil, AC<\/h1>\n<p>M\u0259hsulun spesifikasiyas\u0131<\/p>\n<p>2-ci N\u0259sil Y\u00fcks\u0259k T\u0259zyiqli Kanal B\u00f6lm\u0259si<\/p>\n<p>4 Fan S\u00fcr\u0259ti<br \/>\nB\u00f6y\u00fck hava h\u0259cmi v\u0259 tutumu, y\u00fcks\u0259k statik t\u0259zyiq (400Pa-a q\u0259d\u0259r)<br \/>\nArxa t\u0259r\u0259f\u0259 havan\u0131n qaytar\u0131lmas\u0131<\/p>\n","protected":false},"featured_media":43055,"template":"","meta":[],"product_brand":[],"product_cat":[1993],"product_tag":[],"class_list":{"0":"post-43060","1":"product","2":"type-product","3":"status-publish","4":"has-post-thumbnail","6":"product_cat-vrf-sistemi","8":"first","9":"instock","10":"shipping-taxable","11":"product-type-simple"},"_links":{"self":[{"href":"https:\/\/airsystems.ge\/shop\/az\/wp-json\/wp\/v2\/product\/43060","targetHints":{"allow":["GET"]}}],"collection":[{"href":"https:\/\/airsystems.ge\/shop\/az\/wp-json\/wp\/v2\/product"}],"about":[{"href":"https:\/\/airsystems.ge\/shop\/az\/wp-json\/wp\/v2\/types\/product"}],"wp:featuredmedia":[{"embeddable":true,"href":"https:\/\/airsystems.ge\/shop\/az\/wp-json\/wp\/v2\/media\/43055"}],"wp:attachment":[{"href":"https:\/\/airsystems.ge\/shop\/az\/wp-json\/wp\/v2\/media?parent=43060"}],"wp:term":[{"taxonomy":"product_brand","embeddable":true,"href":"https:\/\/airsystems.ge\/shop\/az\/wp-json\/wp\/v2\/product_brand?post=43060"},{"taxonomy":"product_cat","embeddable":true,"href":"https:\/\/airsystems.ge\/shop\/az\/wp-json\/wp\/v2\/product_cat?post=43060"},{"taxonomy":"product_tag","embeddable":true,"href":"https:\/\/airsystems.ge\/shop\/az\/wp-json\/wp\/v2\/product_tag?post=43060"}],"curies":[{"name":"wp","href":"https:\/\/api.w.org\/{rel}","templated":true}]}}