{"id":43030,"date":"2025-10-18T15:03:28","date_gmt":"2025-10-18T11:03:28","guid":{"rendered":"https:\/\/airsystems.ge\/shop\/product\/vrf-system-indoor-unit-ducted-middle-static-pressure-duct-2nd-generation-ac-2-2-14-kw-mdv-dt2-n1-da5b-mdv-d22t2-n1-da5b-mdv-d28t2-n1-da5b-mdv-d36t2-n1-da5b-mdv-d45t2-n1-da5b-mdv-d56t2\/"},"modified":"2025-10-18T15:11:26","modified_gmt":"2025-10-18T11:11:26","slug":"vrf-system-indoor-unit-ducted-middle-static-pressure-duct-2nd-generation-ac-2-2-14-kw-mdv-dt2-n1-da5b-mdv-d22t2-n1-da5b-mdv-d28t2-n1-da5b-mdv-d36t2-n1-da5b-mdv-d45t2-n1-da5b-mdv-d56t2","status":"publish","type":"product","link":"https:\/\/airsystems.ge\/shop\/az\/product\/vrf-system-indoor-unit-ducted-middle-static-pressure-duct-2nd-generation-ac-2-2-14-kw-mdv-dt2-n1-da5b-mdv-d22t2-n1-da5b-mdv-d28t2-n1-da5b-mdv-d36t2-n1-da5b-mdv-d45t2-n1-da5b-mdv-d56t2\/","title":{"rendered":"VRF Sistemi Daxili blok Kanall\u0131 Orta Statik T\u0259zyiq Kanal\u0131, 2-ci N\u0259sil, AC 2,2 &#8211; 14 kVt MDV-D**T2\/N1-DA5(B)  MDV-D22T2\/N1-DA5(B) MDV-D28T2\/N1-DA5(B) MDV-D36T2\/N1-DA5(B) MDV-D45T2\/N1-DA5(B) MDV-D56T2\/N1-DA5(B) MDV-D71T2\/N1-DA5(B) MDV-D80T2\/N1-BA5(B) MDV-D90T2\/N1-BA5(B) MDV-D112T2\/N1-BA5(B) MDV-D140T2\/N1-BA5(B)  MIDEA"},"content":{"rendered":"","protected":false},"excerpt":{"rendered":"<h1>Orta Statik T\u0259zyiq Kanal\u0131, 2-ci N\u0259sil, AC<\/h1>\n<p>M\u0259hsulun spesifikasiyas\u0131<\/p>\n<p>2-ci N\u0259sil Orta Statik T\u0259zyiqli Kanall\u0131 Daxili B\u00f6lm\u0259<\/p>\n<p>3 Fan S\u00fcr\u0259ti<br \/>\nDrenaj Pompas\u0131 Lift H\u00fcnd\u00fcrl\u00fcy\u00fc: 75 sm<\/p>\n","protected":false},"featured_media":43025,"template":"","meta":[],"product_brand":[],"product_cat":[1993],"product_tag":[],"class_list":{"0":"post-43030","1":"product","2":"type-product","3":"status-publish","4":"has-post-thumbnail","6":"product_cat-vrf-sistemi","8":"first","9":"instock","10":"shipping-taxable","11":"product-type-simple"},"_links":{"self":[{"href":"https:\/\/airsystems.ge\/shop\/az\/wp-json\/wp\/v2\/product\/43030","targetHints":{"allow":["GET"]}}],"collection":[{"href":"https:\/\/airsystems.ge\/shop\/az\/wp-json\/wp\/v2\/product"}],"about":[{"href":"https:\/\/airsystems.ge\/shop\/az\/wp-json\/wp\/v2\/types\/product"}],"wp:featuredmedia":[{"embeddable":true,"href":"https:\/\/airsystems.ge\/shop\/az\/wp-json\/wp\/v2\/media\/43025"}],"wp:attachment":[{"href":"https:\/\/airsystems.ge\/shop\/az\/wp-json\/wp\/v2\/media?parent=43030"}],"wp:term":[{"taxonomy":"product_brand","embeddable":true,"href":"https:\/\/airsystems.ge\/shop\/az\/wp-json\/wp\/v2\/product_brand?post=43030"},{"taxonomy":"product_cat","embeddable":true,"href":"https:\/\/airsystems.ge\/shop\/az\/wp-json\/wp\/v2\/product_cat?post=43030"},{"taxonomy":"product_tag","embeddable":true,"href":"https:\/\/airsystems.ge\/shop\/az\/wp-json\/wp\/v2\/product_tag?post=43030"}],"curies":[{"name":"wp","href":"https:\/\/api.w.org\/{rel}","templated":true}]}}