{"id":43012,"date":"2025-10-18T14:28:36","date_gmt":"2025-10-18T10:28:36","guid":{"rendered":"https:\/\/airsystems.ge\/shop\/product\/vrf-system-indoor-unit-ducted-middle-static-pressure-duct-2nd-generation-dc-2-2-14-kw-mi2-t2dn1-mi2-22t2dn1-mi2-28t2dn1-mi2-36t2dn1-mi2-45t2dn1-mi2-56t2dn1-mi2-71t2dn1-mi2-80t2dn1-mi2-90t2dn1-m\/"},"modified":"2025-10-18T14:57:46","modified_gmt":"2025-10-18T10:57:46","slug":"vrf-system-indoor-unit-ducted-middle-static-pressure-duct-2nd-generation-dc-2-2-14-kw-mi2-t2dn1-mi2-22t2dn1-mi2-28t2dn1-mi2-36t2dn1-mi2-45t2dn1-mi2-56t2dn1-mi2-71t2dn1-mi2-80t2dn1-mi2-90t2dn1-m","status":"publish","type":"product","link":"https:\/\/airsystems.ge\/shop\/az\/product\/vrf-system-indoor-unit-ducted-middle-static-pressure-duct-2nd-generation-dc-2-2-14-kw-mi2-t2dn1-mi2-22t2dn1-mi2-28t2dn1-mi2-36t2dn1-mi2-45t2dn1-mi2-56t2dn1-mi2-71t2dn1-mi2-80t2dn1-mi2-90t2dn1-m\/","title":{"rendered":"VRF Sistemi Daxili blok Kanall\u0131 Orta Statik T\u0259zyiq Kanal\u0131, 2-ci N\u0259sil, DC 2,2 &#8211; 14 kVt MI2-**T2DN1  MI2-22T2DN1 MI2-28T2DN1 MI2-36T2DN1 MI2-45T2DN1 MI2-56T2DN1 MI2-71T2DN1 MI2-80T2DN1 MI2-90T2DN1 MI2-112T2DN1 MI2-140T2DN1  MIDEA"},"content":{"rendered":"","protected":false},"excerpt":{"rendered":"<div id=\"w-node-_99251b19-02be-a60d-3556-d396ae97cee4-875f3092\" class=\"product-inner_img-thumbs-wrapper\">\n<div class=\"product-inner_img-thumb is-active\" data-index=\"0\"><span style=\"color: #1b1919; font-size: 28px;\">Orta Statik T\u0259zyiq Kanal\u0131, 2-ci N\u0259sil, DC<\/span><\/div>\n<\/div>\n<div id=\"w-node-c63541f9-43bc-1c18-7844-90c28a81f2cb-875f3092\" class=\"product-inner_info-block\">\n<div class=\"product-inner_info-block-inner\">\n<div class=\"product-inner_text-block\">\n<p>M\u0259hsulun spesifikasiyas\u0131<\/p>\n<p>2-ci N\u0259sil Orta Statik T\u0259zyiqli Kanall\u0131 Daxili B\u00f6lm\u0259<\/p>\n<p>7 S\u00fcr\u0259tli \u0130nverter Texnologiyas\u0131<br \/>\nDrenaj Pompas\u0131 Lift H\u00fcnd\u00fcrl\u00fcy\u00fc: 75 sm<\/p>\n<\/div>\n<\/div>\n<\/div>\n","protected":false},"featured_media":43007,"template":"","meta":[],"product_brand":[],"product_cat":[1993],"product_tag":[],"class_list":{"0":"post-43012","1":"product","2":"type-product","3":"status-publish","4":"has-post-thumbnail","6":"product_cat-vrf-sistemi","8":"first","9":"instock","10":"shipping-taxable","11":"product-type-simple"},"_links":{"self":[{"href":"https:\/\/airsystems.ge\/shop\/az\/wp-json\/wp\/v2\/product\/43012","targetHints":{"allow":["GET"]}}],"collection":[{"href":"https:\/\/airsystems.ge\/shop\/az\/wp-json\/wp\/v2\/product"}],"about":[{"href":"https:\/\/airsystems.ge\/shop\/az\/wp-json\/wp\/v2\/types\/product"}],"wp:featuredmedia":[{"embeddable":true,"href":"https:\/\/airsystems.ge\/shop\/az\/wp-json\/wp\/v2\/media\/43007"}],"wp:attachment":[{"href":"https:\/\/airsystems.ge\/shop\/az\/wp-json\/wp\/v2\/media?parent=43012"}],"wp:term":[{"taxonomy":"product_brand","embeddable":true,"href":"https:\/\/airsystems.ge\/shop\/az\/wp-json\/wp\/v2\/product_brand?post=43012"},{"taxonomy":"product_cat","embeddable":true,"href":"https:\/\/airsystems.ge\/shop\/az\/wp-json\/wp\/v2\/product_cat?post=43012"},{"taxonomy":"product_tag","embeddable":true,"href":"https:\/\/airsystems.ge\/shop\/az\/wp-json\/wp\/v2\/product_tag?post=43012"}],"curies":[{"name":"wp","href":"https:\/\/api.w.org\/{rel}","templated":true}]}}