{"id":42958,"date":"2025-10-18T12:25:19","date_gmt":"2025-10-18T08:25:19","guid":{"rendered":"https:\/\/airsystems.ge\/shop\/product\/vrf-system-indoor-unit-wall-mounted-wall-mounted-2nd-generation-ac-2-2-9-kw-mdv-dg-n1-m-mdv-d22g-n1-m-mdv-d28g-n1-m-mdv-d36g-n1-m-mdv-d-45g-n1-m-mdv-d56g-n1-m-mdv-d71g-n1-m-mdv-d80g-n1-m-mdv-d90\/"},"modified":"2025-10-18T12:30:56","modified_gmt":"2025-10-18T08:30:56","slug":"vrf-system-indoor-unit-wall-mounted-wall-mounted-2nd-generation-ac-2-2-9-kw-mdv-dg-n1-m-mdv-d22g-n1-m-mdv-d28g-n1-m-mdv-d36g-n1-m-mdv-d-45g-n1-m-mdv-d56g-n1-m-mdv-d71g-n1-m-mdv-d80g-n1-m-mdv-d90","status":"publish","type":"product","link":"https:\/\/airsystems.ge\/shop\/az\/product\/vrf-system-indoor-unit-wall-mounted-wall-mounted-2nd-generation-ac-2-2-9-kw-mdv-dg-n1-m-mdv-d22g-n1-m-mdv-d28g-n1-m-mdv-d36g-n1-m-mdv-d-45g-n1-m-mdv-d56g-n1-m-mdv-d71g-n1-m-mdv-d80g-n1-m-mdv-d90\/","title":{"rendered":"VRF Sistemi Daxili blok Divara qura\u015fd\u0131r\u0131lm\u0131\u015fd\u0131r Divara qura\u015fd\u0131r\u0131lm\u0131\u015f, 2-ci n\u0259sil, AC 2,2 &#8211; 9 kVt MDV-D**G\/N1-M MDV-D22G\/N1-M MDV-D28G\/N1-M MDV-D36G\/N1-M MDV-D-45G\/N1-M MDV-D56G\/N1-M MDV-D71G\/N1-M MDV-D80G\/N1-M MDV-D90G\/N1-M  MIDEA"},"content":{"rendered":"","protected":false},"excerpt":{"rendered":"<h1>Divara qura\u015fd\u0131r\u0131lm\u0131\u015f, 2-ci n\u0259sil, AC<\/h1>\n<p>M\u0259hsulun spesifikasiyas\u0131<\/p>\n<p>2-ci N\u0259sil Divara Qura\u015fd\u0131r\u0131lm\u0131\u015f Daxili B\u00f6lm\u0259<\/p>\n<p>7 Fan S\u00fcr\u0259ti<br \/>\n\u015eaquli Luvr yell\u0259nc\u0259k funksiyas\u0131<\/p>\n","protected":false},"featured_media":42953,"template":"","meta":[],"product_brand":[],"product_cat":[1993],"product_tag":[],"class_list":{"0":"post-42958","1":"product","2":"type-product","3":"status-publish","4":"has-post-thumbnail","6":"product_cat-vrf-sistemi","8":"first","9":"instock","10":"shipping-taxable","11":"product-type-simple"},"_links":{"self":[{"href":"https:\/\/airsystems.ge\/shop\/az\/wp-json\/wp\/v2\/product\/42958","targetHints":{"allow":["GET"]}}],"collection":[{"href":"https:\/\/airsystems.ge\/shop\/az\/wp-json\/wp\/v2\/product"}],"about":[{"href":"https:\/\/airsystems.ge\/shop\/az\/wp-json\/wp\/v2\/types\/product"}],"wp:featuredmedia":[{"embeddable":true,"href":"https:\/\/airsystems.ge\/shop\/az\/wp-json\/wp\/v2\/media\/42953"}],"wp:attachment":[{"href":"https:\/\/airsystems.ge\/shop\/az\/wp-json\/wp\/v2\/media?parent=42958"}],"wp:term":[{"taxonomy":"product_brand","embeddable":true,"href":"https:\/\/airsystems.ge\/shop\/az\/wp-json\/wp\/v2\/product_brand?post=42958"},{"taxonomy":"product_cat","embeddable":true,"href":"https:\/\/airsystems.ge\/shop\/az\/wp-json\/wp\/v2\/product_cat?post=42958"},{"taxonomy":"product_tag","embeddable":true,"href":"https:\/\/airsystems.ge\/shop\/az\/wp-json\/wp\/v2\/product_tag?post=42958"}],"curies":[{"name":"wp","href":"https:\/\/api.w.org\/{rel}","templated":true}]}}