{"id":42893,"date":"2025-10-14T22:47:20","date_gmt":"2025-10-14T18:47:20","guid":{"rendered":"https:\/\/airsystems.ge\/shop\/product\/vrf-system-indoor-unit-fresh-air-unit-small-airflow-v8-fresh-air-unit-9-28-kw-mihfashn18-mih90fashn18-mih140fashn18-mih160fashn18-mih224fashn18-mih280fashn18\/"},"modified":"2025-10-14T22:50:41","modified_gmt":"2025-10-14T18:50:41","slug":"vrf-system-indoor-unit-fresh-air-unit-small-airflow-v8-fresh-air-unit-9-28-kw-mihfashn18-mih90fashn18-mih140fashn18-mih160fashn18-mih224fashn18-mih280fashn18","status":"publish","type":"product","link":"https:\/\/airsystems.ge\/shop\/az\/product\/vrf-system-indoor-unit-fresh-air-unit-small-airflow-v8-fresh-air-unit-9-28-kw-mihfashn18-mih90fashn18-mih140fashn18-mih160fashn18-mih224fashn18-mih280fashn18\/","title":{"rendered":"VRF Sistemi Daxili blok T\u0259miz Hava Vahidi Ki\u00e7ik Hava ax\u0131n\u0131 V8 T\u0259miz Hava B\u00f6lm\u0259si 9 &#8211; 28 kVt MIH**FASHN18  MIH90FASHN18 MIH140FASHN18 MIH160FASHN18 MIH224FASHN18 MIH280FASHN18"},"content":{"rendered":"","protected":false},"excerpt":{"rendered":"<h1>Ki\u00e7ik Hava ax\u0131n\u0131 V8 T\u0259miz Hava B\u00f6lm\u0259si<\/h1>\n<p>M\u0259hsulun spesifikasiyas\u0131<\/p>\n<p>VRF sisteminin t\u0259miz hava qur\u011fusu<\/p>\n<p>100% T\u0259miz Hava<br \/>\nTam \u0130nverter Texnologiyas\u0131<br \/>\nGeni\u015fl\u0259ndirilmi\u015f \u018fm\u0259liyyat Aral\u0131\u011f\u0131: Q\u0131\u015f: -10\u00b0C, Yay: 43\u00b0C<br \/>\nXarici \u015e\u0259raitd\u0259n As\u0131l\u0131 Olmadan Rahat Hava Temperaturunu T\u0259min edir<br \/>\nY\u00fcks\u0259k Xarici T\u0259zyiq: 400 Pa-a q\u0259d\u0259r<\/p>\n","protected":false},"featured_media":42888,"template":"","meta":[],"product_brand":[],"product_cat":[1993],"product_tag":[],"class_list":{"0":"post-42893","1":"product","2":"type-product","3":"status-publish","4":"has-post-thumbnail","6":"product_cat-vrf-sistemi","8":"first","9":"instock","10":"shipping-taxable","11":"product-type-simple"},"_links":{"self":[{"href":"https:\/\/airsystems.ge\/shop\/az\/wp-json\/wp\/v2\/product\/42893","targetHints":{"allow":["GET"]}}],"collection":[{"href":"https:\/\/airsystems.ge\/shop\/az\/wp-json\/wp\/v2\/product"}],"about":[{"href":"https:\/\/airsystems.ge\/shop\/az\/wp-json\/wp\/v2\/types\/product"}],"wp:featuredmedia":[{"embeddable":true,"href":"https:\/\/airsystems.ge\/shop\/az\/wp-json\/wp\/v2\/media\/42888"}],"wp:attachment":[{"href":"https:\/\/airsystems.ge\/shop\/az\/wp-json\/wp\/v2\/media?parent=42893"}],"wp:term":[{"taxonomy":"product_brand","embeddable":true,"href":"https:\/\/airsystems.ge\/shop\/az\/wp-json\/wp\/v2\/product_brand?post=42893"},{"taxonomy":"product_cat","embeddable":true,"href":"https:\/\/airsystems.ge\/shop\/az\/wp-json\/wp\/v2\/product_cat?post=42893"},{"taxonomy":"product_tag","embeddable":true,"href":"https:\/\/airsystems.ge\/shop\/az\/wp-json\/wp\/v2\/product_tag?post=42893"}],"curies":[{"name":"wp","href":"https:\/\/api.w.org\/{rel}","templated":true}]}}